{"id":696,"date":"2014-03-14T10:08:28","date_gmt":"2014-03-14T17:08:28","guid":{"rendered":"http:\/\/www.clevelandmetzlaw.com\/?page_id=696"},"modified":"2024-07-14T07:55:19","modified_gmt":"2024-07-14T14:55:19","slug":"indemnizacion-por-accidente-laboral-2","status":"publish","type":"page","link":"https:\/\/www.clevelandmetzlaw.com\/es\/workers-compensation-2\/","title":{"rendered":"Compensaci\u00f3n de trabajadores - Oficinas legales de Cleveland y Metz"},"content":{"rendered":"<h1><span style=\"color: #555555;\">Compensaci\u00f3n para trabajadores - Cleveland &amp; Metz<\/span><\/h1>\n<h3>\u00a0<a href=\"tel:1-909-980-9703\"><img loading=\"lazy\" decoding=\"async\" class=\"alignnone wp-image-6223 size-full\" src=\"https:\/\/www.clevelandmetzlaw.com\/wp-content\/uploads\/2021\/03\/heder-phone-1-1.png\" alt=\"\" width=\"29\" height=\"29\" srcset=\"https:\/\/www.clevelandmetzlaw.com\/wp-content\/uploads\/2021\/03\/heder-phone-1-1.png 29w, https:\/\/www.clevelandmetzlaw.com\/wp-content\/uploads\/2021\/03\/heder-phone-1-1-12x12.png 12w\" sizes=\"auto, (max-width: 29px) 100vw, 29px\" \/> <\/a><a href=\"tel: 1-909-980-9703\">Llamada<\/a>\u00a0 \u00a0<a href=\"mailto:cc@clevelandmetzlaw.com\"><img loading=\"lazy\" decoding=\"async\" class=\"alignnone wp-image-6221\" src=\"https:\/\/www.clevelandmetzlaw.com\/wp-content\/uploads\/2021\/03\/email-icon-150x150-1.jpg\" alt=\"\" width=\"29\" height=\"29\" srcset=\"https:\/\/www.clevelandmetzlaw.com\/wp-content\/uploads\/2021\/03\/email-icon-150x150-1.jpg 150w, https:\/\/www.clevelandmetzlaw.com\/wp-content\/uploads\/2021\/03\/email-icon-150x150-1-12x12.jpg 12w\" sizes=\"auto, (max-width: 29px) 100vw, 29px\" \/><\/a> <a href=\"mailto:cc@clevelandmetzlaw.com\"><strong>Correo electr\u00f3nico<\/strong><\/a><strong>\u00a0\u00a0<\/strong><strong> <a href=\"sms:1-909-303-6374\"><img loading=\"lazy\" decoding=\"async\" class=\"alignnone wp-image-6222\" src=\"https:\/\/www.clevelandmetzlaw.com\/wp-content\/uploads\/2021\/03\/Cleveland-Metz-Text-150x150-1.png\" alt=\"\" width=\"29\" height=\"29\" srcset=\"https:\/\/www.clevelandmetzlaw.com\/wp-content\/uploads\/2021\/03\/Cleveland-Metz-Text-150x150-1.png 150w, https:\/\/www.clevelandmetzlaw.com\/wp-content\/uploads\/2021\/03\/Cleveland-Metz-Text-150x150-1-12x12.png 12w\" sizes=\"auto, (max-width: 29px) 100vw, 29px\" \/><\/a>\u00a0<\/strong><a href=\"sms:1-909-303-6374\">Texto<\/a>\u00a0 <a href=\"https:\/\/www.clevelandmetzlaw.com\/es\/encuentranos\/\"><img loading=\"lazy\" decoding=\"async\" class=\"alignnone wp-image-6224\" src=\"https:\/\/www.clevelandmetzlaw.com\/wp-content\/uploads\/2021\/03\/map-icon-ClevelandMetz-150x150-1.png\" alt=\"\" width=\"29\" height=\"29\" srcset=\"https:\/\/www.clevelandmetzlaw.com\/wp-content\/uploads\/2021\/03\/map-icon-ClevelandMetz-150x150-1.png 150w, https:\/\/www.clevelandmetzlaw.com\/wp-content\/uploads\/2021\/03\/map-icon-ClevelandMetz-150x150-1-12x12.png 12w\" sizes=\"auto, (max-width: 29px) 100vw, 29px\" \/><\/a> <a href=\"https:\/\/www.clevelandmetzlaw.com\/es\/encuentranos\/\">Mapa<\/a><\/h3>\n<h3><b>Somos abogados dedicados de compensaci\u00f3n laboral que har\u00e1n el trabajo<\/b><\/h3>\n<p><img loading=\"lazy\" decoding=\"async\" class=\"alignleft wp-image-975 size-thumbnail\" src=\"https:\/\/www.clevelandmetzlaw.com\/wp-content\/uploads\/2014\/07\/cml-square-icon-150x150.jpg\" alt=\"Cleveland &amp; Metz Abogados de Lesiones de Trabajo cerca de Fontana\" width=\"150\" height=\"150\" \/><\/p>\n<p><a href=\"https:\/\/www.clevelandmetzlaw.com\/es\/compensacion-de-trabajadores\/\">Leyes de compensaci\u00f3n laboral<\/a> Las leyes de indemnizaci\u00f3n por accidente de trabajo est\u00e1n dise\u00f1adas para proporcionar a los trabajadores lesionados prestaciones sanitarias, pero obtenerlas puede ser todo un reto. A menudo, los trabajadores lesionados se enfrentan a obst\u00e1culos como que las empresas aleguen que las lesiones no est\u00e1n relacionadas con el trabajo. Los empresarios pueden argumentar que su lesi\u00f3n se debe al sobrepeso, la edad avanzada, la artritis o una enfermedad preexistente. Por eso es crucial buscar la ayuda y el asesoramiento gratuito de <a href=\"https:\/\/www.clevelandmetzlaw.com\/es\/acerca-de-nuestra-empresa\/\" target=\"_blank\" rel=\"noopener noreferrer\">Abogados de Cleveland y Metz California<\/a>.<\/p>\n<h4>\u00bfTiene un plan sobre qu\u00e9 hacer a continuaci\u00f3n? Las compa\u00f1\u00edas de seguros tienen uno para ti y no te va a gustar. Ellos\u00a0<b>tienen abogados trabajando para ellos, y usted tambi\u00e9n deber\u00eda hacerlo.<\/b><\/h4>\n<p>Las compa\u00f1\u00edas de seguros tienen estrategias que no le favorecen. Tienen abogados que trabajan para ellos, y usted tambi\u00e9n debe hacerlo. Desde 1997, Las Oficinas Legales de Cleveland y Metz han representado con \u00e9xito a los trabajadores lesionados en casos de compensaci\u00f3n de trabajadores de su oficina en Rancho Cucamonga durante 27 a\u00f1os. California abogados de accidentes de trabajo abogados <a href=\"https:\/\/www.clevelandmetzlaw.com\/es\/abogado-charles-robert-cleveland-jr\/\">Charles Cleveland<\/a> y <a href=\"https:\/\/www.clevelandmetzlaw.com\/es\/abogado-john-metz\/\">John Metz <\/a>\u00a0se especializan en el manejo de accidentes de trabajo, incluidos los relacionados con enfermedades y traumas laborales repetitivos. Pueden ayudarle a navegar por las complejas normas y obst\u00e1culos de la compensaci\u00f3n de los trabajadores de California.<\/p>\n<h4><b>Beneficios de compensaci\u00f3n laboral<\/b><\/h4>\n<p>Bajo las leyes de compensaci\u00f3n laboral de California, los trabajadores lesionados tienen derecho a varios beneficios. Recuerde, su reclamo de Compensaci\u00f3n Laboral no es una demanda; es un reclamo de beneficios bajo un sistema de derecho administrativo.<\/p>\n<h3><b>1. Tratamiento m\u00e9dico MPN<\/b><\/h3>\n<p>Un trabajador lesionado tiene derecho a cobrar dos tercios de su salario bruto semanal medio, con ciertos l\u00edmites m\u00e1ximos y m\u00ednimos en funci\u00f3n de la fecha de la lesi\u00f3n. Si se deniega su solicitud, puede recibir una incapacidad estatal. Para recibir TTD en un caso admitido, debe estar recibiendo tratamiento dentro de la\u00a0 <a href=\"https:\/\/www.dir.ca.gov\/dwc\/MPN\/DWC_MPN_Main.html\" target=\"_blank\" rel=\"noopener noreferrer\">Red de proveedores m\u00e9dicos (MPN)<\/a>. Tambi\u00e9n puede tener derecho a recibir atenci\u00f3n m\u00e9dica en el futuro, seg\u00fan su situaci\u00f3n laboral y c\u00f3mo decida resolver su caso. <a href=\"https:\/\/www.clevelandmetzlaw.com\/es\/tipos-de-acuerdos-casos-de-indemnizacion-de-los-trabajadores\/\" target=\"_blank\" rel=\"noopener noreferrer\">Tipos de acuerdos en casos de indemnizaci\u00f3n laboral<\/a><\/p>\n<h3><b>2. <a href=\"https:\/\/www.dir.ca.gov\/dwc\/WCFaqIW.html#TDBenefits\" target=\"_blank\" rel=\"noopener noreferrer\">TTD por discapacidad temporal<\/a><\/b><\/h3>\n<p>Un trabajador lesionado tiene derecho a recibir el pago de dos tercios de su salario bruto semanal promedio, con ciertos l\u00edmites m\u00e1ximos y m\u00ednimos seg\u00fan la fecha de la lesi\u00f3n o la discapacidad estatal si se rechaza su reclamo. Para recibir discapacidad temporal total (TTD) en un caso admitido, debe recibir tratamiento dentro de la MPN.<\/p>\n<h3><b>3. <a href=\"https:\/\/www.dir.ca.gov\/dwc\/WCFaqIW.html#PDBenefits\" target=\"_blank\" rel=\"noopener noreferrer\">PDA de discapacidad permanente<\/a><\/b><\/h3>\n<p>Si no puede recuperarse totalmente de su lesi\u00f3n laboral, puede tener derecho a una indemnizaci\u00f3n econ\u00f3mica. Una vez declarado permanente su estado de salud, puede tener derecho a prestaciones por incapacidad permanente si la incapacidad o deficiencia es evaluable con arreglo a la\u00a0<a href=\"https:\/\/www.dir.ca.gov\/dwc\/PDR.pdf\" target=\"_blank\" rel=\"noopener noreferrer\">PROGRAMA DE CALIFICACI\u00d3N DE DISCAPACIDADES PERMANENTES<\/a> .<\/p>\n<h3><b>4. Reconversi\u00f3n laboral - <a href=\"https:\/\/www.dir.ca.gov\/dwc\/SJDB.html\" target=\"_blank\" rel=\"noopener noreferrer\">Vales suplementarios por desplazamiento laboral SJDV<\/a><\/b><\/h3>\n<p>Si ya no puede desempe\u00f1ar sus funciones laborales actuales y su empresa no le ofrece otro puesto, puede tener derecho a prestaciones de readaptaci\u00f3n profesional.<\/p>\n<p>Las leyes de compensaci\u00f3n laboral de California sufrieron cambios significativos en 2004 y 2012, beneficiando principalmente a las compa\u00f1\u00edas de seguros de compensaci\u00f3n laboral. C\u00f3mo se maneja su caso puede afectar en gran medida los beneficios que recibe o si los recibe en absoluto.<\/p>\n<h3>5.\u00a0<a href=\"https:\/\/www.dir.ca.gov\/RTWSP\/RTWSP.html\" target=\"_blank\" rel=\"noopener noreferrer\">Programa suplementario de regreso al trabajo<\/a><\/h3>\n<p>Para las lesiones ocurridas en 2013 o despu\u00e9s, existe una nueva prestaci\u00f3n del Fondo de Reincorporaci\u00f3n al Trabajo de $5000. P\u00f3ngase en contacto con nuestra oficina para obtener m\u00e1s informaci\u00f3n.<\/p>\n<p><a href=\"https:\/\/www.clevelandmetzlaw.com\/es\/resenas\/\">Abogados de accidentes de California Cleveland y Metz<\/a> se asegurar\u00e1 de que su caso sea manejado profesionalmente. Nuestros honorarios son sobre una base de contingencia - si usted no gana, nosotros tampoco. Si no hay recuperaci\u00f3n, no hay honorarios de abogado.<\/p>\n<p><strong><a href=\"tel:1-909-980-9703\">909-980-9703<\/a>\u00a0|\u00a0<a href=\"tel:1-951-275-9262\">951-275-9262<\/a><\/strong><\/p>\n<p><a href=\"mailto:cc@clevelandmetzlaw.com\"><strong>Correo electr\u00f3nico directo: Charles Cleveland,\u00a0<\/strong><strong>Ley de Compensaci\u00f3n al Trabajador Especialista Certificado<\/strong><\/a><\/p>","protected":false},"excerpt":{"rendered":"<p>Compensaci\u00f3n a los Trabajadores - Cleveland &amp; Metz Call Email Text Map Somos trabajadores dedicados Comp Abogados que har\u00e1n el trabajo Leyes de compensaci\u00f3n de los trabajadores Las leyes de compensaci\u00f3n de los trabajadores est\u00e1n dise\u00f1ados para proporcionar a los trabajadores lesionados con los beneficios de salud, pero la obtenci\u00f3n de estos beneficios puede ser un reto. A menudo, los trabajadores lesionados se enfrentan a obst\u00e1culos tales como...<\/p>","protected":false},"author":2,"featured_media":0,"parent":0,"menu_order":0,"comment_status":"closed","ping_status":"closed","template":"","meta":{"footnotes":""},"class_list":["post-696","page","type-page","status-publish","hentry"],"yoast_head":"<!-- This site is optimized with the Yoast SEO plugin v27.6 - https:\/\/yoast.com\/product\/yoast-seo-wordpress\/ -->\n<title>Workers Comp Cleveland &amp; Metz<\/title>\n<meta name=\"description\" content=\"Workers Comp - Law Offices of Cleveland &amp; Metz, Work Comp Attorneys specializing in work injuries, accidents &amp; repetitive motion traumas in California cases\" \/>\n<meta name=\"robots\" content=\"index, follow, max-snippet:-1, max-image-preview:large, max-video-preview:-1\" \/>\n<link rel=\"canonical\" href=\"https:\/\/www.clevelandmetzlaw.com\/es\/indemnizacion-por-accidente-laboral-2\/\" \/>\n<meta property=\"og:locale\" content=\"es_MX\" \/>\n<meta property=\"og:type\" content=\"article\" \/>\n<meta property=\"og:title\" content=\"Workers Comp Cleveland &amp; Metz\" \/>\n<meta property=\"og:description\" content=\"Workers Comp - Law Offices of Cleveland &amp; Metz, Work Comp Attorneys specializing in work injuries, accidents &amp; repetitive motion traumas in California cases\" \/>\n<meta property=\"og:url\" content=\"https:\/\/www.clevelandmetzlaw.com\/es\/indemnizacion-por-accidente-laboral-2\/\" \/>\n<meta property=\"og:site_name\" content=\"Cleveland Metz Law\" \/>\n<meta property=\"article:modified_time\" content=\"2024-07-14T14:55:19+00:00\" \/>\n<meta property=\"og:image\" content=\"https:\/\/www.clevelandmetzlaw.com\/wp-content\/uploads\/2021\/03\/heder-phone-1-1.png\" \/>\n<meta name=\"twitter:card\" content=\"summary_large_image\" \/>\n<meta name=\"twitter:label1\" content=\"Tiempo de lectura\" \/>\n\t<meta name=\"twitter:data1\" content=\"4 minutos\" \/>\n<script type=\"application\/ld+json\" class=\"yoast-schema-graph\">{\"@context\":\"https:\\\/\\\/schema.org\",\"@graph\":[{\"@type\":\"WebPage\",\"@id\":\"https:\\\/\\\/www.clevelandmetzlaw.com\\\/workers-compensation-2\\\/\",\"url\":\"https:\\\/\\\/www.clevelandmetzlaw.com\\\/workers-compensation-2\\\/\",\"name\":\"Workers Comp Cleveland & Metz\",\"isPartOf\":{\"@id\":\"https:\\\/\\\/www.clevelandmetzlaw.com\\\/#website\"},\"primaryImageOfPage\":{\"@id\":\"https:\\\/\\\/www.clevelandmetzlaw.com\\\/workers-compensation-2\\\/#primaryimage\"},\"image\":{\"@id\":\"https:\\\/\\\/www.clevelandmetzlaw.com\\\/workers-compensation-2\\\/#primaryimage\"},\"thumbnailUrl\":\"https:\\\/\\\/www.clevelandmetzlaw.com\\\/wp-content\\\/uploads\\\/2021\\\/03\\\/heder-phone-1-1.png\",\"datePublished\":\"2014-03-14T17:08:28+00:00\",\"dateModified\":\"2024-07-14T14:55:19+00:00\",\"description\":\"Workers Comp - Law Offices of Cleveland & Metz, Work Comp Attorneys specializing in work injuries, accidents & repetitive motion traumas in California cases\",\"breadcrumb\":{\"@id\":\"https:\\\/\\\/www.clevelandmetzlaw.com\\\/workers-compensation-2\\\/#breadcrumb\"},\"inLanguage\":\"es\",\"potentialAction\":[{\"@type\":\"ReadAction\",\"target\":[\"https:\\\/\\\/www.clevelandmetzlaw.com\\\/workers-compensation-2\\\/\"]}]},{\"@type\":\"ImageObject\",\"inLanguage\":\"es\",\"@id\":\"https:\\\/\\\/www.clevelandmetzlaw.com\\\/workers-compensation-2\\\/#primaryimage\",\"url\":\"https:\\\/\\\/www.clevelandmetzlaw.com\\\/wp-content\\\/uploads\\\/2021\\\/03\\\/heder-phone-1-1.png\",\"contentUrl\":\"https:\\\/\\\/www.clevelandmetzlaw.com\\\/wp-content\\\/uploads\\\/2021\\\/03\\\/heder-phone-1-1.png\"},{\"@type\":\"BreadcrumbList\",\"@id\":\"https:\\\/\\\/www.clevelandmetzlaw.com\\\/workers-compensation-2\\\/#breadcrumb\",\"itemListElement\":[{\"@type\":\"ListItem\",\"position\":1,\"name\":\"Home\",\"item\":\"https:\\\/\\\/www.clevelandmetzlaw.com\\\/\"},{\"@type\":\"ListItem\",\"position\":2,\"name\":\"Workers Comp &#8211; Law Offices of Cleveland &#038; Metz\"}]},{\"@type\":\"WebSite\",\"@id\":\"https:\\\/\\\/www.clevelandmetzlaw.com\\\/#website\",\"url\":\"https:\\\/\\\/www.clevelandmetzlaw.com\\\/\",\"name\":\"Cleveland Metz Law\",\"description\":\"California Work Injury &amp; Workers Compensation Attorney\",\"potentialAction\":[{\"@type\":\"SearchAction\",\"target\":{\"@type\":\"EntryPoint\",\"urlTemplate\":\"https:\\\/\\\/www.clevelandmetzlaw.com\\\/?s={search_term_string}\"},\"query-input\":{\"@type\":\"PropertyValueSpecification\",\"valueRequired\":true,\"valueName\":\"search_term_string\"}}],\"inLanguage\":\"es\"}]}<\/script>\n<!-- \/ Yoast SEO plugin. -->","yoast_head_json":{"title":"Compensaci\u00f3n de Trabajadores Cleveland &amp; Metz","description":"Workers Comp - Law Offices of Cleveland &amp; Metz, Work Comp Abogados especializados en lesiones de trabajo, accidentes y traumas por movimientos repetitivos en los casos de California.","robots":{"index":"index","follow":"follow","max-snippet":"max-snippet:-1","max-image-preview":"max-image-preview:large","max-video-preview":"max-video-preview:-1"},"canonical":"https:\/\/www.clevelandmetzlaw.com\/es\/indemnizacion-por-accidente-laboral-2\/","og_locale":"es_MX","og_type":"article","og_title":"Workers Comp Cleveland & Metz","og_description":"Workers Comp - Law Offices of Cleveland & Metz, Work Comp Attorneys specializing in work injuries, accidents & repetitive motion traumas in California cases","og_url":"https:\/\/www.clevelandmetzlaw.com\/es\/indemnizacion-por-accidente-laboral-2\/","og_site_name":"Cleveland Metz Law","article_modified_time":"2024-07-14T14:55:19+00:00","og_image":[{"url":"https:\/\/www.clevelandmetzlaw.com\/wp-content\/uploads\/2021\/03\/heder-phone-1-1.png","type":"","width":"","height":""}],"twitter_card":"summary_large_image","twitter_misc":{"Tiempo de lectura":"4 minutos"},"schema":{"@context":"https:\/\/schema.org","@graph":[{"@type":"WebPage","@id":"https:\/\/www.clevelandmetzlaw.com\/workers-compensation-2\/","url":"https:\/\/www.clevelandmetzlaw.com\/workers-compensation-2\/","name":"Compensaci\u00f3n de Trabajadores Cleveland &amp; Metz","isPartOf":{"@id":"https:\/\/www.clevelandmetzlaw.com\/#website"},"primaryImageOfPage":{"@id":"https:\/\/www.clevelandmetzlaw.com\/workers-compensation-2\/#primaryimage"},"image":{"@id":"https:\/\/www.clevelandmetzlaw.com\/workers-compensation-2\/#primaryimage"},"thumbnailUrl":"https:\/\/www.clevelandmetzlaw.com\/wp-content\/uploads\/2021\/03\/heder-phone-1-1.png","datePublished":"2014-03-14T17:08:28+00:00","dateModified":"2024-07-14T14:55:19+00:00","description":"Workers Comp - Law Offices of Cleveland &amp; Metz, Work Comp Abogados especializados en lesiones de trabajo, accidentes y traumas por movimientos repetitivos en los casos de California.","breadcrumb":{"@id":"https:\/\/www.clevelandmetzlaw.com\/workers-compensation-2\/#breadcrumb"},"inLanguage":"es","potentialAction":[{"@type":"ReadAction","target":["https:\/\/www.clevelandmetzlaw.com\/workers-compensation-2\/"]}]},{"@type":"ImageObject","inLanguage":"es","@id":"https:\/\/www.clevelandmetzlaw.com\/workers-compensation-2\/#primaryimage","url":"https:\/\/www.clevelandmetzlaw.com\/wp-content\/uploads\/2021\/03\/heder-phone-1-1.png","contentUrl":"https:\/\/www.clevelandmetzlaw.com\/wp-content\/uploads\/2021\/03\/heder-phone-1-1.png"},{"@type":"BreadcrumbList","@id":"https:\/\/www.clevelandmetzlaw.com\/workers-compensation-2\/#breadcrumb","itemListElement":[{"@type":"ListItem","position":1,"name":"Home","item":"https:\/\/www.clevelandmetzlaw.com\/"},{"@type":"ListItem","position":2,"name":"Workers Comp &#8211; Law Offices of Cleveland &#038; Metz"}]},{"@type":"WebSite","@id":"https:\/\/www.clevelandmetzlaw.com\/#website","url":"https:\/\/www.clevelandmetzlaw.com\/","name":"Cleveland Metz Law","description":"California Lesiones de Trabajo y Compensaci\u00f3n de Trabajadores Abogado","potentialAction":[{"@type":"SearchAction","target":{"@type":"EntryPoint","urlTemplate":"https:\/\/www.clevelandmetzlaw.com\/?s={search_term_string}"},"query-input":{"@type":"PropertyValueSpecification","valueRequired":true,"valueName":"search_term_string"}}],"inLanguage":"es"}]}},"_links":{"self":[{"href":"https:\/\/www.clevelandmetzlaw.com\/es\/wp-json\/wp\/v2\/pages\/696","targetHints":{"allow":["GET"]}}],"collection":[{"href":"https:\/\/www.clevelandmetzlaw.com\/es\/wp-json\/wp\/v2\/pages"}],"about":[{"href":"https:\/\/www.clevelandmetzlaw.com\/es\/wp-json\/wp\/v2\/types\/page"}],"author":[{"embeddable":true,"href":"https:\/\/www.clevelandmetzlaw.com\/es\/wp-json\/wp\/v2\/users\/2"}],"replies":[{"embeddable":true,"href":"https:\/\/www.clevelandmetzlaw.com\/es\/wp-json\/wp\/v2\/comments?post=696"}],"version-history":[{"count":0,"href":"https:\/\/www.clevelandmetzlaw.com\/es\/wp-json\/wp\/v2\/pages\/696\/revisions"}],"wp:attachment":[{"href":"https:\/\/www.clevelandmetzlaw.com\/es\/wp-json\/wp\/v2\/media?parent=696"}],"curies":[{"name":"wp","href":"https:\/\/api.w.org\/{rel}","templated":true}]}}