{"id":613,"date":"2013-01-11T16:03:14","date_gmt":"2013-01-12T00:03:14","guid":{"rendered":"http:\/\/www.clevelandmetzlaw.com\/?page_id=613"},"modified":"2022-04-09T08:45:38","modified_gmt":"2022-04-09T15:45:38","slug":"upland-abogado-de-compensacion-de-trabajadores","status":"publish","type":"page","link":"https:\/\/www.clevelandmetzlaw.com\/es\/upland-workers-compensation-attorney\/","title":{"rendered":"Abogado de compensaci\u00f3n laboral de Upland"},"content":{"rendered":"<h2>Lesiones de Trabajo y Compensaci\u00f3n de Trabajadores Abogado<\/h2>\n<h2 align=\"center\">Si ha sufrido una lesi\u00f3n o accidente laboral, llame a Upland\u00a0<br \/>\nAbogados Charles Cleveland y John Metz<\/h2>\n<p><img loading=\"lazy\" decoding=\"async\" class=\"alignleft wp-image-975\" src=\"https:\/\/www.clevelandmetzlaw.com\/wp-content\/uploads\/2014\/07\/cml-square-icon-300x300.jpg\" alt=\"Logotipo del bufete de abogados Cleveland &amp; Metz\" width=\"219\" height=\"219\" \/><\/p>\n<p>Una lesi\u00f3n de trabajo puede ser un evento que cambia la vida y usted necesita un abogado de compensaci\u00f3n de trabajo con experiencia de su lado. Nuestro bufete de abogados de la zona de Upland se dedica exclusivamente a la pr\u00e1ctica de compensaci\u00f3n de trabajadores que representan a los trabajadores lesionados Upland contra las compa\u00f1\u00edas de seguros de compensaci\u00f3n de trabajadores. Las Oficinas Legales de Cleveland y Metz tiene m\u00e1s de 50 a\u00f1os de experiencia combinada ayudando a los trabajadores lesionados Upland con sus casos de compensaci\u00f3n laboral. Si su lesi\u00f3n es el resultado de un incidente espec\u00edfico, o una lesi\u00f3n repetitiva que se produjo en el tiempo o incluso si su caso es negado, los abogados de lesiones de trabajo Upland en las Oficinas Legales de Cleveland y Metz le puede ayudar.  La compa\u00f1\u00eda de seguros sin duda tendr\u00e1 un abogado defensor y un ajustador con experiencia trabajando en contra de usted para cortar o negar sus beneficios. Somos abogados locales Inland Empire aqu\u00ed para ayudarle.<\/p>\n<p>Ya sea que haya sufrido una lesi\u00f3n laboral de rutina o haya sufrido una lesi\u00f3n grave que cambie su vida y su carrera, <strong>Abogados de compensaci\u00f3n laboral de Upland Charles Cleveland y John Metz<\/strong> luchar\u00e1 por usted contra las compa\u00f1\u00edas de seguros de accidentes y de compensaci\u00f3n de los trabajadores en la Junta de Apelaciones de Compensaci\u00f3n de los Trabajadores. P\u00f3ngase en contacto con Cleveland &amp; Metz al (800) 397-7708. Puede ponerse en contacto con nosotros directamente por correo electr\u00f3nico rellenando nuestro formulario de contacto de lesiones y accidentes de trabajo y nos pondremos en contacto con usted tan pronto como uno de nuestros abogados de lesiones haya revisado su correo electr\u00f3nico.<\/p>\n<p><a href=\"https:\/\/goo.gl\/maps\/TJWBBBqZHt12\"><img loading=\"lazy\" decoding=\"async\" class=\"aligncenter size-full wp-image-2877\" src=\"https:\/\/www.clevelandmetzlaw.com\/wp-content\/uploads\/2019\/02\/Upland-To-Law-Offices-Of-Cleveland-And-Metz-MAP.jpg\" alt=\"\" width=\"1280\" height=\"960\" srcset=\"https:\/\/www.clevelandmetzlaw.com\/wp-content\/uploads\/2019\/02\/Upland-To-Law-Offices-Of-Cleveland-And-Metz-MAP.jpg 1280w, https:\/\/www.clevelandmetzlaw.com\/wp-content\/uploads\/2019\/02\/Upland-To-Law-Offices-Of-Cleveland-And-Metz-MAP-540x405.jpg 540w, https:\/\/www.clevelandmetzlaw.com\/wp-content\/uploads\/2019\/02\/Upland-To-Law-Offices-Of-Cleveland-And-Metz-MAP-768x576.jpg 768w, https:\/\/www.clevelandmetzlaw.com\/wp-content\/uploads\/2019\/02\/Upland-To-Law-Offices-Of-Cleveland-And-Metz-MAP-960x720.jpg 960w, https:\/\/www.clevelandmetzlaw.com\/wp-content\/uploads\/2019\/02\/Upland-To-Law-Offices-Of-Cleveland-And-Metz-MAP-285x214.jpg 285w\" sizes=\"auto, (max-width: 1280px) 100vw, 1280px\" \/><\/a><\/p>","protected":false},"excerpt":{"rendered":"<p>Lesiones en el Trabajo y Compensaci\u00f3n a los Trabajadores Abogado Si usted ha sufrido una lesi\u00f3n relacionada con el trabajo o accidente, llame Upland Abogados Charles Cleveland y John Metz Una lesi\u00f3n en el trabajo puede ser un evento que cambia la vida y que necesita un abogado con experiencia en compensaci\u00f3n de trabajo de su lado. Nuestro bufete de abogados de la zona de Upland se dedica exclusivamente a la pr\u00e1ctica de Compensaci\u00f3n de Trabajadores...<\/p>","protected":false},"author":2,"featured_media":0,"parent":0,"menu_order":0,"comment_status":"closed","ping_status":"closed","template":"","meta":{"footnotes":""},"class_list":["post-613","page","type-page","status-publish","hentry"],"yoast_head":"<!-- This site is optimized with the Yoast SEO plugin v27.6 - https:\/\/yoast.com\/product\/yoast-seo-wordpress\/ -->\n<title>Upland Workers Compensation Attorney<\/title>\n<meta name=\"description\" content=\"Upland Workers Compensation Attorney - An Upland work comp attorney from Cleveland and Metz has experience in personal serious injury and workers comp law!\" \/>\n<meta name=\"robots\" content=\"index, follow, max-snippet:-1, max-image-preview:large, max-video-preview:-1\" \/>\n<link rel=\"canonical\" href=\"https:\/\/www.clevelandmetzlaw.com\/es\/upland-abogado-de-compensacion-de-trabajadores\/\" \/>\n<meta property=\"og:locale\" content=\"es_MX\" \/>\n<meta property=\"og:type\" content=\"article\" \/>\n<meta property=\"og:title\" content=\"Upland Workers Compensation Attorney\" \/>\n<meta property=\"og:description\" content=\"Upland Workers Compensation Attorney - An Upland work comp attorney from Cleveland and Metz has experience in personal serious injury and workers comp law!\" \/>\n<meta property=\"og:url\" content=\"https:\/\/www.clevelandmetzlaw.com\/es\/upland-abogado-de-compensacion-de-trabajadores\/\" \/>\n<meta property=\"og:site_name\" content=\"Cleveland Metz Law\" \/>\n<meta property=\"article:modified_time\" content=\"2022-04-09T15:45:38+00:00\" \/>\n<meta property=\"og:image\" content=\"https:\/\/www.clevelandmetzlaw.com\/wp-content\/uploads\/2014\/07\/cml-square-icon-300x300.jpg\" \/>\n<meta name=\"twitter:card\" content=\"summary_large_image\" \/>\n<meta name=\"twitter:label1\" content=\"Tiempo de lectura\" \/>\n\t<meta name=\"twitter:data1\" content=\"2 minutos\" \/>\n<script type=\"application\/ld+json\" class=\"yoast-schema-graph\">{\"@context\":\"https:\\\/\\\/schema.org\",\"@graph\":[{\"@type\":\"WebPage\",\"@id\":\"https:\\\/\\\/www.clevelandmetzlaw.com\\\/upland-workers-compensation-attorney\\\/\",\"url\":\"https:\\\/\\\/www.clevelandmetzlaw.com\\\/upland-workers-compensation-attorney\\\/\",\"name\":\"Upland Workers Compensation Attorney\",\"isPartOf\":{\"@id\":\"https:\\\/\\\/www.clevelandmetzlaw.com\\\/#website\"},\"primaryImageOfPage\":{\"@id\":\"https:\\\/\\\/www.clevelandmetzlaw.com\\\/upland-workers-compensation-attorney\\\/#primaryimage\"},\"image\":{\"@id\":\"https:\\\/\\\/www.clevelandmetzlaw.com\\\/upland-workers-compensation-attorney\\\/#primaryimage\"},\"thumbnailUrl\":\"https:\\\/\\\/www.clevelandmetzlaw.com\\\/wp-content\\\/uploads\\\/2014\\\/07\\\/cml-square-icon-300x300.jpg\",\"datePublished\":\"2013-01-12T00:03:14+00:00\",\"dateModified\":\"2022-04-09T15:45:38+00:00\",\"description\":\"Upland Workers Compensation Attorney - An Upland work comp attorney from Cleveland and Metz has experience in personal serious injury and workers comp law!\",\"breadcrumb\":{\"@id\":\"https:\\\/\\\/www.clevelandmetzlaw.com\\\/upland-workers-compensation-attorney\\\/#breadcrumb\"},\"inLanguage\":\"es\",\"potentialAction\":[{\"@type\":\"ReadAction\",\"target\":[\"https:\\\/\\\/www.clevelandmetzlaw.com\\\/upland-workers-compensation-attorney\\\/\"]}]},{\"@type\":\"ImageObject\",\"inLanguage\":\"es\",\"@id\":\"https:\\\/\\\/www.clevelandmetzlaw.com\\\/upland-workers-compensation-attorney\\\/#primaryimage\",\"url\":\"https:\\\/\\\/www.clevelandmetzlaw.com\\\/wp-content\\\/uploads\\\/2014\\\/07\\\/cml-square-icon-300x300.jpg\",\"contentUrl\":\"https:\\\/\\\/www.clevelandmetzlaw.com\\\/wp-content\\\/uploads\\\/2014\\\/07\\\/cml-square-icon-300x300.jpg\"},{\"@type\":\"BreadcrumbList\",\"@id\":\"https:\\\/\\\/www.clevelandmetzlaw.com\\\/upland-workers-compensation-attorney\\\/#breadcrumb\",\"itemListElement\":[{\"@type\":\"ListItem\",\"position\":1,\"name\":\"Home\",\"item\":\"https:\\\/\\\/www.clevelandmetzlaw.com\\\/\"},{\"@type\":\"ListItem\",\"position\":2,\"name\":\"Upland Workers Compensation Attorney\"}]},{\"@type\":\"WebSite\",\"@id\":\"https:\\\/\\\/www.clevelandmetzlaw.com\\\/#website\",\"url\":\"https:\\\/\\\/www.clevelandmetzlaw.com\\\/\",\"name\":\"Cleveland Metz Law\",\"description\":\"California Work Injury &amp; Workers Compensation Attorney\",\"potentialAction\":[{\"@type\":\"SearchAction\",\"target\":{\"@type\":\"EntryPoint\",\"urlTemplate\":\"https:\\\/\\\/www.clevelandmetzlaw.com\\\/?s={search_term_string}\"},\"query-input\":{\"@type\":\"PropertyValueSpecification\",\"valueRequired\":true,\"valueName\":\"search_term_string\"}}],\"inLanguage\":\"es\"}]}<\/script>\n<!-- \/ Yoast SEO plugin. -->","yoast_head_json":{"title":"Abogado de compensaci\u00f3n laboral de Upland","description":"\u00a1Upland Compensaci\u00f3n de Trabajadores Abogado - Un abogado de compensaci\u00f3n de trabajo Upland de Cleveland y Metz tiene experiencia en lesiones personales graves y la ley de compensaci\u00f3n de trabajadores!","robots":{"index":"index","follow":"follow","max-snippet":"max-snippet:-1","max-image-preview":"max-image-preview:large","max-video-preview":"max-video-preview:-1"},"canonical":"https:\/\/www.clevelandmetzlaw.com\/es\/upland-abogado-de-compensacion-de-trabajadores\/","og_locale":"es_MX","og_type":"article","og_title":"Upland Workers Compensation Attorney","og_description":"Upland Workers Compensation Attorney - An Upland work comp attorney from Cleveland and Metz has experience in personal serious injury and workers comp law!","og_url":"https:\/\/www.clevelandmetzlaw.com\/es\/upland-abogado-de-compensacion-de-trabajadores\/","og_site_name":"Cleveland Metz Law","article_modified_time":"2022-04-09T15:45:38+00:00","og_image":[{"url":"https:\/\/www.clevelandmetzlaw.com\/wp-content\/uploads\/2014\/07\/cml-square-icon-300x300.jpg","type":"","width":"","height":""}],"twitter_card":"summary_large_image","twitter_misc":{"Tiempo de lectura":"2 minutos"},"schema":{"@context":"https:\/\/schema.org","@graph":[{"@type":"WebPage","@id":"https:\/\/www.clevelandmetzlaw.com\/upland-workers-compensation-attorney\/","url":"https:\/\/www.clevelandmetzlaw.com\/upland-workers-compensation-attorney\/","name":"Abogado de compensaci\u00f3n laboral de Upland","isPartOf":{"@id":"https:\/\/www.clevelandmetzlaw.com\/#website"},"primaryImageOfPage":{"@id":"https:\/\/www.clevelandmetzlaw.com\/upland-workers-compensation-attorney\/#primaryimage"},"image":{"@id":"https:\/\/www.clevelandmetzlaw.com\/upland-workers-compensation-attorney\/#primaryimage"},"thumbnailUrl":"https:\/\/www.clevelandmetzlaw.com\/wp-content\/uploads\/2014\/07\/cml-square-icon-300x300.jpg","datePublished":"2013-01-12T00:03:14+00:00","dateModified":"2022-04-09T15:45:38+00:00","description":"\u00a1Upland Compensaci\u00f3n de Trabajadores Abogado - Un abogado de compensaci\u00f3n de trabajo Upland de Cleveland y Metz tiene experiencia en lesiones personales graves y la ley de compensaci\u00f3n de trabajadores!","breadcrumb":{"@id":"https:\/\/www.clevelandmetzlaw.com\/upland-workers-compensation-attorney\/#breadcrumb"},"inLanguage":"es","potentialAction":[{"@type":"ReadAction","target":["https:\/\/www.clevelandmetzlaw.com\/upland-workers-compensation-attorney\/"]}]},{"@type":"ImageObject","inLanguage":"es","@id":"https:\/\/www.clevelandmetzlaw.com\/upland-workers-compensation-attorney\/#primaryimage","url":"https:\/\/www.clevelandmetzlaw.com\/wp-content\/uploads\/2014\/07\/cml-square-icon-300x300.jpg","contentUrl":"https:\/\/www.clevelandmetzlaw.com\/wp-content\/uploads\/2014\/07\/cml-square-icon-300x300.jpg"},{"@type":"BreadcrumbList","@id":"https:\/\/www.clevelandmetzlaw.com\/upland-workers-compensation-attorney\/#breadcrumb","itemListElement":[{"@type":"ListItem","position":1,"name":"Home","item":"https:\/\/www.clevelandmetzlaw.com\/"},{"@type":"ListItem","position":2,"name":"Upland Workers Compensation Attorney"}]},{"@type":"WebSite","@id":"https:\/\/www.clevelandmetzlaw.com\/#website","url":"https:\/\/www.clevelandmetzlaw.com\/","name":"Cleveland Metz Law","description":"California Lesiones de Trabajo y Compensaci\u00f3n de Trabajadores Abogado","potentialAction":[{"@type":"SearchAction","target":{"@type":"EntryPoint","urlTemplate":"https:\/\/www.clevelandmetzlaw.com\/?s={search_term_string}"},"query-input":{"@type":"PropertyValueSpecification","valueRequired":true,"valueName":"search_term_string"}}],"inLanguage":"es"}]}},"_links":{"self":[{"href":"https:\/\/www.clevelandmetzlaw.com\/es\/wp-json\/wp\/v2\/pages\/613","targetHints":{"allow":["GET"]}}],"collection":[{"href":"https:\/\/www.clevelandmetzlaw.com\/es\/wp-json\/wp\/v2\/pages"}],"about":[{"href":"https:\/\/www.clevelandmetzlaw.com\/es\/wp-json\/wp\/v2\/types\/page"}],"author":[{"embeddable":true,"href":"https:\/\/www.clevelandmetzlaw.com\/es\/wp-json\/wp\/v2\/users\/2"}],"replies":[{"embeddable":true,"href":"https:\/\/www.clevelandmetzlaw.com\/es\/wp-json\/wp\/v2\/comments?post=613"}],"version-history":[{"count":0,"href":"https:\/\/www.clevelandmetzlaw.com\/es\/wp-json\/wp\/v2\/pages\/613\/revisions"}],"wp:attachment":[{"href":"https:\/\/www.clevelandmetzlaw.com\/es\/wp-json\/wp\/v2\/media?parent=613"}],"curies":[{"name":"wp","href":"https:\/\/api.w.org\/{rel}","templated":true}]}}