{"id":610,"date":"2013-01-11T16:02:12","date_gmt":"2013-01-12T00:02:12","guid":{"rendered":"http:\/\/www.clevelandmetzlaw.com\/?page_id=610"},"modified":"2025-10-17T12:34:45","modified_gmt":"2025-10-17T19:34:45","slug":"san-bernardino-abogado-de-compensacion-de-trabajadores","status":"publish","type":"page","link":"https:\/\/www.clevelandmetzlaw.com\/es\/san-bernardino-workers-compensation-attorney\/","title":{"rendered":"Abogado de compensaci\u00f3n laboral de San Bernardino"},"content":{"rendered":"<h2 style=\"text-align: left;\" align=\"center\">Work Injury Lawyers in San Bernardino County<\/h2>\n<h3 style=\"text-align: left;\" align=\"center\">Work Injury or Accident? Call\u00a0Attorneys Charles Cleveland and John Metz<\/h3>\n<h3>\u00a0<a href=\"tel:1-909-980-9703\"><img loading=\"lazy\" decoding=\"async\" class=\"alignnone wp-image-6223 size-full\" src=\"https:\/\/www.clevelandmetzlaw.com\/wp-content\/uploads\/2021\/03\/heder-phone-1-1.png\" alt=\"\" width=\"29\" height=\"29\" srcset=\"https:\/\/www.clevelandmetzlaw.com\/wp-content\/uploads\/2021\/03\/heder-phone-1-1.png 29w, https:\/\/www.clevelandmetzlaw.com\/wp-content\/uploads\/2021\/03\/heder-phone-1-1-12x12.png 12w\" sizes=\"auto, (max-width: 29px) 100vw, 29px\" \/> <\/a><a href=\"tel: 1-909-980-9703\">Call<\/a>\u00a0 \u00a0<a href=\"mailto:cc@clevelandmetzlaw.com\"><img loading=\"lazy\" decoding=\"async\" class=\"alignnone wp-image-6221\" src=\"https:\/\/www.clevelandmetzlaw.com\/wp-content\/uploads\/2021\/03\/email-icon-150x150-1.jpg\" alt=\"\" width=\"29\" height=\"29\" srcset=\"https:\/\/www.clevelandmetzlaw.com\/wp-content\/uploads\/2021\/03\/email-icon-150x150-1.jpg 150w, https:\/\/www.clevelandmetzlaw.com\/wp-content\/uploads\/2021\/03\/email-icon-150x150-1-12x12.jpg 12w\" sizes=\"auto, (max-width: 29px) 100vw, 29px\" \/><\/a> <a href=\"mailto:cc@clevelandmetzlaw.com\"><strong>Email<\/strong><\/a><strong>\u00a0\u00a0<\/strong><strong> <a href=\"sms:1-909-303-6374\"><img loading=\"lazy\" decoding=\"async\" class=\"alignnone wp-image-6222\" src=\"https:\/\/www.clevelandmetzlaw.com\/wp-content\/uploads\/2021\/03\/Cleveland-Metz-Text-150x150-1.png\" alt=\"\" width=\"29\" height=\"29\" srcset=\"https:\/\/www.clevelandmetzlaw.com\/wp-content\/uploads\/2021\/03\/Cleveland-Metz-Text-150x150-1.png 150w, https:\/\/www.clevelandmetzlaw.com\/wp-content\/uploads\/2021\/03\/Cleveland-Metz-Text-150x150-1-12x12.png 12w\" sizes=\"auto, (max-width: 29px) 100vw, 29px\" \/><\/a>\u00a0<\/strong><a href=\"sms:1-909-303-6374\">Text<\/a>\u00a0 <a href=\"https:\/\/www.clevelandmetzlaw.com\/find-us\/\"><img loading=\"lazy\" decoding=\"async\" class=\"alignnone wp-image-6224\" src=\"https:\/\/www.clevelandmetzlaw.com\/wp-content\/uploads\/2021\/03\/map-icon-ClevelandMetz-150x150-1.png\" alt=\"\" width=\"29\" height=\"29\" srcset=\"https:\/\/www.clevelandmetzlaw.com\/wp-content\/uploads\/2021\/03\/map-icon-ClevelandMetz-150x150-1.png 150w, https:\/\/www.clevelandmetzlaw.com\/wp-content\/uploads\/2021\/03\/map-icon-ClevelandMetz-150x150-1-12x12.png 12w\" sizes=\"auto, (max-width: 29px) 100vw, 29px\" \/><\/a> <a href=\"https:\/\/www.clevelandmetzlaw.com\/find-us\/\">Map<\/a> \u00a0 \u00a0 \u00a0 \u00a0 <a href=\"https:\/\/www.clevelandmetzlaw.com\/abogado-de-compensacion-laboral-san-bernardino\/en-cleveland-metz-nos-dedicamos-exclusivamente-a-la-practica-de-compensacion-laboral-representando-a-trabajadores-lesionados-en-el-condado-de-san-bernardino\/\" rel=\"https:\/\/www.clevelandmetzlaw.com\/abogado-de-compensacion-laboral-san-bernardino\/en-cleveland-metz-nos-dedicamos-exclusivamente-a-la-practica-de-compensacion-laboral-representando-a-trabajadores-lesionados-en-el-condado-de-san-bernardino\/\"><img loading=\"lazy\" decoding=\"async\" class=\"alignnone wp-image-14897 size-full\" src=\"https:\/\/www.clevelandmetzlaw.com\/wp-content\/uploads\/2023\/01\/espanol-e1674497832584.png\" alt=\"\" width=\"81\" height=\"42\" srcset=\"https:\/\/www.clevelandmetzlaw.com\/wp-content\/uploads\/2023\/01\/espanol-e1674497832584.png 81w, https:\/\/www.clevelandmetzlaw.com\/wp-content\/uploads\/2023\/01\/espanol-e1674497832584-18x9.png 18w\" sizes=\"auto, (max-width: 81px) 100vw, 81px\" \/><\/a><\/h3>\n<p><img loading=\"lazy\" decoding=\"async\" class=\"alignleft wp-image-975 size-thumbnail\" src=\"https:\/\/www.clevelandmetzlaw.com\/wp-content\/uploads\/2014\/07\/cml-square-icon-150x150.jpg\" alt=\"Work Injury Lawyers in San Bernardino County\" width=\"150\" height=\"150\" \/><\/p>\n<div class=\"flex flex-grow flex-col max-w-full\">\n<div class=\"min-h-[20px] text-message flex flex-col items-start gap-3 whitespace-pre-wrap break-words [.text-message+&amp;]:mt-5 overflow-x-auto\" data-message-author-role=\"assistant\" data-message-id=\"bedc6d1c-9053-4572-9bf3-87400fffeaa2\">\n<div class=\"markdown prose w-full break-words dark:prose-invert light\">\n<p>Experiencing a work injury can leave a lasting impact on your life. That&#8217;s why having a seasoned workers&#8217; compensation attorney is essential. With 26 years of representing San Bernardino residents from the same location, conveniently located just 23 miles from downtown San Bernardino, Cleveland &amp; Metz offers a free consultation with a\u00a0\u00a0<a href=\"https:\/\/members.calbar.ca.gov\/search\/ls_search.aspx\">Certified Specialist in Worker&#8217;s Compensation law<\/a>.<\/p>\n<p>Our focus at Cleveland &amp; Metz is solely on Workers&#8217; Compensation practice, dedicated to representing injured workers in San Bernardino County. With over 50 years of combined experience, our team has been helping San Bernardino injured workers navigate their Workers&#8217; Comp claims. Whether your injury resulted from a specific incident, a repetitive injury over time, or if your case has been denied, our committed San Bernardino County work injury attorneys are here to assist you.<\/p>\n<p>It&#8217;s crucial to note that the insurance company will have a defense lawyer and an experienced adjuster working against you, aiming to minimize or deny your benefits. Whether you&#8217;ve sustained a routine work injury or a severe one impacting your life and career, San Bernardino Workers&#8217; Compensation Lawyers Charles Cleveland and John Metz will fight for you against insurance companies at the Workers&#8217; Compensation Appeals Board. For assistance, call <a href=\"tel:1-909-980-9703\">(800) 397-7708<\/a> or reach out via or the <a href=\"https:\/\/www.clevelandmetzlaw.com\/contact-us\/\">Contact Form<\/a>, and one of our Injury Attorneys will promptly review your message.<\/p>\n<p>Experimentar una lesi\u00f3n laboral puede tener un impacto significativo y duradero en tu vida, raz\u00f3n por la cual contar con un abogado experimentado en compensaci\u00f3n laboral es crucial. Con 26 a\u00f1os representando a residentes de San Bernardino desde la misma ubicaci\u00f3n, estamos convenientemente ubicados a solo 23 millas del centro de San Bernardino. Puedes contar con nosotros para una consulta gratuita con un Especialista Certificado en la ley de Compensaci\u00f3n Laboral.<\/p>\n<\/div>\n<\/div>\n<\/div>\n<div class=\"flex flex-grow flex-col max-w-full\">\n<div class=\"min-h-[20px] text-message flex flex-col items-start gap-3 whitespace-pre-wrap break-words [.text-message+&amp;]:mt-5 overflow-x-auto\" data-message-author-role=\"assistant\" data-message-id=\"69979eaa-5997-440a-af80-b75e87ad29dd\">\n<div class=\"markdown prose w-full break-words dark:prose-invert light\">\n<p>En Cleveland &amp; Metz, nuestra \u00fanica atenci\u00f3n se centra en la pr\u00e1ctica de Compensaci\u00f3n Laboral, representando a trabajadores lesionados en el condado de San Bernardino. Con m\u00e1s de 50 a\u00f1os de experiencia combinada, hemos estado ayudando a trabajadores lesionados en San Bernardino con sus reclamos de Compensaci\u00f3n Laboral. Ya sea que tu lesi\u00f3n haya resultado de un incidente espec\u00edfico, una lesi\u00f3n repetitiva a lo largo del tiempo, o incluso si tu caso ha sido denegado, nuestro dedicado equipo de abogados de lesiones laborales en el condado de San Bernardino en Cleveland &amp; Metz est\u00e1 aqu\u00ed para ayudarte.<\/p>\n<p>Es importante tener en cuenta que la compa\u00f1\u00eda de seguros contar\u00e1 con un abogado defensor y un ajustador experimentado trabajando en tu contra, con el objetivo de minimizar o negar tus beneficios tanto como sea posible. Ya sea que hayas sufrido una lesi\u00f3n laboral rutinaria o hayas soportado una lesi\u00f3n grave que ha tenido un impacto profundo en tu vida y carrera, los abogados de Compensaci\u00f3n Laboral de San Bernardino, Charles Cleveland y John Metz, luchar\u00e1n en tu nombre contra las compa\u00f1\u00edas de seguros en la Junta de Apelaciones de Compensaci\u00f3n Laboral. Para ponerte en contacto con la Firma de Compensaci\u00f3n Laboral de San Bernardino de Cleveland &amp; Metz, llama al (800) 397-7708. Alternativamente, puedes contactarnos directamente por correo electr\u00f3nico o completando el formulario de contacto, y te contactaremos r\u00e1pidamente despu\u00e9s de que uno de nuestros abogados de lesiones haya revisado tu mensaje.<\/p>\n<\/div>\n<\/div>\n<\/div>\n<p><a href=\"https:\/\/goo.gl\/maps\/TJWBBBqZHt12\"><img loading=\"lazy\" decoding=\"async\" class=\"aligncenter size-full wp-image-2874\" src=\"https:\/\/www.clevelandmetzlaw.com\/wp-content\/uploads\/2019\/02\/San-Bernardino-To-Law-Offices-Of-Cleveland-And-Metz-MAP.jpg\" alt=\"\" width=\"1280\" height=\"960\" srcset=\"https:\/\/www.clevelandmetzlaw.com\/wp-content\/uploads\/2019\/02\/San-Bernardino-To-Law-Offices-Of-Cleveland-And-Metz-MAP.jpg 1280w, https:\/\/www.clevelandmetzlaw.com\/wp-content\/uploads\/2019\/02\/San-Bernardino-To-Law-Offices-Of-Cleveland-And-Metz-MAP-540x405.jpg 540w, https:\/\/www.clevelandmetzlaw.com\/wp-content\/uploads\/2019\/02\/San-Bernardino-To-Law-Offices-Of-Cleveland-And-Metz-MAP-768x576.jpg 768w, https:\/\/www.clevelandmetzlaw.com\/wp-content\/uploads\/2019\/02\/San-Bernardino-To-Law-Offices-Of-Cleveland-And-Metz-MAP-960x720.jpg 960w, https:\/\/www.clevelandmetzlaw.com\/wp-content\/uploads\/2019\/02\/San-Bernardino-To-Law-Offices-Of-Cleveland-And-Metz-MAP-285x214.jpg 285w\" sizes=\"auto, (max-width: 1280px) 100vw, 1280px\" \/><\/a><\/p>\n","protected":false},"excerpt":{"rendered":"<p>Abogados de Lesiones de Trabajo en el Condado de San Bernardino \u00bfLesi\u00f3n de Trabajo o Accidente? Llame a los abogados Charles Cleveland y John Metz Call Email Text Map Experimentar una lesi\u00f3n en el trabajo puede dejar un impacto duradero en su vida. Es por eso que tener un abogado de compensaci\u00f3n de trabajadores experimentados es esencial. Con 26 a\u00f1os de representar a San...<\/p>","protected":false},"author":2,"featured_media":0,"parent":0,"menu_order":0,"comment_status":"closed","ping_status":"closed","template":"","meta":{"footnotes":""},"class_list":["post-610","page","type-page","status-publish","hentry"],"yoast_head":"<!-- This site is optimized with the Yoast SEO plugin v27.6 - https:\/\/yoast.com\/product\/yoast-seo-wordpress\/ -->\n<title>San Bernardino Workers Compensation Attorney San Bernardino Workers\u2019 Compensation Attorney | Cleveland &amp; Metz<\/title>\n<meta name=\"description\" content=\"San Bernardino workers comp lawyer, San Bernardino work injury attorney, workers compensation lawyer San Bernardino County \u00bfLesi\u00f3n laboral en San Bernardino? Los abogados de Cleveland &amp; Metz te ayudan a obtener atenci\u00f3n m\u00e9dica, salarios perdidos y beneficios.\" \/>\n<meta name=\"robots\" content=\"index, follow, max-snippet:-1, max-image-preview:large, max-video-preview:-1\" \/>\n<link rel=\"canonical\" href=\"https:\/\/www.clevelandmetzlaw.com\/es\/san-bernardino-abogado-de-compensacion-de-trabajadores\/\" \/>\n<meta property=\"og:locale\" content=\"es_MX\" \/>\n<meta property=\"og:type\" content=\"article\" \/>\n<meta property=\"og:title\" content=\"San Bernardino Workers Compensation Attorney San Bernardino Workers\u2019 Compensation Attorney | Cleveland &amp; Metz\" \/>\n<meta property=\"og:description\" content=\"San Bernardino workers comp lawyer, San Bernardino work injury attorney, workers compensation lawyer San Bernardino County \u00bfLesi\u00f3n laboral en San Bernardino? Los abogados de Cleveland &amp; Metz te ayudan a obtener atenci\u00f3n m\u00e9dica, salarios perdidos y beneficios.\" \/>\n<meta property=\"og:url\" content=\"https:\/\/www.clevelandmetzlaw.com\/es\/san-bernardino-abogado-de-compensacion-de-trabajadores\/\" \/>\n<meta property=\"og:site_name\" content=\"Cleveland Metz Law\" \/>\n<meta property=\"article:modified_time\" content=\"2025-10-17T19:34:45+00:00\" \/>\n<meta property=\"og:image\" content=\"https:\/\/www.clevelandmetzlaw.com\/wp-content\/uploads\/2021\/03\/heder-phone-1-1.png\" \/>\n\t<meta property=\"og:image:width\" content=\"29\" \/>\n\t<meta property=\"og:image:height\" content=\"29\" \/>\n\t<meta property=\"og:image:type\" content=\"image\/png\" \/>\n<meta name=\"twitter:card\" content=\"summary_large_image\" \/>\n<meta name=\"twitter:label1\" content=\"Tiempo de lectura\" \/>\n\t<meta name=\"twitter:data1\" content=\"4 minutos\" \/>\n<script type=\"application\/ld+json\" class=\"yoast-schema-graph\">{\"@context\":\"https:\\\/\\\/schema.org\",\"@graph\":[{\"@type\":\"WebPage\",\"@id\":\"https:\\\/\\\/www.clevelandmetzlaw.com\\\/san-bernardino-workers-compensation-attorney\\\/\",\"url\":\"https:\\\/\\\/www.clevelandmetzlaw.com\\\/san-bernardino-workers-compensation-attorney\\\/\",\"name\":\"San Bernardino Workers Compensation Attorney San Bernardino Workers\u2019 Compensation Attorney | Cleveland & Metz\",\"isPartOf\":{\"@id\":\"https:\\\/\\\/www.clevelandmetzlaw.com\\\/#website\"},\"primaryImageOfPage\":{\"@id\":\"https:\\\/\\\/www.clevelandmetzlaw.com\\\/san-bernardino-workers-compensation-attorney\\\/#primaryimage\"},\"image\":{\"@id\":\"https:\\\/\\\/www.clevelandmetzlaw.com\\\/san-bernardino-workers-compensation-attorney\\\/#primaryimage\"},\"thumbnailUrl\":\"https:\\\/\\\/www.clevelandmetzlaw.com\\\/wp-content\\\/uploads\\\/2021\\\/03\\\/heder-phone-1-1.png\",\"datePublished\":\"2013-01-12T00:02:12+00:00\",\"dateModified\":\"2025-10-17T19:34:45+00:00\",\"description\":\"San Bernardino workers comp lawyer, San Bernardino work injury attorney, workers compensation lawyer San Bernardino County \u00bfLesi\u00f3n laboral en San Bernardino? Los abogados de Cleveland & Metz te ayudan a obtener atenci\u00f3n m\u00e9dica, salarios perdidos y beneficios.\",\"breadcrumb\":{\"@id\":\"https:\\\/\\\/www.clevelandmetzlaw.com\\\/san-bernardino-workers-compensation-attorney\\\/#breadcrumb\"},\"inLanguage\":\"es\",\"potentialAction\":[{\"@type\":\"ReadAction\",\"target\":[\"https:\\\/\\\/www.clevelandmetzlaw.com\\\/san-bernardino-workers-compensation-attorney\\\/\"]}]},{\"@type\":\"ImageObject\",\"inLanguage\":\"es\",\"@id\":\"https:\\\/\\\/www.clevelandmetzlaw.com\\\/san-bernardino-workers-compensation-attorney\\\/#primaryimage\",\"url\":\"https:\\\/\\\/www.clevelandmetzlaw.com\\\/wp-content\\\/uploads\\\/2021\\\/03\\\/heder-phone-1-1.png\",\"contentUrl\":\"https:\\\/\\\/www.clevelandmetzlaw.com\\\/wp-content\\\/uploads\\\/2021\\\/03\\\/heder-phone-1-1.png\"},{\"@type\":\"BreadcrumbList\",\"@id\":\"https:\\\/\\\/www.clevelandmetzlaw.com\\\/san-bernardino-workers-compensation-attorney\\\/#breadcrumb\",\"itemListElement\":[{\"@type\":\"ListItem\",\"position\":1,\"name\":\"Home\",\"item\":\"https:\\\/\\\/www.clevelandmetzlaw.com\\\/\"},{\"@type\":\"ListItem\",\"position\":2,\"name\":\"San Bernardino Workers Compensation Attorney\"}]},{\"@type\":\"WebSite\",\"@id\":\"https:\\\/\\\/www.clevelandmetzlaw.com\\\/#website\",\"url\":\"https:\\\/\\\/www.clevelandmetzlaw.com\\\/\",\"name\":\"Cleveland Metz Law\",\"description\":\"California Work Injury &amp; Workers Compensation Attorney\",\"potentialAction\":[{\"@type\":\"SearchAction\",\"target\":{\"@type\":\"EntryPoint\",\"urlTemplate\":\"https:\\\/\\\/www.clevelandmetzlaw.com\\\/?s={search_term_string}\"},\"query-input\":{\"@type\":\"PropertyValueSpecification\",\"valueRequired\":true,\"valueName\":\"search_term_string\"}}],\"inLanguage\":\"es\"}]}<\/script>\n<!-- \/ Yoast SEO plugin. -->","yoast_head_json":{"title":"San Bernardino Compensaci\u00f3n a los Trabajadores Abogado San Bernardino Compensaci\u00f3n a los Trabajadores Abogado | Cleveland &amp; Metz","description":"Abogado de compensaci\u00f3n de trabajadores de San Bernardino, abogado de lesiones de trabajo de San Bernardino, abogado de compensaci\u00f3n de trabajadores del Condado de San Bernardino \u00bfLesi\u00f3n laboral en San Bernardino? Los abogados de Cleveland &amp; Metz te ayudan a obtener atenci\u00f3n m\u00e9dica, salarios perdidos y beneficios.","robots":{"index":"index","follow":"follow","max-snippet":"max-snippet:-1","max-image-preview":"max-image-preview:large","max-video-preview":"max-video-preview:-1"},"canonical":"https:\/\/www.clevelandmetzlaw.com\/es\/san-bernardino-abogado-de-compensacion-de-trabajadores\/","og_locale":"es_MX","og_type":"article","og_title":"San Bernardino Workers Compensation Attorney San Bernardino Workers\u2019 Compensation Attorney | Cleveland & Metz","og_description":"San Bernardino workers comp lawyer, San Bernardino work injury attorney, workers compensation lawyer San Bernardino County \u00bfLesi\u00f3n laboral en San Bernardino? Los abogados de Cleveland & Metz te ayudan a obtener atenci\u00f3n m\u00e9dica, salarios perdidos y beneficios.","og_url":"https:\/\/www.clevelandmetzlaw.com\/es\/san-bernardino-abogado-de-compensacion-de-trabajadores\/","og_site_name":"Cleveland Metz Law","article_modified_time":"2025-10-17T19:34:45+00:00","og_image":[{"width":29,"height":29,"url":"https:\/\/www.clevelandmetzlaw.com\/wp-content\/uploads\/2021\/03\/heder-phone-1-1.png","type":"image\/png"}],"twitter_card":"summary_large_image","twitter_misc":{"Tiempo de lectura":"4 minutos"},"schema":{"@context":"https:\/\/schema.org","@graph":[{"@type":"WebPage","@id":"https:\/\/www.clevelandmetzlaw.com\/san-bernardino-workers-compensation-attorney\/","url":"https:\/\/www.clevelandmetzlaw.com\/san-bernardino-workers-compensation-attorney\/","name":"San Bernardino Compensaci\u00f3n a los Trabajadores Abogado San Bernardino Compensaci\u00f3n a los Trabajadores Abogado | Cleveland &amp; Metz","isPartOf":{"@id":"https:\/\/www.clevelandmetzlaw.com\/#website"},"primaryImageOfPage":{"@id":"https:\/\/www.clevelandmetzlaw.com\/san-bernardino-workers-compensation-attorney\/#primaryimage"},"image":{"@id":"https:\/\/www.clevelandmetzlaw.com\/san-bernardino-workers-compensation-attorney\/#primaryimage"},"thumbnailUrl":"https:\/\/www.clevelandmetzlaw.com\/wp-content\/uploads\/2021\/03\/heder-phone-1-1.png","datePublished":"2013-01-12T00:02:12+00:00","dateModified":"2025-10-17T19:34:45+00:00","description":"Abogado de compensaci\u00f3n de trabajadores de San Bernardino, abogado de lesiones de trabajo de San Bernardino, abogado de compensaci\u00f3n de trabajadores del Condado de San Bernardino \u00bfLesi\u00f3n laboral en San Bernardino? Los abogados de Cleveland &amp; Metz te ayudan a obtener atenci\u00f3n m\u00e9dica, salarios perdidos y beneficios.","breadcrumb":{"@id":"https:\/\/www.clevelandmetzlaw.com\/san-bernardino-workers-compensation-attorney\/#breadcrumb"},"inLanguage":"es","potentialAction":[{"@type":"ReadAction","target":["https:\/\/www.clevelandmetzlaw.com\/san-bernardino-workers-compensation-attorney\/"]}]},{"@type":"ImageObject","inLanguage":"es","@id":"https:\/\/www.clevelandmetzlaw.com\/san-bernardino-workers-compensation-attorney\/#primaryimage","url":"https:\/\/www.clevelandmetzlaw.com\/wp-content\/uploads\/2021\/03\/heder-phone-1-1.png","contentUrl":"https:\/\/www.clevelandmetzlaw.com\/wp-content\/uploads\/2021\/03\/heder-phone-1-1.png"},{"@type":"BreadcrumbList","@id":"https:\/\/www.clevelandmetzlaw.com\/san-bernardino-workers-compensation-attorney\/#breadcrumb","itemListElement":[{"@type":"ListItem","position":1,"name":"Home","item":"https:\/\/www.clevelandmetzlaw.com\/"},{"@type":"ListItem","position":2,"name":"San Bernardino Workers Compensation Attorney"}]},{"@type":"WebSite","@id":"https:\/\/www.clevelandmetzlaw.com\/#website","url":"https:\/\/www.clevelandmetzlaw.com\/","name":"Cleveland Metz Law","description":"California Lesiones de Trabajo y Compensaci\u00f3n de Trabajadores Abogado","potentialAction":[{"@type":"SearchAction","target":{"@type":"EntryPoint","urlTemplate":"https:\/\/www.clevelandmetzlaw.com\/?s={search_term_string}"},"query-input":{"@type":"PropertyValueSpecification","valueRequired":true,"valueName":"search_term_string"}}],"inLanguage":"es"}]}},"_links":{"self":[{"href":"https:\/\/www.clevelandmetzlaw.com\/es\/wp-json\/wp\/v2\/pages\/610","targetHints":{"allow":["GET"]}}],"collection":[{"href":"https:\/\/www.clevelandmetzlaw.com\/es\/wp-json\/wp\/v2\/pages"}],"about":[{"href":"https:\/\/www.clevelandmetzlaw.com\/es\/wp-json\/wp\/v2\/types\/page"}],"author":[{"embeddable":true,"href":"https:\/\/www.clevelandmetzlaw.com\/es\/wp-json\/wp\/v2\/users\/2"}],"replies":[{"embeddable":true,"href":"https:\/\/www.clevelandmetzlaw.com\/es\/wp-json\/wp\/v2\/comments?post=610"}],"version-history":[{"count":2,"href":"https:\/\/www.clevelandmetzlaw.com\/es\/wp-json\/wp\/v2\/pages\/610\/revisions"}],"predecessor-version":[{"id":15084,"href":"https:\/\/www.clevelandmetzlaw.com\/es\/wp-json\/wp\/v2\/pages\/610\/revisions\/15084"}],"wp:attachment":[{"href":"https:\/\/www.clevelandmetzlaw.com\/es\/wp-json\/wp\/v2\/media?parent=610"}],"curies":[{"name":"wp","href":"https:\/\/api.w.org\/{rel}","templated":true}]}}