{"id":607,"date":"2013-01-11T16:01:12","date_gmt":"2013-01-12T00:01:12","guid":{"rendered":"http:\/\/www.clevelandmetzlaw.com\/?page_id=607"},"modified":"2022-04-09T08:40:12","modified_gmt":"2022-04-09T15:40:12","slug":"abogado-de-compensacion-de-trabajadores-de-riverside","status":"publish","type":"page","link":"https:\/\/www.clevelandmetzlaw.com\/es\/riverside-workers-compensation-attorney\/","title":{"rendered":"Abogado de Compensaci\u00f3n Laboral de Riverside"},"content":{"rendered":"<h1 style=\"text-align: left;\" align=\"center\">Abogado de lesiones laborales cerca de Riverside\u00a0<\/h1>\n<h2 style=\"text-align: left;\" align=\"center\">\u00bfLesi\u00f3n o accidente laboral? \u00bfTiene un plan sobre c\u00f3mo lidiar con esto?<\/h2>\n<h3 style=\"text-align: left;\" align=\"center\">Llame a los abogados de compensaci\u00f3n de trabajadores Charles Cleveland y John Metz<\/h3>\n<h3>\u00a0<a href=\"tel:1-909-980-9703\"><img loading=\"lazy\" decoding=\"async\" class=\"alignnone wp-image-6223 size-full\" src=\"https:\/\/www.clevelandmetzlaw.com\/wp-content\/uploads\/2021\/03\/heder-phone-1-1.png\" alt=\"\" width=\"29\" height=\"29\" srcset=\"https:\/\/www.clevelandmetzlaw.com\/wp-content\/uploads\/2021\/03\/heder-phone-1-1.png 29w, https:\/\/www.clevelandmetzlaw.com\/wp-content\/uploads\/2021\/03\/heder-phone-1-1-12x12.png 12w\" sizes=\"auto, (max-width: 29px) 100vw, 29px\" \/> <\/a><a href=\"tel: 1-909-980-9703\">Llamada<\/a>\u00a0 \u00a0<a href=\"mailto:cc@clevelandmetzlaw.com\"><img loading=\"lazy\" decoding=\"async\" class=\"alignnone wp-image-6221\" src=\"https:\/\/www.clevelandmetzlaw.com\/wp-content\/uploads\/2021\/03\/email-icon-150x150-1.jpg\" alt=\"\" width=\"29\" height=\"29\" srcset=\"https:\/\/www.clevelandmetzlaw.com\/wp-content\/uploads\/2021\/03\/email-icon-150x150-1.jpg 150w, https:\/\/www.clevelandmetzlaw.com\/wp-content\/uploads\/2021\/03\/email-icon-150x150-1-12x12.jpg 12w\" sizes=\"auto, (max-width: 29px) 100vw, 29px\" \/><\/a> <a href=\"mailto:cc@clevelandmetzlaw.com\"><strong>Correo electr\u00f3nico<\/strong><\/a><strong>\u00a0\u00a0<\/strong><strong> <a href=\"sms:1-909-303-6374\"><img loading=\"lazy\" decoding=\"async\" class=\"alignnone wp-image-6222\" src=\"https:\/\/www.clevelandmetzlaw.com\/wp-content\/uploads\/2021\/03\/Cleveland-Metz-Text-150x150-1.png\" alt=\"\" width=\"29\" height=\"29\" srcset=\"https:\/\/www.clevelandmetzlaw.com\/wp-content\/uploads\/2021\/03\/Cleveland-Metz-Text-150x150-1.png 150w, https:\/\/www.clevelandmetzlaw.com\/wp-content\/uploads\/2021\/03\/Cleveland-Metz-Text-150x150-1-12x12.png 12w\" sizes=\"auto, (max-width: 29px) 100vw, 29px\" \/><\/a>\u00a0<\/strong><a href=\"sms:1-909-303-6374\">Texto<\/a>\u00a0 <a href=\"https:\/\/www.clevelandmetzlaw.com\/es\/encuentranos\/\"><img loading=\"lazy\" decoding=\"async\" class=\"alignnone wp-image-6224\" src=\"https:\/\/www.clevelandmetzlaw.com\/wp-content\/uploads\/2021\/03\/map-icon-ClevelandMetz-150x150-1.png\" alt=\"\" width=\"29\" height=\"29\" srcset=\"https:\/\/www.clevelandmetzlaw.com\/wp-content\/uploads\/2021\/03\/map-icon-ClevelandMetz-150x150-1.png 150w, https:\/\/www.clevelandmetzlaw.com\/wp-content\/uploads\/2021\/03\/map-icon-ClevelandMetz-150x150-1-12x12.png 12w\" sizes=\"auto, (max-width: 29px) 100vw, 29px\" \/><\/a> <a href=\"https:\/\/www.clevelandmetzlaw.com\/es\/encuentranos\/\">Mapa<\/a><\/h3>\n<p><a href=\"https:\/\/www.clevelandmetzlaw.com\/es\/contacto\/\" target=\"_blank\" rel=\"noopener noreferrer\"><img loading=\"lazy\" decoding=\"async\" class=\"alignleft wp-image-975 size-thumbnail\" src=\"https:\/\/www.clevelandmetzlaw.com\/wp-content\/uploads\/2014\/07\/cml-square-icon-150x150.jpg\" alt=\"Abogados de accidentes de trabajo cerca de Riverside\" width=\"150\" height=\"150\" \/><\/a>Una lesi\u00f3n laboral puede ser un evento que le cambie la vida y necesita un abogado con experiencia en compensaci\u00f3n laboral de su lado. Hemos representado a los residentes de Riverside del <a href=\"https:\/\/www.clevelandmetzlaw.com\/es\/encuentranos\/\">el mismo lugar desde hace 25 a\u00f1os<\/a>. Nuestra oficina est\u00e1 a solo 34 millas del centro de Riverside para una consulta gratuita con un <a href=\"https:\/\/members.calbar.ca.gov\/search\/ls_search.aspx\">Especialista certificado en derecho de indemnizaci\u00f3n laboral<\/a>.<\/p>\n<p>Nos dedicamos exclusivamente a la pr\u00e1ctica de Compensaci\u00f3n de Trabajadores que representan a los trabajadores lesionados Riverside El Cleveland y Metz tiene m\u00e1s de 50 a\u00f1os de experiencia combinada ayudando a los trabajadores lesionados Riverside con sus reclamaciones Work Comp. Si su lesi\u00f3n es el resultado de un incidente espec\u00edfico, o una lesi\u00f3n repetitiva que se produjo en el tiempo o incluso si su caso es negado, los abogados de lesiones de trabajo del Condado de Riverside en Cleveland y Metz le puede ayudar. Si s\u00f3lo est\u00e1 buscando asesoramiento, nuestro <strong>las consultas son gratuitas<\/strong> y le diremos honestamente si necesita o no un abogado en este momento.<\/p>\n<p>Charles Cleveland y John Metz han estado representando las reclamaciones de Compensaci\u00f3n de Trabajadores para los residentes de Riverside con m\u00e1s de 50 a\u00f1os de experiencia legal local combinada. \u00a1Vamos a poner nuestra experiencia de compensaci\u00f3n de trabajadores a trabajar para usted! Hay mucha publicidad de abogados en Riverside. Verifique la direcci\u00f3n de cualquier abogado y a\u00f1os de experiencia de forma gratuita en el <a href=\"http:\/\/members.calbar.ca.gov\/fal\/LicenseeSearch\/QuickSearch\" target=\"_blank\" rel=\"noopener noreferrer\">Directorio de abogados del Colegio de Abogados de California<\/a>, haga clic aqu\u00ed. Obtenga una consulta gratuita con un\u00a0<strong><a href=\"https:\/\/members.calbar.ca.gov\/search\/ls_search.aspx\">Especialista certificado en derecho de indemnizaci\u00f3n laboral<\/a>\u00a0<\/strong>en Cleveland &amp; Metz para un abogado local experimentado que est\u00e9 familiarizado con los m\u00e9dicos y evaluadores m\u00e9dicos calificados cerca de usted.\u00a0<\/p>\n<p><img loading=\"lazy\" decoding=\"async\" class=\"wp-image-974 size-thumbnail alignright\" src=\"https:\/\/www.clevelandmetzlaw.com\/wp-content\/uploads\/2014\/07\/John-Metz-AVVO-Attorney-2013-150x150.jpg\" alt=\"\" width=\"150\" height=\"150\" \/><\/p>\n<p>Ya sea que haya sufrido una lesi\u00f3n laboral de rutina o haya sufrido una lesi\u00f3n grave que cambie su vida y su carrera, <strong>Abogados de Compensaci\u00f3n Laboral de Riverside Charles Cleveland y John Metz<\/strong> luchar\u00e1 por usted contra las compa\u00f1\u00edas de seguros en la Junta de Apelaciones de Compensaci\u00f3n para Trabajadores. Comun\u00edquese con el bufete de abogados de compensaci\u00f3n para trabajadores de Riverside de Cleveland &amp; Metz al <a href=\"tel:1-909-980-9703\">(800) 397-7708<\/a>. Puede contactarnos directamente por <a href=\"mailto:cc@ClevelandMetzLaw.com\">Correo electr\u00f3nico<\/a> o completar el <a href=\"https:\/\/www.clevelandmetzlaw.com\/es\/contacto\/\">Formulario de contacto<\/a> y nos comunicaremos con usted tan pronto como uno de nuestros abogados de lesiones haya revisado su correo electr\u00f3nico.<\/p>\n<p><a href=\"https:\/\/goo.gl\/maps\/TJWBBBqZHt12\"><img loading=\"lazy\" decoding=\"async\" class=\"aligncenter size-full wp-image-2871\" src=\"https:\/\/www.clevelandmetzlaw.com\/wp-content\/uploads\/2019\/02\/Riverside-To-Law-Offices-Of-Cleveland-And-Metz-MAP.jpg\" alt=\"\" width=\"1280\" height=\"960\" srcset=\"https:\/\/www.clevelandmetzlaw.com\/wp-content\/uploads\/2019\/02\/Riverside-To-Law-Offices-Of-Cleveland-And-Metz-MAP.jpg 1280w, https:\/\/www.clevelandmetzlaw.com\/wp-content\/uploads\/2019\/02\/Riverside-To-Law-Offices-Of-Cleveland-And-Metz-MAP-540x405.jpg 540w, https:\/\/www.clevelandmetzlaw.com\/wp-content\/uploads\/2019\/02\/Riverside-To-Law-Offices-Of-Cleveland-And-Metz-MAP-768x576.jpg 768w, https:\/\/www.clevelandmetzlaw.com\/wp-content\/uploads\/2019\/02\/Riverside-To-Law-Offices-Of-Cleveland-And-Metz-MAP-960x720.jpg 960w, https:\/\/www.clevelandmetzlaw.com\/wp-content\/uploads\/2019\/02\/Riverside-To-Law-Offices-Of-Cleveland-And-Metz-MAP-285x214.jpg 285w\" sizes=\"auto, (max-width: 1280px) 100vw, 1280px\" \/><\/a><\/p>","protected":false},"excerpt":{"rendered":"<p>Abogado de Lesiones Laborales cerca de Riverside \u00bfLesi\u00f3n o Accidente Laboral? \u00bfTiene un plan sobre c\u00f3mo lidiar con esto? Llame a los trabajadores Comp Abogados Charles Cleveland y John Metz Call Email Texto Mapa Una lesi\u00f3n de trabajo puede ser un evento que cambia la vida y que necesita un abogado con experiencia en compensaci\u00f3n de trabajo de su lado. Hemos representado...<\/p>","protected":false},"author":2,"featured_media":0,"parent":0,"menu_order":0,"comment_status":"closed","ping_status":"closed","template":"","meta":{"footnotes":""},"class_list":["post-607","page","type-page","status-publish","hentry"],"yoast_head":"<!-- This site is optimized with the Yoast SEO plugin v27.5 - https:\/\/yoast.com\/product\/yoast-seo-wordpress\/ -->\n<title>Riverside Workers Compensation Attorney<\/title>\n<meta name=\"description\" content=\"riverside workers compensation attorney,riverside workers compensation attorneys,riverside workers compensation lawyer,riverside workers compensation lawyers\" \/>\n<meta name=\"robots\" content=\"index, follow, max-snippet:-1, max-image-preview:large, max-video-preview:-1\" \/>\n<link rel=\"canonical\" href=\"https:\/\/www.clevelandmetzlaw.com\/es\/abogado-de-compensacion-de-trabajadores-de-riverside\/\" \/>\n<meta property=\"og:locale\" content=\"es_MX\" \/>\n<meta property=\"og:type\" content=\"article\" \/>\n<meta property=\"og:title\" content=\"Riverside Workers Compensation Attorney\" \/>\n<meta property=\"og:description\" content=\"riverside workers compensation attorney,riverside workers compensation attorneys,riverside workers compensation lawyer,riverside workers compensation lawyers\" \/>\n<meta property=\"og:url\" content=\"https:\/\/www.clevelandmetzlaw.com\/es\/abogado-de-compensacion-de-trabajadores-de-riverside\/\" \/>\n<meta property=\"og:site_name\" content=\"Cleveland Metz Law\" \/>\n<meta property=\"article:modified_time\" content=\"2022-04-09T15:40:12+00:00\" \/>\n<meta property=\"og:image\" content=\"https:\/\/www.clevelandmetzlaw.com\/wp-content\/uploads\/2021\/03\/heder-phone-1-1.png\" \/>\n<meta name=\"twitter:card\" content=\"summary_large_image\" \/>\n<meta name=\"twitter:label1\" content=\"Tiempo de lectura\" \/>\n\t<meta name=\"twitter:data1\" content=\"3 minutos\" \/>\n<script type=\"application\/ld+json\" class=\"yoast-schema-graph\">{\"@context\":\"https:\\\/\\\/schema.org\",\"@graph\":[{\"@type\":\"WebPage\",\"@id\":\"https:\\\/\\\/www.clevelandmetzlaw.com\\\/es\\\/riverside-workers-compensation-attorney\\\/\",\"url\":\"https:\\\/\\\/www.clevelandmetzlaw.com\\\/es\\\/riverside-workers-compensation-attorney\\\/\",\"name\":\"Riverside Workers Compensation Attorney\",\"isPartOf\":{\"@id\":\"https:\\\/\\\/www.clevelandmetzlaw.com\\\/#website\"},\"primaryImageOfPage\":{\"@id\":\"https:\\\/\\\/www.clevelandmetzlaw.com\\\/es\\\/riverside-workers-compensation-attorney\\\/#primaryimage\"},\"image\":{\"@id\":\"https:\\\/\\\/www.clevelandmetzlaw.com\\\/es\\\/riverside-workers-compensation-attorney\\\/#primaryimage\"},\"thumbnailUrl\":\"https:\\\/\\\/www.clevelandmetzlaw.com\\\/wp-content\\\/uploads\\\/2021\\\/03\\\/heder-phone-1-1.png\",\"datePublished\":\"2013-01-12T00:01:12+00:00\",\"dateModified\":\"2022-04-09T15:40:12+00:00\",\"description\":\"riverside workers compensation attorney,riverside workers compensation attorneys,riverside workers compensation lawyer,riverside workers compensation lawyers\",\"breadcrumb\":{\"@id\":\"https:\\\/\\\/www.clevelandmetzlaw.com\\\/es\\\/riverside-workers-compensation-attorney\\\/#breadcrumb\"},\"inLanguage\":\"es\",\"potentialAction\":[{\"@type\":\"ReadAction\",\"target\":[\"https:\\\/\\\/www.clevelandmetzlaw.com\\\/es\\\/riverside-workers-compensation-attorney\\\/\"]}]},{\"@type\":\"ImageObject\",\"inLanguage\":\"es\",\"@id\":\"https:\\\/\\\/www.clevelandmetzlaw.com\\\/es\\\/riverside-workers-compensation-attorney\\\/#primaryimage\",\"url\":\"https:\\\/\\\/www.clevelandmetzlaw.com\\\/wp-content\\\/uploads\\\/2021\\\/03\\\/heder-phone-1-1.png\",\"contentUrl\":\"https:\\\/\\\/www.clevelandmetzlaw.com\\\/wp-content\\\/uploads\\\/2021\\\/03\\\/heder-phone-1-1.png\"},{\"@type\":\"BreadcrumbList\",\"@id\":\"https:\\\/\\\/www.clevelandmetzlaw.com\\\/es\\\/riverside-workers-compensation-attorney\\\/#breadcrumb\",\"itemListElement\":[{\"@type\":\"ListItem\",\"position\":1,\"name\":\"Home\",\"item\":\"https:\\\/\\\/www.clevelandmetzlaw.com\\\/\"},{\"@type\":\"ListItem\",\"position\":2,\"name\":\"Riverside Workers Compensation Attorney\"}]},{\"@type\":\"WebSite\",\"@id\":\"https:\\\/\\\/www.clevelandmetzlaw.com\\\/#website\",\"url\":\"https:\\\/\\\/www.clevelandmetzlaw.com\\\/\",\"name\":\"Cleveland Metz Law\",\"description\":\"California Work Injury &amp; Workers Compensation Attorney\",\"potentialAction\":[{\"@type\":\"SearchAction\",\"target\":{\"@type\":\"EntryPoint\",\"urlTemplate\":\"https:\\\/\\\/www.clevelandmetzlaw.com\\\/?s={search_term_string}\"},\"query-input\":{\"@type\":\"PropertyValueSpecification\",\"valueRequired\":true,\"valueName\":\"search_term_string\"}}],\"inLanguage\":\"es\"}]}<\/script>\n<!-- \/ Yoast SEO plugin. -->","yoast_head_json":{"title":"Abogado de Compensaci\u00f3n Laboral de Riverside","description":"abogado de compensaci\u00f3n de trabajadores de riverside,abogados de compensaci\u00f3n de trabajadores de riverside,abogado de compensaci\u00f3n de trabajadores de riverside,abogados de compensaci\u00f3n de trabajadores de riverside","robots":{"index":"index","follow":"follow","max-snippet":"max-snippet:-1","max-image-preview":"max-image-preview:large","max-video-preview":"max-video-preview:-1"},"canonical":"https:\/\/www.clevelandmetzlaw.com\/es\/abogado-de-compensacion-de-trabajadores-de-riverside\/","og_locale":"es_MX","og_type":"article","og_title":"Riverside Workers Compensation Attorney","og_description":"riverside workers compensation attorney,riverside workers compensation attorneys,riverside workers compensation lawyer,riverside workers compensation lawyers","og_url":"https:\/\/www.clevelandmetzlaw.com\/es\/abogado-de-compensacion-de-trabajadores-de-riverside\/","og_site_name":"Cleveland Metz Law","article_modified_time":"2022-04-09T15:40:12+00:00","og_image":[{"url":"https:\/\/www.clevelandmetzlaw.com\/wp-content\/uploads\/2021\/03\/heder-phone-1-1.png","type":"","width":"","height":""}],"twitter_card":"summary_large_image","twitter_misc":{"Tiempo de lectura":"3 minutos"},"schema":{"@context":"https:\/\/schema.org","@graph":[{"@type":"WebPage","@id":"https:\/\/www.clevelandmetzlaw.com\/es\/riverside-workers-compensation-attorney\/","url":"https:\/\/www.clevelandmetzlaw.com\/es\/riverside-workers-compensation-attorney\/","name":"Abogado de Compensaci\u00f3n Laboral de Riverside","isPartOf":{"@id":"https:\/\/www.clevelandmetzlaw.com\/#website"},"primaryImageOfPage":{"@id":"https:\/\/www.clevelandmetzlaw.com\/es\/riverside-workers-compensation-attorney\/#primaryimage"},"image":{"@id":"https:\/\/www.clevelandmetzlaw.com\/es\/riverside-workers-compensation-attorney\/#primaryimage"},"thumbnailUrl":"https:\/\/www.clevelandmetzlaw.com\/wp-content\/uploads\/2021\/03\/heder-phone-1-1.png","datePublished":"2013-01-12T00:01:12+00:00","dateModified":"2022-04-09T15:40:12+00:00","description":"abogado de compensaci\u00f3n de trabajadores de riverside,abogados de compensaci\u00f3n de trabajadores de riverside,abogado de compensaci\u00f3n de trabajadores de riverside,abogados de compensaci\u00f3n de trabajadores de riverside","breadcrumb":{"@id":"https:\/\/www.clevelandmetzlaw.com\/es\/riverside-workers-compensation-attorney\/#breadcrumb"},"inLanguage":"es","potentialAction":[{"@type":"ReadAction","target":["https:\/\/www.clevelandmetzlaw.com\/es\/riverside-workers-compensation-attorney\/"]}]},{"@type":"ImageObject","inLanguage":"es","@id":"https:\/\/www.clevelandmetzlaw.com\/es\/riverside-workers-compensation-attorney\/#primaryimage","url":"https:\/\/www.clevelandmetzlaw.com\/wp-content\/uploads\/2021\/03\/heder-phone-1-1.png","contentUrl":"https:\/\/www.clevelandmetzlaw.com\/wp-content\/uploads\/2021\/03\/heder-phone-1-1.png"},{"@type":"BreadcrumbList","@id":"https:\/\/www.clevelandmetzlaw.com\/es\/riverside-workers-compensation-attorney\/#breadcrumb","itemListElement":[{"@type":"ListItem","position":1,"name":"Home","item":"https:\/\/www.clevelandmetzlaw.com\/"},{"@type":"ListItem","position":2,"name":"Riverside Workers Compensation Attorney"}]},{"@type":"WebSite","@id":"https:\/\/www.clevelandmetzlaw.com\/#website","url":"https:\/\/www.clevelandmetzlaw.com\/","name":"Cleveland Metz Law","description":"California Lesiones de Trabajo y Compensaci\u00f3n de Trabajadores Abogado","potentialAction":[{"@type":"SearchAction","target":{"@type":"EntryPoint","urlTemplate":"https:\/\/www.clevelandmetzlaw.com\/?s={search_term_string}"},"query-input":{"@type":"PropertyValueSpecification","valueRequired":true,"valueName":"search_term_string"}}],"inLanguage":"es"}]}},"_links":{"self":[{"href":"https:\/\/www.clevelandmetzlaw.com\/es\/wp-json\/wp\/v2\/pages\/607","targetHints":{"allow":["GET"]}}],"collection":[{"href":"https:\/\/www.clevelandmetzlaw.com\/es\/wp-json\/wp\/v2\/pages"}],"about":[{"href":"https:\/\/www.clevelandmetzlaw.com\/es\/wp-json\/wp\/v2\/types\/page"}],"author":[{"embeddable":true,"href":"https:\/\/www.clevelandmetzlaw.com\/es\/wp-json\/wp\/v2\/users\/2"}],"replies":[{"embeddable":true,"href":"https:\/\/www.clevelandmetzlaw.com\/es\/wp-json\/wp\/v2\/comments?post=607"}],"version-history":[{"count":0,"href":"https:\/\/www.clevelandmetzlaw.com\/es\/wp-json\/wp\/v2\/pages\/607\/revisions"}],"wp:attachment":[{"href":"https:\/\/www.clevelandmetzlaw.com\/es\/wp-json\/wp\/v2\/media?parent=607"}],"curies":[{"name":"wp","href":"https:\/\/api.w.org\/{rel}","templated":true}]}}