{"id":601,"date":"2013-01-11T15:58:54","date_gmt":"2013-01-11T23:58:54","guid":{"rendered":"http:\/\/www.clevelandmetzlaw.com\/?page_id=601"},"modified":"2022-04-09T08:33:07","modified_gmt":"2022-04-09T15:33:07","slug":"pomona-abogado-de-compensacion-de-trabajadores","status":"publish","type":"page","link":"https:\/\/www.clevelandmetzlaw.com\/es\/pomona-workers-compensation-attorney\/","title":{"rendered":"Abogado de Compensaci\u00f3n Laboral de Pomona"},"content":{"rendered":"<h2 style=\"text-align: left;\" align=\"center\">Pomona Compensaci\u00f3n a los Trabajadores Abogados de Lesiones de Trabajo\u00a0<\/h2>\n<h3 style=\"text-align: left;\" align=\"center\">Si usted ha sufrido una lesi\u00f3n relacionada con el trabajo, llame a los abogados Charles Cleveland y John Metz<\/h3>\n<h3>\u00a0<a href=\"tel:1-909-980-9703\"><img loading=\"lazy\" decoding=\"async\" class=\"alignnone wp-image-6223 size-full\" src=\"https:\/\/www.clevelandmetzlaw.com\/wp-content\/uploads\/2021\/03\/heder-phone-1-1.png\" alt=\"\" width=\"29\" height=\"29\" srcset=\"https:\/\/www.clevelandmetzlaw.com\/wp-content\/uploads\/2021\/03\/heder-phone-1-1.png 29w, https:\/\/www.clevelandmetzlaw.com\/wp-content\/uploads\/2021\/03\/heder-phone-1-1-12x12.png 12w\" sizes=\"auto, (max-width: 29px) 100vw, 29px\" \/> <\/a><a href=\"tel: 1-909-980-9703\">Llamada<\/a>\u00a0 \u00a0<a href=\"mailto:cc@clevelandmetzlaw.com\"><img loading=\"lazy\" decoding=\"async\" class=\"alignnone wp-image-6221\" src=\"https:\/\/www.clevelandmetzlaw.com\/wp-content\/uploads\/2021\/03\/email-icon-150x150-1.jpg\" alt=\"\" width=\"29\" height=\"29\" srcset=\"https:\/\/www.clevelandmetzlaw.com\/wp-content\/uploads\/2021\/03\/email-icon-150x150-1.jpg 150w, https:\/\/www.clevelandmetzlaw.com\/wp-content\/uploads\/2021\/03\/email-icon-150x150-1-12x12.jpg 12w\" sizes=\"auto, (max-width: 29px) 100vw, 29px\" \/><\/a> <a href=\"mailto:cc@clevelandmetzlaw.com\"><strong>Correo electr\u00f3nico<\/strong><\/a><strong>\u00a0\u00a0<\/strong><strong> <a href=\"sms:1-909-303-6374\"><img loading=\"lazy\" decoding=\"async\" class=\"alignnone wp-image-6222\" src=\"https:\/\/www.clevelandmetzlaw.com\/wp-content\/uploads\/2021\/03\/Cleveland-Metz-Text-150x150-1.png\" alt=\"\" width=\"29\" height=\"29\" srcset=\"https:\/\/www.clevelandmetzlaw.com\/wp-content\/uploads\/2021\/03\/Cleveland-Metz-Text-150x150-1.png 150w, https:\/\/www.clevelandmetzlaw.com\/wp-content\/uploads\/2021\/03\/Cleveland-Metz-Text-150x150-1-12x12.png 12w\" sizes=\"auto, (max-width: 29px) 100vw, 29px\" \/><\/a>\u00a0<\/strong><a href=\"sms:1-909-303-6374\">Texto<\/a>\u00a0 <a href=\"https:\/\/www.clevelandmetzlaw.com\/es\/encuentranos\/\"><img loading=\"lazy\" decoding=\"async\" class=\"alignnone wp-image-6224\" src=\"https:\/\/www.clevelandmetzlaw.com\/wp-content\/uploads\/2021\/03\/map-icon-ClevelandMetz-150x150-1.png\" alt=\"\" width=\"29\" height=\"29\" srcset=\"https:\/\/www.clevelandmetzlaw.com\/wp-content\/uploads\/2021\/03\/map-icon-ClevelandMetz-150x150-1.png 150w, https:\/\/www.clevelandmetzlaw.com\/wp-content\/uploads\/2021\/03\/map-icon-ClevelandMetz-150x150-1-12x12.png 12w\" sizes=\"auto, (max-width: 29px) 100vw, 29px\" \/><\/a> <a href=\"https:\/\/www.clevelandmetzlaw.com\/es\/encuentranos\/\">Mapa<\/a><\/h3>\n<p><img loading=\"lazy\" decoding=\"async\" class=\"alignleft wp-image-975 size-thumbnail\" src=\"https:\/\/www.clevelandmetzlaw.com\/wp-content\/uploads\/2014\/07\/cml-square-icon-150x150.jpg\" alt=\"Logotipo del bufete de abogados Cleveland &amp; Metz\" width=\"150\" height=\"150\" \/><\/p>\n<p>Una lesi\u00f3n de trabajo puede ser un evento que cambia la vida y que necesita un abogado con experiencia en compensaci\u00f3n de trabajo de su lado. Contacto Pomona Compensaci\u00f3n a los Trabajadores Abogados Charles Cleveland y John Metz en las Oficinas Legales de Cleveland y Metz hoy. Nuestro bufete de abogados Pomona se dedica exclusivamente a la pr\u00e1ctica de Compensaci\u00f3n de Trabajadores que representa a los trabajadores lesionados Pomona contra las compa\u00f1\u00edas de seguros de compensaci\u00f3n de trabajadores. Las Oficinas Legales de Cleveland y Metz tiene m\u00e1s de 50 a\u00f1os de experiencia combinada ayudando a los trabajadores lesionados Pomona con sus casos de compensaci\u00f3n laboral. Si su lesi\u00f3n es el resultado de un incidente espec\u00edfico, o una lesi\u00f3n repetitiva que se produjo en el tiempo o incluso si su caso es negado, los abogados de lesiones de trabajo en las Oficinas Legales de Cleveland y Metz le puede ayudar.  La compa\u00f1\u00eda de seguros sin duda tendr\u00e1 un abogado defensor y un ajustador con experiencia trabajando en contra de usted para cortar o negar sus beneficios tanto como sea posible. Presentamos todos nuestros casos en el WCAB Pomona.<\/p>\n<p>Ya sea que haya sufrido una lesi\u00f3n laboral de rutina o haya sufrido una lesi\u00f3n catastr\u00f3fica que cambie su vida y su carrera, <strong>Abogados de Compensaci\u00f3n Laboral de Pomona Charles Cleveland y John Metz<\/strong> luchar\u00e1 por usted contra las compa\u00f1\u00edas de seguros de compensaci\u00f3n para trabajadores en la Junta de Apelaciones de Compensaci\u00f3n para Trabajadores. Comun\u00edquese con el bufete de abogados de compensaci\u00f3n para trabajadores Pomona de Cleveland &amp; Metz al (800) 397-7708. Puede contactarnos directamente por correo electr\u00f3nico completando nuestro Formulario de contacto de accidentes y lesiones laborales y nos comunicaremos con usted tan pronto como uno de nuestros abogados de compensaci\u00f3n laboral haya revisado su presentaci\u00f3n.<\/p>\n<p><a href=\"https:\/\/goo.gl\/maps\/TJWBBBqZHt12\"><img loading=\"lazy\" decoding=\"async\" class=\"aligncenter size-full wp-image-2865\" src=\"https:\/\/www.clevelandmetzlaw.com\/wp-content\/uploads\/2019\/02\/Pomona-To-Law-Offices-Of-Cleveland-And-Metz-MAP.jpg\" alt=\"\" width=\"1280\" height=\"960\" srcset=\"https:\/\/www.clevelandmetzlaw.com\/wp-content\/uploads\/2019\/02\/Pomona-To-Law-Offices-Of-Cleveland-And-Metz-MAP.jpg 1280w, https:\/\/www.clevelandmetzlaw.com\/wp-content\/uploads\/2019\/02\/Pomona-To-Law-Offices-Of-Cleveland-And-Metz-MAP-540x405.jpg 540w, https:\/\/www.clevelandmetzlaw.com\/wp-content\/uploads\/2019\/02\/Pomona-To-Law-Offices-Of-Cleveland-And-Metz-MAP-768x576.jpg 768w, https:\/\/www.clevelandmetzlaw.com\/wp-content\/uploads\/2019\/02\/Pomona-To-Law-Offices-Of-Cleveland-And-Metz-MAP-960x720.jpg 960w, https:\/\/www.clevelandmetzlaw.com\/wp-content\/uploads\/2019\/02\/Pomona-To-Law-Offices-Of-Cleveland-And-Metz-MAP-285x214.jpg 285w\" sizes=\"auto, (max-width: 1280px) 100vw, 1280px\" \/><\/a><\/p>","protected":false},"excerpt":{"rendered":"<p>Pomona Compensaci\u00f3n a los Trabajadores Abogados de Lesiones de Trabajo Si usted ha sufrido una lesi\u00f3n relacionada con el trabajo, llame a los abogados Charles Cleveland y John Metz Llamar Email Texto Mapa Una lesi\u00f3n de trabajo puede ser un evento que cambia la vida y que necesita un abogado de compensaci\u00f3n de trabajo con experiencia de su lado. Contacto Pomona Compensaci\u00f3n a los Trabajadores Abogados Charles Cleveland y John Metz en...<\/p>","protected":false},"author":2,"featured_media":0,"parent":0,"menu_order":0,"comment_status":"closed","ping_status":"closed","template":"","meta":{"footnotes":""},"class_list":["post-601","page","type-page","status-publish","hentry"],"yoast_head":"<!-- This site is optimized with the Yoast SEO plugin v27.5 - https:\/\/yoast.com\/product\/yoast-seo-wordpress\/ -->\n<title>Work Injury Lawyer near Pomona California<\/title>\n<meta name=\"description\" content=\"Pomona workers compensation attorney -A Pomona workers comp attorney from Cleveland and Metz has experience in serious personal injury and workers comp law!\" \/>\n<meta name=\"robots\" content=\"index, follow, max-snippet:-1, max-image-preview:large, max-video-preview:-1\" \/>\n<link rel=\"canonical\" href=\"https:\/\/www.clevelandmetzlaw.com\/es\/pomona-abogado-de-compensacion-de-trabajadores\/\" \/>\n<meta property=\"og:locale\" content=\"es_MX\" \/>\n<meta property=\"og:type\" content=\"article\" \/>\n<meta property=\"og:title\" content=\"Work Injury Lawyer near Pomona California\" \/>\n<meta property=\"og:description\" content=\"Pomona workers compensation attorney -A Pomona workers comp attorney from Cleveland and Metz has experience in serious personal injury and workers comp law!\" \/>\n<meta property=\"og:url\" content=\"https:\/\/www.clevelandmetzlaw.com\/es\/pomona-abogado-de-compensacion-de-trabajadores\/\" \/>\n<meta property=\"og:site_name\" content=\"Cleveland Metz Law\" \/>\n<meta property=\"article:modified_time\" content=\"2022-04-09T15:33:07+00:00\" \/>\n<meta property=\"og:image\" content=\"https:\/\/www.clevelandmetzlaw.com\/wp-content\/uploads\/2021\/03\/heder-phone-1-1.png\" \/>\n<meta name=\"twitter:card\" content=\"summary_large_image\" \/>\n<meta name=\"twitter:label1\" content=\"Tiempo de lectura\" \/>\n\t<meta name=\"twitter:data1\" content=\"3 minutos\" \/>\n<script type=\"application\/ld+json\" class=\"yoast-schema-graph\">{\"@context\":\"https:\\\/\\\/schema.org\",\"@graph\":[{\"@type\":\"WebPage\",\"@id\":\"https:\\\/\\\/www.clevelandmetzlaw.com\\\/pomona-workers-compensation-attorney\\\/\",\"url\":\"https:\\\/\\\/www.clevelandmetzlaw.com\\\/pomona-workers-compensation-attorney\\\/\",\"name\":\"Work Injury Lawyer near Pomona California\",\"isPartOf\":{\"@id\":\"https:\\\/\\\/www.clevelandmetzlaw.com\\\/#website\"},\"primaryImageOfPage\":{\"@id\":\"https:\\\/\\\/www.clevelandmetzlaw.com\\\/pomona-workers-compensation-attorney\\\/#primaryimage\"},\"image\":{\"@id\":\"https:\\\/\\\/www.clevelandmetzlaw.com\\\/pomona-workers-compensation-attorney\\\/#primaryimage\"},\"thumbnailUrl\":\"https:\\\/\\\/www.clevelandmetzlaw.com\\\/wp-content\\\/uploads\\\/2021\\\/03\\\/heder-phone-1-1.png\",\"datePublished\":\"2013-01-11T23:58:54+00:00\",\"dateModified\":\"2022-04-09T15:33:07+00:00\",\"description\":\"Pomona workers compensation attorney -A Pomona workers comp attorney from Cleveland and Metz has experience in serious personal injury and workers comp law!\",\"breadcrumb\":{\"@id\":\"https:\\\/\\\/www.clevelandmetzlaw.com\\\/pomona-workers-compensation-attorney\\\/#breadcrumb\"},\"inLanguage\":\"es\",\"potentialAction\":[{\"@type\":\"ReadAction\",\"target\":[\"https:\\\/\\\/www.clevelandmetzlaw.com\\\/pomona-workers-compensation-attorney\\\/\"]}]},{\"@type\":\"ImageObject\",\"inLanguage\":\"es\",\"@id\":\"https:\\\/\\\/www.clevelandmetzlaw.com\\\/pomona-workers-compensation-attorney\\\/#primaryimage\",\"url\":\"https:\\\/\\\/www.clevelandmetzlaw.com\\\/wp-content\\\/uploads\\\/2021\\\/03\\\/heder-phone-1-1.png\",\"contentUrl\":\"https:\\\/\\\/www.clevelandmetzlaw.com\\\/wp-content\\\/uploads\\\/2021\\\/03\\\/heder-phone-1-1.png\"},{\"@type\":\"BreadcrumbList\",\"@id\":\"https:\\\/\\\/www.clevelandmetzlaw.com\\\/pomona-workers-compensation-attorney\\\/#breadcrumb\",\"itemListElement\":[{\"@type\":\"ListItem\",\"position\":1,\"name\":\"Home\",\"item\":\"https:\\\/\\\/www.clevelandmetzlaw.com\\\/\"},{\"@type\":\"ListItem\",\"position\":2,\"name\":\"Pomona Workers Compensation Attorney\"}]},{\"@type\":\"WebSite\",\"@id\":\"https:\\\/\\\/www.clevelandmetzlaw.com\\\/#website\",\"url\":\"https:\\\/\\\/www.clevelandmetzlaw.com\\\/\",\"name\":\"Cleveland Metz Law\",\"description\":\"California Work Injury &amp; Workers Compensation Attorney\",\"potentialAction\":[{\"@type\":\"SearchAction\",\"target\":{\"@type\":\"EntryPoint\",\"urlTemplate\":\"https:\\\/\\\/www.clevelandmetzlaw.com\\\/?s={search_term_string}\"},\"query-input\":{\"@type\":\"PropertyValueSpecification\",\"valueRequired\":true,\"valueName\":\"search_term_string\"}}],\"inLanguage\":\"es\"}]}<\/script>\n<!-- \/ Yoast SEO plugin. -->","yoast_head_json":{"title":"Abogado de lesiones de trabajo cerca de Pomona California","description":"\u00a1Pomona abogado de compensaci\u00f3n de trabajadores -Un abogado de compensaci\u00f3n de trabajadores Pomona de Cleveland y Metz tiene experiencia en lesiones personales graves y la ley de compensaci\u00f3n de trabajadores!","robots":{"index":"index","follow":"follow","max-snippet":"max-snippet:-1","max-image-preview":"max-image-preview:large","max-video-preview":"max-video-preview:-1"},"canonical":"https:\/\/www.clevelandmetzlaw.com\/es\/pomona-abogado-de-compensacion-de-trabajadores\/","og_locale":"es_MX","og_type":"article","og_title":"Work Injury Lawyer near Pomona California","og_description":"Pomona workers compensation attorney -A Pomona workers comp attorney from Cleveland and Metz has experience in serious personal injury and workers comp law!","og_url":"https:\/\/www.clevelandmetzlaw.com\/es\/pomona-abogado-de-compensacion-de-trabajadores\/","og_site_name":"Cleveland Metz Law","article_modified_time":"2022-04-09T15:33:07+00:00","og_image":[{"url":"https:\/\/www.clevelandmetzlaw.com\/wp-content\/uploads\/2021\/03\/heder-phone-1-1.png","type":"","width":"","height":""}],"twitter_card":"summary_large_image","twitter_misc":{"Tiempo de lectura":"3 minutos"},"schema":{"@context":"https:\/\/schema.org","@graph":[{"@type":"WebPage","@id":"https:\/\/www.clevelandmetzlaw.com\/pomona-workers-compensation-attorney\/","url":"https:\/\/www.clevelandmetzlaw.com\/pomona-workers-compensation-attorney\/","name":"Abogado de lesiones de trabajo cerca de Pomona California","isPartOf":{"@id":"https:\/\/www.clevelandmetzlaw.com\/#website"},"primaryImageOfPage":{"@id":"https:\/\/www.clevelandmetzlaw.com\/pomona-workers-compensation-attorney\/#primaryimage"},"image":{"@id":"https:\/\/www.clevelandmetzlaw.com\/pomona-workers-compensation-attorney\/#primaryimage"},"thumbnailUrl":"https:\/\/www.clevelandmetzlaw.com\/wp-content\/uploads\/2021\/03\/heder-phone-1-1.png","datePublished":"2013-01-11T23:58:54+00:00","dateModified":"2022-04-09T15:33:07+00:00","description":"\u00a1Pomona abogado de compensaci\u00f3n de trabajadores -Un abogado de compensaci\u00f3n de trabajadores Pomona de Cleveland y Metz tiene experiencia en lesiones personales graves y la ley de compensaci\u00f3n de trabajadores!","breadcrumb":{"@id":"https:\/\/www.clevelandmetzlaw.com\/pomona-workers-compensation-attorney\/#breadcrumb"},"inLanguage":"es","potentialAction":[{"@type":"ReadAction","target":["https:\/\/www.clevelandmetzlaw.com\/pomona-workers-compensation-attorney\/"]}]},{"@type":"ImageObject","inLanguage":"es","@id":"https:\/\/www.clevelandmetzlaw.com\/pomona-workers-compensation-attorney\/#primaryimage","url":"https:\/\/www.clevelandmetzlaw.com\/wp-content\/uploads\/2021\/03\/heder-phone-1-1.png","contentUrl":"https:\/\/www.clevelandmetzlaw.com\/wp-content\/uploads\/2021\/03\/heder-phone-1-1.png"},{"@type":"BreadcrumbList","@id":"https:\/\/www.clevelandmetzlaw.com\/pomona-workers-compensation-attorney\/#breadcrumb","itemListElement":[{"@type":"ListItem","position":1,"name":"Home","item":"https:\/\/www.clevelandmetzlaw.com\/"},{"@type":"ListItem","position":2,"name":"Pomona Workers Compensation Attorney"}]},{"@type":"WebSite","@id":"https:\/\/www.clevelandmetzlaw.com\/#website","url":"https:\/\/www.clevelandmetzlaw.com\/","name":"Cleveland Metz Law","description":"California Lesiones de Trabajo y Compensaci\u00f3n de Trabajadores Abogado","potentialAction":[{"@type":"SearchAction","target":{"@type":"EntryPoint","urlTemplate":"https:\/\/www.clevelandmetzlaw.com\/?s={search_term_string}"},"query-input":{"@type":"PropertyValueSpecification","valueRequired":true,"valueName":"search_term_string"}}],"inLanguage":"es"}]}},"_links":{"self":[{"href":"https:\/\/www.clevelandmetzlaw.com\/es\/wp-json\/wp\/v2\/pages\/601","targetHints":{"allow":["GET"]}}],"collection":[{"href":"https:\/\/www.clevelandmetzlaw.com\/es\/wp-json\/wp\/v2\/pages"}],"about":[{"href":"https:\/\/www.clevelandmetzlaw.com\/es\/wp-json\/wp\/v2\/types\/page"}],"author":[{"embeddable":true,"href":"https:\/\/www.clevelandmetzlaw.com\/es\/wp-json\/wp\/v2\/users\/2"}],"replies":[{"embeddable":true,"href":"https:\/\/www.clevelandmetzlaw.com\/es\/wp-json\/wp\/v2\/comments?post=601"}],"version-history":[{"count":0,"href":"https:\/\/www.clevelandmetzlaw.com\/es\/wp-json\/wp\/v2\/pages\/601\/revisions"}],"wp:attachment":[{"href":"https:\/\/www.clevelandmetzlaw.com\/es\/wp-json\/wp\/v2\/media?parent=601"}],"curies":[{"name":"wp","href":"https:\/\/api.w.org\/{rel}","templated":true}]}}