{"id":592,"date":"2013-01-11T15:46:19","date_gmt":"2013-01-11T23:46:19","guid":{"rendered":"http:\/\/www.clevelandmetzlaw.com\/?page_id=592"},"modified":"2023-05-17T10:01:34","modified_gmt":"2023-05-17T17:01:34","slug":"montclair-abogado-de-compensacion-de-trabajadores","status":"publish","type":"page","link":"https:\/\/www.clevelandmetzlaw.com\/es\/montclair-workers-compensation-attorney\/","title":{"rendered":"Abogado de compensaci\u00f3n laboral de Montclair"},"content":{"rendered":"<h2 style=\"text-align: left;\" align=\"center\">Montclair Workers Compensation Work Injury Attorneys\u00a0<\/h2>\n<h3 style=\"text-align: left;\" align=\"center\">If you\u2019ve suffered a work-related injury or accident, Call\u00a0<br \/>\nAttorneys Charles Cleveland and John Metz<\/h3>\n<h3>\u00a0<a href=\"tel:1-909-980-9703\"><img loading=\"lazy\" decoding=\"async\" class=\"alignnone wp-image-6223 size-full\" src=\"https:\/\/www.clevelandmetzlaw.com\/wp-content\/uploads\/2021\/03\/heder-phone-1-1.png\" alt=\"\" width=\"29\" height=\"29\" srcset=\"https:\/\/www.clevelandmetzlaw.com\/wp-content\/uploads\/2021\/03\/heder-phone-1-1.png 29w, https:\/\/www.clevelandmetzlaw.com\/wp-content\/uploads\/2021\/03\/heder-phone-1-1-12x12.png 12w\" sizes=\"auto, (max-width: 29px) 100vw, 29px\" \/> <\/a><a href=\"tel: 1-909-980-9703\">Call<\/a>\u00a0 \u00a0<a href=\"mailto:cc@clevelandmetzlaw.com\"><img loading=\"lazy\" decoding=\"async\" class=\"alignnone wp-image-6221\" src=\"https:\/\/www.clevelandmetzlaw.com\/wp-content\/uploads\/2021\/03\/email-icon-150x150-1.jpg\" alt=\"\" width=\"29\" height=\"29\" srcset=\"https:\/\/www.clevelandmetzlaw.com\/wp-content\/uploads\/2021\/03\/email-icon-150x150-1.jpg 150w, https:\/\/www.clevelandmetzlaw.com\/wp-content\/uploads\/2021\/03\/email-icon-150x150-1-12x12.jpg 12w\" sizes=\"auto, (max-width: 29px) 100vw, 29px\" \/><\/a> <a href=\"mailto:cc@clevelandmetzlaw.com\"><strong>Email<\/strong><\/a><strong>\u00a0\u00a0<\/strong><strong> <a href=\"sms:1-909-303-6374\"><img loading=\"lazy\" decoding=\"async\" class=\"alignnone wp-image-6222\" src=\"https:\/\/www.clevelandmetzlaw.com\/wp-content\/uploads\/2021\/03\/Cleveland-Metz-Text-150x150-1.png\" alt=\"\" width=\"29\" height=\"29\" srcset=\"https:\/\/www.clevelandmetzlaw.com\/wp-content\/uploads\/2021\/03\/Cleveland-Metz-Text-150x150-1.png 150w, https:\/\/www.clevelandmetzlaw.com\/wp-content\/uploads\/2021\/03\/Cleveland-Metz-Text-150x150-1-12x12.png 12w\" sizes=\"auto, (max-width: 29px) 100vw, 29px\" \/><\/a>\u00a0<\/strong><a href=\"sms:1-909-303-6374\">Text<\/a>\u00a0 <a href=\"https:\/\/www.clevelandmetzlaw.com\/find-us\/\"><img loading=\"lazy\" decoding=\"async\" class=\"alignnone wp-image-6224\" src=\"https:\/\/www.clevelandmetzlaw.com\/wp-content\/uploads\/2021\/03\/map-icon-ClevelandMetz-150x150-1.png\" alt=\"\" width=\"29\" height=\"29\" srcset=\"https:\/\/www.clevelandmetzlaw.com\/wp-content\/uploads\/2021\/03\/map-icon-ClevelandMetz-150x150-1.png 150w, https:\/\/www.clevelandmetzlaw.com\/wp-content\/uploads\/2021\/03\/map-icon-ClevelandMetz-150x150-1-12x12.png 12w\" sizes=\"auto, (max-width: 29px) 100vw, 29px\" \/><\/a> <a href=\"https:\/\/www.clevelandmetzlaw.com\/find-us\/\">Map<\/a><\/h3>\n<div class=\"flex flex-grow flex-col gap-3\">\n<div class=\"min-h-[20px] flex flex-col items-start gap-4 whitespace-pre-wrap break-words\">\n<div class=\"markdown prose w-full break-words dark:prose-invert light\">\n<p>Facing a work injury can turn your life upside down, and having a skilled work comp attorney by your side becomes crucial. Reach out to Montclair Workers Compensation Attorneys <a href=\"https:\/\/www.clevelandmetzlaw.com\/attorney-charles-robert-cleveland-jr\/\">Charles Cleveland <\/a>and <a href=\"https:\/\/www.clevelandmetzlaw.com\/attorney-john-metz\/\">John Metz<\/a> today, at the Law Offices of Cleveland &amp; Metz, for expert legal guidance. Our dedicated law firm in Montclair focuses exclusively on Workers Compensation, advocating for injured workers against workers compensation insurance companies. With a combined experience of over 50 years, the seasoned Workers Compensation Attorney Cleveland &amp; Metz have been assisting Montclair injured workers with their Work Comp cases.<\/p>\n<p>Whether your injury stems from a specific incident or a repetitive strain that developed over time, or even if your case has been denied, the work injury attorneys at the Law Offices of Cleveland &amp; Metz in Montclair are here to help. It is crucial to have an experienced Workers Compensation Lawyer fighting for your rights if you have suffered a work-related injury. The insurance company will undoubtedly have a defense lawyer and a seasoned adjuster working against you, aiming to minimize or deny your benefits as much as possible.<\/p>\n<p>Whether you&#8217;ve encountered a routine work injury or endured a severe injury that has altered your life and career, Montclair Workers Compensation Lawyers Charles Cleveland and John Metz will stand up for your rights. They will fight on your behalf against workers compensation and accident insurance companies at the Workers Compensation Appeals Board. To get in touch with the Workers Compensation Law Firm of Cleveland &amp; Metz, call us at (800) 397-7708. Alternatively, you can reach us by email by completing our Work Injury &amp; Accident Contact Form, and we will promptly get back to you once one of our Injury Attorneys has reviewed your message.<\/p>\n<\/div>\n<\/div>\n<\/div>\n<p><a href=\"https:\/\/goo.gl\/maps\/TJWBBBqZHt12\"><img loading=\"lazy\" decoding=\"async\" class=\"aligncenter wp-image-2884 size-full\" src=\"https:\/\/www.clevelandmetzlaw.com\/wp-content\/uploads\/2019\/02\/Montclair-To-Law-Offices-Of-Cleveland-And-Metz-MAP.jpg\" alt=\"\" width=\"1280\" height=\"960\" srcset=\"https:\/\/www.clevelandmetzlaw.com\/wp-content\/uploads\/2019\/02\/Montclair-To-Law-Offices-Of-Cleveland-And-Metz-MAP.jpg 1280w, https:\/\/www.clevelandmetzlaw.com\/wp-content\/uploads\/2019\/02\/Montclair-To-Law-Offices-Of-Cleveland-And-Metz-MAP-540x405.jpg 540w, https:\/\/www.clevelandmetzlaw.com\/wp-content\/uploads\/2019\/02\/Montclair-To-Law-Offices-Of-Cleveland-And-Metz-MAP-768x576.jpg 768w, https:\/\/www.clevelandmetzlaw.com\/wp-content\/uploads\/2019\/02\/Montclair-To-Law-Offices-Of-Cleveland-And-Metz-MAP-960x720.jpg 960w, https:\/\/www.clevelandmetzlaw.com\/wp-content\/uploads\/2019\/02\/Montclair-To-Law-Offices-Of-Cleveland-And-Metz-MAP-285x214.jpg 285w\" sizes=\"auto, (max-width: 1280px) 100vw, 1280px\" \/><\/a><\/p>\n","protected":false},"excerpt":{"rendered":"<p>Montclair Compensaci\u00f3n a los Trabajadores de Trabajo Lesiones Abogados Si usted ha sufrido una lesi\u00f3n relacionada con el trabajo o accidente, Llame a los abogados Charles Cleveland y John Metz Call Email Texto Mapa Frente a una lesi\u00f3n de trabajo puede convertir su vida al rev\u00e9s, y tener un abogado de compensaci\u00f3n de trabajo experto a su lado se convierte en crucial. Llegar a Montclair Compensaci\u00f3n a los Trabajadores ...<\/p>","protected":false},"author":2,"featured_media":0,"parent":0,"menu_order":0,"comment_status":"closed","ping_status":"closed","template":"","meta":{"footnotes":""},"class_list":["post-592","page","type-page","status-publish","hentry"],"yoast_head":"<!-- This site is optimized with the Yoast SEO plugin v27.4 - https:\/\/yoast.com\/product\/yoast-seo-wordpress\/ -->\n<title>Montclair Workers Compensation Attorney<\/title>\n<meta name=\"description\" content=\"Montclair Workers Compensation Attorney -A Montclair accident attorney from Cleveland &amp; Metz has experience in injury accident and work comp injury law!\" \/>\n<meta name=\"robots\" content=\"index, follow, max-snippet:-1, max-image-preview:large, max-video-preview:-1\" \/>\n<link rel=\"canonical\" href=\"https:\/\/www.clevelandmetzlaw.com\/es\/montclair-abogado-de-compensacion-de-trabajadores\/\" \/>\n<meta property=\"og:locale\" content=\"es_MX\" \/>\n<meta property=\"og:type\" content=\"article\" \/>\n<meta property=\"og:title\" content=\"Montclair Workers Compensation Attorney\" \/>\n<meta property=\"og:description\" content=\"Montclair Workers Compensation Attorney -A Montclair accident attorney from Cleveland &amp; Metz has experience in injury accident and work comp injury law!\" \/>\n<meta property=\"og:url\" content=\"https:\/\/www.clevelandmetzlaw.com\/es\/montclair-abogado-de-compensacion-de-trabajadores\/\" \/>\n<meta property=\"og:site_name\" content=\"Cleveland Metz Law\" \/>\n<meta property=\"article:modified_time\" content=\"2023-05-17T17:01:34+00:00\" \/>\n<meta property=\"og:image\" content=\"https:\/\/www.clevelandmetzlaw.com\/wp-content\/uploads\/2021\/03\/heder-phone-1-1.png\" \/>\n<meta name=\"twitter:card\" content=\"summary_large_image\" \/>\n<meta name=\"twitter:label1\" content=\"Tiempo de lectura\" \/>\n\t<meta name=\"twitter:data1\" content=\"3 minutos\" \/>\n<script type=\"application\/ld+json\" class=\"yoast-schema-graph\">{\"@context\":\"https:\\\/\\\/schema.org\",\"@graph\":[{\"@type\":\"WebPage\",\"@id\":\"https:\\\/\\\/www.clevelandmetzlaw.com\\\/montclair-workers-compensation-attorney\\\/\",\"url\":\"https:\\\/\\\/www.clevelandmetzlaw.com\\\/montclair-workers-compensation-attorney\\\/\",\"name\":\"Montclair Workers Compensation Attorney\",\"isPartOf\":{\"@id\":\"https:\\\/\\\/www.clevelandmetzlaw.com\\\/#website\"},\"primaryImageOfPage\":{\"@id\":\"https:\\\/\\\/www.clevelandmetzlaw.com\\\/montclair-workers-compensation-attorney\\\/#primaryimage\"},\"image\":{\"@id\":\"https:\\\/\\\/www.clevelandmetzlaw.com\\\/montclair-workers-compensation-attorney\\\/#primaryimage\"},\"thumbnailUrl\":\"https:\\\/\\\/www.clevelandmetzlaw.com\\\/wp-content\\\/uploads\\\/2021\\\/03\\\/heder-phone-1-1.png\",\"datePublished\":\"2013-01-11T23:46:19+00:00\",\"dateModified\":\"2023-05-17T17:01:34+00:00\",\"description\":\"Montclair Workers Compensation Attorney -A Montclair accident attorney from Cleveland & Metz has experience in injury accident and work comp injury law!\",\"breadcrumb\":{\"@id\":\"https:\\\/\\\/www.clevelandmetzlaw.com\\\/montclair-workers-compensation-attorney\\\/#breadcrumb\"},\"inLanguage\":\"es\",\"potentialAction\":[{\"@type\":\"ReadAction\",\"target\":[\"https:\\\/\\\/www.clevelandmetzlaw.com\\\/montclair-workers-compensation-attorney\\\/\"]}]},{\"@type\":\"ImageObject\",\"inLanguage\":\"es\",\"@id\":\"https:\\\/\\\/www.clevelandmetzlaw.com\\\/montclair-workers-compensation-attorney\\\/#primaryimage\",\"url\":\"https:\\\/\\\/www.clevelandmetzlaw.com\\\/wp-content\\\/uploads\\\/2021\\\/03\\\/heder-phone-1-1.png\",\"contentUrl\":\"https:\\\/\\\/www.clevelandmetzlaw.com\\\/wp-content\\\/uploads\\\/2021\\\/03\\\/heder-phone-1-1.png\"},{\"@type\":\"BreadcrumbList\",\"@id\":\"https:\\\/\\\/www.clevelandmetzlaw.com\\\/montclair-workers-compensation-attorney\\\/#breadcrumb\",\"itemListElement\":[{\"@type\":\"ListItem\",\"position\":1,\"name\":\"Home\",\"item\":\"https:\\\/\\\/www.clevelandmetzlaw.com\\\/\"},{\"@type\":\"ListItem\",\"position\":2,\"name\":\"Montclair Workers Compensation Attorney\"}]},{\"@type\":\"WebSite\",\"@id\":\"https:\\\/\\\/www.clevelandmetzlaw.com\\\/#website\",\"url\":\"https:\\\/\\\/www.clevelandmetzlaw.com\\\/\",\"name\":\"Cleveland Metz Law\",\"description\":\"California Work Injury &amp; Workers Compensation Attorney\",\"potentialAction\":[{\"@type\":\"SearchAction\",\"target\":{\"@type\":\"EntryPoint\",\"urlTemplate\":\"https:\\\/\\\/www.clevelandmetzlaw.com\\\/?s={search_term_string}\"},\"query-input\":{\"@type\":\"PropertyValueSpecification\",\"valueRequired\":true,\"valueName\":\"search_term_string\"}}],\"inLanguage\":\"es\"}]}<\/script>\n<!-- \/ Yoast SEO plugin. -->","yoast_head_json":{"title":"Abogado de compensaci\u00f3n laboral de Montclair","description":"\u00a1Montclair Compensaci\u00f3n a los Trabajadores Abogado -A Montclair accidente abogado de Cleveland y Metz tiene experiencia en accidentes de trabajo y lesiones ley de compensaci\u00f3n!","robots":{"index":"index","follow":"follow","max-snippet":"max-snippet:-1","max-image-preview":"max-image-preview:large","max-video-preview":"max-video-preview:-1"},"canonical":"https:\/\/www.clevelandmetzlaw.com\/es\/montclair-abogado-de-compensacion-de-trabajadores\/","og_locale":"es_MX","og_type":"article","og_title":"Montclair Workers Compensation Attorney","og_description":"Montclair Workers Compensation Attorney -A Montclair accident attorney from Cleveland & Metz has experience in injury accident and work comp injury law!","og_url":"https:\/\/www.clevelandmetzlaw.com\/es\/montclair-abogado-de-compensacion-de-trabajadores\/","og_site_name":"Cleveland Metz Law","article_modified_time":"2023-05-17T17:01:34+00:00","og_image":[{"url":"https:\/\/www.clevelandmetzlaw.com\/wp-content\/uploads\/2021\/03\/heder-phone-1-1.png","type":"","width":"","height":""}],"twitter_card":"summary_large_image","twitter_misc":{"Tiempo de lectura":"3 minutos"},"schema":{"@context":"https:\/\/schema.org","@graph":[{"@type":"WebPage","@id":"https:\/\/www.clevelandmetzlaw.com\/montclair-workers-compensation-attorney\/","url":"https:\/\/www.clevelandmetzlaw.com\/montclair-workers-compensation-attorney\/","name":"Abogado de compensaci\u00f3n laboral de Montclair","isPartOf":{"@id":"https:\/\/www.clevelandmetzlaw.com\/#website"},"primaryImageOfPage":{"@id":"https:\/\/www.clevelandmetzlaw.com\/montclair-workers-compensation-attorney\/#primaryimage"},"image":{"@id":"https:\/\/www.clevelandmetzlaw.com\/montclair-workers-compensation-attorney\/#primaryimage"},"thumbnailUrl":"https:\/\/www.clevelandmetzlaw.com\/wp-content\/uploads\/2021\/03\/heder-phone-1-1.png","datePublished":"2013-01-11T23:46:19+00:00","dateModified":"2023-05-17T17:01:34+00:00","description":"\u00a1Montclair Compensaci\u00f3n a los Trabajadores Abogado -A Montclair accidente abogado de Cleveland y Metz tiene experiencia en accidentes de trabajo y lesiones ley de compensaci\u00f3n!","breadcrumb":{"@id":"https:\/\/www.clevelandmetzlaw.com\/montclair-workers-compensation-attorney\/#breadcrumb"},"inLanguage":"es","potentialAction":[{"@type":"ReadAction","target":["https:\/\/www.clevelandmetzlaw.com\/montclair-workers-compensation-attorney\/"]}]},{"@type":"ImageObject","inLanguage":"es","@id":"https:\/\/www.clevelandmetzlaw.com\/montclair-workers-compensation-attorney\/#primaryimage","url":"https:\/\/www.clevelandmetzlaw.com\/wp-content\/uploads\/2021\/03\/heder-phone-1-1.png","contentUrl":"https:\/\/www.clevelandmetzlaw.com\/wp-content\/uploads\/2021\/03\/heder-phone-1-1.png"},{"@type":"BreadcrumbList","@id":"https:\/\/www.clevelandmetzlaw.com\/montclair-workers-compensation-attorney\/#breadcrumb","itemListElement":[{"@type":"ListItem","position":1,"name":"Home","item":"https:\/\/www.clevelandmetzlaw.com\/"},{"@type":"ListItem","position":2,"name":"Montclair Workers Compensation Attorney"}]},{"@type":"WebSite","@id":"https:\/\/www.clevelandmetzlaw.com\/#website","url":"https:\/\/www.clevelandmetzlaw.com\/","name":"Cleveland Metz Law","description":"California Lesiones de Trabajo y Compensaci\u00f3n de Trabajadores Abogado","potentialAction":[{"@type":"SearchAction","target":{"@type":"EntryPoint","urlTemplate":"https:\/\/www.clevelandmetzlaw.com\/?s={search_term_string}"},"query-input":{"@type":"PropertyValueSpecification","valueRequired":true,"valueName":"search_term_string"}}],"inLanguage":"es"}]}},"_links":{"self":[{"href":"https:\/\/www.clevelandmetzlaw.com\/es\/wp-json\/wp\/v2\/pages\/592","targetHints":{"allow":["GET"]}}],"collection":[{"href":"https:\/\/www.clevelandmetzlaw.com\/es\/wp-json\/wp\/v2\/pages"}],"about":[{"href":"https:\/\/www.clevelandmetzlaw.com\/es\/wp-json\/wp\/v2\/types\/page"}],"author":[{"embeddable":true,"href":"https:\/\/www.clevelandmetzlaw.com\/es\/wp-json\/wp\/v2\/users\/2"}],"replies":[{"embeddable":true,"href":"https:\/\/www.clevelandmetzlaw.com\/es\/wp-json\/wp\/v2\/comments?post=592"}],"version-history":[{"count":0,"href":"https:\/\/www.clevelandmetzlaw.com\/es\/wp-json\/wp\/v2\/pages\/592\/revisions"}],"wp:attachment":[{"href":"https:\/\/www.clevelandmetzlaw.com\/es\/wp-json\/wp\/v2\/media?parent=592"}],"curies":[{"name":"wp","href":"https:\/\/api.w.org\/{rel}","templated":true}]}}