{"id":589,"date":"2013-01-11T15:45:13","date_gmt":"2013-01-11T23:45:13","guid":{"rendered":"http:\/\/www.clevelandmetzlaw.com\/?page_id=589"},"modified":"2022-04-09T08:08:49","modified_gmt":"2022-04-09T15:08:49","slug":"mira-loma-abogado-de-compensacion-al-trabajador","status":"publish","type":"page","link":"https:\/\/www.clevelandmetzlaw.com\/es\/mira-loma-workers-compensation-attorney\/","title":{"rendered":"Abogado de compensaci\u00f3n laboral de Mira Loma"},"content":{"rendered":"<h2 style=\"text-align: left;\" align=\"center\">Mira Loma Compensaci\u00f3n a los Trabajadores Abogados de Lesiones de Trabajo\u00a0<\/h2>\n<h3 style=\"text-align: left;\" align=\"center\">Si ha sufrido un accidente laboral, llame a Indemnizaci\u00f3n por accidente de trabajo<br \/>\nAbogados Charles Cleveland y John Metz<\/h3>\n<h3>\u00a0<a href=\"tel:1-909-980-9703\"><img loading=\"lazy\" decoding=\"async\" class=\"alignnone wp-image-6223 size-full\" src=\"https:\/\/www.clevelandmetzlaw.com\/wp-content\/uploads\/2021\/03\/heder-phone-1-1.png\" alt=\"\" width=\"29\" height=\"29\" srcset=\"https:\/\/www.clevelandmetzlaw.com\/wp-content\/uploads\/2021\/03\/heder-phone-1-1.png 29w, https:\/\/www.clevelandmetzlaw.com\/wp-content\/uploads\/2021\/03\/heder-phone-1-1-12x12.png 12w\" sizes=\"auto, (max-width: 29px) 100vw, 29px\" \/> <\/a><a href=\"tel: 1-909-980-9703\">Llamada<\/a>\u00a0 \u00a0<a href=\"mailto:cc@clevelandmetzlaw.com\"><img loading=\"lazy\" decoding=\"async\" class=\"alignnone wp-image-6221\" src=\"https:\/\/www.clevelandmetzlaw.com\/wp-content\/uploads\/2021\/03\/email-icon-150x150-1.jpg\" alt=\"\" width=\"29\" height=\"29\" srcset=\"https:\/\/www.clevelandmetzlaw.com\/wp-content\/uploads\/2021\/03\/email-icon-150x150-1.jpg 150w, https:\/\/www.clevelandmetzlaw.com\/wp-content\/uploads\/2021\/03\/email-icon-150x150-1-12x12.jpg 12w\" sizes=\"auto, (max-width: 29px) 100vw, 29px\" \/><\/a> <a href=\"mailto:cc@clevelandmetzlaw.com\"><strong>Correo electr\u00f3nico<\/strong><\/a><strong>\u00a0\u00a0<\/strong><strong> <a href=\"sms:1-909-303-6374\"><img loading=\"lazy\" decoding=\"async\" class=\"alignnone wp-image-6222\" src=\"https:\/\/www.clevelandmetzlaw.com\/wp-content\/uploads\/2021\/03\/Cleveland-Metz-Text-150x150-1.png\" alt=\"\" width=\"29\" height=\"29\" srcset=\"https:\/\/www.clevelandmetzlaw.com\/wp-content\/uploads\/2021\/03\/Cleveland-Metz-Text-150x150-1.png 150w, https:\/\/www.clevelandmetzlaw.com\/wp-content\/uploads\/2021\/03\/Cleveland-Metz-Text-150x150-1-12x12.png 12w\" sizes=\"auto, (max-width: 29px) 100vw, 29px\" \/><\/a>\u00a0<\/strong><a href=\"sms:1-909-303-6374\">Texto<\/a>\u00a0 <a href=\"https:\/\/www.clevelandmetzlaw.com\/es\/encuentranos\/\"><img loading=\"lazy\" decoding=\"async\" class=\"alignnone wp-image-6224\" src=\"https:\/\/www.clevelandmetzlaw.com\/wp-content\/uploads\/2021\/03\/map-icon-ClevelandMetz-150x150-1.png\" alt=\"\" width=\"29\" height=\"29\" srcset=\"https:\/\/www.clevelandmetzlaw.com\/wp-content\/uploads\/2021\/03\/map-icon-ClevelandMetz-150x150-1.png 150w, https:\/\/www.clevelandmetzlaw.com\/wp-content\/uploads\/2021\/03\/map-icon-ClevelandMetz-150x150-1-12x12.png 12w\" sizes=\"auto, (max-width: 29px) 100vw, 29px\" \/><\/a> <a href=\"https:\/\/www.clevelandmetzlaw.com\/es\/encuentranos\/\">Mapa<\/a><\/h3>\n<p><img loading=\"lazy\" decoding=\"async\" class=\"alignright wp-image-1018 size-medium\" src=\"https:\/\/www.clevelandmetzlaw.com\/wp-content\/uploads\/2014\/07\/Law-Offices-of-Cleveland_Metz-Lawyers-Abogados-Injured-Worker1-300x198.jpg\" alt=\"Law-Offices-of-Cleveland_Metz-Lawyers-Abogados- Injured-Worker\" width=\"300\" height=\"198\" \/><\/p>\n<p>Una lesi\u00f3n laboral puede ser un evento que le cambie la vida y necesita un abogado con experiencia en compensaci\u00f3n laboral de su lado. Contacto <span style=\"color: #555555;\">Abogado de compensaci\u00f3n laboral de Mira Loma<\/span>s Charles Cleveland y John Metz en las Oficinas Legales de Cleveland &amp; Metz hoy. Nuestra oficina de Inland Empire sirve\u00a0<span style=\"color: #555555;\">Abogado de compensaci\u00f3n laboral de Mira Loma<\/span> se dedica exclusivamente a la pr\u00e1ctica de Compensaci\u00f3n de Trabajadores en representaci\u00f3n de los trabajadores lesionados Mira Loma contra las compa\u00f1\u00edas de seguros de compensaci\u00f3n de trabajadores. Las Oficinas Legales de Cleveland y Metz tiene m\u00e1s de 50 a\u00f1os de experiencia combinada ayudando a los trabajadores lesionados Mira Loma con sus casos de Compensaci\u00f3n Laboral. Si su lesi\u00f3n es el resultado de un incidente espec\u00edfico, o una lesi\u00f3n repetitiva que se produjo en el tiempo o incluso si su caso es negado, los abogados de lesiones de trabajo de Mira Loma en el <span style=\"color: #555555;\">Abogado de compensaci\u00f3n laboral de Mira Loma\u00a0<\/span>Law Offices of Cleveland &amp; Metz puede ayudarle.\u00a0<\/p>\n<p>Los abogados de compensaci\u00f3n laboral de Mira Loma en las Oficinas Legales de Cleveland y Metz pueden ayudar a los trabajadores lesionados a navegar por el laberinto del sistema de compensaci\u00f3n laboral. Si ha sufrido una lesi\u00f3n relacionada con el trabajo, es fundamental que tenga un abogado con experiencia en compensaci\u00f3n laboral que trabaje para proteger sus derechos. La compa\u00f1\u00eda de seguros definitivamente tendr\u00e1 un abogado defensor y un ajustador experimentado trabajando en su contra para recortar o negar sus beneficios tanto como sea posible.<\/p>\n<p>Si ha sufrido una lesi\u00f3n laboral de rutina o ha sufrido una<strong>atastr\u00f3fico<\/strong> lesi\u00f3n que cambia su vida y carrera, <strong>Abogados de compensaci\u00f3n laboral de Mira Loma Charles Cleveland y John Metz<\/strong> luchar\u00e1 por usted contra las compa\u00f1\u00edas de seguros de compensaci\u00f3n para trabajadores en la Junta de Apelaciones de Compensaci\u00f3n para Trabajadores. Comun\u00edquese con el bufete de abogados de compensaci\u00f3n para trabajadores de Mira Loma de Cleveland &amp; Metz al (800) 397-7708. Puede contactarnos directamente por correo electr\u00f3nico completando nuestro Formulario de contacto de accidentes y lesiones laborales y nos comunicaremos con usted tan pronto como uno de nuestros abogados especializados en lesiones haya revisado su presentaci\u00f3n.<\/p>\n<p><a href=\"https:\/\/goo.gl\/maps\/TJWBBBqZHt12\"><img loading=\"lazy\" decoding=\"async\" class=\"aligncenter size-full wp-image-2850\" src=\"https:\/\/www.clevelandmetzlaw.com\/wp-content\/uploads\/2019\/02\/Mira-Loma-To-Law-Offices-Of-Cleveland-And-Metz-MAP.jpg\" alt=\"\" width=\"1280\" height=\"960\" srcset=\"https:\/\/www.clevelandmetzlaw.com\/wp-content\/uploads\/2019\/02\/Mira-Loma-To-Law-Offices-Of-Cleveland-And-Metz-MAP.jpg 1280w, https:\/\/www.clevelandmetzlaw.com\/wp-content\/uploads\/2019\/02\/Mira-Loma-To-Law-Offices-Of-Cleveland-And-Metz-MAP-540x405.jpg 540w, https:\/\/www.clevelandmetzlaw.com\/wp-content\/uploads\/2019\/02\/Mira-Loma-To-Law-Offices-Of-Cleveland-And-Metz-MAP-768x576.jpg 768w, https:\/\/www.clevelandmetzlaw.com\/wp-content\/uploads\/2019\/02\/Mira-Loma-To-Law-Offices-Of-Cleveland-And-Metz-MAP-960x720.jpg 960w, https:\/\/www.clevelandmetzlaw.com\/wp-content\/uploads\/2019\/02\/Mira-Loma-To-Law-Offices-Of-Cleveland-And-Metz-MAP-285x214.jpg 285w\" sizes=\"auto, (max-width: 1280px) 100vw, 1280px\" \/><\/a><\/p>","protected":false},"excerpt":{"rendered":"<p>Mira Loma Compensaci\u00f3n a los Trabajadores Abogados de Lesiones de Trabajo Si usted ha sufrido una lesi\u00f3n relacionada con el trabajo, llame a Compensaci\u00f3n a los Trabajadores Abogados Charles Cleveland y John Metz Call Email Text Map Una lesi\u00f3n de trabajo puede ser un evento que cambia la vida y que necesita un abogado de compensaci\u00f3n de trabajo con experiencia de su lado. P\u00f3ngase en contacto con Mira Loma Compensaci\u00f3n a los Trabajadores Abogados Charles Cleveland ...<\/p>","protected":false},"author":2,"featured_media":0,"parent":0,"menu_order":0,"comment_status":"closed","ping_status":"closed","template":"","meta":{"footnotes":""},"class_list":["post-589","page","type-page","status-publish","hentry"],"yoast_head":"<!-- This site is optimized with the Yoast SEO plugin v27.4 - https:\/\/yoast.com\/product\/yoast-seo-wordpress\/ -->\n<title>Mira Loma Workers Compensation Attorney<\/title>\n<meta name=\"description\" content=\"Mira Loma Workers Compensation Attorney from Cleveland &amp; Metz has experience in accidents and workers comp injury law!\" \/>\n<meta name=\"robots\" content=\"index, follow, max-snippet:-1, max-image-preview:large, max-video-preview:-1\" \/>\n<link rel=\"canonical\" href=\"https:\/\/www.clevelandmetzlaw.com\/es\/mira-loma-abogado-de-compensacion-al-trabajador\/\" \/>\n<meta property=\"og:locale\" content=\"es_MX\" \/>\n<meta property=\"og:type\" content=\"article\" \/>\n<meta property=\"og:title\" content=\"Mira Loma Workers Compensation Attorney\" \/>\n<meta property=\"og:description\" content=\"Mira Loma Workers Compensation Attorney from Cleveland &amp; Metz has experience in accidents and workers comp injury law!\" \/>\n<meta property=\"og:url\" content=\"https:\/\/www.clevelandmetzlaw.com\/es\/mira-loma-abogado-de-compensacion-al-trabajador\/\" \/>\n<meta property=\"og:site_name\" content=\"Cleveland Metz Law\" \/>\n<meta property=\"article:modified_time\" content=\"2022-04-09T15:08:49+00:00\" \/>\n<meta property=\"og:image\" content=\"https:\/\/www.clevelandmetzlaw.com\/wp-content\/uploads\/2021\/03\/heder-phone-1-1.png\" \/>\n<meta name=\"twitter:card\" content=\"summary_large_image\" \/>\n<meta name=\"twitter:label1\" content=\"Tiempo de lectura\" \/>\n\t<meta name=\"twitter:data1\" content=\"3 minutos\" \/>\n<script type=\"application\/ld+json\" class=\"yoast-schema-graph\">{\"@context\":\"https:\\\/\\\/schema.org\",\"@graph\":[{\"@type\":\"WebPage\",\"@id\":\"https:\\\/\\\/www.clevelandmetzlaw.com\\\/mira-loma-workers-compensation-attorney\\\/\",\"url\":\"https:\\\/\\\/www.clevelandmetzlaw.com\\\/mira-loma-workers-compensation-attorney\\\/\",\"name\":\"Mira Loma Workers Compensation Attorney\",\"isPartOf\":{\"@id\":\"https:\\\/\\\/www.clevelandmetzlaw.com\\\/#website\"},\"primaryImageOfPage\":{\"@id\":\"https:\\\/\\\/www.clevelandmetzlaw.com\\\/mira-loma-workers-compensation-attorney\\\/#primaryimage\"},\"image\":{\"@id\":\"https:\\\/\\\/www.clevelandmetzlaw.com\\\/mira-loma-workers-compensation-attorney\\\/#primaryimage\"},\"thumbnailUrl\":\"https:\\\/\\\/www.clevelandmetzlaw.com\\\/wp-content\\\/uploads\\\/2021\\\/03\\\/heder-phone-1-1.png\",\"datePublished\":\"2013-01-11T23:45:13+00:00\",\"dateModified\":\"2022-04-09T15:08:49+00:00\",\"description\":\"Mira Loma Workers Compensation Attorney from Cleveland & Metz has experience in accidents and workers comp injury law!\",\"breadcrumb\":{\"@id\":\"https:\\\/\\\/www.clevelandmetzlaw.com\\\/mira-loma-workers-compensation-attorney\\\/#breadcrumb\"},\"inLanguage\":\"es\",\"potentialAction\":[{\"@type\":\"ReadAction\",\"target\":[\"https:\\\/\\\/www.clevelandmetzlaw.com\\\/mira-loma-workers-compensation-attorney\\\/\"]}]},{\"@type\":\"ImageObject\",\"inLanguage\":\"es\",\"@id\":\"https:\\\/\\\/www.clevelandmetzlaw.com\\\/mira-loma-workers-compensation-attorney\\\/#primaryimage\",\"url\":\"https:\\\/\\\/www.clevelandmetzlaw.com\\\/wp-content\\\/uploads\\\/2021\\\/03\\\/heder-phone-1-1.png\",\"contentUrl\":\"https:\\\/\\\/www.clevelandmetzlaw.com\\\/wp-content\\\/uploads\\\/2021\\\/03\\\/heder-phone-1-1.png\"},{\"@type\":\"BreadcrumbList\",\"@id\":\"https:\\\/\\\/www.clevelandmetzlaw.com\\\/mira-loma-workers-compensation-attorney\\\/#breadcrumb\",\"itemListElement\":[{\"@type\":\"ListItem\",\"position\":1,\"name\":\"Home\",\"item\":\"https:\\\/\\\/www.clevelandmetzlaw.com\\\/\"},{\"@type\":\"ListItem\",\"position\":2,\"name\":\"Mira Loma Workers Compensation Attorney\"}]},{\"@type\":\"WebSite\",\"@id\":\"https:\\\/\\\/www.clevelandmetzlaw.com\\\/#website\",\"url\":\"https:\\\/\\\/www.clevelandmetzlaw.com\\\/\",\"name\":\"Cleveland Metz Law\",\"description\":\"California Work Injury &amp; Workers Compensation Attorney\",\"potentialAction\":[{\"@type\":\"SearchAction\",\"target\":{\"@type\":\"EntryPoint\",\"urlTemplate\":\"https:\\\/\\\/www.clevelandmetzlaw.com\\\/?s={search_term_string}\"},\"query-input\":{\"@type\":\"PropertyValueSpecification\",\"valueRequired\":true,\"valueName\":\"search_term_string\"}}],\"inLanguage\":\"es\"}]}<\/script>\n<!-- \/ Yoast SEO plugin. -->","yoast_head_json":{"title":"Abogado de compensaci\u00f3n laboral de Mira Loma","description":"\u00a1Mira Loma Compensaci\u00f3n a los Trabajadores Abogado de Cleveland y Metz tiene experiencia en accidentes de trabajo y la ley de compensaci\u00f3n de lesiones!","robots":{"index":"index","follow":"follow","max-snippet":"max-snippet:-1","max-image-preview":"max-image-preview:large","max-video-preview":"max-video-preview:-1"},"canonical":"https:\/\/www.clevelandmetzlaw.com\/es\/mira-loma-abogado-de-compensacion-al-trabajador\/","og_locale":"es_MX","og_type":"article","og_title":"Mira Loma Workers Compensation Attorney","og_description":"Mira Loma Workers Compensation Attorney from Cleveland & Metz has experience in accidents and workers comp injury law!","og_url":"https:\/\/www.clevelandmetzlaw.com\/es\/mira-loma-abogado-de-compensacion-al-trabajador\/","og_site_name":"Cleveland Metz Law","article_modified_time":"2022-04-09T15:08:49+00:00","og_image":[{"url":"https:\/\/www.clevelandmetzlaw.com\/wp-content\/uploads\/2021\/03\/heder-phone-1-1.png","type":"","width":"","height":""}],"twitter_card":"summary_large_image","twitter_misc":{"Tiempo de lectura":"3 minutos"},"schema":{"@context":"https:\/\/schema.org","@graph":[{"@type":"WebPage","@id":"https:\/\/www.clevelandmetzlaw.com\/mira-loma-workers-compensation-attorney\/","url":"https:\/\/www.clevelandmetzlaw.com\/mira-loma-workers-compensation-attorney\/","name":"Abogado de compensaci\u00f3n laboral de Mira Loma","isPartOf":{"@id":"https:\/\/www.clevelandmetzlaw.com\/#website"},"primaryImageOfPage":{"@id":"https:\/\/www.clevelandmetzlaw.com\/mira-loma-workers-compensation-attorney\/#primaryimage"},"image":{"@id":"https:\/\/www.clevelandmetzlaw.com\/mira-loma-workers-compensation-attorney\/#primaryimage"},"thumbnailUrl":"https:\/\/www.clevelandmetzlaw.com\/wp-content\/uploads\/2021\/03\/heder-phone-1-1.png","datePublished":"2013-01-11T23:45:13+00:00","dateModified":"2022-04-09T15:08:49+00:00","description":"\u00a1Mira Loma Compensaci\u00f3n a los Trabajadores Abogado de Cleveland y Metz tiene experiencia en accidentes de trabajo y la ley de compensaci\u00f3n de lesiones!","breadcrumb":{"@id":"https:\/\/www.clevelandmetzlaw.com\/mira-loma-workers-compensation-attorney\/#breadcrumb"},"inLanguage":"es","potentialAction":[{"@type":"ReadAction","target":["https:\/\/www.clevelandmetzlaw.com\/mira-loma-workers-compensation-attorney\/"]}]},{"@type":"ImageObject","inLanguage":"es","@id":"https:\/\/www.clevelandmetzlaw.com\/mira-loma-workers-compensation-attorney\/#primaryimage","url":"https:\/\/www.clevelandmetzlaw.com\/wp-content\/uploads\/2021\/03\/heder-phone-1-1.png","contentUrl":"https:\/\/www.clevelandmetzlaw.com\/wp-content\/uploads\/2021\/03\/heder-phone-1-1.png"},{"@type":"BreadcrumbList","@id":"https:\/\/www.clevelandmetzlaw.com\/mira-loma-workers-compensation-attorney\/#breadcrumb","itemListElement":[{"@type":"ListItem","position":1,"name":"Home","item":"https:\/\/www.clevelandmetzlaw.com\/"},{"@type":"ListItem","position":2,"name":"Mira Loma Workers Compensation Attorney"}]},{"@type":"WebSite","@id":"https:\/\/www.clevelandmetzlaw.com\/#website","url":"https:\/\/www.clevelandmetzlaw.com\/","name":"Cleveland Metz Law","description":"California Lesiones de Trabajo y Compensaci\u00f3n de Trabajadores Abogado","potentialAction":[{"@type":"SearchAction","target":{"@type":"EntryPoint","urlTemplate":"https:\/\/www.clevelandmetzlaw.com\/?s={search_term_string}"},"query-input":{"@type":"PropertyValueSpecification","valueRequired":true,"valueName":"search_term_string"}}],"inLanguage":"es"}]}},"_links":{"self":[{"href":"https:\/\/www.clevelandmetzlaw.com\/es\/wp-json\/wp\/v2\/pages\/589","targetHints":{"allow":["GET"]}}],"collection":[{"href":"https:\/\/www.clevelandmetzlaw.com\/es\/wp-json\/wp\/v2\/pages"}],"about":[{"href":"https:\/\/www.clevelandmetzlaw.com\/es\/wp-json\/wp\/v2\/types\/page"}],"author":[{"embeddable":true,"href":"https:\/\/www.clevelandmetzlaw.com\/es\/wp-json\/wp\/v2\/users\/2"}],"replies":[{"embeddable":true,"href":"https:\/\/www.clevelandmetzlaw.com\/es\/wp-json\/wp\/v2\/comments?post=589"}],"version-history":[{"count":0,"href":"https:\/\/www.clevelandmetzlaw.com\/es\/wp-json\/wp\/v2\/pages\/589\/revisions"}],"wp:attachment":[{"href":"https:\/\/www.clevelandmetzlaw.com\/es\/wp-json\/wp\/v2\/media?parent=589"}],"curies":[{"name":"wp","href":"https:\/\/api.w.org\/{rel}","templated":true}]}}