{"id":579,"date":"2013-01-11T15:41:19","date_gmt":"2013-01-11T23:41:19","guid":{"rendered":"http:\/\/www.clevelandmetzlaw.com\/?page_id=579"},"modified":"2026-04-02T16:02:23","modified_gmt":"2026-04-02T23:02:23","slug":"fontana-abogado-de-compensacion-de-trabajadores","status":"publish","type":"page","link":"https:\/\/www.clevelandmetzlaw.com\/es\/fontana-workers-compensation-attorney\/","title":{"rendered":"Abogado de Lesiones Laborales de Fontana"},"content":{"rendered":"<h3 style=\"text-align: left;\" align=\"center\">Abogados de Compensaci\u00f3n Laboral de Fontana: Ayudamos a los trabajadores lesionados a obtener los beneficios que merecen. <a href=\"https:\/\/www.clevelandmetzlaw.com\/es\/abogado-charles-robert-cleveland-jr\/\">Charles Cleveland<\/a> y <a href=\"https:\/\/www.clevelandmetzlaw.com\/es\/abogado-john-metz\/\">John Metz<\/a><\/h3>\n<h3>\u00a0<a href=\"tel:1-909-980-9703\"><img loading=\"lazy\" decoding=\"async\" class=\"alignnone wp-image-6223 size-full\" src=\"https:\/\/www.clevelandmetzlaw.com\/wp-content\/uploads\/2021\/03\/heder-phone-1-1.png\" alt=\"\" width=\"29\" height=\"29\" srcset=\"https:\/\/www.clevelandmetzlaw.com\/wp-content\/uploads\/2021\/03\/heder-phone-1-1.png 29w, https:\/\/www.clevelandmetzlaw.com\/wp-content\/uploads\/2021\/03\/heder-phone-1-1-12x12.png 12w\" sizes=\"auto, (max-width: 29px) 100vw, 29px\" \/> <\/a><a href=\"tel: 1-909-980-9703\">Llamada<\/a>\u00a0 \u00a0<a href=\"mailto:cc@clevelandmetzlaw.com\"><img loading=\"lazy\" decoding=\"async\" class=\"alignnone wp-image-6221\" src=\"https:\/\/www.clevelandmetzlaw.com\/wp-content\/uploads\/2021\/03\/email-icon-150x150-1.jpg\" alt=\"\" width=\"29\" height=\"29\" srcset=\"https:\/\/www.clevelandmetzlaw.com\/wp-content\/uploads\/2021\/03\/email-icon-150x150-1.jpg 150w, https:\/\/www.clevelandmetzlaw.com\/wp-content\/uploads\/2021\/03\/email-icon-150x150-1-12x12.jpg 12w\" sizes=\"auto, (max-width: 29px) 100vw, 29px\" \/><\/a> <a href=\"mailto:cc@clevelandmetzlaw.com\"><strong>Correo electr\u00f3nico<\/strong><\/a><strong>\u00a0\u00a0<\/strong><strong> <a href=\"sms:1-909-303-6374\"><img loading=\"lazy\" decoding=\"async\" class=\"alignnone wp-image-6222\" src=\"https:\/\/www.clevelandmetzlaw.com\/wp-content\/uploads\/2021\/03\/Cleveland-Metz-Text-150x150-1.png\" alt=\"\" width=\"29\" height=\"29\" srcset=\"https:\/\/www.clevelandmetzlaw.com\/wp-content\/uploads\/2021\/03\/Cleveland-Metz-Text-150x150-1.png 150w, https:\/\/www.clevelandmetzlaw.com\/wp-content\/uploads\/2021\/03\/Cleveland-Metz-Text-150x150-1-12x12.png 12w\" sizes=\"auto, (max-width: 29px) 100vw, 29px\" \/><\/a>\u00a0<\/strong><a href=\"sms:1-909-303-6374\">Texto<\/a>\u00a0 <a href=\"https:\/\/www.clevelandmetzlaw.com\/es\/encuentranos\/\"><img loading=\"lazy\" decoding=\"async\" class=\"alignnone wp-image-6224\" src=\"https:\/\/www.clevelandmetzlaw.com\/wp-content\/uploads\/2021\/03\/map-icon-ClevelandMetz-150x150-1.png\" alt=\"\" width=\"29\" height=\"29\" srcset=\"https:\/\/www.clevelandmetzlaw.com\/wp-content\/uploads\/2021\/03\/map-icon-ClevelandMetz-150x150-1.png 150w, https:\/\/www.clevelandmetzlaw.com\/wp-content\/uploads\/2021\/03\/map-icon-ClevelandMetz-150x150-1-12x12.png 12w\" sizes=\"auto, (max-width: 29px) 100vw, 29px\" \/><\/a> <a href=\"https:\/\/www.clevelandmetzlaw.com\/es\/encuentranos\/\">Mapa<\/a><\/h3>\n<p><img loading=\"lazy\" decoding=\"async\" class=\"alignleft wp-image-975 size-thumbnail\" src=\"https:\/\/www.clevelandmetzlaw.com\/wp-content\/uploads\/2014\/07\/cml-square-icon-150x150.jpg\" alt=\"Abogado de accidentes de trabajo cerca de Fontana\" width=\"150\" height=\"150\" \/><\/p>\n<p><strong>\u00bfEnfrentando una Lesi\u00f3n de Trabajo en Fontana? Obtenga la ayuda que necesita ahora<\/strong><\/p>\n<p data-start=\"450\" data-end=\"810\">Si se ha lesionado en el trabajo, su vida puede cambiar de la noche a la ma\u00f1ana. Las facturas m\u00e9dicas, el tiempo de baja laboral y la incertidumbre sobre su futuro pueden hacer que todo resulte abrumador. Por eso es importante contar con un abogado experimentado. <strong data-start=\"669\" data-end=\"711\">Fontana abogado de compensaci\u00f3n de trabajadores<\/strong> de tu lado \u2014 Entendemos los tipos de lesiones comunes en esta zona.<\/p>\n<p data-start=\"450\" data-end=\"810\">Fontana y el \u00e1rea circundante del Inland Empire tienen una alta concentraci\u00f3n de trabajos de almac\u00e9n, log\u00edstica y f\u00edsicamente exigentes. Muchos trabajadores desarrollan lesiones con el tiempo debido al levantamiento repetitivo, el escaneo y las largas horas de pie. Muchos de estos casos involucran <a href=\"https:\/\/www.clevelandmetzlaw.com\/es\/indemnizacion-por-traumatismo-acumulativo-california\/\">traumatismo acumulado<\/a> lesiones que se desarrollan con el tiempo debido a tareas laborales repetitivas.<\/p>\n<h2 data-start=\"1953\" data-end=\"2004\"><strong data-start=\"1956\" data-end=\"2004\">Consulta gratuita con un especialista certificado<\/strong><\/h2>\n<p data-start=\"2006\" data-end=\"2408\"><a href=\"https:\/\/www.clevelandmetzlaw.com\/wp-content\/uploads\/2024\/12\/certified-specialist-10-year-achievement-award.jpg\"><img loading=\"lazy\" decoding=\"async\" class=\"wp-image-15046 alignright\" src=\"https:\/\/www.clevelandmetzlaw.com\/wp-content\/uploads\/2024\/12\/certified-specialist-10-year-achievement-award-528x405.jpg\" alt=\"abogado de accidentes de trabajo\" width=\"318\" height=\"244\" srcset=\"https:\/\/www.clevelandmetzlaw.com\/wp-content\/uploads\/2024\/12\/certified-specialist-10-year-achievement-award-528x405.jpg 528w, https:\/\/www.clevelandmetzlaw.com\/wp-content\/uploads\/2024\/12\/certified-specialist-10-year-achievement-award-938x720.jpg 938w, https:\/\/www.clevelandmetzlaw.com\/wp-content\/uploads\/2024\/12\/certified-specialist-10-year-achievement-award-768x590.jpg 768w, https:\/\/www.clevelandmetzlaw.com\/wp-content\/uploads\/2024\/12\/certified-specialist-10-year-achievement-award-16x12.jpg 16w, https:\/\/www.clevelandmetzlaw.com\/wp-content\/uploads\/2024\/12\/certified-specialist-10-year-achievement-award.jpg 1029w\" sizes=\"auto, (max-width: 318px) 100vw, 318px\" \/><\/a>Cuando se ponga en contacto con Cleveland &amp; Metz, recibir\u00e1 un <strong data-start=\"2058\" data-end=\"2079\">consulta gratuita<\/strong> directamente con un <strong><a href=\"https:\/\/www.clevelandmetzlaw.com\/es\/abogado-charles-robert-cleveland-jr\/\">Especialista certificado en derecho de indemnizaci\u00f3n laboral<\/a>\u00a0-<\/strong> a distinction held by fewer than 5% of California attorneys.\u00a0<\/p>\n<p data-start=\"2410\" data-end=\"2629\">Durante su consulta, vamos a revisar su reclamo, explicar sus derechos, y discutir la mejor estrategia para obtener los beneficios que se merece. Usted saldr\u00e1 con respuestas claras y un plan personalizado para seguir adelante.<\/p>\n<h2 data-start=\"2636\" data-end=\"2675\"><strong data-start=\"2639\" data-end=\"2675\">Tipos de accidentes laborales que tratamos<\/strong><\/h2>\n<p data-start=\"2677\" data-end=\"2887\">Representamos clientes en todo tipo de casos de lesiones laborales, desde accidentes repentinos hasta afecciones por desgaste causadas por tareas repetitivas. Algunas de las lesiones m\u00e1s comunes que manejamos incluyen:<\/p>\n<ul data-start=\"2889\" data-end=\"3261\">\n<li data-start=\"2889\" data-end=\"2942\">\n<p data-start=\"2891\" data-end=\"2942\">Accidentes en la construcci\u00f3n, los almacenes y la industria<\/p>\n<\/li>\n<li data-start=\"2943\" data-end=\"2978\">\n<p data-start=\"2945\" data-end=\"2978\">Lesiones de espalda, cuello y columna vertebral<\/p>\n<\/li>\n<li data-start=\"2979\" data-end=\"3017\">\n<p data-start=\"2981\" data-end=\"3017\">Lesiones de hombro, rodilla y articulaciones<\/p>\n<\/li>\n<li data-start=\"3018\" data-end=\"3066\">\n<p data-start=\"3020\" data-end=\"3066\">T\u00fanel carpiano y lesiones por esfuerzo repetitivo<\/p>\n<\/li>\n<li data-start=\"3067\" data-end=\"3115\">Resbalones y ca\u00eddas o accidentes con equipos<\/li>\n<li data-start=\"3211\" data-end=\"3261\">\n<p data-start=\"3213\" data-end=\"3261\">Reclamaciones de indemnizaci\u00f3n por accidente laboral denegadas o retrasadas<\/p>\n<\/li>\n<li data-start=\"3211\" data-end=\"3261\">\n<p data-pm-slice=\"1 1 []\"><a href=\"https:\/\/www.clevelandmetzlaw.com\/es\/indemnizacion-por-traumatismo-acumulativo-california\/\">Casos de trauma acumulado<\/a>Muchos trabajadores en Fontana, especialmente en trabajos de almac\u00e9n y log\u00edstica, desarrollan lesiones por desgaste y rotura debido al levantamiento repetitivo, escaneo y largas horas de trabajo f\u00edsico. En muchos casos, esperar demasiado para reportar una lesi\u00f3n, especialmente antes de un despido o terminaci\u00f3n, puede dificultar el reclamo. Estos casos pueden ser complicados, no dude en <a href=\"https:\/\/www.clevelandmetzlaw.com\/es\/contacto\/\">Cont\u00e1ctanos<\/a> Si tienes alguna pregunta.<\/p>\n<\/li>\n<\/ul>\n<h2 data-start=\"3473\" data-end=\"3507\"><strong data-start=\"3476\" data-end=\"3507\">C\u00f3mo ayudamos a los trabajadores de Fontana<\/strong><\/h2>\n<p data-start=\"3509\" data-end=\"3637\">En Cleveland &amp; Metz, entendemos c\u00f3mo operan las compa\u00f1\u00edas de seguros - y c\u00f3mo proteger a nuestros clientes de sus t\u00e1cticas. Lo haremos:<\/p>\n<ul data-start=\"3639\" data-end=\"4054\">\n<li data-start=\"3639\" data-end=\"3691\">\n<p data-start=\"3641\" data-end=\"3691\">Presentar y gestionar su solicitud de indemnizaci\u00f3n por accidente laboral<\/p>\n<\/li>\n<li data-start=\"3692\" data-end=\"3764\">\n<p data-start=\"3694\" data-end=\"3764\">Coordinarse con sus m\u00e9dicos y evaluadores m\u00e9dicos cualificados (QME)<\/p>\n<\/li>\n<li data-start=\"3765\" data-end=\"3856\">\n<p data-start=\"3767\" data-end=\"3856\">Representarle en audiencias ante el <strong data-start=\"3800\" data-end=\"3854\">Juntas locales de Recursos de Indemnizaci\u00f3n por Accidentes de Trabajo<\/strong><\/p>\n<\/li>\n<li data-start=\"3765\" data-end=\"3856\">\n<p data-start=\"3767\" data-end=\"3856\">Gestionar las reclamaciones denegadas, retrasadas o mal pagadas<\/p>\n<\/li>\n<li data-start=\"3905\" data-end=\"3976\">\n<p data-start=\"3907\" data-end=\"3976\">Reclamar indemnizaciones por incapacidad permanente o atenci\u00f3n m\u00e9dica continuada.<\/p>\n<\/li>\n<li data-start=\"3905\" data-end=\"3976\">Demorar demasiado en reportar estas lesiones \u2014especialmente antes de un despido\u2014 puede dificultar m\u00e1s una reclamaci\u00f3n, como en un <a href=\"https:\/\/www.clevelandmetzlaw.com\/es\/compensacion-de-trabajadores\/indemnizacion-laboral-tras-la-rescision-del-contrato-en-california\/\">Caso post-terminaci\u00f3n<\/a>.\u00a0<\/li>\n<\/ul>\n<h2 data-start=\"4229\" data-end=\"4272\"><strong data-start=\"4232\" data-end=\"4272\">\u00c9xito de clientes en Fontana y Rialto<\/strong><\/h2>\n<p data-start=\"4274\" data-end=\"4332\">He aqu\u00ed algunos ejemplos de c\u00f3mo hemos ayudado a clientes locales:<\/p>\n<blockquote data-start=\"4334\" data-end=\"4540\">\n<p data-start=\"4336\" data-end=\"4540\"><em data-start=\"4336\" data-end=\"4508\">\"Despu\u00e9s de mi lesi\u00f3n en la espalda en un almac\u00e9n de Fontana, la compa\u00f1\u00eda de seguros retras\u00f3 mi tratamiento. Cleveland &amp; Metz luch\u00f3 por m\u00ed, y finalmente consegu\u00ed mi cirug\u00eda y beneficios completos \".<\/em><br data-start=\"4508\" data-end=\"4511\" \/><br \/>\n- Cliente de Fontana, CA<\/p>\n<\/blockquote>\n<blockquote data-start=\"4542\" data-end=\"4701\">\n<p data-start=\"4544\" data-end=\"4701\"><em data-start=\"4544\" data-end=\"4670\">\"No sab\u00eda que pod\u00eda reabrir mi antigua reclamaci\u00f3n hasta que habl\u00e9 con el Sr. Metz. Me consigui\u00f3 un acuerdo para la atenci\u00f3n m\u00e9dica continua\".<\/em><br data-start=\"4670\" data-end=\"4673\" \/><br \/>\n- Cliente de Rialto, CA<\/p>\n<\/blockquote>\n<p data-start=\"4703\" data-end=\"4832\">Cada caso es diferente, tan \u00fanico como su huella dactilar, pero nuestro compromiso es el mismo: tratamos a cada cliente con respeto, compasi\u00f3n y atenci\u00f3n personal.<\/p>\n<p data-start=\"5181\" data-end=\"5373\">\u00a0<\/p>\n<h2 data-start=\"5380\" data-end=\"5417\"><strong data-start=\"5383\" data-end=\"5417\">P\u00f3ngase en contacto con Cleveland &amp; Metz hoy mismo<\/strong><\/h2>\n<p data-start=\"5673\" data-end=\"5868\">\ud83d\udcde <strong data-start=\"5676\" data-end=\"5699\">Llame al (800) 397-7708<\/strong> para su <strong data-start=\"5709\" data-end=\"5730\">consulta gratuita<\/strong>o rellene nuestro <strong data-start=\"5748\" data-end=\"5782\"><a class=\"decorated-link\" href=\"https:\/\/www.clevelandmetzlaw.com\/es\/contacto\/\" rel=\"noopener\" data-start=\"5750\" data-end=\"5780\">formulario de contacto confidencial<\/a><\/strong><\/p>\n<p><a href=\"https:\/\/goo.gl\/maps\/TJWBBBqZHt12\"><img loading=\"lazy\" decoding=\"async\" class=\"aligncenter size-full wp-image-2837\" src=\"https:\/\/www.clevelandmetzlaw.com\/wp-content\/uploads\/2019\/02\/Fontana-To-Law-Offices-Of-Cleveland-And-Metz-MAP.jpg\" alt=\"\" width=\"1280\" height=\"960\" srcset=\"https:\/\/www.clevelandmetzlaw.com\/wp-content\/uploads\/2019\/02\/Fontana-To-Law-Offices-Of-Cleveland-And-Metz-MAP.jpg 1280w, https:\/\/www.clevelandmetzlaw.com\/wp-content\/uploads\/2019\/02\/Fontana-To-Law-Offices-Of-Cleveland-And-Metz-MAP-540x405.jpg 540w, https:\/\/www.clevelandmetzlaw.com\/wp-content\/uploads\/2019\/02\/Fontana-To-Law-Offices-Of-Cleveland-And-Metz-MAP-768x576.jpg 768w, https:\/\/www.clevelandmetzlaw.com\/wp-content\/uploads\/2019\/02\/Fontana-To-Law-Offices-Of-Cleveland-And-Metz-MAP-960x720.jpg 960w, https:\/\/www.clevelandmetzlaw.com\/wp-content\/uploads\/2019\/02\/Fontana-To-Law-Offices-Of-Cleveland-And-Metz-MAP-285x214.jpg 285w\" sizes=\"auto, (max-width: 1280px) 100vw, 1280px\" \/><\/a><\/p>","protected":false},"excerpt":{"rendered":"<p>Fontana Compensaci\u00f3n a los Trabajadores Abogados - Ayudar a los trabajadores lesionados obtener los beneficios que merecen Llame a Charles Cleveland y John Metz Call Email Texto Mapa Frente a una lesi\u00f3n de trabajo en Fontana? Obtenga la ayuda que necesita ahora Si usted ha sido lesionado en el trabajo, su vida puede cambiar de la noche a la ma\u00f1ana. Las facturas m\u00e9dicas, tiempo fuera del trabajo, y...<\/p>","protected":false},"author":2,"featured_media":0,"parent":0,"menu_order":0,"comment_status":"closed","ping_status":"closed","template":"","meta":{"footnotes":""},"class_list":["post-579","page","type-page","status-publish","hentry"],"yoast_head":"<!-- This site is optimized with the Yoast SEO plugin v27.6 - https:\/\/yoast.com\/product\/yoast-seo-wordpress\/ -->\n<title>Fontana Workers\u2019 Comp Attorney for Repetitive Injury Cases<\/title>\n<meta name=\"description\" content=\"Work injury in Fontana? We help warehouse, delivery, and healthcare workers with cumulative trauma and workers\u2019 compensation claims. Free consultation.\" \/>\n<meta name=\"robots\" content=\"index, follow, max-snippet:-1, max-image-preview:large, max-video-preview:-1\" \/>\n<link rel=\"canonical\" href=\"https:\/\/www.clevelandmetzlaw.com\/es\/fontana-abogado-de-compensacion-de-trabajadores\/\" \/>\n<meta property=\"og:locale\" content=\"es_MX\" \/>\n<meta property=\"og:type\" content=\"article\" \/>\n<meta property=\"og:title\" content=\"Fontana Workers\u2019 Comp Attorney for Repetitive Injury Cases\" \/>\n<meta property=\"og:description\" content=\"Work injury in Fontana? We help warehouse, delivery, and healthcare workers with cumulative trauma and workers\u2019 compensation claims. Free consultation.\" \/>\n<meta property=\"og:url\" content=\"https:\/\/www.clevelandmetzlaw.com\/es\/fontana-abogado-de-compensacion-de-trabajadores\/\" \/>\n<meta property=\"og:site_name\" content=\"Cleveland Metz Law\" \/>\n<meta property=\"article:modified_time\" content=\"2026-04-02T23:02:23+00:00\" \/>\n<meta property=\"og:image\" content=\"https:\/\/www.clevelandmetzlaw.com\/wp-content\/uploads\/2021\/03\/heder-phone-1-1.png\" \/>\n\t<meta property=\"og:image:width\" content=\"29\" \/>\n\t<meta property=\"og:image:height\" content=\"29\" \/>\n\t<meta property=\"og:image:type\" content=\"image\/png\" \/>\n<meta name=\"twitter:card\" content=\"summary_large_image\" \/>\n<meta name=\"twitter:label1\" content=\"Tiempo de lectura\" \/>\n\t<meta name=\"twitter:data1\" content=\"4 minutos\" \/>\n<script type=\"application\/ld+json\" class=\"yoast-schema-graph\">{\"@context\":\"https:\\\/\\\/schema.org\",\"@graph\":[{\"@type\":\"WebPage\",\"@id\":\"https:\\\/\\\/www.clevelandmetzlaw.com\\\/fontana-workers-compensation-attorney\\\/\",\"url\":\"https:\\\/\\\/www.clevelandmetzlaw.com\\\/fontana-workers-compensation-attorney\\\/\",\"name\":\"Fontana Workers\u2019 Comp Attorney for Repetitive Injury Cases\",\"isPartOf\":{\"@id\":\"https:\\\/\\\/www.clevelandmetzlaw.com\\\/#website\"},\"primaryImageOfPage\":{\"@id\":\"https:\\\/\\\/www.clevelandmetzlaw.com\\\/fontana-workers-compensation-attorney\\\/#primaryimage\"},\"image\":{\"@id\":\"https:\\\/\\\/www.clevelandmetzlaw.com\\\/fontana-workers-compensation-attorney\\\/#primaryimage\"},\"thumbnailUrl\":\"https:\\\/\\\/www.clevelandmetzlaw.com\\\/wp-content\\\/uploads\\\/2021\\\/03\\\/heder-phone-1-1.png\",\"datePublished\":\"2013-01-11T23:41:19+00:00\",\"dateModified\":\"2026-04-02T23:02:23+00:00\",\"description\":\"Work injury in Fontana? We help warehouse, delivery, and healthcare workers with cumulative trauma and workers\u2019 compensation claims. Free consultation.\",\"breadcrumb\":{\"@id\":\"https:\\\/\\\/www.clevelandmetzlaw.com\\\/fontana-workers-compensation-attorney\\\/#breadcrumb\"},\"inLanguage\":\"es\",\"potentialAction\":[{\"@type\":\"ReadAction\",\"target\":[\"https:\\\/\\\/www.clevelandmetzlaw.com\\\/fontana-workers-compensation-attorney\\\/\"]}]},{\"@type\":\"ImageObject\",\"inLanguage\":\"es\",\"@id\":\"https:\\\/\\\/www.clevelandmetzlaw.com\\\/fontana-workers-compensation-attorney\\\/#primaryimage\",\"url\":\"https:\\\/\\\/www.clevelandmetzlaw.com\\\/wp-content\\\/uploads\\\/2021\\\/03\\\/heder-phone-1-1.png\",\"contentUrl\":\"https:\\\/\\\/www.clevelandmetzlaw.com\\\/wp-content\\\/uploads\\\/2021\\\/03\\\/heder-phone-1-1.png\"},{\"@type\":\"BreadcrumbList\",\"@id\":\"https:\\\/\\\/www.clevelandmetzlaw.com\\\/fontana-workers-compensation-attorney\\\/#breadcrumb\",\"itemListElement\":[{\"@type\":\"ListItem\",\"position\":1,\"name\":\"Home\",\"item\":\"https:\\\/\\\/www.clevelandmetzlaw.com\\\/\"},{\"@type\":\"ListItem\",\"position\":2,\"name\":\"Fontana Work Injury Attorney\"}]},{\"@type\":\"WebSite\",\"@id\":\"https:\\\/\\\/www.clevelandmetzlaw.com\\\/#website\",\"url\":\"https:\\\/\\\/www.clevelandmetzlaw.com\\\/\",\"name\":\"Cleveland Metz Law\",\"description\":\"California Work Injury &amp; Workers Compensation Attorney\",\"potentialAction\":[{\"@type\":\"SearchAction\",\"target\":{\"@type\":\"EntryPoint\",\"urlTemplate\":\"https:\\\/\\\/www.clevelandmetzlaw.com\\\/?s={search_term_string}\"},\"query-input\":{\"@type\":\"PropertyValueSpecification\",\"valueRequired\":true,\"valueName\":\"search_term_string\"}}],\"inLanguage\":\"es\"}]}<\/script>\n<!-- \/ Yoast SEO plugin. -->","yoast_head_json":{"title":"Abogado de compensaci\u00f3n para trabajadores en Fontana para casos de lesiones por uso repetitivo","description":"\u00bfLesi\u00f3n laboral en Fontana? Ayudamos a trabajadores de almacenes, reparto y del sector salud con traumas acumulativos y reclamaciones de compensaci\u00f3n laboral. Consulta gratis.","robots":{"index":"index","follow":"follow","max-snippet":"max-snippet:-1","max-image-preview":"max-image-preview:large","max-video-preview":"max-video-preview:-1"},"canonical":"https:\/\/www.clevelandmetzlaw.com\/es\/fontana-abogado-de-compensacion-de-trabajadores\/","og_locale":"es_MX","og_type":"article","og_title":"Fontana Workers\u2019 Comp Attorney for Repetitive Injury Cases","og_description":"Work injury in Fontana? We help warehouse, delivery, and healthcare workers with cumulative trauma and workers\u2019 compensation claims. Free consultation.","og_url":"https:\/\/www.clevelandmetzlaw.com\/es\/fontana-abogado-de-compensacion-de-trabajadores\/","og_site_name":"Cleveland Metz Law","article_modified_time":"2026-04-02T23:02:23+00:00","og_image":[{"width":29,"height":29,"url":"https:\/\/www.clevelandmetzlaw.com\/wp-content\/uploads\/2021\/03\/heder-phone-1-1.png","type":"image\/png"}],"twitter_card":"summary_large_image","twitter_misc":{"Tiempo de lectura":"4 minutos"},"schema":{"@context":"https:\/\/schema.org","@graph":[{"@type":"WebPage","@id":"https:\/\/www.clevelandmetzlaw.com\/fontana-workers-compensation-attorney\/","url":"https:\/\/www.clevelandmetzlaw.com\/fontana-workers-compensation-attorney\/","name":"Abogado de compensaci\u00f3n para trabajadores en Fontana para casos de lesiones por uso repetitivo","isPartOf":{"@id":"https:\/\/www.clevelandmetzlaw.com\/#website"},"primaryImageOfPage":{"@id":"https:\/\/www.clevelandmetzlaw.com\/fontana-workers-compensation-attorney\/#primaryimage"},"image":{"@id":"https:\/\/www.clevelandmetzlaw.com\/fontana-workers-compensation-attorney\/#primaryimage"},"thumbnailUrl":"https:\/\/www.clevelandmetzlaw.com\/wp-content\/uploads\/2021\/03\/heder-phone-1-1.png","datePublished":"2013-01-11T23:41:19+00:00","dateModified":"2026-04-02T23:02:23+00:00","description":"\u00bfLesi\u00f3n laboral en Fontana? Ayudamos a trabajadores de almacenes, reparto y del sector salud con traumas acumulativos y reclamaciones de compensaci\u00f3n laboral. Consulta gratis.","breadcrumb":{"@id":"https:\/\/www.clevelandmetzlaw.com\/fontana-workers-compensation-attorney\/#breadcrumb"},"inLanguage":"es","potentialAction":[{"@type":"ReadAction","target":["https:\/\/www.clevelandmetzlaw.com\/fontana-workers-compensation-attorney\/"]}]},{"@type":"ImageObject","inLanguage":"es","@id":"https:\/\/www.clevelandmetzlaw.com\/fontana-workers-compensation-attorney\/#primaryimage","url":"https:\/\/www.clevelandmetzlaw.com\/wp-content\/uploads\/2021\/03\/heder-phone-1-1.png","contentUrl":"https:\/\/www.clevelandmetzlaw.com\/wp-content\/uploads\/2021\/03\/heder-phone-1-1.png"},{"@type":"BreadcrumbList","@id":"https:\/\/www.clevelandmetzlaw.com\/fontana-workers-compensation-attorney\/#breadcrumb","itemListElement":[{"@type":"ListItem","position":1,"name":"Home","item":"https:\/\/www.clevelandmetzlaw.com\/"},{"@type":"ListItem","position":2,"name":"Fontana Work Injury Attorney"}]},{"@type":"WebSite","@id":"https:\/\/www.clevelandmetzlaw.com\/#website","url":"https:\/\/www.clevelandmetzlaw.com\/","name":"Cleveland Metz Law","description":"California Lesiones de Trabajo y Compensaci\u00f3n de Trabajadores Abogado","potentialAction":[{"@type":"SearchAction","target":{"@type":"EntryPoint","urlTemplate":"https:\/\/www.clevelandmetzlaw.com\/?s={search_term_string}"},"query-input":{"@type":"PropertyValueSpecification","valueRequired":true,"valueName":"search_term_string"}}],"inLanguage":"es"}]}},"_links":{"self":[{"href":"https:\/\/www.clevelandmetzlaw.com\/es\/wp-json\/wp\/v2\/pages\/579","targetHints":{"allow":["GET"]}}],"collection":[{"href":"https:\/\/www.clevelandmetzlaw.com\/es\/wp-json\/wp\/v2\/pages"}],"about":[{"href":"https:\/\/www.clevelandmetzlaw.com\/es\/wp-json\/wp\/v2\/types\/page"}],"author":[{"embeddable":true,"href":"https:\/\/www.clevelandmetzlaw.com\/es\/wp-json\/wp\/v2\/users\/2"}],"replies":[{"embeddable":true,"href":"https:\/\/www.clevelandmetzlaw.com\/es\/wp-json\/wp\/v2\/comments?post=579"}],"version-history":[{"count":8,"href":"https:\/\/www.clevelandmetzlaw.com\/es\/wp-json\/wp\/v2\/pages\/579\/revisions"}],"predecessor-version":[{"id":15144,"href":"https:\/\/www.clevelandmetzlaw.com\/es\/wp-json\/wp\/v2\/pages\/579\/revisions\/15144"}],"wp:attachment":[{"href":"https:\/\/www.clevelandmetzlaw.com\/es\/wp-json\/wp\/v2\/media?parent=579"}],"curies":[{"name":"wp","href":"https:\/\/api.w.org\/{rel}","templated":true}]}}