{"id":570,"date":"2013-01-11T15:34:59","date_gmt":"2013-01-11T23:34:59","guid":{"rendered":"http:\/\/www.clevelandmetzlaw.com\/?page_id=570"},"modified":"2022-04-06T06:49:50","modified_gmt":"2022-04-06T13:49:50","slug":"chino-abogado-de-compensacion-de-trabajadores","status":"publish","type":"page","link":"https:\/\/www.clevelandmetzlaw.com\/es\/chino-workers-compensation-attorney\/","title":{"rendered":"Abogado de compensaci\u00f3n laboral en Chino"},"content":{"rendered":"<h2 style=\"text-align: left;\" align=\"center\">Abogado de lesiones laborales<\/h2>\n<h2 style=\"text-align: left;\" align=\"center\">Abogado de compensaci\u00f3n laboral cerca de Chino<\/h2>\n<h3 style=\"text-align: left;\" align=\"center\">Si se lesion\u00f3 en el trabajo, llame a Charles Cleveland y John Metz<\/h3>\n<h3>\u00a0<a href=\"tel:1-909-980-9703\"><img loading=\"lazy\" decoding=\"async\" class=\"alignnone wp-image-6223 size-full\" src=\"https:\/\/www.clevelandmetzlaw.com\/wp-content\/uploads\/2021\/03\/heder-phone-1-1.png\" alt=\"\" width=\"29\" height=\"29\" srcset=\"https:\/\/www.clevelandmetzlaw.com\/wp-content\/uploads\/2021\/03\/heder-phone-1-1.png 29w, https:\/\/www.clevelandmetzlaw.com\/wp-content\/uploads\/2021\/03\/heder-phone-1-1-12x12.png 12w\" sizes=\"auto, (max-width: 29px) 100vw, 29px\" \/> <\/a><a href=\"tel: 1-909-980-9703\">Llamada<\/a>\u00a0 \u00a0<a href=\"mailto:cc@clevelandmetzlaw.com\"><img loading=\"lazy\" decoding=\"async\" class=\"alignnone wp-image-6221\" src=\"https:\/\/www.clevelandmetzlaw.com\/wp-content\/uploads\/2021\/03\/email-icon-150x150-1.jpg\" alt=\"\" width=\"29\" height=\"29\" srcset=\"https:\/\/www.clevelandmetzlaw.com\/wp-content\/uploads\/2021\/03\/email-icon-150x150-1.jpg 150w, https:\/\/www.clevelandmetzlaw.com\/wp-content\/uploads\/2021\/03\/email-icon-150x150-1-12x12.jpg 12w\" sizes=\"auto, (max-width: 29px) 100vw, 29px\" \/><\/a> <a href=\"mailto:cc@clevelandmetzlaw.com\"><strong>Correo electr\u00f3nico<\/strong><\/a><strong>\u00a0\u00a0<\/strong><strong> <a href=\"sms:1-909-303-6374\"><img loading=\"lazy\" decoding=\"async\" class=\"alignnone wp-image-6222\" src=\"https:\/\/www.clevelandmetzlaw.com\/wp-content\/uploads\/2021\/03\/Cleveland-Metz-Text-150x150-1.png\" alt=\"\" width=\"29\" height=\"29\" srcset=\"https:\/\/www.clevelandmetzlaw.com\/wp-content\/uploads\/2021\/03\/Cleveland-Metz-Text-150x150-1.png 150w, https:\/\/www.clevelandmetzlaw.com\/wp-content\/uploads\/2021\/03\/Cleveland-Metz-Text-150x150-1-12x12.png 12w\" sizes=\"auto, (max-width: 29px) 100vw, 29px\" \/><\/a>\u00a0<\/strong><a href=\"sms:1-909-303-6374\">Texto<\/a>\u00a0 <a href=\"https:\/\/www.clevelandmetzlaw.com\/es\/encuentranos\/\"><img loading=\"lazy\" decoding=\"async\" class=\"alignnone wp-image-6224\" src=\"https:\/\/www.clevelandmetzlaw.com\/wp-content\/uploads\/2021\/03\/map-icon-ClevelandMetz-150x150-1.png\" alt=\"\" width=\"29\" height=\"29\" srcset=\"https:\/\/www.clevelandmetzlaw.com\/wp-content\/uploads\/2021\/03\/map-icon-ClevelandMetz-150x150-1.png 150w, https:\/\/www.clevelandmetzlaw.com\/wp-content\/uploads\/2021\/03\/map-icon-ClevelandMetz-150x150-1-12x12.png 12w\" sizes=\"auto, (max-width: 29px) 100vw, 29px\" \/><\/a> <a href=\"https:\/\/www.clevelandmetzlaw.com\/es\/encuentranos\/\">Mapa<\/a><\/h3>\n<p><img loading=\"lazy\" decoding=\"async\" class=\"wp-image-975 size-thumbnail alignleft\" src=\"https:\/\/www.clevelandmetzlaw.com\/wp-content\/uploads\/2014\/07\/cml-square-icon-150x150.jpg\" alt=\"Logotipo del bufete de abogados Cleveland &amp; Metz\" width=\"150\" height=\"150\" \/><\/p>\n<p>Una lesi\u00f3n de trabajo puede ser un evento que cambia la vida y usted necesita un abogado con experiencia en compensaci\u00f3n de trabajo local de su lado. P\u00f3ngase en contacto con Chino Compensaci\u00f3n a los Trabajadores Abogados Charles Cleveland y John Metz en las Oficinas Legales de Cleveland y Metz hoy Nuestra oficina est\u00e1 a unos 12 kil\u00f3metros del centro de Chino Hemos estado sirviendo a la comunidad de Chino durante 25 a\u00f1os en el mismo lugar.<\/p>\n<p>Nuestras consultas son gratuitas al igual que nuestra evaluaci\u00f3n sobre si puede o no necesitar un abogado. No todos los casos de Compensaci\u00f3n Laboral necesitan representaci\u00f3n, a veces un buen consejo es suficiente.<\/p>\n<p>\u00a0Estamos dedicados exclusivamente a la pr\u00e1ctica de Compensaci\u00f3n a los Trabajadores que representan a los trabajadores lesionados \u00e1rea de Chino . Las Oficinas Legales de Cleveland y Metz tiene m\u00e1s de 50 a\u00f1os de experiencia combinada ayudando a los trabajadores lesionados Chino con sus casos de lesiones de trabajo. Si su lesi\u00f3n es el resultado de un incidente espec\u00edfico, o una lesi\u00f3n repetitiva que se produjo en el tiempo o incluso si su caso es negado, los abogados de lesiones de trabajo de Chino en las Oficinas Legales de Cleveland y Metz le puede ayudar.\u00a0<\/p>\n<p>Ya sea que haya sufrido una lesi\u00f3n laboral de rutina o haya sufrido una lesi\u00f3n grave que cambie su vida y su carrera, <strong>Abogados de compensaci\u00f3n de trabajadores de Chino Charles Cleveland y John Metz<\/strong> luchar\u00e1 por usted en contra de las compa\u00f1\u00edas de seguros de compensaci\u00f3n de trabajo en la Junta de Apelaciones de Compensaci\u00f3n de Trabajadores. P\u00f3ngase en contacto con el Chino Compensaci\u00f3n a los Trabajadores Firma de Abogados de Cleveland y Metz al (800) 397-7708. Puede ponerse en contacto con nosotros directamente por correo electr\u00f3nico rellenando nuestro Formulario de Contacto de Lesiones y Accidentes de Trabajo y nos pondremos en contacto con usted tan pronto como uno de nosotros revis\u00f3 su presentaci\u00f3n.<\/p>\n<p><a href=\"https:\/\/goo.gl\/maps\/TJWBBBqZHt12\"><img loading=\"lazy\" decoding=\"async\" class=\"aligncenter size-full wp-image-2827\" src=\"https:\/\/www.clevelandmetzlaw.com\/wp-content\/uploads\/2019\/02\/Chino-To-Law-Offices-Of-Cleveland-And-Metz-MAP.jpg\" alt=\"\" width=\"1280\" height=\"960\" srcset=\"https:\/\/www.clevelandmetzlaw.com\/wp-content\/uploads\/2019\/02\/Chino-To-Law-Offices-Of-Cleveland-And-Metz-MAP.jpg 1280w, https:\/\/www.clevelandmetzlaw.com\/wp-content\/uploads\/2019\/02\/Chino-To-Law-Offices-Of-Cleveland-And-Metz-MAP-540x405.jpg 540w, https:\/\/www.clevelandmetzlaw.com\/wp-content\/uploads\/2019\/02\/Chino-To-Law-Offices-Of-Cleveland-And-Metz-MAP-768x576.jpg 768w, https:\/\/www.clevelandmetzlaw.com\/wp-content\/uploads\/2019\/02\/Chino-To-Law-Offices-Of-Cleveland-And-Metz-MAP-960x720.jpg 960w, https:\/\/www.clevelandmetzlaw.com\/wp-content\/uploads\/2019\/02\/Chino-To-Law-Offices-Of-Cleveland-And-Metz-MAP-285x214.jpg 285w\" sizes=\"auto, (max-width: 1280px) 100vw, 1280px\" \/><\/a><\/p>","protected":false},"excerpt":{"rendered":"<p>Abogado de Lesiones de Trabajo Abogado de Compensaci\u00f3n de Trabajadores cerca de Chino Si usted ha sido lesionado en el trabajo, llame a Charles Cleveland y John Metz Llamar Email Texto Mapa Una lesi\u00f3n de trabajo puede ser un evento que cambia la vida y que necesita un abogado de compensaci\u00f3n de trabajo local con experiencia de su lado. Contacto Chino Compensaci\u00f3n a los Trabajadores Abogados Charles Cleveland y John Metz ...<\/p>","protected":false},"author":2,"featured_media":0,"parent":0,"menu_order":0,"comment_status":"closed","ping_status":"closed","template":"","meta":{"footnotes":""},"class_list":["post-570","page","type-page","status-publish","hentry"],"yoast_head":"<!-- This site is optimized with the Yoast SEO plugin v27.4 - https:\/\/yoast.com\/product\/yoast-seo-wordpress\/ -->\n<title>Chino Workers Compensation Attorney<\/title>\n<meta name=\"description\" content=\"Chino workers compensation attorney - A Chino Workers Compensation attorney from Cleveland and Metz has experience in personal injury and workers comp law!\" \/>\n<meta name=\"robots\" content=\"index, follow, max-snippet:-1, max-image-preview:large, max-video-preview:-1\" \/>\n<link rel=\"canonical\" href=\"https:\/\/www.clevelandmetzlaw.com\/es\/chino-abogado-de-compensacion-de-trabajadores\/\" \/>\n<meta property=\"og:locale\" content=\"es_MX\" \/>\n<meta property=\"og:type\" content=\"article\" \/>\n<meta property=\"og:title\" content=\"Chino Workers Compensation Attorney\" \/>\n<meta property=\"og:description\" content=\"Chino workers compensation attorney - A Chino Workers Compensation attorney from Cleveland and Metz has experience in personal injury and workers comp law!\" \/>\n<meta property=\"og:url\" content=\"https:\/\/www.clevelandmetzlaw.com\/es\/chino-abogado-de-compensacion-de-trabajadores\/\" \/>\n<meta property=\"og:site_name\" content=\"Cleveland Metz Law\" \/>\n<meta property=\"article:modified_time\" content=\"2022-04-06T13:49:50+00:00\" \/>\n<meta property=\"og:image\" content=\"https:\/\/www.clevelandmetzlaw.com\/wp-content\/uploads\/2021\/03\/heder-phone-1-1.png\" \/>\n<meta name=\"twitter:card\" content=\"summary_large_image\" \/>\n<meta name=\"twitter:label1\" content=\"Tiempo de lectura\" \/>\n\t<meta name=\"twitter:data1\" content=\"3 minutos\" \/>\n<script type=\"application\/ld+json\" class=\"yoast-schema-graph\">{\"@context\":\"https:\\\/\\\/schema.org\",\"@graph\":[{\"@type\":\"WebPage\",\"@id\":\"https:\\\/\\\/www.clevelandmetzlaw.com\\\/chino-workers-compensation-attorney\\\/\",\"url\":\"https:\\\/\\\/www.clevelandmetzlaw.com\\\/chino-workers-compensation-attorney\\\/\",\"name\":\"Chino Workers Compensation Attorney\",\"isPartOf\":{\"@id\":\"https:\\\/\\\/www.clevelandmetzlaw.com\\\/#website\"},\"primaryImageOfPage\":{\"@id\":\"https:\\\/\\\/www.clevelandmetzlaw.com\\\/chino-workers-compensation-attorney\\\/#primaryimage\"},\"image\":{\"@id\":\"https:\\\/\\\/www.clevelandmetzlaw.com\\\/chino-workers-compensation-attorney\\\/#primaryimage\"},\"thumbnailUrl\":\"https:\\\/\\\/www.clevelandmetzlaw.com\\\/wp-content\\\/uploads\\\/2021\\\/03\\\/heder-phone-1-1.png\",\"datePublished\":\"2013-01-11T23:34:59+00:00\",\"dateModified\":\"2022-04-06T13:49:50+00:00\",\"description\":\"Chino workers compensation attorney - A Chino Workers Compensation attorney from Cleveland and Metz has experience in personal injury and workers comp law!\",\"breadcrumb\":{\"@id\":\"https:\\\/\\\/www.clevelandmetzlaw.com\\\/chino-workers-compensation-attorney\\\/#breadcrumb\"},\"inLanguage\":\"es\",\"potentialAction\":[{\"@type\":\"ReadAction\",\"target\":[\"https:\\\/\\\/www.clevelandmetzlaw.com\\\/chino-workers-compensation-attorney\\\/\"]}]},{\"@type\":\"ImageObject\",\"inLanguage\":\"es\",\"@id\":\"https:\\\/\\\/www.clevelandmetzlaw.com\\\/chino-workers-compensation-attorney\\\/#primaryimage\",\"url\":\"https:\\\/\\\/www.clevelandmetzlaw.com\\\/wp-content\\\/uploads\\\/2021\\\/03\\\/heder-phone-1-1.png\",\"contentUrl\":\"https:\\\/\\\/www.clevelandmetzlaw.com\\\/wp-content\\\/uploads\\\/2021\\\/03\\\/heder-phone-1-1.png\"},{\"@type\":\"BreadcrumbList\",\"@id\":\"https:\\\/\\\/www.clevelandmetzlaw.com\\\/chino-workers-compensation-attorney\\\/#breadcrumb\",\"itemListElement\":[{\"@type\":\"ListItem\",\"position\":1,\"name\":\"Home\",\"item\":\"https:\\\/\\\/www.clevelandmetzlaw.com\\\/\"},{\"@type\":\"ListItem\",\"position\":2,\"name\":\"Chino Workers Compensation Attorney\"}]},{\"@type\":\"WebSite\",\"@id\":\"https:\\\/\\\/www.clevelandmetzlaw.com\\\/#website\",\"url\":\"https:\\\/\\\/www.clevelandmetzlaw.com\\\/\",\"name\":\"Cleveland Metz Law\",\"description\":\"California Work Injury &amp; Workers Compensation Attorney\",\"potentialAction\":[{\"@type\":\"SearchAction\",\"target\":{\"@type\":\"EntryPoint\",\"urlTemplate\":\"https:\\\/\\\/www.clevelandmetzlaw.com\\\/?s={search_term_string}\"},\"query-input\":{\"@type\":\"PropertyValueSpecification\",\"valueRequired\":true,\"valueName\":\"search_term_string\"}}],\"inLanguage\":\"es\"}]}<\/script>\n<!-- \/ Yoast SEO plugin. -->","yoast_head_json":{"title":"Abogado de compensaci\u00f3n laboral en Chino","description":"\u00a1Chino abogado de compensaci\u00f3n de trabajadores - Un abogado de compensaci\u00f3n de trabajadores de Chino Cleveland y Metz tiene experiencia en lesiones personales y la ley de compensaci\u00f3n de trabajadores!","robots":{"index":"index","follow":"follow","max-snippet":"max-snippet:-1","max-image-preview":"max-image-preview:large","max-video-preview":"max-video-preview:-1"},"canonical":"https:\/\/www.clevelandmetzlaw.com\/es\/chino-abogado-de-compensacion-de-trabajadores\/","og_locale":"es_MX","og_type":"article","og_title":"Chino Workers Compensation Attorney","og_description":"Chino workers compensation attorney - A Chino Workers Compensation attorney from Cleveland and Metz has experience in personal injury and workers comp law!","og_url":"https:\/\/www.clevelandmetzlaw.com\/es\/chino-abogado-de-compensacion-de-trabajadores\/","og_site_name":"Cleveland Metz Law","article_modified_time":"2022-04-06T13:49:50+00:00","og_image":[{"url":"https:\/\/www.clevelandmetzlaw.com\/wp-content\/uploads\/2021\/03\/heder-phone-1-1.png","type":"","width":"","height":""}],"twitter_card":"summary_large_image","twitter_misc":{"Tiempo de lectura":"3 minutos"},"schema":{"@context":"https:\/\/schema.org","@graph":[{"@type":"WebPage","@id":"https:\/\/www.clevelandmetzlaw.com\/chino-workers-compensation-attorney\/","url":"https:\/\/www.clevelandmetzlaw.com\/chino-workers-compensation-attorney\/","name":"Abogado de compensaci\u00f3n laboral en Chino","isPartOf":{"@id":"https:\/\/www.clevelandmetzlaw.com\/#website"},"primaryImageOfPage":{"@id":"https:\/\/www.clevelandmetzlaw.com\/chino-workers-compensation-attorney\/#primaryimage"},"image":{"@id":"https:\/\/www.clevelandmetzlaw.com\/chino-workers-compensation-attorney\/#primaryimage"},"thumbnailUrl":"https:\/\/www.clevelandmetzlaw.com\/wp-content\/uploads\/2021\/03\/heder-phone-1-1.png","datePublished":"2013-01-11T23:34:59+00:00","dateModified":"2022-04-06T13:49:50+00:00","description":"\u00a1Chino abogado de compensaci\u00f3n de trabajadores - Un abogado de compensaci\u00f3n de trabajadores de Chino Cleveland y Metz tiene experiencia en lesiones personales y la ley de compensaci\u00f3n de trabajadores!","breadcrumb":{"@id":"https:\/\/www.clevelandmetzlaw.com\/chino-workers-compensation-attorney\/#breadcrumb"},"inLanguage":"es","potentialAction":[{"@type":"ReadAction","target":["https:\/\/www.clevelandmetzlaw.com\/chino-workers-compensation-attorney\/"]}]},{"@type":"ImageObject","inLanguage":"es","@id":"https:\/\/www.clevelandmetzlaw.com\/chino-workers-compensation-attorney\/#primaryimage","url":"https:\/\/www.clevelandmetzlaw.com\/wp-content\/uploads\/2021\/03\/heder-phone-1-1.png","contentUrl":"https:\/\/www.clevelandmetzlaw.com\/wp-content\/uploads\/2021\/03\/heder-phone-1-1.png"},{"@type":"BreadcrumbList","@id":"https:\/\/www.clevelandmetzlaw.com\/chino-workers-compensation-attorney\/#breadcrumb","itemListElement":[{"@type":"ListItem","position":1,"name":"Home","item":"https:\/\/www.clevelandmetzlaw.com\/"},{"@type":"ListItem","position":2,"name":"Chino Workers Compensation Attorney"}]},{"@type":"WebSite","@id":"https:\/\/www.clevelandmetzlaw.com\/#website","url":"https:\/\/www.clevelandmetzlaw.com\/","name":"Cleveland Metz Law","description":"California Lesiones de Trabajo y Compensaci\u00f3n de Trabajadores Abogado","potentialAction":[{"@type":"SearchAction","target":{"@type":"EntryPoint","urlTemplate":"https:\/\/www.clevelandmetzlaw.com\/?s={search_term_string}"},"query-input":{"@type":"PropertyValueSpecification","valueRequired":true,"valueName":"search_term_string"}}],"inLanguage":"es"}]}},"_links":{"self":[{"href":"https:\/\/www.clevelandmetzlaw.com\/es\/wp-json\/wp\/v2\/pages\/570","targetHints":{"allow":["GET"]}}],"collection":[{"href":"https:\/\/www.clevelandmetzlaw.com\/es\/wp-json\/wp\/v2\/pages"}],"about":[{"href":"https:\/\/www.clevelandmetzlaw.com\/es\/wp-json\/wp\/v2\/types\/page"}],"author":[{"embeddable":true,"href":"https:\/\/www.clevelandmetzlaw.com\/es\/wp-json\/wp\/v2\/users\/2"}],"replies":[{"embeddable":true,"href":"https:\/\/www.clevelandmetzlaw.com\/es\/wp-json\/wp\/v2\/comments?post=570"}],"version-history":[{"count":0,"href":"https:\/\/www.clevelandmetzlaw.com\/es\/wp-json\/wp\/v2\/pages\/570\/revisions"}],"wp:attachment":[{"href":"https:\/\/www.clevelandmetzlaw.com\/es\/wp-json\/wp\/v2\/media?parent=570"}],"curies":[{"name":"wp","href":"https:\/\/api.w.org\/{rel}","templated":true}]}}