{"id":3973,"date":"2020-02-11T08:04:05","date_gmt":"2020-02-11T16:04:05","guid":{"rendered":"https:\/\/www.clevelandmetzlaw.com\/?page_id=3973"},"modified":"2021-03-03T10:54:07","modified_gmt":"2021-03-03T18:54:07","slug":"abogados-de-accidentes-de-trabajo","status":"publish","type":"page","link":"https:\/\/www.clevelandmetzlaw.com\/es\/work-injury-accident-lawyers\/","title":{"rendered":"Abogados de trabajo"},"content":{"rendered":"<h2>Elegir el abogado de compensaci\u00f3n laboral adecuado<\/h2>\n<h3>\u00a0<a href=\"tel:1-909-980-9703\"><img loading=\"lazy\" decoding=\"async\" class=\"alignnone wp-image-6223 size-full\" src=\"https:\/\/www.clevelandmetzlaw.com\/wp-content\/uploads\/2021\/03\/heder-phone-1-1.png\" alt=\"\" width=\"29\" height=\"29\" srcset=\"https:\/\/www.clevelandmetzlaw.com\/wp-content\/uploads\/2021\/03\/heder-phone-1-1.png 29w, https:\/\/www.clevelandmetzlaw.com\/wp-content\/uploads\/2021\/03\/heder-phone-1-1-12x12.png 12w\" sizes=\"auto, (max-width: 29px) 100vw, 29px\" \/> <\/a><a href=\"tel: 1-909-980-9703\">Llamada<\/a>\u00a0 \u00a0<a href=\"mailto:cc@clevelandmetzlaw.com\"><img loading=\"lazy\" decoding=\"async\" class=\"alignnone wp-image-6221\" src=\"https:\/\/www.clevelandmetzlaw.com\/wp-content\/uploads\/2021\/03\/email-icon-150x150-1.jpg\" alt=\"\" width=\"29\" height=\"29\" srcset=\"https:\/\/www.clevelandmetzlaw.com\/wp-content\/uploads\/2021\/03\/email-icon-150x150-1.jpg 150w, https:\/\/www.clevelandmetzlaw.com\/wp-content\/uploads\/2021\/03\/email-icon-150x150-1-12x12.jpg 12w\" sizes=\"auto, (max-width: 29px) 100vw, 29px\" \/><\/a> <a href=\"mailto:cc@clevelandmetzlaw.com\"><strong>Correo electr\u00f3nico<\/strong><\/a><strong>\u00a0\u00a0<\/strong><strong> <a href=\"sms:1-909-303-6374\"><img loading=\"lazy\" decoding=\"async\" class=\"alignnone wp-image-6222\" src=\"https:\/\/www.clevelandmetzlaw.com\/wp-content\/uploads\/2021\/03\/Cleveland-Metz-Text-150x150-1.png\" alt=\"\" width=\"29\" height=\"29\" srcset=\"https:\/\/www.clevelandmetzlaw.com\/wp-content\/uploads\/2021\/03\/Cleveland-Metz-Text-150x150-1.png 150w, https:\/\/www.clevelandmetzlaw.com\/wp-content\/uploads\/2021\/03\/Cleveland-Metz-Text-150x150-1-12x12.png 12w\" sizes=\"auto, (max-width: 29px) 100vw, 29px\" \/><\/a>\u00a0<\/strong><a href=\"sms:1-909-303-6374\">Texto<\/a>\u00a0 <a href=\"https:\/\/www.clevelandmetzlaw.com\/es\/encuentranos\/\"><img loading=\"lazy\" decoding=\"async\" class=\"alignnone wp-image-6224\" src=\"https:\/\/www.clevelandmetzlaw.com\/wp-content\/uploads\/2021\/03\/map-icon-ClevelandMetz-150x150-1.png\" alt=\"\" width=\"29\" height=\"29\" srcset=\"https:\/\/www.clevelandmetzlaw.com\/wp-content\/uploads\/2021\/03\/map-icon-ClevelandMetz-150x150-1.png 150w, https:\/\/www.clevelandmetzlaw.com\/wp-content\/uploads\/2021\/03\/map-icon-ClevelandMetz-150x150-1-12x12.png 12w\" sizes=\"auto, (max-width: 29px) 100vw, 29px\" \/><\/a> <a href=\"https:\/\/www.clevelandmetzlaw.com\/es\/encuentranos\/\">Mapa<\/a><\/h3>\n<p>El abogado que contrate para su caso de compensaci\u00f3n para trabajadores puede hacer una gran diferencia en <a href=\"https:\/\/www.clevelandmetzlaw.com\/wp-content\/uploads\/2019\/04\/cml-square-icon.jpg\"><img loading=\"lazy\" decoding=\"async\" class=\"alignright wp-image-3135 size-thumbnail\" src=\"https:\/\/www.clevelandmetzlaw.com\/wp-content\/uploads\/2019\/04\/cml-square-icon-160x160.jpg\" alt=\"Cleveland Metz mejores abogados de accidentes de trabajo\" width=\"160\" height=\"160\" srcset=\"https:\/\/www.clevelandmetzlaw.com\/wp-content\/uploads\/2019\/04\/cml-square-icon-160x160.jpg 160w, https:\/\/www.clevelandmetzlaw.com\/wp-content\/uploads\/2019\/04\/cml-square-icon-405x405.jpg 405w, https:\/\/www.clevelandmetzlaw.com\/wp-content\/uploads\/2019\/04\/cml-square-icon-250x250.jpg 250w, https:\/\/www.clevelandmetzlaw.com\/wp-content\/uploads\/2019\/04\/cml-square-icon-174x174.jpg 174w, https:\/\/www.clevelandmetzlaw.com\/wp-content\/uploads\/2019\/04\/cml-square-icon.jpg 600w\" sizes=\"auto, (max-width: 160px) 100vw, 160px\" \/><\/a>obteniendo los beneficios que se merece. Elegir al abogado equivocado puede ser desastroso. Podr\u00eda terminar con un abogado de fuera de la ciudad que presentar\u00e1 su caso lejos de su hogar y probablemente nunca lo conocer\u00e1 en persona. Tenga cuidado con la publicidad de Google y los resultados de b\u00fasqueda en los mapas de Google que no tienen direcci\u00f3n, ni sitio web y no muestran el nombre de los abogados, pero de alguna manera tienen rese\u00f1as de cinco estrellas. Eso deber\u00eda ser un <strong>gran bandera roja<\/strong> para ti.<\/p>\n<p>Si muestra el nombre de los abogados, verifique que los abogados tengan la direcci\u00f3n real del Colegio de Abogados de California, todos los abogados deben incluir la direcci\u00f3n comercial real en el Colegio de Abogados del Estado de California, si su investigaci\u00f3n muestra que ese abogado no est\u00e1 realmente cerca de usted o utiliza alg\u00fan direcci\u00f3n, busque otro abogado.<\/p>\n<p>Puede verificar el nombre, la direcci\u00f3n y el n\u00famero de tel\u00e9fono de los abogados aqu\u00ed:<\/p>\n<p><strong><span style=\"font-size: 14pt;\"><a href=\"http:\/\/members.calbar.ca.gov\/fal\/LicenseeSearch\/QuickSearch\">Licencia de abogado del Colegio de Abogados de California y verificaci\u00f3n de direcci\u00f3n<\/a><\/span><\/strong><\/p>\n<p>Si no hace su investigaci\u00f3n y termina con un abogado a trav\u00e9s de alg\u00fan resultado de b\u00fasqueda de Google con el que en realidad no se ha reunido o no ha hablado, no tendr\u00e1 idea de d\u00f3nde se est\u00e1n archivando sus casos y qui\u00e9n eventualmente manejar\u00e1 su caso. Puede terminar con un buen abogado, puede que no, pero \u00bfest\u00e1 dispuesto a correr ese riesgo con algo que pueda afectar el resto de su vida?<\/p>\n<p>Aseg\u00farese de que el abogado que elija tenga experiencia y sea local para usted. Un abogado local estar\u00e1 familiarizado con los tribunales de su \u00e1rea, los evaluadores m\u00e9dicos calificados y los m\u00e9dicos tratantes primarios y debe tener una buena relaci\u00f3n de trabajo con los abogados defensores y las compa\u00f1\u00edas de seguros a trav\u00e9s de su reputaci\u00f3n. Muchos de los anuncios que ve en Google son de abogados que archivar\u00e1n su caso a largas distancias de su hogar y, en general, una vez que eso sucede, se queda atrapado all\u00ed. Investigue primero antes de hacer su elecci\u00f3n, toma unos minutos investigar un poco en el sitio web del State Bar y le evitar\u00e1 muchas molestias m\u00e1s adelante.<\/p>\n<p>Una vez que haya pasado por el proceso de encontrar e investigar abogados de compensaci\u00f3n de trabajadores, el siguiente paso ser\u00e1 programar reuniones con los abogados que est\u00e1 considerando. Los abogados de compensaci\u00f3n de trabajadores no cobran por las consultas iniciales, que pueden ocurrir por tel\u00e9fono o en la oficina del abogado. De cualquier manera, es importante estar preparado para aprovechar al m\u00e1ximo las reuniones. A continuaci\u00f3n se ofrecen algunos consejos para su preparaci\u00f3n.<\/p>\n<p>Deber\u00eda estar listo con un breve resumen de lo que ha sucedido en su caso hasta ahora. A los abogados les gusta pasar por los eventos cronol\u00f3gicamente, por lo que ayudar\u00e1 a crear una breve l\u00ednea de tiempo de los eventos, que incluye:<\/p>\n<ul>\n<li>cuando te contrataron<\/li>\n<li>c\u00f3mo y cu\u00e1ndo ocurri\u00f3 la lesi\u00f3n<\/li>\n<li>c\u00f3mo y cu\u00e1ndo notific\u00f3 a su empleador sobre la lesi\u00f3n y qui\u00e9n recibi\u00f3 el aviso<\/li>\n<li>cu\u00e1ndo y d\u00f3nde busc\u00f3 tratamiento m\u00e9dico por primera vez, y<\/li>\n<li>un breve resumen de su tratamiento m\u00e9dico hasta la fecha.<\/li>\n<\/ul>\n<p><strong>Traiga sus documentos<\/strong><\/p>\n<p>Debe traer cualquier documento y otra informaci\u00f3n relevante para llevar a su reuni\u00f3n, incluyendo:<\/p>\n<ul>\n<li>cualquier informe escrito de su accidente o lesi\u00f3n<\/li>\n<li>una lista de sus proveedores m\u00e9dicos y su informaci\u00f3n de contacto<\/li>\n<li>una lista de los testigos que vieron su accidente, con informaci\u00f3n de contacto<\/li>\n<li>informaci\u00f3n sobre cualquier lesi\u00f3n anterior que haya tenido en la misma parte de su cuerpo<\/li>\n<li>correspondencia de su empleador o su compa\u00f1\u00eda de seguros sobre su reclamo, y<\/li>\n<li>informaci\u00f3n de contacto de su empleador y su compa\u00f1\u00eda de seguros.<\/li>\n<\/ul>\n<p>Los formularios de admisi\u00f3n de abogados durar\u00e1n la mayor\u00eda de estas preguntas si no tiene los documentos a mano.<\/p>\n<p>Las consultas iniciales son una oportunidad para evaluar si un abogado ser\u00e1 el m\u00e1s adecuado para usted. Esto es importante ya que probablemente tendr\u00e1 una relaci\u00f3n de trabajo a largo plazo con su abogado para desarrollar un plan para lidiar con las circunstancias de su lesi\u00f3n laboral y comprender los posibles resultados de su caso.<\/p>","protected":false},"excerpt":{"rendered":"<p>C\u00f3mo elegir al abogado adecuado para su caso de compensaci\u00f3n laboral Llame Correo electr\u00f3nico Texto Mapa El abogado que contrate para su caso de compensaci\u00f3n laboral puede marcar una gran diferencia a la hora de conseguir las prestaciones que se merece. Escoger al abogado equivocado puede ser desastroso. Usted podr\u00eda terminar con un abogado fuera de la ciudad que presentar\u00e1 su caso lejos de...<\/p>","protected":false},"author":2,"featured_media":0,"parent":0,"menu_order":0,"comment_status":"closed","ping_status":"closed","template":"","meta":{"footnotes":""},"class_list":["post-3973","page","type-page","status-publish","hentry"],"yoast_head":"<!-- This site is optimized with the Yoast SEO plugin v27.6 - https:\/\/yoast.com\/product\/yoast-seo-wordpress\/ -->\n<title>Choosing the Right Worker\u2019s Compensation Attorney<\/title>\n<meta name=\"description\" content=\"The lawyer you hire for your workers\u2019 compensation case can make a big difference in getting you the benefits you deserve. Picking the wrong lawyer can be disastrous.\" \/>\n<meta name=\"robots\" content=\"index, follow, max-snippet:-1, max-image-preview:large, max-video-preview:-1\" \/>\n<link rel=\"canonical\" href=\"https:\/\/www.clevelandmetzlaw.com\/es\/abogados-de-accidentes-de-trabajo\/\" \/>\n<meta property=\"og:locale\" content=\"es_MX\" \/>\n<meta property=\"og:type\" content=\"article\" \/>\n<meta property=\"og:title\" content=\"Choosing the Right Worker\u2019s Compensation Attorney\" \/>\n<meta property=\"og:description\" content=\"The lawyer you hire for your workers\u2019 compensation case can make a big difference in getting you the benefits you deserve. Picking the wrong lawyer can be disastrous.\" \/>\n<meta property=\"og:url\" content=\"https:\/\/www.clevelandmetzlaw.com\/es\/abogados-de-accidentes-de-trabajo\/\" \/>\n<meta property=\"og:site_name\" content=\"Cleveland Metz Law\" \/>\n<meta property=\"article:modified_time\" content=\"2021-03-03T18:54:07+00:00\" \/>\n<meta property=\"og:image\" content=\"https:\/\/www.clevelandmetzlaw.com\/wp-content\/uploads\/2021\/03\/heder-phone-1-1.png\" \/>\n<meta name=\"twitter:card\" content=\"summary_large_image\" \/>\n<meta name=\"twitter:label1\" content=\"Tiempo de lectura\" \/>\n\t<meta name=\"twitter:data1\" content=\"3 minutos\" \/>\n<script type=\"application\/ld+json\" class=\"yoast-schema-graph\">{\"@context\":\"https:\\\/\\\/schema.org\",\"@graph\":[{\"@type\":\"WebPage\",\"@id\":\"https:\\\/\\\/www.clevelandmetzlaw.com\\\/es\\\/work-injury-accident-lawyers\\\/\",\"url\":\"https:\\\/\\\/www.clevelandmetzlaw.com\\\/es\\\/work-injury-accident-lawyers\\\/\",\"name\":\"Choosing the Right Worker\u2019s Compensation Attorney\",\"isPartOf\":{\"@id\":\"https:\\\/\\\/www.clevelandmetzlaw.com\\\/#website\"},\"primaryImageOfPage\":{\"@id\":\"https:\\\/\\\/www.clevelandmetzlaw.com\\\/es\\\/work-injury-accident-lawyers\\\/#primaryimage\"},\"image\":{\"@id\":\"https:\\\/\\\/www.clevelandmetzlaw.com\\\/es\\\/work-injury-accident-lawyers\\\/#primaryimage\"},\"thumbnailUrl\":\"https:\\\/\\\/www.clevelandmetzlaw.com\\\/wp-content\\\/uploads\\\/2021\\\/03\\\/heder-phone-1-1.png\",\"datePublished\":\"2020-02-11T16:04:05+00:00\",\"dateModified\":\"2021-03-03T18:54:07+00:00\",\"description\":\"The lawyer you hire for your workers\u2019 compensation case can make a big difference in getting you the benefits you deserve. Picking the wrong lawyer can be disastrous.\",\"breadcrumb\":{\"@id\":\"https:\\\/\\\/www.clevelandmetzlaw.com\\\/es\\\/work-injury-accident-lawyers\\\/#breadcrumb\"},\"inLanguage\":\"es\",\"potentialAction\":[{\"@type\":\"ReadAction\",\"target\":[\"https:\\\/\\\/www.clevelandmetzlaw.com\\\/es\\\/work-injury-accident-lawyers\\\/\"]}]},{\"@type\":\"ImageObject\",\"inLanguage\":\"es\",\"@id\":\"https:\\\/\\\/www.clevelandmetzlaw.com\\\/es\\\/work-injury-accident-lawyers\\\/#primaryimage\",\"url\":\"https:\\\/\\\/www.clevelandmetzlaw.com\\\/wp-content\\\/uploads\\\/2021\\\/03\\\/heder-phone-1-1.png\",\"contentUrl\":\"https:\\\/\\\/www.clevelandmetzlaw.com\\\/wp-content\\\/uploads\\\/2021\\\/03\\\/heder-phone-1-1.png\"},{\"@type\":\"BreadcrumbList\",\"@id\":\"https:\\\/\\\/www.clevelandmetzlaw.com\\\/es\\\/work-injury-accident-lawyers\\\/#breadcrumb\",\"itemListElement\":[{\"@type\":\"ListItem\",\"position\":1,\"name\":\"Home\",\"item\":\"https:\\\/\\\/www.clevelandmetzlaw.com\\\/\"},{\"@type\":\"ListItem\",\"position\":2,\"name\":\"Work Injury &#038; Accident Lawyers\"}]},{\"@type\":\"WebSite\",\"@id\":\"https:\\\/\\\/www.clevelandmetzlaw.com\\\/#website\",\"url\":\"https:\\\/\\\/www.clevelandmetzlaw.com\\\/\",\"name\":\"Cleveland Metz Law\",\"description\":\"California Work Injury &amp; Workers Compensation Attorney\",\"potentialAction\":[{\"@type\":\"SearchAction\",\"target\":{\"@type\":\"EntryPoint\",\"urlTemplate\":\"https:\\\/\\\/www.clevelandmetzlaw.com\\\/?s={search_term_string}\"},\"query-input\":{\"@type\":\"PropertyValueSpecification\",\"valueRequired\":true,\"valueName\":\"search_term_string\"}}],\"inLanguage\":\"es\"}]}<\/script>\n<!-- \/ Yoast SEO plugin. -->","yoast_head_json":{"title":"C\u00f3mo elegir al abogado de accidentes de trabajo adecuado","description":"El abogado que contrate para su caso de indemnizaci\u00f3n por accidente laboral puede marcar una gran diferencia a la hora de conseguir las prestaciones que se merece. Elegir al abogado equivocado puede ser desastroso.","robots":{"index":"index","follow":"follow","max-snippet":"max-snippet:-1","max-image-preview":"max-image-preview:large","max-video-preview":"max-video-preview:-1"},"canonical":"https:\/\/www.clevelandmetzlaw.com\/es\/abogados-de-accidentes-de-trabajo\/","og_locale":"es_MX","og_type":"article","og_title":"Choosing the Right Worker\u2019s Compensation Attorney","og_description":"The lawyer you hire for your workers\u2019 compensation case can make a big difference in getting you the benefits you deserve. Picking the wrong lawyer can be disastrous.","og_url":"https:\/\/www.clevelandmetzlaw.com\/es\/abogados-de-accidentes-de-trabajo\/","og_site_name":"Cleveland Metz Law","article_modified_time":"2021-03-03T18:54:07+00:00","og_image":[{"url":"https:\/\/www.clevelandmetzlaw.com\/wp-content\/uploads\/2021\/03\/heder-phone-1-1.png","type":"","width":"","height":""}],"twitter_card":"summary_large_image","twitter_misc":{"Tiempo de lectura":"3 minutos"},"schema":{"@context":"https:\/\/schema.org","@graph":[{"@type":"WebPage","@id":"https:\/\/www.clevelandmetzlaw.com\/es\/work-injury-accident-lawyers\/","url":"https:\/\/www.clevelandmetzlaw.com\/es\/work-injury-accident-lawyers\/","name":"C\u00f3mo elegir al abogado de accidentes de trabajo adecuado","isPartOf":{"@id":"https:\/\/www.clevelandmetzlaw.com\/#website"},"primaryImageOfPage":{"@id":"https:\/\/www.clevelandmetzlaw.com\/es\/work-injury-accident-lawyers\/#primaryimage"},"image":{"@id":"https:\/\/www.clevelandmetzlaw.com\/es\/work-injury-accident-lawyers\/#primaryimage"},"thumbnailUrl":"https:\/\/www.clevelandmetzlaw.com\/wp-content\/uploads\/2021\/03\/heder-phone-1-1.png","datePublished":"2020-02-11T16:04:05+00:00","dateModified":"2021-03-03T18:54:07+00:00","description":"El abogado que contrate para su caso de indemnizaci\u00f3n por accidente laboral puede marcar una gran diferencia a la hora de conseguir las prestaciones que se merece. Elegir al abogado equivocado puede ser desastroso.","breadcrumb":{"@id":"https:\/\/www.clevelandmetzlaw.com\/es\/work-injury-accident-lawyers\/#breadcrumb"},"inLanguage":"es","potentialAction":[{"@type":"ReadAction","target":["https:\/\/www.clevelandmetzlaw.com\/es\/work-injury-accident-lawyers\/"]}]},{"@type":"ImageObject","inLanguage":"es","@id":"https:\/\/www.clevelandmetzlaw.com\/es\/work-injury-accident-lawyers\/#primaryimage","url":"https:\/\/www.clevelandmetzlaw.com\/wp-content\/uploads\/2021\/03\/heder-phone-1-1.png","contentUrl":"https:\/\/www.clevelandmetzlaw.com\/wp-content\/uploads\/2021\/03\/heder-phone-1-1.png"},{"@type":"BreadcrumbList","@id":"https:\/\/www.clevelandmetzlaw.com\/es\/work-injury-accident-lawyers\/#breadcrumb","itemListElement":[{"@type":"ListItem","position":1,"name":"Home","item":"https:\/\/www.clevelandmetzlaw.com\/"},{"@type":"ListItem","position":2,"name":"Work Injury &#038; Accident Lawyers"}]},{"@type":"WebSite","@id":"https:\/\/www.clevelandmetzlaw.com\/#website","url":"https:\/\/www.clevelandmetzlaw.com\/","name":"Cleveland Metz Law","description":"California Lesiones de Trabajo y Compensaci\u00f3n de Trabajadores Abogado","potentialAction":[{"@type":"SearchAction","target":{"@type":"EntryPoint","urlTemplate":"https:\/\/www.clevelandmetzlaw.com\/?s={search_term_string}"},"query-input":{"@type":"PropertyValueSpecification","valueRequired":true,"valueName":"search_term_string"}}],"inLanguage":"es"}]}},"_links":{"self":[{"href":"https:\/\/www.clevelandmetzlaw.com\/es\/wp-json\/wp\/v2\/pages\/3973","targetHints":{"allow":["GET"]}}],"collection":[{"href":"https:\/\/www.clevelandmetzlaw.com\/es\/wp-json\/wp\/v2\/pages"}],"about":[{"href":"https:\/\/www.clevelandmetzlaw.com\/es\/wp-json\/wp\/v2\/types\/page"}],"author":[{"embeddable":true,"href":"https:\/\/www.clevelandmetzlaw.com\/es\/wp-json\/wp\/v2\/users\/2"}],"replies":[{"embeddable":true,"href":"https:\/\/www.clevelandmetzlaw.com\/es\/wp-json\/wp\/v2\/comments?post=3973"}],"version-history":[{"count":0,"href":"https:\/\/www.clevelandmetzlaw.com\/es\/wp-json\/wp\/v2\/pages\/3973\/revisions"}],"wp:attachment":[{"href":"https:\/\/www.clevelandmetzlaw.com\/es\/wp-json\/wp\/v2\/media?parent=3973"}],"curies":[{"name":"wp","href":"https:\/\/api.w.org\/{rel}","templated":true}]}}