{"id":3824,"date":"2020-02-07T09:59:18","date_gmt":"2020-02-07T17:59:18","guid":{"rendered":"https:\/\/www.clevelandmetzlaw.com\/?page_id=3824"},"modified":"2022-04-09T08:36:24","modified_gmt":"2022-04-09T15:36:24","slug":"rancho-cucamonga-abogado-de-lesiones-de-trabajo","status":"publish","type":"page","link":"https:\/\/www.clevelandmetzlaw.com\/es\/rancho-cucamonga-work-injury-lawyer\/","title":{"rendered":"Abogado de lesiones laborales en Rancho Cucamonga"},"content":{"rendered":"<h2 style=\"text-align: left;\">Abogados de lesiones laborales en Rancho Cucamonga Cleveland y Metz<\/h2>\n<h3>\u00a0<a href=\"tel:1-909-980-9703\"><img loading=\"lazy\" decoding=\"async\" class=\"alignnone wp-image-6223 size-full\" src=\"https:\/\/www.clevelandmetzlaw.com\/wp-content\/uploads\/2021\/03\/heder-phone-1-1.png\" alt=\"\" width=\"29\" height=\"29\" srcset=\"https:\/\/www.clevelandmetzlaw.com\/wp-content\/uploads\/2021\/03\/heder-phone-1-1.png 29w, https:\/\/www.clevelandmetzlaw.com\/wp-content\/uploads\/2021\/03\/heder-phone-1-1-12x12.png 12w\" sizes=\"auto, (max-width: 29px) 100vw, 29px\" \/> <\/a><a href=\"tel: 1-909-980-9703\">Llamada<\/a>\u00a0 \u00a0<a href=\"mailto:cc@clevelandmetzlaw.com\"><img loading=\"lazy\" decoding=\"async\" class=\"alignnone wp-image-6221\" src=\"https:\/\/www.clevelandmetzlaw.com\/wp-content\/uploads\/2021\/03\/email-icon-150x150-1.jpg\" alt=\"\" width=\"29\" height=\"29\" srcset=\"https:\/\/www.clevelandmetzlaw.com\/wp-content\/uploads\/2021\/03\/email-icon-150x150-1.jpg 150w, https:\/\/www.clevelandmetzlaw.com\/wp-content\/uploads\/2021\/03\/email-icon-150x150-1-12x12.jpg 12w\" sizes=\"auto, (max-width: 29px) 100vw, 29px\" \/><\/a> <a href=\"mailto:cc@clevelandmetzlaw.com\"><strong>Correo electr\u00f3nico<\/strong><\/a><strong>\u00a0\u00a0<\/strong><strong> <a href=\"sms:1-909-303-6374\"><img loading=\"lazy\" decoding=\"async\" class=\"alignnone wp-image-6222\" src=\"https:\/\/www.clevelandmetzlaw.com\/wp-content\/uploads\/2021\/03\/Cleveland-Metz-Text-150x150-1.png\" alt=\"\" width=\"29\" height=\"29\" srcset=\"https:\/\/www.clevelandmetzlaw.com\/wp-content\/uploads\/2021\/03\/Cleveland-Metz-Text-150x150-1.png 150w, https:\/\/www.clevelandmetzlaw.com\/wp-content\/uploads\/2021\/03\/Cleveland-Metz-Text-150x150-1-12x12.png 12w\" sizes=\"auto, (max-width: 29px) 100vw, 29px\" \/><\/a>\u00a0<\/strong><a href=\"sms:1-909-303-6374\">Texto<\/a>\u00a0 <a href=\"https:\/\/www.clevelandmetzlaw.com\/es\/encuentranos\/\"><img loading=\"lazy\" decoding=\"async\" class=\"alignnone wp-image-6224\" src=\"https:\/\/www.clevelandmetzlaw.com\/wp-content\/uploads\/2021\/03\/map-icon-ClevelandMetz-150x150-1.png\" alt=\"\" width=\"29\" height=\"29\" srcset=\"https:\/\/www.clevelandmetzlaw.com\/wp-content\/uploads\/2021\/03\/map-icon-ClevelandMetz-150x150-1.png 150w, https:\/\/www.clevelandmetzlaw.com\/wp-content\/uploads\/2021\/03\/map-icon-ClevelandMetz-150x150-1-12x12.png 12w\" sizes=\"auto, (max-width: 29px) 100vw, 29px\" \/><\/a> <a href=\"https:\/\/www.clevelandmetzlaw.com\/es\/encuentranos\/\">Mapa<\/a><\/h3>\n<p style=\"text-align: left;\"><strong>9330 Baseline Road, Suite 100<\/strong><br \/>\n<strong>Rancho Cucamonga, CA 91701<\/strong><\/p>\n<p style=\"text-align: left;\">El Rancho Cucamonga Compensaci\u00f3n al Trabajador abogados de Cleveland y Metz han estado ayudando a Rancho Cucamonga<a href=\"https:\/\/www.clevelandmetzlaw.com\/wp-content\/uploads\/2019\/04\/IMG_0874.jpg\"><img loading=\"lazy\" decoding=\"async\" class=\"alignright size-full wp-image-3082\" src=\"https:\/\/www.clevelandmetzlaw.com\/wp-content\/uploads\/2019\/04\/IMG_0874.jpg\" alt=\"Rancho Cucamonga Abogado de lesiones de trabajo \" width=\"239\" height=\"239\" srcset=\"https:\/\/www.clevelandmetzlaw.com\/wp-content\/uploads\/2019\/04\/IMG_0874.jpg 239w, https:\/\/www.clevelandmetzlaw.com\/wp-content\/uploads\/2019\/04\/IMG_0874-160x160.jpg 160w, https:\/\/www.clevelandmetzlaw.com\/wp-content\/uploads\/2019\/04\/IMG_0874-174x174.jpg 174w\" sizes=\"auto, (max-width: 239px) 100vw, 239px\" \/><\/a> trabajadores lesionados por <strong>25 a\u00f1os<\/strong> en nuestra ubicaci\u00f3n de Alta Loma en Baseline Ave. en Rancho Cucamonga. Somos abogados locales de lesiones laborales en Rancho Cucamonga Inland Empire aqu\u00ed para ayudarlo.<\/p>\n<p style=\"text-align: left;\">Ya sea que haya sufrido una lesi\u00f3n laboral espec\u00edfica de rutina cerca de Rancho Cucamonga o tenga una lesi\u00f3n por desgaste por trabajo repetitivo que ocurri\u00f3 durante un per\u00edodo de tiempo, cambia su vida y carrera, <strong>Abogados de Compensaci\u00f3n Laboral en Rancho Cucamonga <a href=\"https:\/\/www.clevelandmetzlaw.com\/es\/abogado-charles-robert-cleveland-jr\/\">Charles Cleveland<\/a> y <a href=\"https:\/\/www.clevelandmetzlaw.com\/es\/abogado-john-metz\/\">John Metz<\/a><\/strong> utilizar\u00e1 sus 48 a\u00f1os de experiencia legal combinada en Rancho Cucamongato para hacer el trabajo y volver a encarrilar su vida. Podemos ayudarlo con los beneficios de Compensaci\u00f3n para trabajadores y ayudarlo a navegar por el laberinto del litigio por lesiones laborales en Rancho Cucamonga, incluido ayudarlo a navegar por la red de proveedores m\u00e9dicos <strong>MPN<\/strong>, selecci\u00f3n de evaluador m\u00e9dico calificado <strong>QME<\/strong>, manejando beneficios como incapacidad temporal <strong>TTD<\/strong> y discapacidad permanente <a href=\"https:\/\/www.clevelandmetzlaw.com\/es\/pda\/\"><strong>PDA<\/strong> <\/a>y cuestiones de reentrenamiento laboral, como el vale suplementario por desplazamiento laboral. Haga clic para Rancho Cucamonga <a href=\"https:\/\/www.clevelandmetzlaw.com\/es\/rancho-cucamonga\/rancho-cucamonga-abogado-de-lesiones-de-trabajo-abogado-de-compensacion-de-trabajadores\/rancho-cucamonga-abogados-de-accidentes-de-trabajo-evaluaciones-medicas-calificadas\/\">Noticias QME aqu\u00ed<\/a><\/p>\n<p style=\"text-align: left;\"><a href=\"https:\/\/www.clevelandmetzlaw.com\/wp-content\/uploads\/2020\/02\/IMG_0872.jpg\"><img loading=\"lazy\" decoding=\"async\" class=\"alignright size-full wp-image-4052\" src=\"https:\/\/www.clevelandmetzlaw.com\/wp-content\/uploads\/2020\/02\/IMG_0872.jpg\" alt=\"Rancho Cucamonga Compensaci\u00f3n a los Trabajadores Abogado\" width=\"239\" height=\"239\" srcset=\"https:\/\/www.clevelandmetzlaw.com\/wp-content\/uploads\/2020\/02\/IMG_0872.jpg 239w, https:\/\/www.clevelandmetzlaw.com\/wp-content\/uploads\/2020\/02\/IMG_0872-160x160.jpg 160w, https:\/\/www.clevelandmetzlaw.com\/wp-content\/uploads\/2020\/02\/IMG_0872-174x174.jpg 174w\" sizes=\"auto, (max-width: 239px) 100vw, 239px\" \/><\/a>Podemos seleccionar un m\u00e9dico dentro de la red de proveedores m\u00e9dicos cerca de Rancho Cucamonga y las ciudades circundantes. para ayudarlo con sus lesiones y solicitar la atenci\u00f3n m\u00e9dica adecuada en Rancho Cucamonga. Cuando su atenci\u00f3n m\u00e9dica es denegada por la compa\u00f1\u00eda de seguros de compensaci\u00f3n laboral a trav\u00e9s de una revisi\u00f3n de utilizaci\u00f3n <strong>UR<\/strong>, presentaremos su disputa y apelaremos a tiempo a trav\u00e9s de <strong>IMR<\/strong> revisi\u00f3n m\u00e9dica independiente.<\/p>\n<p>Ll\u00e1menos, env\u00edenos un correo electr\u00f3nico o env\u00edenos un mensaje de texto en Rancho Cucamonga para una consulta gratuita para discutir sus circunstancias particulares y desarrollar un plan para usted. Es posible que no necesite un abogado de Rancho Cucamonga y se lo dir\u00e9 si ese es el caso. Nuestro asesoramiento legal de Rancho Cucamonga es gratuito, cont\u00e1ctenos para discutir sus derechos y opciones. Si tiene alguna duda sobre c\u00f3mo lo est\u00e1 tratando la compa\u00f1\u00eda de seguros de compensaci\u00f3n para trabajadores si hay alguna disputa sobre su lesi\u00f3n de compensaci\u00f3n laboral, comun\u00edquese con nosotros en Rancho Cucamonga de inmediato, ya que hay muchos plazos y reglas que pueden aplicarse a usted.<\/p>\n<p style=\"text-align: center;\"><iframe loading=\"lazy\" style=\"border: 0;\" src=\"https:\/\/www.google.com\/maps\/embed?pb=!1m18!1m12!1m3!1d3302.9691314277097!2d-117.603984684424!3d34.12153998058712!2m3!1f0!2f0!3f0!3m2!1i1024!2i768!4f13.1!3m3!1m2!1s0x80c3368b6b7dd4e9%3A0x19f45e181de2c060!2sLaw+Offices+of+Cleveland+%26+Metz!5e0!3m2!1sen!2sus!4v1537881973275\" width=\"720\" height=\"480\" frameborder=\"0\" allowfullscreen=\"allowfullscreen\" data-mce-fragment=\"1\"><\/iframe><\/p>\n<p style=\"text-align: left;\">\u00a0<\/p>\n<h3 style=\"text-align: center;\">\u00a0<strong>SERVICIO<\/strong><\/h3>\n<p style=\"text-align: center;\"><strong><a href=\"https:\/\/www.clevelandmetzlaw.com\/es\/bloomington\/\">Bloomington<\/a>\u00a0 \u00a0<a href=\"https:\/\/www.clevelandmetzlaw.com\/es\/chino-abogado-de-compensacion-de-trabajadores\/\">Chino<\/a>\u00a0 \u00a0<a href=\"https:\/\/www.clevelandmetzlaw.com\/es\/chino-hills-abogado-de-compensacion-de-trabajadores\/\">Chino Hills<\/a>\u00a0 \u00a0<a href=\"https:\/\/www.clevelandmetzlaw.com\/es\/colton-abogado-de-compensacion-al-trabajador\/\">Colton<\/a>\u00a0 \u00a0<a href=\"https:\/\/www.clevelandmetzlaw.com\/es\/abogado-de-compensacion-de-trabajadores-de-eastvale\/\">Eastvale<\/a>\u00a0 \u00a0<a href=\"https:\/\/www.clevelandmetzlaw.com\/es\/fontana-abogado-de-compensacion-de-trabajadores\/\">Fontana<\/a>\u00a0 \u00a0<a href=\"https:\/\/www.clevelandmetzlaw.com\/es\/valle-de-jurupa\/\">Jurupa Valley<\/a>\u00a0 <a href=\"https:\/\/www.clevelandmetzlaw.com\/es\/abogado-de-compensacion-de-trabajadores-de-highland\/\">Highland<\/a>\u00a0 \u00a0<a href=\"https:\/\/www.clevelandmetzlaw.com\/es\/loma-linda-abogado-de-compensacion-al-trabajador\/\">Loma Linda<\/a>\u00a0 \u00a0<a href=\"https:\/\/www.clevelandmetzlaw.com\/es\/mira-loma-abogado-de-compensacion-al-trabajador\/\">Mira Loma<\/a>\u00a0 \u00a0 <a href=\"https:\/\/www.clevelandmetzlaw.com\/es\/montclair-abogado-de-compensacion-de-trabajadores\/\">Montclair<\/a>\u00a0 \u00a0 <a href=\"https:\/\/www.clevelandmetzlaw.com\/es\/moreno-valley-abogado-de-compensacion-al-trabajador\/\">Moreno Valley<\/a>\u00a0 \u00a0<a href=\"https:\/\/www.clevelandmetzlaw.com\/es\/ontario-abogado-de-compensacion-de-trabajadores\/\">Ontario<\/a>\u00a0 \u00a0<a href=\"https:\/\/www.clevelandmetzlaw.com\/es\/pomona-abogado-de-compensacion-de-trabajadores\/\">Pomona <\/a>\u00a0 <a href=\"https:\/\/www.clevelandmetzlaw.com\/es\/rancho-cucamonga-abogado-de-lesiones-de-trabajo\/\">Rancho Cucamonga\u00a0<\/a> \u00a0<a href=\"https:\/\/www.clevelandmetzlaw.com\/es\/abogado-de-compensacion-de-trabajadores-de-rialto\/\">Rialto<\/a>\u00a0 \u00a0<a href=\"https:\/\/www.clevelandmetzlaw.com\/es\/abogado-de-compensacion-de-trabajadores-de-riverside\/\">Riverside<\/a>\u00a0 \u00a0<a href=\"https:\/\/www.clevelandmetzlaw.com\/es\/san-bernardino-abogado-de-compensacion-de-trabajadores\/\">San Bernardino<\/a>\u00a0 \u00a0<a href=\"https:\/\/www.clevelandmetzlaw.com\/es\/upland-abogado-de-compensacion-de-trabajadores\/\">Upland<\/a><\/strong><\/p>","protected":false},"excerpt":{"rendered":"<p>Rancho Cucamonga Abogados de Lesiones de Trabajo Cleveland &amp; Metz Call Email Text Map 9330 Baseline Road, Suite 100 Rancho Cucamonga, CA 91701 Los abogados de Compensaci\u00f3n de Trabajadores de Rancho Cucamonga en Cleveland &amp; Metz han estado ayudando a los trabajadores lesionados de Rancho Cucamonga durante 25 a\u00f1os en nuestra ubicaci\u00f3n Alta Loma en Baseline Ave. en Rancho Cucamonga. Nosotros...<\/p>","protected":false},"author":2,"featured_media":0,"parent":0,"menu_order":0,"comment_status":"closed","ping_status":"closed","template":"","meta":{"footnotes":""},"class_list":["post-3824","page","type-page","status-publish","hentry"],"yoast_head":"<!-- This site is optimized with the Yoast SEO plugin v27.5 - https:\/\/yoast.com\/product\/yoast-seo-wordpress\/ -->\n<title>Rancho Cucamonga Work Injury Attorney<\/title>\n<meta name=\"description\" content=\"Looking for a work injury lawyer in Rancho Cucamonga? The Law Offices of Cleveland &amp; Metz is your best choice for a workers compensation attorney in Rancho.\" \/>\n<meta name=\"robots\" content=\"index, follow, max-snippet:-1, max-image-preview:large, max-video-preview:-1\" \/>\n<link rel=\"canonical\" href=\"https:\/\/www.clevelandmetzlaw.com\/es\/rancho-cucamonga-abogado-de-lesiones-de-trabajo\/\" \/>\n<meta property=\"og:locale\" content=\"es_MX\" \/>\n<meta property=\"og:type\" content=\"article\" \/>\n<meta property=\"og:title\" content=\"Rancho Cucamonga Work Injury Attorney\" \/>\n<meta property=\"og:description\" content=\"Looking for a work injury lawyer in Rancho Cucamonga? The Law Offices of Cleveland &amp; Metz is your best choice for a workers compensation attorney in Rancho.\" \/>\n<meta property=\"og:url\" content=\"https:\/\/www.clevelandmetzlaw.com\/es\/rancho-cucamonga-abogado-de-lesiones-de-trabajo\/\" \/>\n<meta property=\"og:site_name\" content=\"Cleveland Metz Law\" \/>\n<meta property=\"article:modified_time\" content=\"2022-04-09T15:36:24+00:00\" \/>\n<meta property=\"og:image\" content=\"https:\/\/www.clevelandmetzlaw.com\/wp-content\/uploads\/2021\/03\/heder-phone-1-1.png\" \/>\n<meta name=\"twitter:card\" content=\"summary_large_image\" \/>\n<meta name=\"twitter:label1\" content=\"Tiempo de lectura\" \/>\n\t<meta name=\"twitter:data1\" content=\"3 minutos\" \/>\n<script type=\"application\/ld+json\" class=\"yoast-schema-graph\">{\"@context\":\"https:\\\/\\\/schema.org\",\"@graph\":[{\"@type\":\"WebPage\",\"@id\":\"https:\\\/\\\/www.clevelandmetzlaw.com\\\/es\\\/rancho-cucamonga-work-injury-lawyer\\\/\",\"url\":\"https:\\\/\\\/www.clevelandmetzlaw.com\\\/es\\\/rancho-cucamonga-work-injury-lawyer\\\/\",\"name\":\"Rancho Cucamonga Work Injury Attorney\",\"isPartOf\":{\"@id\":\"https:\\\/\\\/www.clevelandmetzlaw.com\\\/#website\"},\"primaryImageOfPage\":{\"@id\":\"https:\\\/\\\/www.clevelandmetzlaw.com\\\/es\\\/rancho-cucamonga-work-injury-lawyer\\\/#primaryimage\"},\"image\":{\"@id\":\"https:\\\/\\\/www.clevelandmetzlaw.com\\\/es\\\/rancho-cucamonga-work-injury-lawyer\\\/#primaryimage\"},\"thumbnailUrl\":\"https:\\\/\\\/www.clevelandmetzlaw.com\\\/wp-content\\\/uploads\\\/2021\\\/03\\\/heder-phone-1-1.png\",\"datePublished\":\"2020-02-07T17:59:18+00:00\",\"dateModified\":\"2022-04-09T15:36:24+00:00\",\"description\":\"Looking for a work injury lawyer in Rancho Cucamonga? The Law Offices of Cleveland & Metz is your best choice for a workers compensation attorney in Rancho.\",\"breadcrumb\":{\"@id\":\"https:\\\/\\\/www.clevelandmetzlaw.com\\\/es\\\/rancho-cucamonga-work-injury-lawyer\\\/#breadcrumb\"},\"inLanguage\":\"es\",\"potentialAction\":[{\"@type\":\"ReadAction\",\"target\":[\"https:\\\/\\\/www.clevelandmetzlaw.com\\\/es\\\/rancho-cucamonga-work-injury-lawyer\\\/\"]}]},{\"@type\":\"ImageObject\",\"inLanguage\":\"es\",\"@id\":\"https:\\\/\\\/www.clevelandmetzlaw.com\\\/es\\\/rancho-cucamonga-work-injury-lawyer\\\/#primaryimage\",\"url\":\"https:\\\/\\\/www.clevelandmetzlaw.com\\\/wp-content\\\/uploads\\\/2021\\\/03\\\/heder-phone-1-1.png\",\"contentUrl\":\"https:\\\/\\\/www.clevelandmetzlaw.com\\\/wp-content\\\/uploads\\\/2021\\\/03\\\/heder-phone-1-1.png\"},{\"@type\":\"BreadcrumbList\",\"@id\":\"https:\\\/\\\/www.clevelandmetzlaw.com\\\/es\\\/rancho-cucamonga-work-injury-lawyer\\\/#breadcrumb\",\"itemListElement\":[{\"@type\":\"ListItem\",\"position\":1,\"name\":\"Home\",\"item\":\"https:\\\/\\\/www.clevelandmetzlaw.com\\\/\"},{\"@type\":\"ListItem\",\"position\":2,\"name\":\"Rancho Cucamonga Work Injury Lawyer\"}]},{\"@type\":\"WebSite\",\"@id\":\"https:\\\/\\\/www.clevelandmetzlaw.com\\\/#website\",\"url\":\"https:\\\/\\\/www.clevelandmetzlaw.com\\\/\",\"name\":\"Cleveland Metz Law\",\"description\":\"California Work Injury &amp; Workers Compensation Attorney\",\"potentialAction\":[{\"@type\":\"SearchAction\",\"target\":{\"@type\":\"EntryPoint\",\"urlTemplate\":\"https:\\\/\\\/www.clevelandmetzlaw.com\\\/?s={search_term_string}\"},\"query-input\":{\"@type\":\"PropertyValueSpecification\",\"valueRequired\":true,\"valueName\":\"search_term_string\"}}],\"inLanguage\":\"es\"}]}<\/script>\n<!-- \/ Yoast SEO plugin. -->","yoast_head_json":{"title":"Rancho Cucamonga Abogado de Lesiones de Trabajo","description":"\u00bfBusca un abogado de accidentes de trabajo en Rancho Cucamonga? Las Oficinas Legales de Cleveland y Metz es su mejor opci\u00f3n para un abogado de compensaci\u00f3n de trabajadores en Rancho.","robots":{"index":"index","follow":"follow","max-snippet":"max-snippet:-1","max-image-preview":"max-image-preview:large","max-video-preview":"max-video-preview:-1"},"canonical":"https:\/\/www.clevelandmetzlaw.com\/es\/rancho-cucamonga-abogado-de-lesiones-de-trabajo\/","og_locale":"es_MX","og_type":"article","og_title":"Rancho Cucamonga Work Injury Attorney","og_description":"Looking for a work injury lawyer in Rancho Cucamonga? The Law Offices of Cleveland & Metz is your best choice for a workers compensation attorney in Rancho.","og_url":"https:\/\/www.clevelandmetzlaw.com\/es\/rancho-cucamonga-abogado-de-lesiones-de-trabajo\/","og_site_name":"Cleveland Metz Law","article_modified_time":"2022-04-09T15:36:24+00:00","og_image":[{"url":"https:\/\/www.clevelandmetzlaw.com\/wp-content\/uploads\/2021\/03\/heder-phone-1-1.png","type":"","width":"","height":""}],"twitter_card":"summary_large_image","twitter_misc":{"Tiempo de lectura":"3 minutos"},"schema":{"@context":"https:\/\/schema.org","@graph":[{"@type":"WebPage","@id":"https:\/\/www.clevelandmetzlaw.com\/es\/rancho-cucamonga-work-injury-lawyer\/","url":"https:\/\/www.clevelandmetzlaw.com\/es\/rancho-cucamonga-work-injury-lawyer\/","name":"Rancho Cucamonga Abogado de Lesiones de Trabajo","isPartOf":{"@id":"https:\/\/www.clevelandmetzlaw.com\/#website"},"primaryImageOfPage":{"@id":"https:\/\/www.clevelandmetzlaw.com\/es\/rancho-cucamonga-work-injury-lawyer\/#primaryimage"},"image":{"@id":"https:\/\/www.clevelandmetzlaw.com\/es\/rancho-cucamonga-work-injury-lawyer\/#primaryimage"},"thumbnailUrl":"https:\/\/www.clevelandmetzlaw.com\/wp-content\/uploads\/2021\/03\/heder-phone-1-1.png","datePublished":"2020-02-07T17:59:18+00:00","dateModified":"2022-04-09T15:36:24+00:00","description":"\u00bfBusca un abogado de accidentes de trabajo en Rancho Cucamonga? Las Oficinas Legales de Cleveland y Metz es su mejor opci\u00f3n para un abogado de compensaci\u00f3n de trabajadores en Rancho.","breadcrumb":{"@id":"https:\/\/www.clevelandmetzlaw.com\/es\/rancho-cucamonga-work-injury-lawyer\/#breadcrumb"},"inLanguage":"es","potentialAction":[{"@type":"ReadAction","target":["https:\/\/www.clevelandmetzlaw.com\/es\/rancho-cucamonga-work-injury-lawyer\/"]}]},{"@type":"ImageObject","inLanguage":"es","@id":"https:\/\/www.clevelandmetzlaw.com\/es\/rancho-cucamonga-work-injury-lawyer\/#primaryimage","url":"https:\/\/www.clevelandmetzlaw.com\/wp-content\/uploads\/2021\/03\/heder-phone-1-1.png","contentUrl":"https:\/\/www.clevelandmetzlaw.com\/wp-content\/uploads\/2021\/03\/heder-phone-1-1.png"},{"@type":"BreadcrumbList","@id":"https:\/\/www.clevelandmetzlaw.com\/es\/rancho-cucamonga-work-injury-lawyer\/#breadcrumb","itemListElement":[{"@type":"ListItem","position":1,"name":"Home","item":"https:\/\/www.clevelandmetzlaw.com\/"},{"@type":"ListItem","position":2,"name":"Rancho Cucamonga Work Injury Lawyer"}]},{"@type":"WebSite","@id":"https:\/\/www.clevelandmetzlaw.com\/#website","url":"https:\/\/www.clevelandmetzlaw.com\/","name":"Cleveland Metz Law","description":"California Lesiones de Trabajo y Compensaci\u00f3n de Trabajadores Abogado","potentialAction":[{"@type":"SearchAction","target":{"@type":"EntryPoint","urlTemplate":"https:\/\/www.clevelandmetzlaw.com\/?s={search_term_string}"},"query-input":{"@type":"PropertyValueSpecification","valueRequired":true,"valueName":"search_term_string"}}],"inLanguage":"es"}]}},"_links":{"self":[{"href":"https:\/\/www.clevelandmetzlaw.com\/es\/wp-json\/wp\/v2\/pages\/3824","targetHints":{"allow":["GET"]}}],"collection":[{"href":"https:\/\/www.clevelandmetzlaw.com\/es\/wp-json\/wp\/v2\/pages"}],"about":[{"href":"https:\/\/www.clevelandmetzlaw.com\/es\/wp-json\/wp\/v2\/types\/page"}],"author":[{"embeddable":true,"href":"https:\/\/www.clevelandmetzlaw.com\/es\/wp-json\/wp\/v2\/users\/2"}],"replies":[{"embeddable":true,"href":"https:\/\/www.clevelandmetzlaw.com\/es\/wp-json\/wp\/v2\/comments?post=3824"}],"version-history":[{"count":0,"href":"https:\/\/www.clevelandmetzlaw.com\/es\/wp-json\/wp\/v2\/pages\/3824\/revisions"}],"wp:attachment":[{"href":"https:\/\/www.clevelandmetzlaw.com\/es\/wp-json\/wp\/v2\/media?parent=3824"}],"curies":[{"name":"wp","href":"https:\/\/api.w.org\/{rel}","templated":true}]}}