{"id":3793,"date":"2020-02-09T18:27:43","date_gmt":"2020-02-10T02:27:43","guid":{"rendered":"https:\/\/www.clevelandmetzlaw.com\/?page_id=3793"},"modified":"2026-04-10T15:25:26","modified_gmt":"2026-04-10T22:25:26","slug":"lesionado-en-el-trabajo-abogado","status":"publish","type":"page","link":"https:\/\/www.clevelandmetzlaw.com\/es\/injured-at-work-lawyer\/","title":{"rendered":"\u00bfTe lastimaste en el trabajo en California? Esto es lo que debes hacer"},"content":{"rendered":"<h3>\u00bfTe lastimaste en el trabajo en California? Esto es lo que debes hacer<\/h3>\n<h3>\u00a0<a href=\"tel:1-909-980-9703\"><img loading=\"lazy\" decoding=\"async\" class=\"alignnone wp-image-6223 size-full\" src=\"https:\/\/www.clevelandmetzlaw.com\/wp-content\/uploads\/2021\/03\/heder-phone-1-1.png\" alt=\"\" width=\"29\" height=\"29\" srcset=\"https:\/\/www.clevelandmetzlaw.com\/wp-content\/uploads\/2021\/03\/heder-phone-1-1.png 29w, https:\/\/www.clevelandmetzlaw.com\/wp-content\/uploads\/2021\/03\/heder-phone-1-1-12x12.png 12w\" sizes=\"auto, (max-width: 29px) 100vw, 29px\" \/> <\/a><a href=\"tel: 1-909-980-9703\">Llamada<\/a>\u00a0 \u00a0<a href=\"mailto:cc@clevelandmetzlaw.com\"><img loading=\"lazy\" decoding=\"async\" class=\"alignnone wp-image-6221\" src=\"https:\/\/www.clevelandmetzlaw.com\/wp-content\/uploads\/2021\/03\/email-icon-150x150-1.jpg\" alt=\"\" width=\"29\" height=\"29\" srcset=\"https:\/\/www.clevelandmetzlaw.com\/wp-content\/uploads\/2021\/03\/email-icon-150x150-1.jpg 150w, https:\/\/www.clevelandmetzlaw.com\/wp-content\/uploads\/2021\/03\/email-icon-150x150-1-12x12.jpg 12w\" sizes=\"auto, (max-width: 29px) 100vw, 29px\" \/><\/a> <a href=\"mailto:cc@clevelandmetzlaw.com\"><strong>Correo electr\u00f3nico<\/strong><\/a><strong>\u00a0\u00a0<\/strong><strong> <a href=\"sms:1-909-303-6374\"><img loading=\"lazy\" decoding=\"async\" class=\"alignnone wp-image-6222\" src=\"https:\/\/www.clevelandmetzlaw.com\/wp-content\/uploads\/2021\/03\/Cleveland-Metz-Text-150x150-1.png\" alt=\"\" width=\"29\" height=\"29\" srcset=\"https:\/\/www.clevelandmetzlaw.com\/wp-content\/uploads\/2021\/03\/Cleveland-Metz-Text-150x150-1.png 150w, https:\/\/www.clevelandmetzlaw.com\/wp-content\/uploads\/2021\/03\/Cleveland-Metz-Text-150x150-1-12x12.png 12w\" sizes=\"auto, (max-width: 29px) 100vw, 29px\" \/><\/a>\u00a0<\/strong><a href=\"sms:1-909-303-6374\">Texto<\/a>\u00a0 <a href=\"https:\/\/www.clevelandmetzlaw.com\/es\/encuentranos\/\"><img loading=\"lazy\" decoding=\"async\" class=\"alignnone wp-image-6224\" src=\"https:\/\/www.clevelandmetzlaw.com\/wp-content\/uploads\/2021\/03\/map-icon-ClevelandMetz-150x150-1.png\" alt=\"\" width=\"29\" height=\"29\" srcset=\"https:\/\/www.clevelandmetzlaw.com\/wp-content\/uploads\/2021\/03\/map-icon-ClevelandMetz-150x150-1.png 150w, https:\/\/www.clevelandmetzlaw.com\/wp-content\/uploads\/2021\/03\/map-icon-ClevelandMetz-150x150-1-12x12.png 12w\" sizes=\"auto, (max-width: 29px) 100vw, 29px\" \/><\/a> <a href=\"https:\/\/www.clevelandmetzlaw.com\/es\/encuentranos\/\">Mapa<\/a><\/h3>\n<p data-start=\"980\" data-end=\"1102\">Si te lesionaste en el trabajo, podr\u00edas estar lidiando con dolor, tiempo perdido de trabajo e incertidumbre sobre<a href=\"https:\/\/www.clevelandmetzlaw.com\/wp-content\/uploads\/2023\/05\/25-years-Charles-Cleveland-lawyer.jpg\"><img loading=\"lazy\" decoding=\"async\" class=\"alignright size-medium wp-image-14918\" src=\"https:\/\/www.clevelandmetzlaw.com\/wp-content\/uploads\/2023\/05\/25-years-Charles-Cleveland-lawyer-267x405.jpg\" alt=\"Abogado de accidentes de trabajo Fontana Ontario\" width=\"267\" height=\"405\" srcset=\"https:\/\/www.clevelandmetzlaw.com\/wp-content\/uploads\/2023\/05\/25-years-Charles-Cleveland-lawyer-267x405.jpg 267w, https:\/\/www.clevelandmetzlaw.com\/wp-content\/uploads\/2023\/05\/25-years-Charles-Cleveland-lawyer-8x12.jpg 8w, https:\/\/www.clevelandmetzlaw.com\/wp-content\/uploads\/2023\/05\/25-years-Charles-Cleveland-lawyer.jpg 398w\" sizes=\"auto, (max-width: 267px) 100vw, 267px\" \/><\/a> \u00bfQu\u00e9 pasa despu\u00e9s?.<\/p>\n<p data-start=\"1104\" data-end=\"1129\">Mucha gente no est\u00e1 segura:<\/p>\n<ul data-start=\"1130\" data-end=\"1226\">\n<li data-section-id=\"16rce6e\" data-start=\"1130\" data-end=\"1162\">Si reportar la lesi\u00f3n<\/li>\n<li data-section-id=\"1h2wkca\" data-start=\"1163\" data-end=\"1195\">C\u00f3mo obtener tratamiento m\u00e9dico<\/li>\n<li data-section-id=\"144niee\" data-start=\"1196\" data-end=\"1226\">Si necesitan un abogado<\/li>\n<\/ul>\n<p data-start=\"1228\" data-end=\"1288\">Comprender los aspectos b\u00e1sicos desde el principio puede ayudarte a proteger tus derechos.<\/p>\n<hr data-start=\"1290\" data-end=\"1293\" \/>\n<h2 data-section-id=\"zjqva9\" data-start=\"1295\" data-end=\"1335\">Reporte la lesi\u00f3n tan pronto como sea posible<\/h2>\n<p data-start=\"1337\" data-end=\"1411\">Uno de los pasos m\u00e1s importantes es reportar tu lesi\u00f3n a tu empleador.<\/p>\n<p data-start=\"1413\" data-end=\"1487\">Incluso si la lesi\u00f3n parece menor al principio, los s\u00edntomas pueden empeorar con el tiempo.<\/p>\n<p data-start=\"1489\" data-end=\"1521\">Los retrasos en la presentaci\u00f3n de informes pueden dar lugar a:<\/p>\n<ul data-start=\"1522\" data-end=\"1642\">\n<li data-section-id=\"qbcj0e\" data-start=\"1522\" data-end=\"1575\">Disputas sobre si la lesi\u00f3n est\u00e1 relacionada con el trabajo<\/li>\n<li data-section-id=\"1j757hf\" data-start=\"1576\" data-end=\"1608\">Retrasos en la recepci\u00f3n de beneficios<\/li>\n<li data-section-id=\"1w5yk2x\" data-start=\"1609\" data-end=\"1642\">Reclamaciones m\u00e1s complicadas m\u00e1s adelante<\/li>\n<\/ul>\n<hr data-start=\"1644\" data-end=\"1647\" \/>\n<h2 data-section-id=\"13xvk2k\" data-start=\"1649\" data-end=\"1673\">Obt\u00e9n tratamiento m\u00e9dico<\/h2>\n<p data-start=\"1675\" data-end=\"1741\">Usted tiene derecho a recibir tratamiento m\u00e9dico por una lesi\u00f3n relacionada con el trabajo.<\/p>\n<p data-start=\"1743\" data-end=\"1757\">Un doctor o una doctora har\u00e1:<\/p>\n<ul data-start=\"1758\" data-end=\"1858\">\n<li data-section-id=\"uz7i0h\" data-start=\"1758\" data-end=\"1785\">Eval\u00faa tu estado<\/li>\n<li data-section-id=\"1z0qeth\" data-start=\"1786\" data-end=\"1810\">Documenta tu lesi\u00f3n<\/li>\n<li data-section-id=\"c1c5dd\" data-start=\"1811\" data-end=\"1858\">Determina si est\u00e1 relacionado con tu trabajo<\/li>\n<\/ul>\n<p data-start=\"1860\" data-end=\"1920\">Esta documentaci\u00f3n m\u00e9dica se convierte en una parte clave de su reclamaci\u00f3n.<\/p>\n<hr data-start=\"1922\" data-end=\"1925\" \/>\n<h2 data-section-id=\"1b92a0z\" data-start=\"1927\" data-end=\"1968\">Comprende el tipo de lesi\u00f3n que tienes<\/h2>\n<p data-start=\"1970\" data-end=\"2000\">Algunas lesiones ocurren de repente.<\/p>\n<p data-start=\"2002\" data-end=\"2055\">Otros se desarrollan con el tiempo a partir de tareas laborales repetitivas (desgaste por uso).<\/p>\n<p data-start=\"2057\" data-end=\"2181\">\ud83d\udc49 Si tu lesi\u00f3n se desarroll\u00f3 gradualmente, es posible que est\u00e9s lidiando con una <a href=\"https:\/\/www.clevelandmetzlaw.com\/es\/indemnizacion-por-traumatismo-acumulativo-california\/\"><strong data-start=\"2122\" data-end=\"2150\">lesi\u00f3n por trauma acumulativo<\/strong><\/a>.<br data-start=\"2151\" data-end=\"2154\" \/><br \/>\nEstos casos se manejan de manera diferente y a menudo requieren una cuidadosa planificaci\u00f3n y documentaci\u00f3n.<\/p>\n<hr data-start=\"2272\" data-end=\"2275\" \/>\n<h2 data-section-id=\"1gx8zn3\" data-start=\"2277\" data-end=\"2307\">El momento puede afectar tu caso<\/h2>\n<p data-start=\"2309\" data-end=\"2395\">Muchos trabajadores posponen reportar lesiones por temor a perder su empleo.<\/p>\n<p data-start=\"2397\" data-end=\"2497\">Pero esperar demasiado tiempo \u2014especialmente hasta despu\u00e9s de un despido o cese\u2014 puede dificultar la reclamaci\u00f3n.<\/p>\n<p data-start=\"2499\" data-end=\"2624\">\ud83d\udc49 Obt\u00e9n m\u00e1s informaci\u00f3n sobre c\u00f3mo <a href=\"https:\/\/www.clevelandmetzlaw.com\/es\/compensacion-de-trabajadores\/indemnizacion-laboral-tras-la-rescision-del-contrato-en-california\/\"><strong data-start=\"2523\" data-end=\"2572\">reclamaciones de indemnizaci\u00f3n laboral tras el cese<\/strong><\/a> se manejan.<\/p>\n<h2 data-section-id=\"96xinj\" data-start=\"2631\" data-end=\"2668\">Tratar con la compa\u00f1\u00eda de seguros<\/h2>\n<p data-start=\"2670\" data-end=\"2743\">Una vez que se presenta un reclamo, la compa\u00f1\u00eda de seguros del empleador se involucra.<\/p>\n<p data-start=\"2745\" data-end=\"2754\">Ellos podr\u00e1n:<\/p>\n<ul data-start=\"2755\" data-end=\"2860\">\n<li data-section-id=\"o3ia5z\" data-start=\"2755\" data-end=\"2786\">Solicitar evaluaciones m\u00e9dicas<\/li>\n<li data-section-id=\"1cqy5dq\" data-start=\"2787\" data-end=\"2813\">Revisa tus responsabilidades laborales<\/li>\n<li data-section-id=\"1mbwxjk\" data-start=\"2814\" data-end=\"2860\">Decidir si aceptar o denegar el reclamo<\/li>\n<\/ul>\n<p data-start=\"2862\" data-end=\"2953\">Este proceso puede volverse complicado, especialmente si hay desacuerdos sobre tu condici\u00f3n.<\/p>\n<hr data-start=\"2955\" data-end=\"2958\" \/>\n<h2 data-section-id=\"17k03g0\" data-start=\"2960\" data-end=\"3008\">Cu\u00e1ndo puede ser \u00fatil hablar con un abogado<\/h2>\n<p data-start=\"3010\" data-end=\"3052\">Es posible que desees hablar con un abogado si:<\/p>\n<ul data-start=\"3054\" data-end=\"3255\">\n<li data-section-id=\"9jdcq6\" data-start=\"3054\" data-end=\"3078\">Tu reclamo es denegado<\/li>\n<li data-section-id=\"1hy58bc\" data-start=\"3079\" data-end=\"3116\">Tu tratamiento m\u00e9dico est\u00e1 retrasado<\/li>\n<li data-section-id=\"1n8kg3y\" data-start=\"3117\" data-end=\"3161\">Te est\u00e1n enviando de vuelta al trabajo demasiado pronto<\/li>\n<li data-section-id=\"1ysym62\" data-start=\"3162\" data-end=\"3194\">Tu lesi\u00f3n no mejora<\/li>\n<li data-section-id=\"1rog2dg\" data-start=\"3195\" data-end=\"3255\">Est\u00e1s lidiando con una condici\u00f3n repetitiva o a largo plazo<\/li>\n<\/ul>\n<hr data-start=\"3257\" data-end=\"3260\" \/>\n<h2 data-section-id=\"1465q10\" data-start=\"3262\" data-end=\"3294\">Trabajar con un abogado local<\/h2>\n<p data-start=\"3296\" data-end=\"3369\">Algunos trabajadores lesionados eligen grandes empresas que no tienen sede en su \u00e1rea.<\/p>\n<p data-start=\"3371\" data-end=\"3497\">En algunos casos, la comunicaci\u00f3n se vuelve dif\u00edcil y los clientes podr\u00edan no tener contacto directo con el abogado que maneja su caso.<\/p>\n<p data-start=\"3499\" data-end=\"3551\">Trabajar con un abogado local puede facilitar:<\/p>\n<ul data-start=\"3552\" data-end=\"3664\">\n<li data-section-id=\"12eonkk\" data-start=\"3552\" data-end=\"3583\">Obt\u00e9n actualizaciones sobre tu caso<\/li>\n<li data-section-id=\"191p5q2\" data-start=\"3584\" data-end=\"3617\">Habla directamente sobre las preocupaciones<\/li>\n<li data-section-id=\"bu7dts\" data-start=\"3618\" data-end=\"3664\">Comprende lo que sucede en cada etapa<\/li>\n<\/ul>\n<hr data-start=\"3666\" data-end=\"3669\" \/>\n<h2 data-section-id=\"114wazr\" data-start=\"3671\" data-end=\"3688\">Reflexiones finales<\/h2>\n<p data-start=\"3690\" data-end=\"3726\">Cada caso de lesi\u00f3n laboral es diferente.<\/p>\n<p data-start=\"3728\" data-end=\"3819\">Algunas reclamaciones avanzan sin complicaciones, mientras que otras se vuelven m\u00e1s complejas con el tiempo.<\/p>\n<p data-start=\"3821\" data-end=\"3930\">Si no est\u00e1 seguro de su situaci\u00f3n, hablar con un abogado desde el principio puede ayudarle a comprender sus opciones.<\/p>\n<p data-start=\"3932\" data-end=\"3957\">\ud83d\udc49 <a href=\"https:\/\/www.clevelandmetzlaw.com\/es\/contacto\/\">Cont\u00e1ctanos aqu\u00ed<\/a><\/p>\n<p>&nbsp;<\/p>","protected":false},"excerpt":{"rendered":"<p>\u00bfLesionado en el trabajo en California? Esto es lo que debe hacer\nLlamar\nEnviar correo electr\u00f3nico\n\nEnviar mensaje de texto\nMapa\nSi result\u00f3 lesionado en el trabajo, es posible que est\u00e9 lidiando con dolor, tiempo perdido en el trabajo e incertidumbre sobre lo que suceder\u00e1 a continuaci\u00f3n. Muchas personas no est\u00e1n seguras de:\nSi debe informar la lesi\u00f3n\nC\u00f3mo obtener tratamiento m\u00e9dico\nSi ellos...<\/p>","protected":false},"author":2,"featured_media":0,"parent":0,"menu_order":0,"comment_status":"closed","ping_status":"closed","template":"","meta":{"footnotes":""},"class_list":["post-3793","page","type-page","status-publish","hentry"],"yoast_head":"<!-- This site is optimized with the Yoast SEO plugin v27.6 - https:\/\/yoast.com\/product\/yoast-seo-wordpress\/ -->\n<title>Injured at Work in California? What to Do Next<\/title>\n<meta name=\"description\" content=\"Injured at work? Learn what steps to take, how workers\u2019 compensation works in California, and when legal help may be important.\" \/>\n<meta name=\"robots\" content=\"index, follow, max-snippet:-1, max-image-preview:large, max-video-preview:-1\" \/>\n<link rel=\"canonical\" href=\"https:\/\/www.clevelandmetzlaw.com\/es\/lesionado-en-el-trabajo-abogado\/\" \/>\n<meta property=\"og:locale\" content=\"es_MX\" \/>\n<meta property=\"og:type\" content=\"article\" \/>\n<meta property=\"og:title\" content=\"Injured At Work? Read This Article By The Law Offices Of Cleveland &amp; Metz\" \/>\n<meta property=\"og:description\" content=\"If you have been injured at work in the San Bernardino area, please read this article about injuries at work by the attorneys of The Law Offices of Cleveland &amp; Metz located in Rancho Cucamonga, CA.\" \/>\n<meta property=\"og:url\" content=\"https:\/\/www.clevelandmetzlaw.com\/es\/lesionado-en-el-trabajo-abogado\/\" \/>\n<meta property=\"og:site_name\" content=\"Cleveland Metz Law\" \/>\n<meta property=\"article:modified_time\" content=\"2026-04-10T22:25:26+00:00\" \/>\n<meta property=\"og:image\" content=\"https:\/\/www.clevelandmetzlaw.com\/wp-content\/uploads\/2021\/03\/heder-phone-1-1.png\" \/>\n\t<meta property=\"og:image:width\" content=\"29\" \/>\n\t<meta property=\"og:image:height\" content=\"29\" \/>\n\t<meta property=\"og:image:type\" content=\"image\/png\" \/>\n<meta name=\"twitter:card\" content=\"summary_large_image\" \/>\n<meta name=\"twitter:label1\" content=\"Tiempo de lectura\" \/>\n\t<meta name=\"twitter:data1\" content=\"4 minutos\" \/>\n<script type=\"application\/ld+json\" class=\"yoast-schema-graph\">{\"@context\":\"https:\\\/\\\/schema.org\",\"@graph\":[{\"@type\":\"WebPage\",\"@id\":\"https:\\\/\\\/www.clevelandmetzlaw.com\\\/injured-at-work-lawyer\\\/\",\"url\":\"https:\\\/\\\/www.clevelandmetzlaw.com\\\/injured-at-work-lawyer\\\/\",\"name\":\"Injured at Work in California? What to Do Next\",\"isPartOf\":{\"@id\":\"https:\\\/\\\/www.clevelandmetzlaw.com\\\/#website\"},\"primaryImageOfPage\":{\"@id\":\"https:\\\/\\\/www.clevelandmetzlaw.com\\\/injured-at-work-lawyer\\\/#primaryimage\"},\"image\":{\"@id\":\"https:\\\/\\\/www.clevelandmetzlaw.com\\\/injured-at-work-lawyer\\\/#primaryimage\"},\"thumbnailUrl\":\"https:\\\/\\\/www.clevelandmetzlaw.com\\\/wp-content\\\/uploads\\\/2021\\\/03\\\/heder-phone-1-1.png\",\"datePublished\":\"2020-02-10T02:27:43+00:00\",\"dateModified\":\"2026-04-10T22:25:26+00:00\",\"description\":\"Injured at work? Learn what steps to take, how workers\u2019 compensation works in California, and when legal help may be important.\",\"breadcrumb\":{\"@id\":\"https:\\\/\\\/www.clevelandmetzlaw.com\\\/injured-at-work-lawyer\\\/#breadcrumb\"},\"inLanguage\":\"es\",\"potentialAction\":[{\"@type\":\"ReadAction\",\"target\":[\"https:\\\/\\\/www.clevelandmetzlaw.com\\\/injured-at-work-lawyer\\\/\"]}]},{\"@type\":\"ImageObject\",\"inLanguage\":\"es\",\"@id\":\"https:\\\/\\\/www.clevelandmetzlaw.com\\\/injured-at-work-lawyer\\\/#primaryimage\",\"url\":\"https:\\\/\\\/www.clevelandmetzlaw.com\\\/wp-content\\\/uploads\\\/2021\\\/03\\\/heder-phone-1-1.png\",\"contentUrl\":\"https:\\\/\\\/www.clevelandmetzlaw.com\\\/wp-content\\\/uploads\\\/2021\\\/03\\\/heder-phone-1-1.png\"},{\"@type\":\"BreadcrumbList\",\"@id\":\"https:\\\/\\\/www.clevelandmetzlaw.com\\\/injured-at-work-lawyer\\\/#breadcrumb\",\"itemListElement\":[{\"@type\":\"ListItem\",\"position\":1,\"name\":\"Home\",\"item\":\"https:\\\/\\\/www.clevelandmetzlaw.com\\\/\"},{\"@type\":\"ListItem\",\"position\":2,\"name\":\"Injured at Work in California? Here\u2019s What You Should Do\"}]},{\"@type\":\"WebSite\",\"@id\":\"https:\\\/\\\/www.clevelandmetzlaw.com\\\/#website\",\"url\":\"https:\\\/\\\/www.clevelandmetzlaw.com\\\/\",\"name\":\"Cleveland Metz Law\",\"description\":\"California Work Injury &amp; Workers Compensation Attorney\",\"potentialAction\":[{\"@type\":\"SearchAction\",\"target\":{\"@type\":\"EntryPoint\",\"urlTemplate\":\"https:\\\/\\\/www.clevelandmetzlaw.com\\\/?s={search_term_string}\"},\"query-input\":{\"@type\":\"PropertyValueSpecification\",\"valueRequired\":true,\"valueName\":\"search_term_string\"}}],\"inLanguage\":\"es\"}]}<\/script>\n<!-- \/ Yoast SEO plugin. -->","yoast_head_json":{"title":"\u00bfLesionado en el Trabajo en California? Qu\u00e9 Hacer Luego","description":"\u00bfLesionado en el trabajo? Descubra qu\u00e9 pasos seguir, c\u00f3mo funciona la compensaci\u00f3n para trabajadores en California y cu\u00e1ndo la ayuda legal puede ser importante.","robots":{"index":"index","follow":"follow","max-snippet":"max-snippet:-1","max-image-preview":"max-image-preview:large","max-video-preview":"max-video-preview:-1"},"canonical":"https:\/\/www.clevelandmetzlaw.com\/es\/lesionado-en-el-trabajo-abogado\/","og_locale":"es_MX","og_type":"article","og_title":"Injured At Work? Read This Article By The Law Offices Of Cleveland & Metz","og_description":"If you have been injured at work in the San Bernardino area, please read this article about injuries at work by the attorneys of The Law Offices of Cleveland & Metz located in Rancho Cucamonga, CA.","og_url":"https:\/\/www.clevelandmetzlaw.com\/es\/lesionado-en-el-trabajo-abogado\/","og_site_name":"Cleveland Metz Law","article_modified_time":"2026-04-10T22:25:26+00:00","og_image":[{"width":29,"height":29,"url":"https:\/\/www.clevelandmetzlaw.com\/wp-content\/uploads\/2021\/03\/heder-phone-1-1.png","type":"image\/png"}],"twitter_card":"summary_large_image","twitter_misc":{"Tiempo de lectura":"4 minutos"},"schema":{"@context":"https:\/\/schema.org","@graph":[{"@type":"WebPage","@id":"https:\/\/www.clevelandmetzlaw.com\/injured-at-work-lawyer\/","url":"https:\/\/www.clevelandmetzlaw.com\/injured-at-work-lawyer\/","name":"\u00bfLesionado en el Trabajo en California? Qu\u00e9 Hacer Luego","isPartOf":{"@id":"https:\/\/www.clevelandmetzlaw.com\/#website"},"primaryImageOfPage":{"@id":"https:\/\/www.clevelandmetzlaw.com\/injured-at-work-lawyer\/#primaryimage"},"image":{"@id":"https:\/\/www.clevelandmetzlaw.com\/injured-at-work-lawyer\/#primaryimage"},"thumbnailUrl":"https:\/\/www.clevelandmetzlaw.com\/wp-content\/uploads\/2021\/03\/heder-phone-1-1.png","datePublished":"2020-02-10T02:27:43+00:00","dateModified":"2026-04-10T22:25:26+00:00","description":"\u00bfLesionado en el trabajo? Descubra qu\u00e9 pasos seguir, c\u00f3mo funciona la compensaci\u00f3n para trabajadores en California y cu\u00e1ndo la ayuda legal puede ser importante.","breadcrumb":{"@id":"https:\/\/www.clevelandmetzlaw.com\/injured-at-work-lawyer\/#breadcrumb"},"inLanguage":"es","potentialAction":[{"@type":"ReadAction","target":["https:\/\/www.clevelandmetzlaw.com\/injured-at-work-lawyer\/"]}]},{"@type":"ImageObject","inLanguage":"es","@id":"https:\/\/www.clevelandmetzlaw.com\/injured-at-work-lawyer\/#primaryimage","url":"https:\/\/www.clevelandmetzlaw.com\/wp-content\/uploads\/2021\/03\/heder-phone-1-1.png","contentUrl":"https:\/\/www.clevelandmetzlaw.com\/wp-content\/uploads\/2021\/03\/heder-phone-1-1.png"},{"@type":"BreadcrumbList","@id":"https:\/\/www.clevelandmetzlaw.com\/injured-at-work-lawyer\/#breadcrumb","itemListElement":[{"@type":"ListItem","position":1,"name":"Home","item":"https:\/\/www.clevelandmetzlaw.com\/"},{"@type":"ListItem","position":2,"name":"Injured at Work in California? Here\u2019s What You Should Do"}]},{"@type":"WebSite","@id":"https:\/\/www.clevelandmetzlaw.com\/#website","url":"https:\/\/www.clevelandmetzlaw.com\/","name":"Cleveland Metz Law","description":"California Lesiones de Trabajo y Compensaci\u00f3n de Trabajadores Abogado","potentialAction":[{"@type":"SearchAction","target":{"@type":"EntryPoint","urlTemplate":"https:\/\/www.clevelandmetzlaw.com\/?s={search_term_string}"},"query-input":{"@type":"PropertyValueSpecification","valueRequired":true,"valueName":"search_term_string"}}],"inLanguage":"es"}]}},"_links":{"self":[{"href":"https:\/\/www.clevelandmetzlaw.com\/es\/wp-json\/wp\/v2\/pages\/3793","targetHints":{"allow":["GET"]}}],"collection":[{"href":"https:\/\/www.clevelandmetzlaw.com\/es\/wp-json\/wp\/v2\/pages"}],"about":[{"href":"https:\/\/www.clevelandmetzlaw.com\/es\/wp-json\/wp\/v2\/types\/page"}],"author":[{"embeddable":true,"href":"https:\/\/www.clevelandmetzlaw.com\/es\/wp-json\/wp\/v2\/users\/2"}],"replies":[{"embeddable":true,"href":"https:\/\/www.clevelandmetzlaw.com\/es\/wp-json\/wp\/v2\/comments?post=3793"}],"version-history":[{"count":3,"href":"https:\/\/www.clevelandmetzlaw.com\/es\/wp-json\/wp\/v2\/pages\/3793\/revisions"}],"predecessor-version":[{"id":15153,"href":"https:\/\/www.clevelandmetzlaw.com\/es\/wp-json\/wp\/v2\/pages\/3793\/revisions\/15153"}],"wp:attachment":[{"href":"https:\/\/www.clevelandmetzlaw.com\/es\/wp-json\/wp\/v2\/media?parent=3793"}],"curies":[{"name":"wp","href":"https:\/\/api.w.org\/{rel}","templated":true}]}}