{"id":2947,"date":"2019-03-26T11:30:07","date_gmt":"2019-03-26T18:30:07","guid":{"rendered":"https:\/\/www.clevelandmetzlaw.com\/?page_id=2947"},"modified":"2021-03-03T11:08:22","modified_gmt":"2021-03-03T19:08:22","slug":"abogado-john-metz","status":"publish","type":"page","link":"https:\/\/www.clevelandmetzlaw.com\/es\/attorney-john-metz\/","title":{"rendered":"Abogado John Metz"},"content":{"rendered":"<h2>ABOGADO DE JUICIO JOHN METZ\u00a0 \u00a0 \u00a0 \u00a0 \u00a0 \u00a0 \u00a0 \u00a0 \u00a0 \u00a0 \u00a0<\/h2>\n<h3>\u00a0<a href=\"tel:1-909-980-9703\"><img loading=\"lazy\" decoding=\"async\" class=\"alignnone wp-image-6223 size-full\" src=\"https:\/\/www.clevelandmetzlaw.com\/wp-content\/uploads\/2021\/03\/heder-phone-1-1.png\" alt=\"\" width=\"29\" height=\"29\" srcset=\"https:\/\/www.clevelandmetzlaw.com\/wp-content\/uploads\/2021\/03\/heder-phone-1-1.png 29w, https:\/\/www.clevelandmetzlaw.com\/wp-content\/uploads\/2021\/03\/heder-phone-1-1-12x12.png 12w\" sizes=\"auto, (max-width: 29px) 100vw, 29px\" \/> <\/a><a href=\"tel: 1-909-980-9703\">Llamada<\/a>\u00a0 \u00a0<a href=\"mailto:cc@clevelandmetzlaw.com\"><img loading=\"lazy\" decoding=\"async\" class=\"alignnone wp-image-6221\" src=\"https:\/\/www.clevelandmetzlaw.com\/wp-content\/uploads\/2021\/03\/email-icon-150x150-1.jpg\" alt=\"\" width=\"29\" height=\"29\" srcset=\"https:\/\/www.clevelandmetzlaw.com\/wp-content\/uploads\/2021\/03\/email-icon-150x150-1.jpg 150w, https:\/\/www.clevelandmetzlaw.com\/wp-content\/uploads\/2021\/03\/email-icon-150x150-1-12x12.jpg 12w\" sizes=\"auto, (max-width: 29px) 100vw, 29px\" \/><\/a> <a href=\"mailto:cc@clevelandmetzlaw.com\"><strong>Correo electr\u00f3nico<\/strong><\/a><strong>\u00a0\u00a0<\/strong><strong> <a href=\"sms:1-909-303-6374\"><img loading=\"lazy\" decoding=\"async\" class=\"alignnone wp-image-6222\" src=\"https:\/\/www.clevelandmetzlaw.com\/wp-content\/uploads\/2021\/03\/Cleveland-Metz-Text-150x150-1.png\" alt=\"\" width=\"29\" height=\"29\" srcset=\"https:\/\/www.clevelandmetzlaw.com\/wp-content\/uploads\/2021\/03\/Cleveland-Metz-Text-150x150-1.png 150w, https:\/\/www.clevelandmetzlaw.com\/wp-content\/uploads\/2021\/03\/Cleveland-Metz-Text-150x150-1-12x12.png 12w\" sizes=\"auto, (max-width: 29px) 100vw, 29px\" \/><\/a>\u00a0<\/strong><a href=\"sms:1-909-303-6374\">Texto<\/a>\u00a0 <a href=\"https:\/\/www.clevelandmetzlaw.com\/es\/encuentranos\/\"><img loading=\"lazy\" decoding=\"async\" class=\"alignnone wp-image-6224\" src=\"https:\/\/www.clevelandmetzlaw.com\/wp-content\/uploads\/2021\/03\/map-icon-ClevelandMetz-150x150-1.png\" alt=\"\" width=\"29\" height=\"29\" srcset=\"https:\/\/www.clevelandmetzlaw.com\/wp-content\/uploads\/2021\/03\/map-icon-ClevelandMetz-150x150-1.png 150w, https:\/\/www.clevelandmetzlaw.com\/wp-content\/uploads\/2021\/03\/map-icon-ClevelandMetz-150x150-1-12x12.png 12w\" sizes=\"auto, (max-width: 29px) 100vw, 29px\" \/><\/a> <a href=\"https:\/\/www.clevelandmetzlaw.com\/es\/encuentranos\/\">Mapa<\/a><\/h3>\n<p>John Metz naci\u00f3 y se cri\u00f3 en Upland, California y asisti\u00f3 a Upland High School. Complet\u00f3 sus estudios universitarios asistiendo a la Universidad de California en Irvine a fines de la d\u00e9cada de 1980. John Metz comenz\u00f3 su carrera legal en un bufete de abogados local de Rancho Cucamonga manejando casos criminales, de compensaci\u00f3n laboral y de lesiones personales. John trabaj\u00f3 para este bufete de abogados mientras obten\u00eda su t\u00edtulo en Econom\u00eda Empresarial de la Universidad de California en Irvine. <a href=\"https:\/\/www.clevelandmetzlaw.com\/wp-content\/uploads\/2019\/03\/John-EDITED.jpg\"><img loading=\"lazy\" decoding=\"async\" class=\"alignright wp-image-2949 size-medium\" src=\"https:\/\/www.clevelandmetzlaw.com\/wp-content\/uploads\/2019\/03\/John-EDITED-251x405.jpg\" alt=\" Compensaci\u00f3n a los Trabajadores abogado John Metz cerca de Fontana California \" width=\"251\" height=\"405\" srcset=\"https:\/\/www.clevelandmetzlaw.com\/wp-content\/uploads\/2019\/03\/John-EDITED-251x405.jpg 251w, https:\/\/www.clevelandmetzlaw.com\/wp-content\/uploads\/2019\/03\/John-EDITED-768x1237.jpg 768w, https:\/\/www.clevelandmetzlaw.com\/wp-content\/uploads\/2019\/03\/John-EDITED-447x720.jpg 447w\" sizes=\"auto, (max-width: 251px) 100vw, 251px\" \/><\/a><\/p>\n<p>Durante la universidad, John obtuvo honores distintivos, incluida la lista de Dean, en 5 ocasiones diferentes. Despu\u00e9s de graduarse de la UCI, John asisti\u00f3 a la Facultad de Derecho de la Universidad de La Verne. Durante la Facultad de Derecho, John obtuvo los m\u00e1s altos honores que un estudiante de derecho puede recibir en Law Review. Adem\u00e1s, John gan\u00f3 en seis ocasiones el premio de Jurisprudencia Estadounidense por lograr el GPA m\u00e1s alto de su clase. John se gradu\u00f3 de la Facultad de Derecho e inmediatamente aprob\u00f3 el examen del Colegio de Abogados del Estado de California en 1995. Luego comenz\u00f3 su pr\u00e1ctica legal en un bufete de abogados local en Rancho Cucamonga, manejando casos penales, asuntos de lesiones laborales y reclamos de compensaci\u00f3n laboral.\u00a0<\/p>\n<p><img loading=\"lazy\" decoding=\"async\" class=\"alignleft wp-image-4455 size-thumbnail\" src=\"https:\/\/www.clevelandmetzlaw.com\/wp-content\/uploads\/2020\/07\/John-Metz-2020-most-honored-lawyer-160x160.jpg\" alt=\"Premio\" width=\"160\" height=\"160\" srcset=\"https:\/\/www.clevelandmetzlaw.com\/wp-content\/uploads\/2020\/07\/John-Metz-2020-most-honored-lawyer-160x160.jpg 160w, https:\/\/www.clevelandmetzlaw.com\/wp-content\/uploads\/2020\/07\/John-Metz-2020-most-honored-lawyer-250x250.jpg 250w, https:\/\/www.clevelandmetzlaw.com\/wp-content\/uploads\/2020\/07\/John-Metz-2020-most-honored-lawyer-174x174.jpg 174w, https:\/\/www.clevelandmetzlaw.com\/wp-content\/uploads\/2020\/07\/John-Metz-2020-most-honored-lawyer-240x240.jpg 240w\" sizes=\"auto, (max-width: 160px) 100vw, 160px\" \/>Poco despu\u00e9s, John uni\u00f3 fuerzas con Charles Cleveland, que pronto se convirti\u00f3 en las Oficinas Legales de Cleveland y Metz. John ha realizado cientos de mediaciones, arbitrajes y juicios ante jueces y jurados en tribunales superiores ubicados en los condados de Los \u00c1ngeles, San Bernardino y Riverside. Su experiencia en juicios incluye casos penales y civiles en el Tribunal Superior, tribunales de derecho administrativo de la WCAB para la compensaci\u00f3n de trabajadores, casos de resoluci\u00f3n alternativa de disputas (ADR) y audiencias del DMV, lo que convierte a John en un abogado litigante altamente competente y experimentado.\u00a0<\/p>\n<p>John es un experto en Compensaci\u00f3n para Trabajadores y tiene licencia para ejercer la abogac\u00eda en todos los Tribunales del Estado de California y en el Tribunal de Distrito de los Estados Unidos. John tambi\u00e9n ha sido presidente de la Local Barristers &#039;Association y es miembro de la American Bar Association. Ha obtenido varios honores profesionales, incluida una clasificaci\u00f3n de &quot;alta calificaci\u00f3n&quot; por Martindale-Hubbell y &quot;Mejores abogados en California&quot; y se ha desempe\u00f1ado como Juez Pro Tem en la Junta de Apelaciones de Compensaci\u00f3n Laboral de Pomona.<\/p>\n<p>John tambi\u00e9n ha sido un miembro activo de la comunidad mientras se desempe\u00f1aba como presidente de la junta directiva de St. Mark&#039;s School en Upland. John tiene la suerte de tener una familia maravillosa compuesta por 4 hijos y su esposa en Rancho Cucamonga. Hoy, John defiende con orgullo los derechos de los trabajadores lesionados y las v\u00edctimas de accidentes en las comunidades de Inland Valley. John Metz tiene 25 a\u00f1os como abogado en ejercicio en el \u00e1rea de los tres condados de Los \u00c1ngeles, San Bernardino y Riverside. John es un \u00e1vido fan\u00e1tico de los Guardiamarinas de la Academia Naval de los Estados Unidos, UCLA Bruins y el b\u00e9isbol Los Angeles Dodger.<\/p>\n<p><a href=\"https:\/\/www.clevelandmetzlaw.com\/wp-content\/uploads\/2019\/03\/CAAA-Work-Injury-Lawyer-Abogado.jpg\"><img loading=\"lazy\" decoding=\"async\" class=\"alignnone wp-image-2948 size-full\" src=\"https:\/\/www.clevelandmetzlaw.com\/wp-content\/uploads\/2019\/03\/CAAA-Work-Injury-Lawyer-Abogado.jpg\" alt=\"\" width=\"466\" height=\"282\" \/><\/a><a href=\"https:\/\/www.clevelandmetzlaw.com\/wp-content\/uploads\/2020\/02\/United-States-Naval-Academy.png\"><img loading=\"lazy\" decoding=\"async\" class=\"alignright size-full wp-image-4007\" src=\"https:\/\/www.clevelandmetzlaw.com\/wp-content\/uploads\/2020\/02\/United-States-Naval-Academy.png\" alt=\"\" width=\"225\" height=\"225\" srcset=\"https:\/\/www.clevelandmetzlaw.com\/wp-content\/uploads\/2020\/02\/United-States-Naval-Academy.png 225w, https:\/\/www.clevelandmetzlaw.com\/wp-content\/uploads\/2020\/02\/United-States-Naval-Academy-160x160.png 160w, https:\/\/www.clevelandmetzlaw.com\/wp-content\/uploads\/2020\/02\/United-States-Naval-Academy-174x174.png 174w\" sizes=\"auto, (max-width: 225px) 100vw, 225px\" \/><\/a><\/p>","protected":false},"excerpt":{"rendered":"<p>ABOGADO DE JUICIOS JOHN METZ Llamada Correo electr\u00f3nico Texto Mapa John Metz naci\u00f3 y creci\u00f3 en Upland, California y asisti\u00f3 a Upland High School. Complet\u00f3 sus estudios universitarios en la Universidad de California en Irvine a finales de 1980. John Metz comenz\u00f3 su carrera...<\/p>","protected":false},"author":2,"featured_media":0,"parent":0,"menu_order":0,"comment_status":"closed","ping_status":"closed","template":"","meta":{"footnotes":""},"class_list":["post-2947","page","type-page","status-publish","hentry"],"yoast_head":"<!-- This site is optimized with the Yoast SEO plugin v27.6 - https:\/\/yoast.com\/product\/yoast-seo-wordpress\/ -->\n<title>Injury Trial Lawyer John Metz<\/title>\n<meta name=\"description\" content=\"Car Accident and Workers Compensation Trial Lawyer John Metz near Upland, Rialto, Riverside and Highland.\" \/>\n<meta name=\"robots\" content=\"index, follow, max-snippet:-1, max-image-preview:large, max-video-preview:-1\" \/>\n<link rel=\"canonical\" href=\"https:\/\/www.clevelandmetzlaw.com\/es\/abogado-john-metz\/\" \/>\n<meta property=\"og:locale\" content=\"es_MX\" \/>\n<meta property=\"og:type\" content=\"article\" \/>\n<meta property=\"og:title\" content=\"Injury Trial Lawyer John Metz\" \/>\n<meta property=\"og:description\" content=\"Car Accident and Workers Compensation Trial Lawyer John Metz near Upland, Rialto, Riverside and Highland.\" \/>\n<meta property=\"og:url\" content=\"https:\/\/www.clevelandmetzlaw.com\/es\/abogado-john-metz\/\" \/>\n<meta property=\"og:site_name\" content=\"Cleveland Metz Law\" \/>\n<meta property=\"article:modified_time\" content=\"2021-03-03T19:08:22+00:00\" \/>\n<meta property=\"og:image\" content=\"https:\/\/www.clevelandmetzlaw.com\/wp-content\/uploads\/2021\/03\/heder-phone-1-1.png\" \/>\n<meta name=\"twitter:card\" content=\"summary_large_image\" \/>\n<meta name=\"twitter:label1\" content=\"Tiempo de lectura\" \/>\n\t<meta name=\"twitter:data1\" content=\"2 minutos\" \/>\n<script type=\"application\/ld+json\" class=\"yoast-schema-graph\">{\"@context\":\"https:\\\/\\\/schema.org\",\"@graph\":[{\"@type\":\"WebPage\",\"@id\":\"https:\\\/\\\/www.clevelandmetzlaw.com\\\/attorney-john-metz\\\/\",\"url\":\"https:\\\/\\\/www.clevelandmetzlaw.com\\\/attorney-john-metz\\\/\",\"name\":\"Injury Trial Lawyer John Metz\",\"isPartOf\":{\"@id\":\"https:\\\/\\\/www.clevelandmetzlaw.com\\\/#website\"},\"primaryImageOfPage\":{\"@id\":\"https:\\\/\\\/www.clevelandmetzlaw.com\\\/attorney-john-metz\\\/#primaryimage\"},\"image\":{\"@id\":\"https:\\\/\\\/www.clevelandmetzlaw.com\\\/attorney-john-metz\\\/#primaryimage\"},\"thumbnailUrl\":\"https:\\\/\\\/www.clevelandmetzlaw.com\\\/wp-content\\\/uploads\\\/2021\\\/03\\\/heder-phone-1-1.png\",\"datePublished\":\"2019-03-26T18:30:07+00:00\",\"dateModified\":\"2021-03-03T19:08:22+00:00\",\"description\":\"Car Accident and Workers Compensation Trial Lawyer John Metz near Upland, Rialto, Riverside and Highland.\",\"breadcrumb\":{\"@id\":\"https:\\\/\\\/www.clevelandmetzlaw.com\\\/attorney-john-metz\\\/#breadcrumb\"},\"inLanguage\":\"es\",\"potentialAction\":[{\"@type\":\"ReadAction\",\"target\":[\"https:\\\/\\\/www.clevelandmetzlaw.com\\\/attorney-john-metz\\\/\"]}]},{\"@type\":\"ImageObject\",\"inLanguage\":\"es\",\"@id\":\"https:\\\/\\\/www.clevelandmetzlaw.com\\\/attorney-john-metz\\\/#primaryimage\",\"url\":\"https:\\\/\\\/www.clevelandmetzlaw.com\\\/wp-content\\\/uploads\\\/2021\\\/03\\\/heder-phone-1-1.png\",\"contentUrl\":\"https:\\\/\\\/www.clevelandmetzlaw.com\\\/wp-content\\\/uploads\\\/2021\\\/03\\\/heder-phone-1-1.png\"},{\"@type\":\"BreadcrumbList\",\"@id\":\"https:\\\/\\\/www.clevelandmetzlaw.com\\\/attorney-john-metz\\\/#breadcrumb\",\"itemListElement\":[{\"@type\":\"ListItem\",\"position\":1,\"name\":\"Home\",\"item\":\"https:\\\/\\\/www.clevelandmetzlaw.com\\\/\"},{\"@type\":\"ListItem\",\"position\":2,\"name\":\"Attorney John Metz\"}]},{\"@type\":\"WebSite\",\"@id\":\"https:\\\/\\\/www.clevelandmetzlaw.com\\\/#website\",\"url\":\"https:\\\/\\\/www.clevelandmetzlaw.com\\\/\",\"name\":\"Cleveland Metz Law\",\"description\":\"California Work Injury &amp; Workers Compensation Attorney\",\"potentialAction\":[{\"@type\":\"SearchAction\",\"target\":{\"@type\":\"EntryPoint\",\"urlTemplate\":\"https:\\\/\\\/www.clevelandmetzlaw.com\\\/?s={search_term_string}\"},\"query-input\":{\"@type\":\"PropertyValueSpecification\",\"valueRequired\":true,\"valueName\":\"search_term_string\"}}],\"inLanguage\":\"es\"}]}<\/script>\n<!-- \/ Yoast SEO plugin. -->","yoast_head_json":{"title":"Lesiones Abogado John Metz","description":"Accidente de Coche y Compensaci\u00f3n de Trabajadores Abogado John Metz cerca de Upland, Rialto, Riverside y Highland.","robots":{"index":"index","follow":"follow","max-snippet":"max-snippet:-1","max-image-preview":"max-image-preview:large","max-video-preview":"max-video-preview:-1"},"canonical":"https:\/\/www.clevelandmetzlaw.com\/es\/abogado-john-metz\/","og_locale":"es_MX","og_type":"article","og_title":"Injury Trial Lawyer John Metz","og_description":"Car Accident and Workers Compensation Trial Lawyer John Metz near Upland, Rialto, Riverside and Highland.","og_url":"https:\/\/www.clevelandmetzlaw.com\/es\/abogado-john-metz\/","og_site_name":"Cleveland Metz Law","article_modified_time":"2021-03-03T19:08:22+00:00","og_image":[{"url":"https:\/\/www.clevelandmetzlaw.com\/wp-content\/uploads\/2021\/03\/heder-phone-1-1.png","type":"","width":"","height":""}],"twitter_card":"summary_large_image","twitter_misc":{"Tiempo de lectura":"2 minutos"},"schema":{"@context":"https:\/\/schema.org","@graph":[{"@type":"WebPage","@id":"https:\/\/www.clevelandmetzlaw.com\/attorney-john-metz\/","url":"https:\/\/www.clevelandmetzlaw.com\/attorney-john-metz\/","name":"Lesiones Abogado John Metz","isPartOf":{"@id":"https:\/\/www.clevelandmetzlaw.com\/#website"},"primaryImageOfPage":{"@id":"https:\/\/www.clevelandmetzlaw.com\/attorney-john-metz\/#primaryimage"},"image":{"@id":"https:\/\/www.clevelandmetzlaw.com\/attorney-john-metz\/#primaryimage"},"thumbnailUrl":"https:\/\/www.clevelandmetzlaw.com\/wp-content\/uploads\/2021\/03\/heder-phone-1-1.png","datePublished":"2019-03-26T18:30:07+00:00","dateModified":"2021-03-03T19:08:22+00:00","description":"Accidente de Coche y Compensaci\u00f3n de Trabajadores Abogado John Metz cerca de Upland, Rialto, Riverside y Highland.","breadcrumb":{"@id":"https:\/\/www.clevelandmetzlaw.com\/attorney-john-metz\/#breadcrumb"},"inLanguage":"es","potentialAction":[{"@type":"ReadAction","target":["https:\/\/www.clevelandmetzlaw.com\/attorney-john-metz\/"]}]},{"@type":"ImageObject","inLanguage":"es","@id":"https:\/\/www.clevelandmetzlaw.com\/attorney-john-metz\/#primaryimage","url":"https:\/\/www.clevelandmetzlaw.com\/wp-content\/uploads\/2021\/03\/heder-phone-1-1.png","contentUrl":"https:\/\/www.clevelandmetzlaw.com\/wp-content\/uploads\/2021\/03\/heder-phone-1-1.png"},{"@type":"BreadcrumbList","@id":"https:\/\/www.clevelandmetzlaw.com\/attorney-john-metz\/#breadcrumb","itemListElement":[{"@type":"ListItem","position":1,"name":"Home","item":"https:\/\/www.clevelandmetzlaw.com\/"},{"@type":"ListItem","position":2,"name":"Attorney John Metz"}]},{"@type":"WebSite","@id":"https:\/\/www.clevelandmetzlaw.com\/#website","url":"https:\/\/www.clevelandmetzlaw.com\/","name":"Cleveland Metz Law","description":"California Lesiones de Trabajo y Compensaci\u00f3n de Trabajadores Abogado","potentialAction":[{"@type":"SearchAction","target":{"@type":"EntryPoint","urlTemplate":"https:\/\/www.clevelandmetzlaw.com\/?s={search_term_string}"},"query-input":{"@type":"PropertyValueSpecification","valueRequired":true,"valueName":"search_term_string"}}],"inLanguage":"es"}]}},"_links":{"self":[{"href":"https:\/\/www.clevelandmetzlaw.com\/es\/wp-json\/wp\/v2\/pages\/2947","targetHints":{"allow":["GET"]}}],"collection":[{"href":"https:\/\/www.clevelandmetzlaw.com\/es\/wp-json\/wp\/v2\/pages"}],"about":[{"href":"https:\/\/www.clevelandmetzlaw.com\/es\/wp-json\/wp\/v2\/types\/page"}],"author":[{"embeddable":true,"href":"https:\/\/www.clevelandmetzlaw.com\/es\/wp-json\/wp\/v2\/users\/2"}],"replies":[{"embeddable":true,"href":"https:\/\/www.clevelandmetzlaw.com\/es\/wp-json\/wp\/v2\/comments?post=2947"}],"version-history":[{"count":0,"href":"https:\/\/www.clevelandmetzlaw.com\/es\/wp-json\/wp\/v2\/pages\/2947\/revisions"}],"wp:attachment":[{"href":"https:\/\/www.clevelandmetzlaw.com\/es\/wp-json\/wp\/v2\/media?parent=2947"}],"curies":[{"name":"wp","href":"https:\/\/api.w.org\/{rel}","templated":true}]}}