{"id":2938,"date":"2019-03-26T11:16:11","date_gmt":"2019-03-26T18:16:11","guid":{"rendered":"https:\/\/www.clevelandmetzlaw.com\/?page_id=2938"},"modified":"2025-10-21T15:32:41","modified_gmt":"2025-10-21T22:32:41","slug":"abogado-charles-robert-cleveland-jr","status":"publish","type":"page","link":"https:\/\/www.clevelandmetzlaw.com\/es\/attorney-charles-robert-cleveland-jr\/","title":{"rendered":"El abogado Charles Robert Cleveland Jr."},"content":{"rendered":"<h3>\u00a0Especialista certificado en derecho de indemnizaci\u00f3n laboral<\/h3>\n<header class=\"entry-header\">\n<h3>\u00a0<a href=\"tel:1-909-980-9703\"><img loading=\"lazy\" decoding=\"async\" class=\"alignnone wp-image-6223 size-full\" src=\"https:\/\/www.clevelandmetzlaw.com\/wp-content\/uploads\/2021\/03\/heder-phone-1-1.png\" alt=\"\" width=\"29\" height=\"29\" srcset=\"https:\/\/www.clevelandmetzlaw.com\/wp-content\/uploads\/2021\/03\/heder-phone-1-1.png 29w, https:\/\/www.clevelandmetzlaw.com\/wp-content\/uploads\/2021\/03\/heder-phone-1-1-12x12.png 12w\" sizes=\"auto, (max-width: 29px) 100vw, 29px\" \/> <\/a><a href=\"tel: 1-909-980-9703\">Llamada<\/a>\u00a0 \u00a0<a href=\"mailto:cc@clevelandmetzlaw.com\"><img loading=\"lazy\" decoding=\"async\" class=\"alignnone wp-image-6221\" src=\"https:\/\/www.clevelandmetzlaw.com\/wp-content\/uploads\/2021\/03\/email-icon-150x150-1.jpg\" alt=\"\" width=\"29\" height=\"29\" srcset=\"https:\/\/www.clevelandmetzlaw.com\/wp-content\/uploads\/2021\/03\/email-icon-150x150-1.jpg 150w, https:\/\/www.clevelandmetzlaw.com\/wp-content\/uploads\/2021\/03\/email-icon-150x150-1-12x12.jpg 12w\" sizes=\"auto, (max-width: 29px) 100vw, 29px\" \/><\/a> <a href=\"mailto:cc@clevelandmetzlaw.com\"><strong>Correo electr\u00f3nico<\/strong><\/a><strong>\u00a0\u00a0<\/strong><strong> <a href=\"sms:1-909-303-6374\"><img loading=\"lazy\" decoding=\"async\" class=\"alignnone wp-image-6222\" src=\"https:\/\/www.clevelandmetzlaw.com\/wp-content\/uploads\/2021\/03\/Cleveland-Metz-Text-150x150-1.png\" alt=\"\" width=\"29\" height=\"29\" srcset=\"https:\/\/www.clevelandmetzlaw.com\/wp-content\/uploads\/2021\/03\/Cleveland-Metz-Text-150x150-1.png 150w, https:\/\/www.clevelandmetzlaw.com\/wp-content\/uploads\/2021\/03\/Cleveland-Metz-Text-150x150-1-12x12.png 12w\" sizes=\"auto, (max-width: 29px) 100vw, 29px\" \/><\/a>\u00a0<\/strong><a href=\"sms:1-909-303-6374\">Texto<\/a>\u00a0 <a href=\"https:\/\/www.clevelandmetzlaw.com\/es\/encuentranos\/\"><img loading=\"lazy\" decoding=\"async\" class=\"alignnone wp-image-6224\" src=\"https:\/\/www.clevelandmetzlaw.com\/wp-content\/uploads\/2021\/03\/map-icon-ClevelandMetz-150x150-1.png\" alt=\"\" width=\"29\" height=\"29\" srcset=\"https:\/\/www.clevelandmetzlaw.com\/wp-content\/uploads\/2021\/03\/map-icon-ClevelandMetz-150x150-1.png 150w, https:\/\/www.clevelandmetzlaw.com\/wp-content\/uploads\/2021\/03\/map-icon-ClevelandMetz-150x150-1-12x12.png 12w\" sizes=\"auto, (max-width: 29px) 100vw, 29px\" \/><\/a> <a href=\"https:\/\/www.clevelandmetzlaw.com\/es\/encuentranos\/\">Mapa<\/a><\/h3>\n<\/header>\n<p><a href=\"https:\/\/www.clevelandmetzlaw.com\/wp-content\/uploads\/2025\/09\/IMG_9574g2.jpg\"><img loading=\"lazy\" decoding=\"async\" class=\"alignleft  wp-image-15061\" src=\"https:\/\/www.clevelandmetzlaw.com\/wp-content\/uploads\/2025\/09\/IMG_9574g2-316x405.jpg\" alt=\"\" width=\"208\" height=\"266\" srcset=\"https:\/\/www.clevelandmetzlaw.com\/wp-content\/uploads\/2025\/09\/IMG_9574g2-316x405.jpg 316w, https:\/\/www.clevelandmetzlaw.com\/wp-content\/uploads\/2025\/09\/IMG_9574g2-561x720.jpg 561w, https:\/\/www.clevelandmetzlaw.com\/wp-content\/uploads\/2025\/09\/IMG_9574g2-768x985.jpg 768w, https:\/\/www.clevelandmetzlaw.com\/wp-content\/uploads\/2025\/09\/IMG_9574g2-9x12.jpg 9w, https:\/\/www.clevelandmetzlaw.com\/wp-content\/uploads\/2025\/09\/IMG_9574g2.jpg 1017w\" sizes=\"auto, (max-width: 208px) 100vw, 208px\" \/><\/a>Charles Cleveland naci\u00f3 en Los \u00c1ngeles, California, y curs\u00f3 estudios secundarios en 1975 en el Instituto T\u00e9cnico Don Bosco y en el Instituto Cantwell del condado de Los \u00c1ngeles. Tras graduarse, Charles se alist\u00f3 en la Marina de los Estados Unidos, donde sirvi\u00f3 de 1981 a 1985 hasta alcanzar el rango de suboficial de segunda clase E-5.\u00a0<\/p>\n<p>&nbsp;<\/p>\n<p>Tras recibir una baja honorable de la Marina de los Estados Unidos, Charles Cleveland se matricul\u00f3 en la Academia de Polic\u00eda de R\u00edo Hondo, en Whittier, y fue contratado en 1985 por el Departamento de Polic\u00eda de Montclair.<\/p>\n<p>Mientras serv\u00eda como oficial de polic\u00eda, Charles Cleveland se matricul\u00f3 en Chaffey College, Rancho Cucamonga en 1988.  Charles se graduo en 1990 como Valedictorian con un GPA de 4.0 obteniendo un titulo de Asociado en Artes en Educacion General y Asociado en Ciencias en Bienes Raices. En 1990, Charles Cleveland se inscribi\u00f3 en Western State College of Law y fue galardonado con la beca de la Escuela de Derecho de California Community College y la beca de la escuela de derecho de la Asociaci\u00f3n de Investigaci\u00f3n de Oficiales de Paz de California (PORAC). Obtuvo una Licenciatura en Ciencias en Derecho de Western State College of Law en 1993. Durante sus estudios en la Facultad de Derecho, Charles Cleveland trabaj\u00f3 en las Unidades Especiales de Investigaci\u00f3n de varias compa\u00f1\u00edas de seguros de indemnizaci\u00f3n de trabajadores en el sur de California. Complet\u00f3 sus estudios en el American College of Law en 1996 obteniendo el t\u00edtulo de Juris Doctor.<\/p>\n<p>Charles Cleveland pas\u00f3 la barra en 1997 comenz\u00f3 su bufete de abogados en Rancho Cucamonga. M\u00e1s tarde se asoci\u00f3 con John Metz y comenz\u00f3 las Oficinas Legales de Cleveland y Metz que ha estado sirviendo a las comunidades de Inland Empire durante 28 a\u00f1os, en la misma ubicaci\u00f3n en Rancho Cucamonga.\u00a0<\/p>\n<p>Charles Cleveland fue presidente de la Asociaci\u00f3n de Abogados de Solicitantes del Gran Inland Empire, una asociaci\u00f3n de abogados que aboga por los trabajadores lesionados. Es miembro sustentador de la Asociaci\u00f3n de Abogados de Solicitantes de California durante m\u00e1s de 20 a\u00f1os y actualmente forma parte de la Junta Directiva de esta organizaci\u00f3n.<\/p>\n<p>Charles Cleveland ofrece su tiempo y experiencia en el capitolio estatal en Sacramento para defender los derechos de los trabajadores lesionados de California con la Asociaci\u00f3n de Abogados de Solicitantes de California que educa a los legisladores sobre la dif\u00edcil situaci\u00f3n de los trabajadores lesionados y el p\u00e9simo estado del sistema de beneficios.<\/p>\n<p>Charles Cleveland es un <a href=\"https:\/\/members.calbar.ca.gov\/search\/ls_search.aspx\" target=\"_blank\" rel=\"noopener noreferrer\">Especialista certificado<\/a> en la Ley de Compensaci\u00f3n de Trabajadores con el Colegio de Abogados del Estado de California. Charles Cleveland ha sido un abogado con licencia desde 1997 con 25 a\u00f1os de experiencia de Compensaci\u00f3n de Trabajadores y litigios de accidentes. Charles Cleveland ha vivido en Rancho Cucamonga desde 1987 y disfruta de vivir y trabajar en el Inland Empire.<a href=\"https:\/\/www.clevelandmetzlaw.com\/wp-content\/uploads\/2024\/12\/certified-specialist-10-year-achievement-award.jpg\"><img loading=\"lazy\" decoding=\"async\" class=\"alignleft  wp-image-15046\" src=\"https:\/\/www.clevelandmetzlaw.com\/wp-content\/uploads\/2024\/12\/certified-specialist-10-year-achievement-award-528x405.jpg\" alt=\"abogado de accidentes de trabajo\" width=\"302\" height=\"231\" srcset=\"https:\/\/www.clevelandmetzlaw.com\/wp-content\/uploads\/2024\/12\/certified-specialist-10-year-achievement-award-528x405.jpg 528w, https:\/\/www.clevelandmetzlaw.com\/wp-content\/uploads\/2024\/12\/certified-specialist-10-year-achievement-award-938x720.jpg 938w, https:\/\/www.clevelandmetzlaw.com\/wp-content\/uploads\/2024\/12\/certified-specialist-10-year-achievement-award-768x590.jpg 768w, https:\/\/www.clevelandmetzlaw.com\/wp-content\/uploads\/2024\/12\/certified-specialist-10-year-achievement-award-16x12.jpg 16w, https:\/\/www.clevelandmetzlaw.com\/wp-content\/uploads\/2024\/12\/certified-specialist-10-year-achievement-award.jpg 1029w\" sizes=\"auto, (max-width: 302px) 100vw, 302px\" \/><\/a><\/p>\n<p>&nbsp;<\/p>\n<p><img loading=\"lazy\" decoding=\"async\" class=\"wp-image-3531  alignright\" src=\"https:\/\/www.clevelandmetzlaw.com\/wp-content\/uploads\/2019\/07\/Navy-Veteran-Attorney-Charles-Cleveland.png\" alt=\"\" width=\"182\" height=\"174\" \/><\/p>","protected":false},"excerpt":{"rendered":"<p>\u00a0Especialista Certificado en Derecho de Compensaci\u00f3n Laboral Llamar Email Texto Mapa Charles Cleveland naci\u00f3 en Los \u00c1ngeles, California y asisti\u00f3 a la escuela secundaria 1975 en Don Bosco Technical Institute y Cantwell High School en el condado de Los \u00c1ngeles. Despu\u00e9s de graduarse, Charles se alist\u00f3 en la Marina de los Estados Unidos sirviendo de 1981 a 1985 ascendiendo a...<\/p>","protected":false},"author":2,"featured_media":0,"parent":0,"menu_order":0,"comment_status":"closed","ping_status":"closed","template":"","meta":{"footnotes":""},"class_list":["post-2938","page","type-page","status-publish","hentry"],"yoast_head":"<!-- This site is optimized with the Yoast SEO plugin v27.6 - https:\/\/yoast.com\/product\/yoast-seo-wordpress\/ -->\n<title>Charles Cleveland, Certified Specialist Workers Compensation Law<\/title>\n<meta name=\"description\" content=\"Charles Cleveland is a Certified Specialist in Workers Compensation Law near Fontana, Ontario, Rialto Riverside and San Bernardino. Make a Plan, Free Consultation\" \/>\n<meta name=\"robots\" content=\"index, follow, max-snippet:-1, max-image-preview:large, max-video-preview:-1\" \/>\n<link rel=\"canonical\" href=\"https:\/\/www.clevelandmetzlaw.com\/es\/abogado-charles-robert-cleveland-jr\/\" \/>\n<meta property=\"og:locale\" content=\"es_MX\" \/>\n<meta property=\"og:type\" content=\"article\" \/>\n<meta property=\"og:title\" content=\"Charles Cleveland, Certified Specialist Workers Compensation Law\" \/>\n<meta property=\"og:description\" content=\"Charles Cleveland is a Certified Specialist in Workers Compensation Law near Fontana, Ontario, Rialto Riverside and San Bernardino. Make a Plan, Free Consultation\" \/>\n<meta property=\"og:url\" content=\"https:\/\/www.clevelandmetzlaw.com\/es\/abogado-charles-robert-cleveland-jr\/\" \/>\n<meta property=\"og:site_name\" content=\"Cleveland Metz Law\" \/>\n<meta property=\"article:modified_time\" content=\"2025-10-21T22:32:41+00:00\" \/>\n<meta property=\"og:image\" content=\"https:\/\/www.clevelandmetzlaw.com\/wp-content\/uploads\/2021\/03\/heder-phone-1-1.png\" \/>\n\t<meta property=\"og:image:width\" content=\"29\" \/>\n\t<meta property=\"og:image:height\" content=\"29\" \/>\n\t<meta property=\"og:image:type\" content=\"image\/png\" \/>\n<meta name=\"twitter:card\" content=\"summary_large_image\" \/>\n<meta name=\"twitter:label1\" content=\"Tiempo de lectura\" \/>\n\t<meta name=\"twitter:data1\" content=\"4 minutos\" \/>\n<script type=\"application\/ld+json\" class=\"yoast-schema-graph\">{\"@context\":\"https:\\\/\\\/schema.org\",\"@graph\":[{\"@type\":\"WebPage\",\"@id\":\"https:\\\/\\\/www.clevelandmetzlaw.com\\\/attorney-charles-robert-cleveland-jr\\\/\",\"url\":\"https:\\\/\\\/www.clevelandmetzlaw.com\\\/attorney-charles-robert-cleveland-jr\\\/\",\"name\":\"Charles Cleveland, Certified Specialist Workers Compensation Law\",\"isPartOf\":{\"@id\":\"https:\\\/\\\/www.clevelandmetzlaw.com\\\/#website\"},\"primaryImageOfPage\":{\"@id\":\"https:\\\/\\\/www.clevelandmetzlaw.com\\\/attorney-charles-robert-cleveland-jr\\\/#primaryimage\"},\"image\":{\"@id\":\"https:\\\/\\\/www.clevelandmetzlaw.com\\\/attorney-charles-robert-cleveland-jr\\\/#primaryimage\"},\"thumbnailUrl\":\"https:\\\/\\\/www.clevelandmetzlaw.com\\\/wp-content\\\/uploads\\\/2021\\\/03\\\/heder-phone-1-1.png\",\"datePublished\":\"2019-03-26T18:16:11+00:00\",\"dateModified\":\"2025-10-21T22:32:41+00:00\",\"description\":\"Charles Cleveland is a Certified Specialist in Workers Compensation Law near Fontana, Ontario, Rialto Riverside and San Bernardino. Make a Plan, Free Consultation\",\"breadcrumb\":{\"@id\":\"https:\\\/\\\/www.clevelandmetzlaw.com\\\/attorney-charles-robert-cleveland-jr\\\/#breadcrumb\"},\"inLanguage\":\"es\",\"potentialAction\":[{\"@type\":\"ReadAction\",\"target\":[\"https:\\\/\\\/www.clevelandmetzlaw.com\\\/attorney-charles-robert-cleveland-jr\\\/\"]}]},{\"@type\":\"ImageObject\",\"inLanguage\":\"es\",\"@id\":\"https:\\\/\\\/www.clevelandmetzlaw.com\\\/attorney-charles-robert-cleveland-jr\\\/#primaryimage\",\"url\":\"https:\\\/\\\/www.clevelandmetzlaw.com\\\/wp-content\\\/uploads\\\/2021\\\/03\\\/heder-phone-1-1.png\",\"contentUrl\":\"https:\\\/\\\/www.clevelandmetzlaw.com\\\/wp-content\\\/uploads\\\/2021\\\/03\\\/heder-phone-1-1.png\"},{\"@type\":\"BreadcrumbList\",\"@id\":\"https:\\\/\\\/www.clevelandmetzlaw.com\\\/attorney-charles-robert-cleveland-jr\\\/#breadcrumb\",\"itemListElement\":[{\"@type\":\"ListItem\",\"position\":1,\"name\":\"Home\",\"item\":\"https:\\\/\\\/www.clevelandmetzlaw.com\\\/\"},{\"@type\":\"ListItem\",\"position\":2,\"name\":\"Attorney Charles Robert Cleveland Jr.\"}]},{\"@type\":\"WebSite\",\"@id\":\"https:\\\/\\\/www.clevelandmetzlaw.com\\\/#website\",\"url\":\"https:\\\/\\\/www.clevelandmetzlaw.com\\\/\",\"name\":\"Cleveland Metz Law\",\"description\":\"California Work Injury &amp; Workers Compensation Attorney\",\"potentialAction\":[{\"@type\":\"SearchAction\",\"target\":{\"@type\":\"EntryPoint\",\"urlTemplate\":\"https:\\\/\\\/www.clevelandmetzlaw.com\\\/?s={search_term_string}\"},\"query-input\":{\"@type\":\"PropertyValueSpecification\",\"valueRequired\":true,\"valueName\":\"search_term_string\"}}],\"inLanguage\":\"es\"}]}<\/script>\n<!-- \/ Yoast SEO plugin. -->","yoast_head_json":{"title":"Charles Cleveland, Especialista Certificado en Ley de Compensaci\u00f3n para Trabajadores","description":"Charles Cleveland es un especialista certificado en la Ley de Compensaci\u00f3n de Trabajadores cerca de Fontana, Ontario, Rialto Riverside y San Bernardino. Haga un Plan, Consulta Gratuita","robots":{"index":"index","follow":"follow","max-snippet":"max-snippet:-1","max-image-preview":"max-image-preview:large","max-video-preview":"max-video-preview:-1"},"canonical":"https:\/\/www.clevelandmetzlaw.com\/es\/abogado-charles-robert-cleveland-jr\/","og_locale":"es_MX","og_type":"article","og_title":"Charles Cleveland, Certified Specialist Workers Compensation Law","og_description":"Charles Cleveland is a Certified Specialist in Workers Compensation Law near Fontana, Ontario, Rialto Riverside and San Bernardino. Make a Plan, Free Consultation","og_url":"https:\/\/www.clevelandmetzlaw.com\/es\/abogado-charles-robert-cleveland-jr\/","og_site_name":"Cleveland Metz Law","article_modified_time":"2025-10-21T22:32:41+00:00","og_image":[{"width":29,"height":29,"url":"https:\/\/www.clevelandmetzlaw.com\/wp-content\/uploads\/2021\/03\/heder-phone-1-1.png","type":"image\/png"}],"twitter_card":"summary_large_image","twitter_misc":{"Tiempo de lectura":"4 minutos"},"schema":{"@context":"https:\/\/schema.org","@graph":[{"@type":"WebPage","@id":"https:\/\/www.clevelandmetzlaw.com\/attorney-charles-robert-cleveland-jr\/","url":"https:\/\/www.clevelandmetzlaw.com\/attorney-charles-robert-cleveland-jr\/","name":"Charles Cleveland, Especialista Certificado en Ley de Compensaci\u00f3n para Trabajadores","isPartOf":{"@id":"https:\/\/www.clevelandmetzlaw.com\/#website"},"primaryImageOfPage":{"@id":"https:\/\/www.clevelandmetzlaw.com\/attorney-charles-robert-cleveland-jr\/#primaryimage"},"image":{"@id":"https:\/\/www.clevelandmetzlaw.com\/attorney-charles-robert-cleveland-jr\/#primaryimage"},"thumbnailUrl":"https:\/\/www.clevelandmetzlaw.com\/wp-content\/uploads\/2021\/03\/heder-phone-1-1.png","datePublished":"2019-03-26T18:16:11+00:00","dateModified":"2025-10-21T22:32:41+00:00","description":"Charles Cleveland es un especialista certificado en la Ley de Compensaci\u00f3n de Trabajadores cerca de Fontana, Ontario, Rialto Riverside y San Bernardino. Haga un Plan, Consulta Gratuita","breadcrumb":{"@id":"https:\/\/www.clevelandmetzlaw.com\/attorney-charles-robert-cleveland-jr\/#breadcrumb"},"inLanguage":"es","potentialAction":[{"@type":"ReadAction","target":["https:\/\/www.clevelandmetzlaw.com\/attorney-charles-robert-cleveland-jr\/"]}]},{"@type":"ImageObject","inLanguage":"es","@id":"https:\/\/www.clevelandmetzlaw.com\/attorney-charles-robert-cleveland-jr\/#primaryimage","url":"https:\/\/www.clevelandmetzlaw.com\/wp-content\/uploads\/2021\/03\/heder-phone-1-1.png","contentUrl":"https:\/\/www.clevelandmetzlaw.com\/wp-content\/uploads\/2021\/03\/heder-phone-1-1.png"},{"@type":"BreadcrumbList","@id":"https:\/\/www.clevelandmetzlaw.com\/attorney-charles-robert-cleveland-jr\/#breadcrumb","itemListElement":[{"@type":"ListItem","position":1,"name":"Home","item":"https:\/\/www.clevelandmetzlaw.com\/"},{"@type":"ListItem","position":2,"name":"Attorney Charles Robert Cleveland Jr."}]},{"@type":"WebSite","@id":"https:\/\/www.clevelandmetzlaw.com\/#website","url":"https:\/\/www.clevelandmetzlaw.com\/","name":"Cleveland Metz Law","description":"California Lesiones de Trabajo y Compensaci\u00f3n de Trabajadores Abogado","potentialAction":[{"@type":"SearchAction","target":{"@type":"EntryPoint","urlTemplate":"https:\/\/www.clevelandmetzlaw.com\/?s={search_term_string}"},"query-input":{"@type":"PropertyValueSpecification","valueRequired":true,"valueName":"search_term_string"}}],"inLanguage":"es"}]}},"_links":{"self":[{"href":"https:\/\/www.clevelandmetzlaw.com\/es\/wp-json\/wp\/v2\/pages\/2938","targetHints":{"allow":["GET"]}}],"collection":[{"href":"https:\/\/www.clevelandmetzlaw.com\/es\/wp-json\/wp\/v2\/pages"}],"about":[{"href":"https:\/\/www.clevelandmetzlaw.com\/es\/wp-json\/wp\/v2\/types\/page"}],"author":[{"embeddable":true,"href":"https:\/\/www.clevelandmetzlaw.com\/es\/wp-json\/wp\/v2\/users\/2"}],"replies":[{"embeddable":true,"href":"https:\/\/www.clevelandmetzlaw.com\/es\/wp-json\/wp\/v2\/comments?post=2938"}],"version-history":[{"count":2,"href":"https:\/\/www.clevelandmetzlaw.com\/es\/wp-json\/wp\/v2\/pages\/2938\/revisions"}],"predecessor-version":[{"id":15097,"href":"https:\/\/www.clevelandmetzlaw.com\/es\/wp-json\/wp\/v2\/pages\/2938\/revisions\/15097"}],"wp:attachment":[{"href":"https:\/\/www.clevelandmetzlaw.com\/es\/wp-json\/wp\/v2\/media?parent=2938"}],"curies":[{"name":"wp","href":"https:\/\/api.w.org\/{rel}","templated":true}]}}