{"id":2903,"date":"2019-03-13T18:27:01","date_gmt":"2019-03-14T01:27:01","guid":{"rendered":"https:\/\/www.clevelandmetzlaw.com\/?page_id=2903"},"modified":"2019-03-13T18:27:01","modified_gmt":"2019-03-14T01:27:01","slug":"politica-de-privacidad","status":"publish","type":"page","link":"https:\/\/www.clevelandmetzlaw.com\/es\/privacy-policy\/","title":{"rendered":"Pol\u00edtica de privacidad"},"content":{"rendered":"<h2><strong>Pol\u00edtica de privacidad<\/strong><\/h2>\n<p>Reconocemos que puede estar preocupado por nuestro uso y divulgaci\u00f3n de su informaci\u00f3n personal. Su privacidad es muy importante para nosotros, y lo siguiente le informar\u00e1 sobre la informaci\u00f3n que las Oficinas Legales de Cleveland &amp; Metz podemos recopilar de usted y c\u00f3mo se utiliza. Al utilizar nuestro sitio web,\u00a0<a href=\"http:\/\/www.clevelandmetzlaw.com\/es\/\">www.clevelandmetzlaw.com<\/a>, est\u00e1 aceptando las pr\u00e1cticas descritas en esta pol\u00edtica.<\/p>\n<p><strong>\u00bfQu\u00e9 informaci\u00f3n personal se recopila a trav\u00e9s de este sitio web y c\u00f3mo se utiliza?<\/strong><\/p>\n<p>Recopilamos informaci\u00f3n sobre nuestros usuarios de tres maneras: directamente del usuario, de los registros de nuestro servidor web y mediante cookies. Usamos la informaci\u00f3n principalmente para brindarle una experiencia de Internet personalizada que le brinde la informaci\u00f3n, los recursos y los servicios que son m\u00e1s relevantes y \u00fatiles para usted. No compartimos la informaci\u00f3n que nos proporciona con otros, a menos que as\u00ed lo indiquemos en esta Pol\u00edtica de privacidad o cuando creamos de buena fe que la ley lo requiere.<\/p>\n<p><strong>Informaci\u00f3n proporcionada por el usuario<\/strong>: Si llena el formulario de &quot;contacto&quot; en este sitio web, le pediremos que proporcione cierta informaci\u00f3n personal (como direcci\u00f3n de correo electr\u00f3nico, nombre, n\u00famero de tel\u00e9fono y estado). Solo requerimos que proporcione una direcci\u00f3n de correo electr\u00f3nico en el formulario de contacto. Adem\u00e1s, si el chat est\u00e1 disponible a trav\u00e9s de este sitio, es posible que se le solicite que proporcione informaci\u00f3n si participa en un chat en l\u00ednea. No env\u00ede ninguna informaci\u00f3n confidencial, de propiedad o de identificaci\u00f3n personal sensible (por ejemplo, n\u00famero de seguro social, fecha de nacimiento, n\u00famero de licencia de conducir, tarjeta de cr\u00e9dito, cuenta bancaria u otra informaci\u00f3n financiera) (colectivamente, &quot;informaci\u00f3n sensible&quot;). Si env\u00eda informaci\u00f3n confidencial, lo hace bajo su propio riesgo y no seremos responsables ante usted ni por las consecuencias de su env\u00edo.<\/p>\n<p>La informaci\u00f3n que nos proporcione a trav\u00e9s del formulario de contacto o un chat en l\u00ednea se utilizar\u00e1 para que podamos responder a su consulta. Tambi\u00e9n podemos utilizar la informaci\u00f3n que nos proporcione para comunicarnos con usted en el futuro. Si no desea recibir dichas comunicaciones, puede optar por no participar (cancelar la suscripci\u00f3n) como se describe a continuaci\u00f3n.<\/p>\n<p><strong>Registros del servidor web<\/strong>: Cuando visita nuestro sitio web, podemos rastrear informaci\u00f3n sobre su visita y almacenar esa informaci\u00f3n en los registros del servidor web, que son registros de las actividades en nuestros sitios. Los servidores capturan y guardan autom\u00e1ticamente la informaci\u00f3n de forma electr\u00f3nica. Ejemplos de la informaci\u00f3n que podemos recopilar incluyen:<\/p>\n<ul>\n<li>Su direcci\u00f3n de protocolo de Internet \u00fanica;<\/li>\n<li>El nombre de su proveedor de servicios de Internet exclusivo;<\/li>\n<li>El pueblo \/ ciudad, condado \/ estado y pa\u00eds desde el que accede a nuestro sitio web;<\/li>\n<li>El tipo de navegador o computadora que usa;<\/li>\n<li>La cantidad de enlaces en los que hace clic dentro del sitio;<\/li>\n<li>La fecha y hora de su visita;<\/li>\n<li>La p\u00e1gina web desde la que lleg\u00f3 a nuestro sitio;<\/li>\n<li>Las p\u00e1ginas que vio en el sitio; y<\/li>\n<li>Ciertas b\u00fasquedas \/ consultas que realiz\u00f3 a trav\u00e9s de nuestro (s) sitio (s) web.<\/li>\n<\/ul>\n<p>La informaci\u00f3n que recopilamos en los registros del servidor web nos ayuda a administrar el sitio, analizar su uso, proteger el sitio web y su contenido del uso inapropiado y mejorar la experiencia del usuario.<\/p>\n<p><strong>Galletas:<\/strong>\u00a0Con el fin de ofrecer y proporcionar un servicio personalizado y personalizado, nuestros sitios web y aplicaciones pueden utilizar cookies y tecnolog\u00edas similares para almacenar y ayudar a rastrear informaci\u00f3n sobre usted. Las cookies son simplemente peque\u00f1os datos que se env\u00edan a su navegador desde un servidor web y se almacenan en el disco duro de su computadora. Usamos cookies para recordarnos qui\u00e9n es usted y para ayudarlo a navegar por nuestros sitios durante sus visitas. Las cookies tambi\u00e9n pueden decirnos a d\u00f3nde van los visitantes en un sitio web y nos permiten guardar preferencias para usted, para que no tenga que volver a ingresarlas cada vez que lo visite. El uso de cookies es relativamente est\u00e1ndar. La mayor\u00eda de los navegadores de Internet est\u00e1n configurados inicialmente para aceptar cookies, pero puede usar su navegador para notificarle cuando recibe una cookie o para deshabilitar las cookies.<\/p>\n<p>Si desea desactivar las cookies de este sitio, puede hacerlo utilizando su navegador. Debe comprender que algunas caracter\u00edsticas de muchos sitios pueden no funcionar correctamente si no acepta las cookies. Para obtener m\u00e1s informaci\u00f3n sobre el uso de navegadores para administrar cookies, consulte\u00a0<a href=\"http:\/\/www.allaboutcookies.org\/manage-cookies\/\">Todo sobre las cookies<\/a>. Tambi\u00e9n puede negarse a aceptar cookies Flash de este sitio web utilizando\u00a0<a href=\"http:\/\/www.adobe.com\/devnet\/security.html\">Herramientas de gesti\u00f3n de Flash de Adobe<\/a>. Puede excluirse del uso de cookies de Google visitando\u00a0<a href=\"https:\/\/www.google.com\/settings\/ads\">Configuraci\u00f3n de anuncios de Google<\/a>.<\/p>\n<p>Al visitar este sitio web, usted acepta el uso de cookies y tecnolog\u00edas similares de acuerdo con esta Declaraci\u00f3n de privacidad.<\/p>\n<p><strong>Servicios de terceros:<\/strong>\u00a0Podemos utilizar servicios alojados por terceros, incluido Adobe Site Catalyst, para ayudar a proporcionar nuestros servicios y para ayudarnos a comprender el uso de nuestro sitio por parte de nuestros visitantes. Estos servicios pueden recopilar informaci\u00f3n enviada por su navegador como parte de una solicitud de p\u00e1gina web, incluida su direcci\u00f3n IP o cookies. Si estos servicios de terceros recopilan informaci\u00f3n, lo hacen de forma an\u00f3nima y en conjunto para proporcionar informaci\u00f3n \u00fatil para nosotros, como las tendencias del sitio web, sin identificar a los visitantes individuales.<\/p>\n<p>Adem\u00e1s, podemos utilizar servicios proporcionados por terceros para mostrarle contenido, productos, servicios y publicidad relevantes. Estos terceros pueden utilizar cookies, balizas web y tecnolog\u00edas similares para recopilar o recibir informaci\u00f3n de este sitio web y de otros lugares de Internet. Luego, pueden usar esa informaci\u00f3n para proporcionar servicios de medici\u00f3n para que podamos comprender sus intereses y reorientar los anuncios en funci\u00f3n de sus visitas anteriores a este sitio web. Tenga en cuenta que no compartimos su informaci\u00f3n personal con ning\u00fan anunciante externo, servidor de anuncios o red de anuncios.<\/p>\n<p>Es posible que pueda optar por no participar en la recopilaci\u00f3n y el uso de informaci\u00f3n para la orientaci\u00f3n de anuncios por parte de algunos terceros visitando\u00a0<a href=\"https:\/\/www.aboutads.info\/choices\/\">www.aboutads.info\/choices<\/a>. Puede excluirse del uso de cookies de Google visitando\u00a0<a href=\"https:\/\/www.google.com\/settings\/ads\">Configuraci\u00f3n de anuncios de Google<\/a>. Puedes visitar este\u00a0<a href=\"http:\/\/www.networkadvertising.org\/choices\/\">p\u00e1gina<\/a>\u00a0optar por no recibir publicidad dirigida de AdRoll y sus socios. Consulte &quot;Cookies&quot; en la secci\u00f3n anterior para obtener m\u00e1s informaci\u00f3n sobre c\u00f3mo puede controlar el uso de cookies en su computadora.<\/p>\n<p><strong>California no rastrear:<\/strong>\u00a0Nuestros servicios web no alteran, cambian ni responden al recibir solicitudes o se\u00f1ales de No rastrear (DNT) en los navegadores. Como se describe con m\u00e1s detalle anteriormente, realizamos un seguimiento de la actividad del usuario mediante registros del servidor web, cookies y tecnolog\u00edas similares. La informaci\u00f3n recopilada en los registros del servidor web nos ayuda a analizar el uso del sitio web y mejorar la experiencia del usuario. Las cookies nos permiten ofrecerle una experiencia personalizada y presentarle publicidad relevante.<\/p>\n<p><strong>\u00bfC\u00f3mo se protege la informaci\u00f3n personal?<\/strong><\/p>\n<p>Tomamos ciertas medidas de seguridad adecuadas para ayudar a proteger su informaci\u00f3n personal de p\u00e9rdidas accidentales y de acceso, uso o divulgaci\u00f3n no autorizados. Sin embargo, no podemos garantizar que las personas no autorizadas siempre no puedan vencer nuestras medidas de seguridad.<\/p>\n<p><strong>\u00bfQui\u00e9n tiene acceso a la informaci\u00f3n?<\/strong><\/p>\n<p>No venderemos, alquilaremos ni alquilaremos listas de correo u otros datos de usuario a terceros, y no pondremos su informaci\u00f3n personal a disposici\u00f3n de terceros no afiliados, excepto en los casos siguientes:<\/p>\n<ul>\n<li>A agentes, proveedores de sitios web y \/ o contratistas que puedan usarlo en nuestro nombre o en relaci\u00f3n con su relaci\u00f3n con nosotros;<\/li>\n<li>Si no podemos ayudarlo con su asunto, pero conocemos a un abogado o bufete no afiliado que pueda ayudarlo, podemos recomendarlo y compartir la informaci\u00f3n que nos proporcion\u00f3 con esa parte; y<\/li>\n<li>Seg\u00fan lo requiera la ley, en una cuesti\u00f3n de seguridad p\u00fablica o pol\u00edtica, seg\u00fan sea necesario en relaci\u00f3n con la transferencia de nuestros activos comerciales (por ejemplo, si somos adquiridos por otra firma o si somos liquidados durante un procedimiento de quiebra), o si creemos de buena fe que compartir los datos es necesario para proteger nuestros derechos o propiedad.<\/li>\n<\/ul>\n<p><strong>\u00bfC\u00f3mo puedo corregir, modificar o eliminar mi informaci\u00f3n personal y \/ u optar por no recibir comunicaciones futuras?<\/strong><\/p>\n<p>Puede optar por no recibir nuestros contactos futuros en cualquier momento. Cont\u00e1ctenos a trav\u00e9s del n\u00famero de tel\u00e9fono, formulario de contacto o direcci\u00f3n postal en nuestro sitio web en cualquier momento para:<\/p>\n<ul>\n<li>Vea qu\u00e9 datos tenemos sobre usted, si los hay;<\/li>\n<li>Cambiar \/ corregir cualquier dato que tengamos sobre usted;<\/li>\n<li>Pedirnos que eliminemos cualquier dato que tengamos sobre usted; y \/ o<\/li>\n<li>Opte por no recibir comunicaciones nuestras en el futuro.<\/li>\n<\/ul>\n<p>Si tiene preguntas o inquietudes adicionales sobre esta pol\u00edtica de privacidad, comun\u00edquese con nosotros a trav\u00e9s del n\u00famero de tel\u00e9fono, <a href=\"https:\/\/www.clevelandmetzlaw.com\/es\/contacto\/\">Formulario de contacto<\/a> o direcci\u00f3n postal que aparece en este sitio web.<\/p>","protected":false},"excerpt":{"rendered":"<p>Pol\u00edtica de privacidad Reconocemos que usted puede estar preocupado por nuestro uso y divulgaci\u00f3n de su informaci\u00f3n personal. Su privacidad es muy importante para nosotros, y lo siguiente le informar\u00e1 de la informaci\u00f3n que Law Offices of Cleveland &amp; Metz, puede recopilar de usted, y c\u00f3mo se utiliza. Al utilizar nuestro sitio web, www.clevelandmetzlaw.com,...<\/p>","protected":false},"author":2,"featured_media":0,"parent":0,"menu_order":0,"comment_status":"closed","ping_status":"closed","template":"","meta":{"footnotes":""},"class_list":["post-2903","page","type-page","status-publish","hentry"],"yoast_head":"<!-- This site is optimized with the Yoast SEO plugin v27.5 - https:\/\/yoast.com\/product\/yoast-seo-wordpress\/ -->\n<title>Privacy Policy - Cleveland Metz Law<\/title>\n<meta name=\"robots\" content=\"index, follow, max-snippet:-1, max-image-preview:large, max-video-preview:-1\" \/>\n<link rel=\"canonical\" href=\"https:\/\/www.clevelandmetzlaw.com\/es\/politica-de-privacidad\/\" \/>\n<meta property=\"og:locale\" content=\"es_MX\" \/>\n<meta property=\"og:type\" content=\"article\" \/>\n<meta property=\"og:title\" content=\"Privacy Policy - Cleveland Metz Law\" \/>\n<meta property=\"og:description\" content=\"Privacy Policy We recognize that you may be concerned about our use and disclosure of your personal information. Your privacy is very important to us, and the following will inform you of the information that we Law Offices of Cleveland &amp; Metz, may collect from you, and how it is used. By using our Website,\u00a0www.clevelandmetzlaw.com,&hellip;\" \/>\n<meta property=\"og:url\" content=\"https:\/\/www.clevelandmetzlaw.com\/es\/politica-de-privacidad\/\" \/>\n<meta property=\"og:site_name\" content=\"Cleveland Metz Law\" \/>\n<meta name=\"twitter:card\" content=\"summary_large_image\" \/>\n<meta name=\"twitter:label1\" content=\"Tiempo de lectura\" \/>\n\t<meta name=\"twitter:data1\" content=\"7 minutos\" \/>\n<script type=\"application\/ld+json\" class=\"yoast-schema-graph\">{\"@context\":\"https:\\\/\\\/schema.org\",\"@graph\":[{\"@type\":\"WebPage\",\"@id\":\"https:\\\/\\\/www.clevelandmetzlaw.com\\\/privacy-policy\\\/\",\"url\":\"https:\\\/\\\/www.clevelandmetzlaw.com\\\/privacy-policy\\\/\",\"name\":\"Privacy Policy - Cleveland Metz Law\",\"isPartOf\":{\"@id\":\"https:\\\/\\\/www.clevelandmetzlaw.com\\\/#website\"},\"datePublished\":\"2019-03-14T01:27:01+00:00\",\"breadcrumb\":{\"@id\":\"https:\\\/\\\/www.clevelandmetzlaw.com\\\/privacy-policy\\\/#breadcrumb\"},\"inLanguage\":\"es\",\"potentialAction\":[{\"@type\":\"ReadAction\",\"target\":[\"https:\\\/\\\/www.clevelandmetzlaw.com\\\/privacy-policy\\\/\"]}]},{\"@type\":\"BreadcrumbList\",\"@id\":\"https:\\\/\\\/www.clevelandmetzlaw.com\\\/privacy-policy\\\/#breadcrumb\",\"itemListElement\":[{\"@type\":\"ListItem\",\"position\":1,\"name\":\"Home\",\"item\":\"https:\\\/\\\/www.clevelandmetzlaw.com\\\/\"},{\"@type\":\"ListItem\",\"position\":2,\"name\":\"Privacy Policy\"}]},{\"@type\":\"WebSite\",\"@id\":\"https:\\\/\\\/www.clevelandmetzlaw.com\\\/#website\",\"url\":\"https:\\\/\\\/www.clevelandmetzlaw.com\\\/\",\"name\":\"Cleveland Metz Law\",\"description\":\"California Work Injury &amp; Workers Compensation Attorney\",\"potentialAction\":[{\"@type\":\"SearchAction\",\"target\":{\"@type\":\"EntryPoint\",\"urlTemplate\":\"https:\\\/\\\/www.clevelandmetzlaw.com\\\/?s={search_term_string}\"},\"query-input\":{\"@type\":\"PropertyValueSpecification\",\"valueRequired\":true,\"valueName\":\"search_term_string\"}}],\"inLanguage\":\"es\"}]}<\/script>\n<!-- \/ Yoast SEO plugin. -->","yoast_head_json":{"title":"Pol\u00edtica de privacidad - Cleveland Metz Law","robots":{"index":"index","follow":"follow","max-snippet":"max-snippet:-1","max-image-preview":"max-image-preview:large","max-video-preview":"max-video-preview:-1"},"canonical":"https:\/\/www.clevelandmetzlaw.com\/es\/politica-de-privacidad\/","og_locale":"es_MX","og_type":"article","og_title":"Privacy Policy - Cleveland Metz Law","og_description":"Privacy Policy We recognize that you may be concerned about our use and disclosure of your personal information. Your privacy is very important to us, and the following will inform you of the information that we Law Offices of Cleveland &amp; Metz, may collect from you, and how it is used. By using our Website,\u00a0www.clevelandmetzlaw.com,&hellip;","og_url":"https:\/\/www.clevelandmetzlaw.com\/es\/politica-de-privacidad\/","og_site_name":"Cleveland Metz Law","twitter_card":"summary_large_image","twitter_misc":{"Tiempo de lectura":"7 minutos"},"schema":{"@context":"https:\/\/schema.org","@graph":[{"@type":"WebPage","@id":"https:\/\/www.clevelandmetzlaw.com\/privacy-policy\/","url":"https:\/\/www.clevelandmetzlaw.com\/privacy-policy\/","name":"Pol\u00edtica de privacidad - Cleveland Metz Law","isPartOf":{"@id":"https:\/\/www.clevelandmetzlaw.com\/#website"},"datePublished":"2019-03-14T01:27:01+00:00","breadcrumb":{"@id":"https:\/\/www.clevelandmetzlaw.com\/privacy-policy\/#breadcrumb"},"inLanguage":"es","potentialAction":[{"@type":"ReadAction","target":["https:\/\/www.clevelandmetzlaw.com\/privacy-policy\/"]}]},{"@type":"BreadcrumbList","@id":"https:\/\/www.clevelandmetzlaw.com\/privacy-policy\/#breadcrumb","itemListElement":[{"@type":"ListItem","position":1,"name":"Home","item":"https:\/\/www.clevelandmetzlaw.com\/"},{"@type":"ListItem","position":2,"name":"Privacy Policy"}]},{"@type":"WebSite","@id":"https:\/\/www.clevelandmetzlaw.com\/#website","url":"https:\/\/www.clevelandmetzlaw.com\/","name":"Cleveland Metz Law","description":"California Lesiones de Trabajo y Compensaci\u00f3n de Trabajadores Abogado","potentialAction":[{"@type":"SearchAction","target":{"@type":"EntryPoint","urlTemplate":"https:\/\/www.clevelandmetzlaw.com\/?s={search_term_string}"},"query-input":{"@type":"PropertyValueSpecification","valueRequired":true,"valueName":"search_term_string"}}],"inLanguage":"es"}]}},"_links":{"self":[{"href":"https:\/\/www.clevelandmetzlaw.com\/es\/wp-json\/wp\/v2\/pages\/2903","targetHints":{"allow":["GET"]}}],"collection":[{"href":"https:\/\/www.clevelandmetzlaw.com\/es\/wp-json\/wp\/v2\/pages"}],"about":[{"href":"https:\/\/www.clevelandmetzlaw.com\/es\/wp-json\/wp\/v2\/types\/page"}],"author":[{"embeddable":true,"href":"https:\/\/www.clevelandmetzlaw.com\/es\/wp-json\/wp\/v2\/users\/2"}],"replies":[{"embeddable":true,"href":"https:\/\/www.clevelandmetzlaw.com\/es\/wp-json\/wp\/v2\/comments?post=2903"}],"version-history":[{"count":0,"href":"https:\/\/www.clevelandmetzlaw.com\/es\/wp-json\/wp\/v2\/pages\/2903\/revisions"}],"wp:attachment":[{"href":"https:\/\/www.clevelandmetzlaw.com\/es\/wp-json\/wp\/v2\/media?parent=2903"}],"curies":[{"name":"wp","href":"https:\/\/api.w.org\/{rel}","templated":true}]}}