{"id":2748,"date":"2018-11-30T08:37:05","date_gmt":"2018-11-30T16:37:05","guid":{"rendered":"https:\/\/www.clevelandmetzlaw.com\/?page_id=2748"},"modified":"2021-07-09T09:50:45","modified_gmt":"2021-07-09T16:50:45","slug":"encuentranos","status":"publish","type":"page","link":"https:\/\/www.clevelandmetzlaw.com\/es\/find-us\/","title":{"rendered":"Encu\u00e9ntranos"},"content":{"rendered":"<h2 style=\"text-align: center;\">Las Oficinas Legales de Cleveland y Metz<\/h2>\n<p style=\"text-align: center;\"><strong>9330 Baseline Road, Suite 100<\/strong><br \/>\n<strong>Rancho Cucamonga, CA 91701<\/strong><\/p>\n<p style=\"text-align: center;\"><iframe loading=\"lazy\" style=\"border: 0;\" src=\"https:\/\/www.google.com\/maps\/embed?pb=!1m18!1m12!1m3!1d3302.9691314277097!2d-117.603984684424!3d34.12153998058712!2m3!1f0!2f0!3f0!3m2!1i1024!2i768!4f13.1!3m3!1m2!1s0x80c3368b6b7dd4e9%3A0x19f45e181de2c060!2sLaw+Offices+of+Cleveland+%26+Metz!5e0!3m2!1sen!2sus!4v1537881973275\" width=\"600\" height=\"450\" frameborder=\"0\" allowfullscreen=\"allowfullscreen\"><\/iframe><\/p>\n<h3 style=\"text-align: center;\">\u00a0<a href=\"tel:1-909-980-9703\"><img loading=\"lazy\" decoding=\"async\" class=\"alignnone wp-image-6223 size-full\" src=\"https:\/\/www.clevelandmetzlaw.com\/wp-content\/uploads\/2021\/03\/heder-phone-1-1.png\" alt=\"\" width=\"29\" height=\"29\" srcset=\"https:\/\/www.clevelandmetzlaw.com\/wp-content\/uploads\/2021\/03\/heder-phone-1-1.png 29w, https:\/\/www.clevelandmetzlaw.com\/wp-content\/uploads\/2021\/03\/heder-phone-1-1-12x12.png 12w\" sizes=\"auto, (max-width: 29px) 100vw, 29px\" \/> <\/a><a href=\"tel: 1-909-980-9703\">Llamada<\/a>\u00a0 \u00a0<a href=\"mailto:cc@clevelandmetzlaw.com\"><img loading=\"lazy\" decoding=\"async\" class=\"alignnone wp-image-6221\" src=\"https:\/\/www.clevelandmetzlaw.com\/wp-content\/uploads\/2021\/03\/email-icon-150x150-1.jpg\" alt=\"\" width=\"29\" height=\"29\" srcset=\"https:\/\/www.clevelandmetzlaw.com\/wp-content\/uploads\/2021\/03\/email-icon-150x150-1.jpg 150w, https:\/\/www.clevelandmetzlaw.com\/wp-content\/uploads\/2021\/03\/email-icon-150x150-1-12x12.jpg 12w\" sizes=\"auto, (max-width: 29px) 100vw, 29px\" \/><\/a> <a href=\"mailto:cc@clevelandmetzlaw.com\"><strong>Correo electr\u00f3nico<\/strong><\/a><strong>\u00a0\u00a0<\/strong><strong> <a href=\"sms:1-909-303-6374\"><img loading=\"lazy\" decoding=\"async\" class=\"alignnone wp-image-6222\" src=\"https:\/\/www.clevelandmetzlaw.com\/wp-content\/uploads\/2021\/03\/Cleveland-Metz-Text-150x150-1.png\" alt=\"\" width=\"29\" height=\"29\" srcset=\"https:\/\/www.clevelandmetzlaw.com\/wp-content\/uploads\/2021\/03\/Cleveland-Metz-Text-150x150-1.png 150w, https:\/\/www.clevelandmetzlaw.com\/wp-content\/uploads\/2021\/03\/Cleveland-Metz-Text-150x150-1-12x12.png 12w\" sizes=\"auto, (max-width: 29px) 100vw, 29px\" \/><\/a>\u00a0<\/strong><a href=\"sms:1-909-303-6374\">Texto<\/a>\u00a0 <a href=\"https:\/\/www.clevelandmetzlaw.com\/es\/encuentranos\/\"><img loading=\"lazy\" decoding=\"async\" class=\"alignnone wp-image-6224\" src=\"https:\/\/www.clevelandmetzlaw.com\/wp-content\/uploads\/2021\/03\/map-icon-ClevelandMetz-150x150-1.png\" alt=\"\" width=\"29\" height=\"29\" srcset=\"https:\/\/www.clevelandmetzlaw.com\/wp-content\/uploads\/2021\/03\/map-icon-ClevelandMetz-150x150-1.png 150w, https:\/\/www.clevelandmetzlaw.com\/wp-content\/uploads\/2021\/03\/map-icon-ClevelandMetz-150x150-1-12x12.png 12w\" sizes=\"auto, (max-width: 29px) 100vw, 29px\" \/><\/a> <a href=\"https:\/\/www.clevelandmetzlaw.com\/es\/encuentranos\/\">Mapa<\/a><\/h3>\n<p style=\"text-align: center;\"><strong><br \/>\nSERVICIO<\/strong><\/p>\n<p style=\"text-align: center;\"><strong><a class=\"btn btn-primary custom-button red-btn\" href=\"https:\/\/www.clevelandmetzlaw.com\/es\/bloomington\/\">Bloomington<\/a>\u00a0 \u00a0<\/strong><\/p>\n<p style=\"text-align: center;\"><strong><a class=\"btn btn-primary custom-button red-btn\" href=\"https:\/\/www.clevelandmetzlaw.com\/es\/chino-abogado-de-compensacion-de-trabajadores\/\">Chino<\/a>\u00a0 \u00a0<\/strong><\/p>\n<p style=\"text-align: center;\"><strong><a class=\"btn btn-primary custom-button red-btn\" href=\"https:\/\/www.clevelandmetzlaw.com\/es\/chino-hills-abogado-de-compensacion-de-trabajadores\/\">Chino Hills<\/a>\u00a0 \u00a0<\/strong><\/p>\n<p style=\"text-align: center;\"><strong><a class=\"btn btn-primary custom-button red-btn\" href=\"https:\/\/www.clevelandmetzlaw.com\/es\/colton-abogado-de-compensacion-al-trabajador\/\">Colton<\/a>\u00a0 \u00a0<\/strong><\/p>\n<p style=\"text-align: center;\"><strong><a class=\"btn btn-primary custom-button red-btn\" href=\"https:\/\/www.clevelandmetzlaw.com\/es\/abogado-de-compensacion-de-trabajadores-de-eastvale\/\">Eastvale<\/a>\u00a0 \u00a0<\/strong><\/p>\n<p style=\"text-align: center;\"><strong><a class=\"btn btn-primary custom-button red-btn\" href=\"https:\/\/www.clevelandmetzlaw.com\/es\/fontana-abogado-de-compensacion-de-trabajadores\/\">Fontana<\/a>\u00a0 \u00a0<\/strong><\/p>\n<p style=\"text-align: center;\"><strong><a class=\"btn btn-primary custom-button red-btn\" href=\"https:\/\/www.clevelandmetzlaw.com\/es\/valle-de-jurupa\/\">Jurupa Valley<\/a>\u00a0 <\/strong><\/p>\n<p style=\"text-align: center;\"><strong><a class=\"btn btn-primary custom-button red-btn\" href=\"https:\/\/www.clevelandmetzlaw.com\/es\/abogado-de-compensacion-de-trabajadores-de-highland\/\">Highland<\/a>\u00a0 \u00a0<\/strong><\/p>\n<p style=\"text-align: center;\"><strong><a class=\"btn btn-primary custom-button red-btn\" href=\"https:\/\/www.clevelandmetzlaw.com\/es\/loma-linda-abogado-de-compensacion-al-trabajador\/\">Loma Linda<\/a>\u00a0 \u00a0<\/strong><\/p>\n<p style=\"text-align: center;\"><strong><a class=\"btn btn-primary custom-button red-btn\" href=\"https:\/\/www.clevelandmetzlaw.com\/es\/mira-loma-abogado-de-compensacion-al-trabajador\/\">Mira Loma<\/a>\u00a0 \u00a0 <\/strong><\/p>\n<p style=\"text-align: center;\"><strong><a class=\"btn btn-primary custom-button red-btn\" href=\"https:\/\/www.clevelandmetzlaw.com\/es\/montclair-abogado-de-compensacion-de-trabajadores\/\">Montclair<\/a>\u00a0 \u00a0 <\/strong><\/p>\n<p style=\"text-align: center;\"><strong><a class=\"btn btn-primary custom-button red-btn\" href=\"https:\/\/www.clevelandmetzlaw.com\/es\/moreno-valley-abogado-de-compensacion-al-trabajador\/\">Moreno Valley<\/a>\u00a0 \u00a0<\/strong><\/p>\n<p style=\"text-align: center;\"><strong><a class=\"btn btn-primary custom-button red-btn\" href=\"https:\/\/www.clevelandmetzlaw.com\/es\/ontario-abogado-de-compensacion-de-trabajadores\/\">Ontario<\/a>\u00a0 \u00a0<\/strong><\/p>\n<p style=\"text-align: center;\"><strong><a class=\"btn btn-primary custom-button red-btn\" href=\"https:\/\/www.clevelandmetzlaw.com\/es\/pomona-abogado-de-compensacion-de-trabajadores\/\">Pomona<\/a>\u00a0 <\/strong><\/p>\n<p style=\"text-align: center;\"><strong><a class=\"btn btn-primary custom-button red-btn\" href=\"https:\/\/www.clevelandmetzlaw.com\/es\/rancho-cucamonga-abogado-de-lesiones-de-trabajo\/\">Rancho Cucamonga<\/a> \u00a0<\/strong><\/p>\n<p style=\"text-align: center;\"><strong><a class=\"btn btn-primary custom-button red-btn\" href=\"https:\/\/www.clevelandmetzlaw.com\/es\/abogado-de-compensacion-de-trabajadores-de-rialto\/\">Rialto<\/a>\u00a0 \u00a0<\/strong><\/p>\n<p style=\"text-align: center;\"><strong><a class=\"btn btn-primary custom-button red-btn\" href=\"https:\/\/www.clevelandmetzlaw.com\/es\/abogado-de-compensacion-de-trabajadores-de-riverside\/\">Riverside<\/a>\u00a0 \u00a0<\/strong><\/p>\n<p style=\"text-align: center;\"><strong><a class=\"btn btn-primary custom-button red-btn\" href=\"https:\/\/www.clevelandmetzlaw.com\/es\/san-bernardino-abogado-de-compensacion-de-trabajadores\/\">San Bernardino<\/a>\u00a0 \u00a0<\/strong><\/p>\n<p style=\"text-align: center;\"><strong><a class=\"btn btn-primary custom-button red-btn\" href=\"https:\/\/www.clevelandmetzlaw.com\/es\/upland-abogado-de-compensacion-de-trabajadores\/\">Upland<\/a><\/strong><\/p>","protected":false},"excerpt":{"rendered":"<p>The Law Offices of Cleveland &amp; Metz 9330 Baseline Road, Suite 100 Rancho Cucamonga, CA 91701 Call Email Text Map SERVING Bloomington Chino Chino Hills Colton Eastvale Fontana Jurupa Valley Highland Loma Linda Mira Loma Montclair Moreno Valley Ontario Pomona Rancho...<\/p>","protected":false},"author":2,"featured_media":0,"parent":0,"menu_order":0,"comment_status":"closed","ping_status":"closed","template":"","meta":{"footnotes":""},"class_list":["post-2748","page","type-page","status-publish","hentry"],"yoast_head":"<!-- This site is optimized with the Yoast SEO plugin v27.6 - https:\/\/yoast.com\/product\/yoast-seo-wordpress\/ -->\n<title>Find Us | Service Area<\/title>\n<meta name=\"description\" content=\"Get location information and directions to the Law Offices of Cleveland &amp; Metz in the Inland Empire. We are work injury lawyers\/workers compensation attorneys located in Rancho Cucamonga, CA.\" \/>\n<meta name=\"robots\" content=\"index, follow, max-snippet:-1, max-image-preview:large, max-video-preview:-1\" \/>\n<link rel=\"canonical\" href=\"https:\/\/www.clevelandmetzlaw.com\/es\/encuentranos\/\" \/>\n<meta property=\"og:locale\" content=\"es_MX\" \/>\n<meta property=\"og:type\" content=\"article\" \/>\n<meta property=\"og:title\" content=\"Find The Law Offices of Cleveland &amp; Metz | Inland Empire\" \/>\n<meta property=\"og:description\" content=\"Find The Law Offices of Cleveland &amp; Metz at 9330 Baseline Road, Suite 100 in Rancho Cucamonga, CA 91701. Or view this page to see the embedded Google Map of our location.\" \/>\n<meta property=\"og:url\" content=\"https:\/\/www.clevelandmetzlaw.com\/es\/encuentranos\/\" \/>\n<meta property=\"og:site_name\" content=\"Cleveland Metz Law\" \/>\n<meta property=\"article:modified_time\" content=\"2021-07-09T16:50:45+00:00\" \/>\n<meta property=\"og:image\" content=\"https:\/\/www.clevelandmetzlaw.com\/wp-content\/uploads\/2021\/03\/heder-phone-1-1.png\" \/>\n<meta name=\"twitter:card\" content=\"summary_large_image\" \/>\n<script type=\"application\/ld+json\" class=\"yoast-schema-graph\">{\"@context\":\"https:\\\/\\\/schema.org\",\"@graph\":[{\"@type\":\"WebPage\",\"@id\":\"https:\\\/\\\/www.clevelandmetzlaw.com\\\/find-us\\\/\",\"url\":\"https:\\\/\\\/www.clevelandmetzlaw.com\\\/find-us\\\/\",\"name\":\"Find Us | Service Area\",\"isPartOf\":{\"@id\":\"https:\\\/\\\/www.clevelandmetzlaw.com\\\/#website\"},\"primaryImageOfPage\":{\"@id\":\"https:\\\/\\\/www.clevelandmetzlaw.com\\\/find-us\\\/#primaryimage\"},\"image\":{\"@id\":\"https:\\\/\\\/www.clevelandmetzlaw.com\\\/find-us\\\/#primaryimage\"},\"thumbnailUrl\":\"https:\\\/\\\/www.clevelandmetzlaw.com\\\/wp-content\\\/uploads\\\/2021\\\/03\\\/heder-phone-1-1.png\",\"datePublished\":\"2018-11-30T16:37:05+00:00\",\"dateModified\":\"2021-07-09T16:50:45+00:00\",\"description\":\"Get location information and directions to the Law Offices of Cleveland & Metz in the Inland Empire. We are work injury lawyers\\\/workers compensation attorneys located in Rancho Cucamonga, CA.\",\"breadcrumb\":{\"@id\":\"https:\\\/\\\/www.clevelandmetzlaw.com\\\/find-us\\\/#breadcrumb\"},\"inLanguage\":\"es\",\"potentialAction\":[{\"@type\":\"ReadAction\",\"target\":[\"https:\\\/\\\/www.clevelandmetzlaw.com\\\/find-us\\\/\"]}]},{\"@type\":\"ImageObject\",\"inLanguage\":\"es\",\"@id\":\"https:\\\/\\\/www.clevelandmetzlaw.com\\\/find-us\\\/#primaryimage\",\"url\":\"https:\\\/\\\/www.clevelandmetzlaw.com\\\/wp-content\\\/uploads\\\/2021\\\/03\\\/heder-phone-1-1.png\",\"contentUrl\":\"https:\\\/\\\/www.clevelandmetzlaw.com\\\/wp-content\\\/uploads\\\/2021\\\/03\\\/heder-phone-1-1.png\"},{\"@type\":\"BreadcrumbList\",\"@id\":\"https:\\\/\\\/www.clevelandmetzlaw.com\\\/find-us\\\/#breadcrumb\",\"itemListElement\":[{\"@type\":\"ListItem\",\"position\":1,\"name\":\"Home\",\"item\":\"https:\\\/\\\/www.clevelandmetzlaw.com\\\/\"},{\"@type\":\"ListItem\",\"position\":2,\"name\":\"Find Us\"}]},{\"@type\":\"WebSite\",\"@id\":\"https:\\\/\\\/www.clevelandmetzlaw.com\\\/#website\",\"url\":\"https:\\\/\\\/www.clevelandmetzlaw.com\\\/\",\"name\":\"Cleveland Metz Law\",\"description\":\"California Work Injury &amp; Workers Compensation Attorney\",\"potentialAction\":[{\"@type\":\"SearchAction\",\"target\":{\"@type\":\"EntryPoint\",\"urlTemplate\":\"https:\\\/\\\/www.clevelandmetzlaw.com\\\/?s={search_term_string}\"},\"query-input\":{\"@type\":\"PropertyValueSpecification\",\"valueRequired\":true,\"valueName\":\"search_term_string\"}}],\"inLanguage\":\"es\"}]}<\/script>\n<!-- \/ Yoast SEO plugin. -->","yoast_head_json":{"title":"Local\u00edcenos | \u00c1rea de servicio","description":"Obtenga informaci\u00f3n sobre la ubicaci\u00f3n y las direcciones de las Oficinas Legales de Cleveland y Metz en el Inland Empire. Somos abogados de lesiones de trabajo \/ abogados de compensaci\u00f3n de trabajadores ubicados en Rancho Cucamonga, CA.","robots":{"index":"index","follow":"follow","max-snippet":"max-snippet:-1","max-image-preview":"max-image-preview:large","max-video-preview":"max-video-preview:-1"},"canonical":"https:\/\/www.clevelandmetzlaw.com\/es\/encuentranos\/","og_locale":"es_MX","og_type":"article","og_title":"Find The Law Offices of Cleveland &amp; Metz | Inland Empire","og_description":"Find The Law Offices of Cleveland &amp; Metz at 9330 Baseline Road, Suite 100 in Rancho Cucamonga, CA 91701. Or view this page to see the embedded Google Map of our location.","og_url":"https:\/\/www.clevelandmetzlaw.com\/es\/encuentranos\/","og_site_name":"Cleveland Metz Law","article_modified_time":"2021-07-09T16:50:45+00:00","og_image":[{"url":"https:\/\/www.clevelandmetzlaw.com\/wp-content\/uploads\/2021\/03\/heder-phone-1-1.png","type":"","width":"","height":""}],"twitter_card":"summary_large_image","schema":{"@context":"https:\/\/schema.org","@graph":[{"@type":"WebPage","@id":"https:\/\/www.clevelandmetzlaw.com\/find-us\/","url":"https:\/\/www.clevelandmetzlaw.com\/find-us\/","name":"Local\u00edcenos | \u00c1rea de servicio","isPartOf":{"@id":"https:\/\/www.clevelandmetzlaw.com\/#website"},"primaryImageOfPage":{"@id":"https:\/\/www.clevelandmetzlaw.com\/find-us\/#primaryimage"},"image":{"@id":"https:\/\/www.clevelandmetzlaw.com\/find-us\/#primaryimage"},"thumbnailUrl":"https:\/\/www.clevelandmetzlaw.com\/wp-content\/uploads\/2021\/03\/heder-phone-1-1.png","datePublished":"2018-11-30T16:37:05+00:00","dateModified":"2021-07-09T16:50:45+00:00","description":"Obtenga informaci\u00f3n sobre la ubicaci\u00f3n y las direcciones de las Oficinas Legales de Cleveland y Metz en el Inland Empire. Somos abogados de lesiones de trabajo \/ abogados de compensaci\u00f3n de trabajadores ubicados en Rancho Cucamonga, CA.","breadcrumb":{"@id":"https:\/\/www.clevelandmetzlaw.com\/find-us\/#breadcrumb"},"inLanguage":"es","potentialAction":[{"@type":"ReadAction","target":["https:\/\/www.clevelandmetzlaw.com\/find-us\/"]}]},{"@type":"ImageObject","inLanguage":"es","@id":"https:\/\/www.clevelandmetzlaw.com\/find-us\/#primaryimage","url":"https:\/\/www.clevelandmetzlaw.com\/wp-content\/uploads\/2021\/03\/heder-phone-1-1.png","contentUrl":"https:\/\/www.clevelandmetzlaw.com\/wp-content\/uploads\/2021\/03\/heder-phone-1-1.png"},{"@type":"BreadcrumbList","@id":"https:\/\/www.clevelandmetzlaw.com\/find-us\/#breadcrumb","itemListElement":[{"@type":"ListItem","position":1,"name":"Home","item":"https:\/\/www.clevelandmetzlaw.com\/"},{"@type":"ListItem","position":2,"name":"Find Us"}]},{"@type":"WebSite","@id":"https:\/\/www.clevelandmetzlaw.com\/#website","url":"https:\/\/www.clevelandmetzlaw.com\/","name":"Cleveland Metz Law","description":"California Lesiones de Trabajo y Compensaci\u00f3n de Trabajadores Abogado","potentialAction":[{"@type":"SearchAction","target":{"@type":"EntryPoint","urlTemplate":"https:\/\/www.clevelandmetzlaw.com\/?s={search_term_string}"},"query-input":{"@type":"PropertyValueSpecification","valueRequired":true,"valueName":"search_term_string"}}],"inLanguage":"es"}]}},"_links":{"self":[{"href":"https:\/\/www.clevelandmetzlaw.com\/es\/wp-json\/wp\/v2\/pages\/2748","targetHints":{"allow":["GET"]}}],"collection":[{"href":"https:\/\/www.clevelandmetzlaw.com\/es\/wp-json\/wp\/v2\/pages"}],"about":[{"href":"https:\/\/www.clevelandmetzlaw.com\/es\/wp-json\/wp\/v2\/types\/page"}],"author":[{"embeddable":true,"href":"https:\/\/www.clevelandmetzlaw.com\/es\/wp-json\/wp\/v2\/users\/2"}],"replies":[{"embeddable":true,"href":"https:\/\/www.clevelandmetzlaw.com\/es\/wp-json\/wp\/v2\/comments?post=2748"}],"version-history":[{"count":0,"href":"https:\/\/www.clevelandmetzlaw.com\/es\/wp-json\/wp\/v2\/pages\/2748\/revisions"}],"wp:attachment":[{"href":"https:\/\/www.clevelandmetzlaw.com\/es\/wp-json\/wp\/v2\/media?parent=2748"}],"curies":[{"name":"wp","href":"https:\/\/api.w.org\/{rel}","templated":true}]}}