{"id":15122,"date":"2026-02-25T16:55:42","date_gmt":"2026-02-26T00:55:42","guid":{"rendered":"https:\/\/www.clevelandmetzlaw.com\/?page_id=15122"},"modified":"2026-02-25T16:55:42","modified_gmt":"2026-02-26T00:55:42","slug":"indemnizacion-laboral-tras-la-rescision-del-contrato-en-california","status":"publish","type":"page","link":"https:\/\/www.clevelandmetzlaw.com\/es\/workers-compensation\/post-termination-workers-compensation-california\/","title":{"rendered":"Reclamaciones de indemnizaci\u00f3n laboral tras el despido en California"},"content":{"rendered":"<h2><strong>No esperes a que te despidan para denunciar una lesi\u00f3n laboral<\/strong><\/h2>\n<p>Si te despidieron o te rescindieron el contrato y nunca reportaste tu lesi\u00f3n, tu caso de indemnizaci\u00f3n laboral podr\u00eda enfrentarse a grandes dificultades.<\/p>\n<p>Muchos trabajadores de almacenes, repartidores, maestros, enfermeros y empleados del comercio minorista aguantan el dolor durante meses o incluso a\u00f1os. No lo comunican porque les preocupa perder su trabajo.<\/p>\n<p>Pero, una vez que finaliza tu relaci\u00f3n laboral, las compa\u00f1\u00edas de seguros suelen argumentar que tu lesi\u00f3n nunca estuvo relacionada con el trabajo o que no se notific\u00f3 a tiempo.<\/p>\n<p>A eso se le llama \u201cdefensa posterior a la rescisi\u00f3n\u201d.\u201d<\/p>\n<p>Eso no significa que pierdas autom\u00e1ticamente.<br \/>\nPero eso s\u00ed significa que el momento oportuno se vuelve fundamental.<\/p>\n<h2><strong>\u00bfQu\u00e9 es una defensa posterior a la rescisi\u00f3n?<\/strong><\/h2>\n<p>La legislaci\u00f3n de California permite a los empleadores impugnar las reclamaciones de indemnizaci\u00f3n laboral que se presenten por primera vez despu\u00e9s de que una persona haya sido despedida o cesada.<\/p>\n<p>El objetivo de la ley es evitar que se presenten reclamaciones solo despu\u00e9s de que alguien haya perdido su empleo.<\/p>\n<p>Pero lo que importa es lo siguiente:<\/p>\n<p>Existen excepciones importantes que protegen a los trabajadores lesionados.<\/p>\n<p>Y muchas reclamaciones v\u00e1lidas siguen cumpliendo los requisitos.<\/p>\n<h2><strong>Cu\u00e1ndo a\u00fan puedes ganar un caso tras el despido<\/strong><\/h2>\n<p>Es posible que su caso siga siendo s\u00f3lido si:<\/p>\n<ul>\n<li>Le comentaste a un supervisor que ten\u00edas dolor antes de que te despidieran.<\/li>\n<li>Acudiste al m\u00e9dico antes de la interrupci\u00f3n del embarazo y en tu historial m\u00e9dico se menciona tu estado.<\/li>\n<li>La lesi\u00f3n se produjo despu\u00e9s de que te comunicaran el despido, pero antes de tu \u00faltimo d\u00eda de trabajo.<\/li>\n<li>Tienes una lesi\u00f3n por traumatismo acumulativo y solo m\u00e1s tarde te diste cuenta de que fue causada por tu trabajo.<\/li>\n<\/ul>\n<p>Los casos de lesiones por esfuerzo repetitivo son especialmente complicados.<br \/>\nLa \u201cfecha de la lesi\u00f3n\u201d no siempre es el \u00faltimo d\u00eda que trabajaste.<\/p>\n<p>Ese detalle puede ser decisivo para el resultado de un caso.<\/p>\n<h2><strong>Por qu\u00e9 es tan importante el momento oportuno<\/strong><\/h2>\n<p>Una vez que te despiden, las compa\u00f1\u00edas de seguros suelen examinar con mayor detenimiento las reclamaciones por lesiones por traumatismos acumulativos.<\/p>\n<p>Si no hay documentaci\u00f3n previa a la rescisi\u00f3n, podr\u00edan argumentar:<\/p>\n<ul>\n<li>La lesi\u00f3n no fue causada por el trabajo.<\/li>\n<li>Nunca lo denunciaste.<\/li>\n<li>La demanda se present\u00f3 solo despu\u00e9s de que perdieras tu trabajo.<\/li>\n<\/ul>\n<p>Eso no significa que tu reclamaci\u00f3n quede autom\u00e1ticamente cerrada.<br \/>\nPero eso complica las cosas.<\/p>\n<p>Cuanto antes se documenten los s\u00edntomas, m\u00e1s s\u00f3lida suele ser tu posici\u00f3n.<\/p>\n<h2><strong>Qu\u00e9 debes hacer si sigues trabajando<\/strong><\/h2>\n<p>Si sufre dolor persistente debido a la repetici\u00f3n de tareas como levantar peso, clasificar, escanear, escribir a m\u00e1quina o realizar esfuerzos f\u00edsicos:<\/p>\n<ul>\n<li>Den\u00fancialo.<\/li>\n<li>Busque atenci\u00f3n m\u00e9dica.<\/li>\n<li>Aseg\u00farate de que haya documentaci\u00f3n.<\/li>\n<li>Conozca sus derechos antes de que cambie su situaci\u00f3n laboral.<\/li>\n<\/ul>\n<p>Esperar puede limitar tus opciones.<\/p>\n<h2><strong>Las represalias son ilegales<\/strong><\/h2>\n<p>La ley de California proh\u00edbe a los empleadores despedir o sancionar a los trabajadores por presentar una reclamaci\u00f3n de indemnizaci\u00f3n laboral.<\/p>\n<p>Si el despido se produce poco despu\u00e9s de que se haya notificado una lesi\u00f3n, esto podr\u00eda plantear graves problemas legales.<\/p>\n<p>Cada situaci\u00f3n es diferente, y estos casos dependen de circunstancias concretas.<\/p>\n<h2><strong>En resumen<\/strong><\/h2>\n<p>Si tu trabajo te ha provocado una lesi\u00f3n por esfuerzo repetitivo o acumulativo, no des por sentado que puedes esperar hasta despu\u00e9s de un despido para ocuparte del asunto.<\/p>\n<p>El momento en que se act\u00faa es importante. Una vez que finaliza la relaci\u00f3n laboral, la batalla legal suele complicarse.<\/p>\n<p>Si tiene dudas sobre si su situaci\u00f3n cumple los requisitos establecidos por la legislaci\u00f3n de California, consultar con un abogado lo antes posible puede ayudarle a proteger sus derechos.<\/p>","protected":false},"excerpt":{"rendered":"<p>Don\u2019t Wait Until You\u2019re Laid Off to Report a Work Injury If you were laid off or terminated and never reported your injury, your workers\u2019 compensation case may face an uphill battle. Many warehouse workers, delivery drivers, teachers, nurses, and retail workers push through pain for months or even years. They don\u2019t report it because&hellip;<\/p>","protected":false},"author":2,"featured_media":0,"parent":26,"menu_order":0,"comment_status":"closed","ping_status":"closed","template":"","meta":{"footnotes":""},"class_list":["post-15122","page","type-page","status-publish","hentry"],"yoast_head":"<!-- This site is optimized with the Yoast SEO plugin v27.5 - https:\/\/yoast.com\/product\/yoast-seo-wordpress\/ -->\n<title>Post-Termination Workers\u2019 Comp Claims in CA<\/title>\n<meta name=\"description\" content=\"Learn how California\u2019s post-termination defense affects cumulative trauma workers\u2019 compensation claims and what exceptions may protect your rights.\" \/>\n<meta name=\"robots\" content=\"index, follow, max-snippet:-1, max-image-preview:large, max-video-preview:-1\" \/>\n<link rel=\"canonical\" href=\"https:\/\/www.clevelandmetzlaw.com\/es\/compensacion-de-trabajadores\/indemnizacion-laboral-tras-la-rescision-del-contrato-en-california\/\" \/>\n<meta property=\"og:locale\" content=\"es_MX\" \/>\n<meta property=\"og:type\" content=\"article\" \/>\n<meta property=\"og:title\" content=\"Post-Termination Workers\u2019 Comp Claims in CA\" \/>\n<meta property=\"og:description\" content=\"Learn how California\u2019s post-termination defense affects cumulative trauma workers\u2019 compensation claims and what exceptions may protect your rights.\" \/>\n<meta property=\"og:url\" content=\"https:\/\/www.clevelandmetzlaw.com\/es\/compensacion-de-trabajadores\/indemnizacion-laboral-tras-la-rescision-del-contrato-en-california\/\" \/>\n<meta property=\"og:site_name\" content=\"Cleveland Metz Law\" \/>\n<meta name=\"twitter:card\" content=\"summary_large_image\" \/>\n<meta name=\"twitter:label1\" content=\"Tiempo de lectura\" \/>\n\t<meta name=\"twitter:data1\" content=\"3 minutos\" \/>\n<script type=\"application\/ld+json\" class=\"yoast-schema-graph\">{\"@context\":\"https:\\\/\\\/schema.org\",\"@graph\":[{\"@type\":\"WebPage\",\"@id\":\"https:\\\/\\\/www.clevelandmetzlaw.com\\\/workers-compensation\\\/post-termination-workers-compensation-california\\\/\",\"url\":\"https:\\\/\\\/www.clevelandmetzlaw.com\\\/workers-compensation\\\/post-termination-workers-compensation-california\\\/\",\"name\":\"Post-Termination Workers\u2019 Comp Claims in CA\",\"isPartOf\":{\"@id\":\"https:\\\/\\\/www.clevelandmetzlaw.com\\\/#website\"},\"datePublished\":\"2026-02-26T00:55:42+00:00\",\"description\":\"Learn how California\u2019s post-termination defense affects cumulative trauma workers\u2019 compensation claims and what exceptions may protect your rights.\",\"breadcrumb\":{\"@id\":\"https:\\\/\\\/www.clevelandmetzlaw.com\\\/workers-compensation\\\/post-termination-workers-compensation-california\\\/#breadcrumb\"},\"inLanguage\":\"es\",\"potentialAction\":[{\"@type\":\"ReadAction\",\"target\":[\"https:\\\/\\\/www.clevelandmetzlaw.com\\\/workers-compensation\\\/post-termination-workers-compensation-california\\\/\"]}]},{\"@type\":\"BreadcrumbList\",\"@id\":\"https:\\\/\\\/www.clevelandmetzlaw.com\\\/workers-compensation\\\/post-termination-workers-compensation-california\\\/#breadcrumb\",\"itemListElement\":[{\"@type\":\"ListItem\",\"position\":1,\"name\":\"Home\",\"item\":\"https:\\\/\\\/www.clevelandmetzlaw.com\\\/\"},{\"@type\":\"ListItem\",\"position\":2,\"name\":\"Workers&#8217; Compensation Laws\",\"item\":\"https:\\\/\\\/www.clevelandmetzlaw.com\\\/workers-compensation\\\/\"},{\"@type\":\"ListItem\",\"position\":3,\"name\":\"Post-Termination Workers\u2019 Compensation Claims in California\"}]},{\"@type\":\"WebSite\",\"@id\":\"https:\\\/\\\/www.clevelandmetzlaw.com\\\/#website\",\"url\":\"https:\\\/\\\/www.clevelandmetzlaw.com\\\/\",\"name\":\"Cleveland Metz Law\",\"description\":\"California Work Injury &amp; Workers Compensation Attorney\",\"potentialAction\":[{\"@type\":\"SearchAction\",\"target\":{\"@type\":\"EntryPoint\",\"urlTemplate\":\"https:\\\/\\\/www.clevelandmetzlaw.com\\\/?s={search_term_string}\"},\"query-input\":{\"@type\":\"PropertyValueSpecification\",\"valueRequired\":true,\"valueName\":\"search_term_string\"}}],\"inLanguage\":\"es\"}]}<\/script>\n<!-- \/ Yoast SEO plugin. -->","yoast_head_json":{"title":"Reclamaciones de indemnizaci\u00f3n laboral tras el cese del contrato en California","description":"Descubra c\u00f3mo la defensa posterior al despido de California afecta a las reclamaciones de indemnizaci\u00f3n laboral por trauma acumulativo y qu\u00e9 excepciones pueden proteger sus derechos.","robots":{"index":"index","follow":"follow","max-snippet":"max-snippet:-1","max-image-preview":"max-image-preview:large","max-video-preview":"max-video-preview:-1"},"canonical":"https:\/\/www.clevelandmetzlaw.com\/es\/compensacion-de-trabajadores\/indemnizacion-laboral-tras-la-rescision-del-contrato-en-california\/","og_locale":"es_MX","og_type":"article","og_title":"Post-Termination Workers\u2019 Comp Claims in CA","og_description":"Learn how California\u2019s post-termination defense affects cumulative trauma workers\u2019 compensation claims and what exceptions may protect your rights.","og_url":"https:\/\/www.clevelandmetzlaw.com\/es\/compensacion-de-trabajadores\/indemnizacion-laboral-tras-la-rescision-del-contrato-en-california\/","og_site_name":"Cleveland Metz Law","twitter_card":"summary_large_image","twitter_misc":{"Tiempo de lectura":"3 minutos"},"schema":{"@context":"https:\/\/schema.org","@graph":[{"@type":"WebPage","@id":"https:\/\/www.clevelandmetzlaw.com\/workers-compensation\/post-termination-workers-compensation-california\/","url":"https:\/\/www.clevelandmetzlaw.com\/workers-compensation\/post-termination-workers-compensation-california\/","name":"Reclamaciones de indemnizaci\u00f3n laboral tras el cese del contrato en California","isPartOf":{"@id":"https:\/\/www.clevelandmetzlaw.com\/#website"},"datePublished":"2026-02-26T00:55:42+00:00","description":"Descubra c\u00f3mo la defensa posterior al despido de California afecta a las reclamaciones de indemnizaci\u00f3n laboral por trauma acumulativo y qu\u00e9 excepciones pueden proteger sus derechos.","breadcrumb":{"@id":"https:\/\/www.clevelandmetzlaw.com\/workers-compensation\/post-termination-workers-compensation-california\/#breadcrumb"},"inLanguage":"es","potentialAction":[{"@type":"ReadAction","target":["https:\/\/www.clevelandmetzlaw.com\/workers-compensation\/post-termination-workers-compensation-california\/"]}]},{"@type":"BreadcrumbList","@id":"https:\/\/www.clevelandmetzlaw.com\/workers-compensation\/post-termination-workers-compensation-california\/#breadcrumb","itemListElement":[{"@type":"ListItem","position":1,"name":"Home","item":"https:\/\/www.clevelandmetzlaw.com\/"},{"@type":"ListItem","position":2,"name":"Workers&#8217; Compensation Laws","item":"https:\/\/www.clevelandmetzlaw.com\/workers-compensation\/"},{"@type":"ListItem","position":3,"name":"Post-Termination Workers\u2019 Compensation Claims in California"}]},{"@type":"WebSite","@id":"https:\/\/www.clevelandmetzlaw.com\/#website","url":"https:\/\/www.clevelandmetzlaw.com\/","name":"Cleveland Metz Law","description":"California Lesiones de Trabajo y Compensaci\u00f3n de Trabajadores Abogado","potentialAction":[{"@type":"SearchAction","target":{"@type":"EntryPoint","urlTemplate":"https:\/\/www.clevelandmetzlaw.com\/?s={search_term_string}"},"query-input":{"@type":"PropertyValueSpecification","valueRequired":true,"valueName":"search_term_string"}}],"inLanguage":"es"}]}},"_links":{"self":[{"href":"https:\/\/www.clevelandmetzlaw.com\/es\/wp-json\/wp\/v2\/pages\/15122","targetHints":{"allow":["GET"]}}],"collection":[{"href":"https:\/\/www.clevelandmetzlaw.com\/es\/wp-json\/wp\/v2\/pages"}],"about":[{"href":"https:\/\/www.clevelandmetzlaw.com\/es\/wp-json\/wp\/v2\/types\/page"}],"author":[{"embeddable":true,"href":"https:\/\/www.clevelandmetzlaw.com\/es\/wp-json\/wp\/v2\/users\/2"}],"replies":[{"embeddable":true,"href":"https:\/\/www.clevelandmetzlaw.com\/es\/wp-json\/wp\/v2\/comments?post=15122"}],"version-history":[{"count":1,"href":"https:\/\/www.clevelandmetzlaw.com\/es\/wp-json\/wp\/v2\/pages\/15122\/revisions"}],"predecessor-version":[{"id":15123,"href":"https:\/\/www.clevelandmetzlaw.com\/es\/wp-json\/wp\/v2\/pages\/15122\/revisions\/15123"}],"up":[{"embeddable":true,"href":"https:\/\/www.clevelandmetzlaw.com\/es\/wp-json\/wp\/v2\/pages\/26"}],"wp:attachment":[{"href":"https:\/\/www.clevelandmetzlaw.com\/es\/wp-json\/wp\/v2\/media?parent=15122"}],"curies":[{"name":"wp","href":"https:\/\/api.w.org\/{rel}","templated":true}]}}