{"id":1146,"date":"2014-09-04T17:40:18","date_gmt":"2014-09-05T00:40:18","guid":{"rendered":"http:\/\/www.clevelandmetzlaw.com\/?page_id=1146"},"modified":"2022-04-09T08:03:54","modified_gmt":"2022-04-09T15:03:54","slug":"valle-de-jurupa","status":"publish","type":"page","link":"https:\/\/www.clevelandmetzlaw.com\/es\/jurupa-valley\/","title":{"rendered":"Abogados de lesiones laborales en Jurupa Valley"},"content":{"rendered":"<h1 style=\"text-align: left;\">Abogados de lesiones laborales en Jurupa Valley<\/h1>\n<h3 style=\"text-align: left;\">Abogados de compensaci\u00f3n laboral - Bufete de abogados de compensaci\u00f3n laboral<\/h3>\n<h3 style=\"text-align: left;\">Si usted ha sufrido una lesi\u00f3n relacionada con el trabajo, llame a Charles Cleveland y John Metz<\/h3>\n<h3>\u00a0<a href=\"tel:1-909-980-9703\"><img loading=\"lazy\" decoding=\"async\" class=\"alignnone wp-image-6223 size-full\" src=\"https:\/\/www.clevelandmetzlaw.com\/wp-content\/uploads\/2021\/03\/heder-phone-1-1.png\" alt=\"\" width=\"29\" height=\"29\" srcset=\"https:\/\/www.clevelandmetzlaw.com\/wp-content\/uploads\/2021\/03\/heder-phone-1-1.png 29w, https:\/\/www.clevelandmetzlaw.com\/wp-content\/uploads\/2021\/03\/heder-phone-1-1-12x12.png 12w\" sizes=\"auto, (max-width: 29px) 100vw, 29px\" \/> <\/a><a href=\"tel: 1-909-980-9703\">Llamada<\/a>\u00a0 \u00a0<a href=\"mailto:cc@clevelandmetzlaw.com\"><img loading=\"lazy\" decoding=\"async\" class=\"alignnone wp-image-6221\" src=\"https:\/\/www.clevelandmetzlaw.com\/wp-content\/uploads\/2021\/03\/email-icon-150x150-1.jpg\" alt=\"\" width=\"29\" height=\"29\" srcset=\"https:\/\/www.clevelandmetzlaw.com\/wp-content\/uploads\/2021\/03\/email-icon-150x150-1.jpg 150w, https:\/\/www.clevelandmetzlaw.com\/wp-content\/uploads\/2021\/03\/email-icon-150x150-1-12x12.jpg 12w\" sizes=\"auto, (max-width: 29px) 100vw, 29px\" \/><\/a> <a href=\"mailto:cc@clevelandmetzlaw.com\"><strong>Correo electr\u00f3nico<\/strong><\/a><strong>\u00a0\u00a0<\/strong><strong> <a href=\"sms:1-909-303-6374\"><img loading=\"lazy\" decoding=\"async\" class=\"alignnone wp-image-6222\" src=\"https:\/\/www.clevelandmetzlaw.com\/wp-content\/uploads\/2021\/03\/Cleveland-Metz-Text-150x150-1.png\" alt=\"\" width=\"29\" height=\"29\" srcset=\"https:\/\/www.clevelandmetzlaw.com\/wp-content\/uploads\/2021\/03\/Cleveland-Metz-Text-150x150-1.png 150w, https:\/\/www.clevelandmetzlaw.com\/wp-content\/uploads\/2021\/03\/Cleveland-Metz-Text-150x150-1-12x12.png 12w\" sizes=\"auto, (max-width: 29px) 100vw, 29px\" \/><\/a>\u00a0<\/strong><a href=\"sms:1-909-303-6374\">Texto<\/a>\u00a0 <a href=\"https:\/\/www.clevelandmetzlaw.com\/es\/encuentranos\/\"><img loading=\"lazy\" decoding=\"async\" class=\"alignnone wp-image-6224\" src=\"https:\/\/www.clevelandmetzlaw.com\/wp-content\/uploads\/2021\/03\/map-icon-ClevelandMetz-150x150-1.png\" alt=\"\" width=\"29\" height=\"29\" srcset=\"https:\/\/www.clevelandmetzlaw.com\/wp-content\/uploads\/2021\/03\/map-icon-ClevelandMetz-150x150-1.png 150w, https:\/\/www.clevelandmetzlaw.com\/wp-content\/uploads\/2021\/03\/map-icon-ClevelandMetz-150x150-1-12x12.png 12w\" sizes=\"auto, (max-width: 29px) 100vw, 29px\" \/><\/a> <a href=\"https:\/\/www.clevelandmetzlaw.com\/es\/encuentranos\/\">Mapa<\/a><\/h3>\n<p><img loading=\"lazy\" decoding=\"async\" class=\"alignleft wp-image-975\" src=\"https:\/\/www.clevelandmetzlaw.com\/wp-content\/uploads\/2014\/07\/cml-square-icon-300x300.jpg\" alt=\"Logotipo del bufete de abogados Cleveland &amp; Metz\" width=\"208\" height=\"208\" \/><\/p>\n<p>Una lesi\u00f3n laboral puede ser un evento que le cambie la vida y necesita un abogado con experiencia en compensaci\u00f3n laboral de su lado. Contacta con Jurupa Valley <span style=\"color: #0000ff;\">Compensaci\u00f3n de trabajadores <\/span>Abogados Charles Cleveland y John Metz en las Oficinas Legales de Cleveland y Metz hoy. Las Oficinas Legales de Cleveland y Metz tiene m\u00e1s de 50 a\u00f1os de experiencia combinada ayudando a los trabajadores lesionados Jurupa Valley con sus casos de compensaci\u00f3n de trabajo. Ya sea que su lesi\u00f3n es el resultado de un incidente espec\u00edfico, o una lesi\u00f3n repetitiva que se produjo con el tiempo o incluso si su caso es negado, los abogados de lesiones de trabajo en el<a title=\"Conoce a nuestros abogados\" href=\"https:\/\/www.clevelandmetzlaw.com\/es\/acerca-de-nuestra-empresa\/\"> <span style=\"color: #0000ff;\">Oficinas Legales de Cleveland y Metz<\/span> <\/a>puede ayudarle. T<\/p>\n<p>Si usted ha sufrido una lesi\u00f3n relacionada con el trabajo, es fundamental que tenga un abogado con experiencia en Compensaci\u00f3n de Trabajadores de trabajo para proteger sus derechos. La compa\u00f1\u00eda de seguros definitivamente tendr\u00e1 un abogado defensor y un ajustador experimentado trabajando en su contra para cortar o negar sus beneficios.\u00a0<\/p>\n<p>En Jurupa Valley, los abogados de lesiones laborales Cleveland &amp; Metz, los abogados de compensaci\u00f3n laboral Charles Cleveland y John Metz han estado representando <span style=\"color: #0000ff;\"><a style=\"color: #0000ff;\" href=\"https:\/\/www.clevelandmetzlaw.com\/es\/work-comp\/\">Ley de indemnizaci\u00f3n laboral<\/a> <\/span>clientes por m\u00e1s de 50 a\u00f1os de experiencia legal combinada. \u00a1Perm\u00edtanos poner nuestra compensaci\u00f3n de trabajadores y la experiencia de la ley de lesiones a trabajar para usted!<\/p>\n<p>Ya sea que haya sufrido una lesi\u00f3n laboral de rutina o haya sufrido una lesi\u00f3n grave que cambie su vida y su carrera, <strong>Abogados de compensaci\u00f3n laboral del valle de Jurupa Charles Cleveland y John Metz<\/strong> luchar\u00e1 por usted contra las compa\u00f1\u00edas de seguros de compensaci\u00f3n para trabajadores en la Junta de Apelaciones de Compensaci\u00f3n para Trabajadores. Comun\u00edquese con el bufete de abogados de compensaci\u00f3n para trabajadores de Jurupa Valley de Cleveland &amp; Metz en <strong><a href=\"tel:1-951-275-9262\">951-275-9262<\/a><\/strong>. Puede contactarnos directamente por correo electr\u00f3nico completando nuestro Formulario de contacto de accidentes y lesiones laborales y nos comunicaremos con usted tan pronto como uno de nuestros abogados especializados en lesiones haya revisado su presentaci\u00f3n.<\/p>\n<p><a href=\"https:\/\/goo.gl\/maps\/TJWBBBqZHt12\"><img loading=\"lazy\" decoding=\"async\" class=\"aligncenter size-full wp-image-2842\" src=\"https:\/\/www.clevelandmetzlaw.com\/wp-content\/uploads\/2019\/02\/Jurupa-Valley-To-Law-Offices-Of-Cleveland-And-Metz-MAP-1.jpg\" alt=\"\" width=\"1280\" height=\"960\" srcset=\"https:\/\/www.clevelandmetzlaw.com\/wp-content\/uploads\/2019\/02\/Jurupa-Valley-To-Law-Offices-Of-Cleveland-And-Metz-MAP-1.jpg 1280w, https:\/\/www.clevelandmetzlaw.com\/wp-content\/uploads\/2019\/02\/Jurupa-Valley-To-Law-Offices-Of-Cleveland-And-Metz-MAP-1-540x405.jpg 540w, https:\/\/www.clevelandmetzlaw.com\/wp-content\/uploads\/2019\/02\/Jurupa-Valley-To-Law-Offices-Of-Cleveland-And-Metz-MAP-1-768x576.jpg 768w, https:\/\/www.clevelandmetzlaw.com\/wp-content\/uploads\/2019\/02\/Jurupa-Valley-To-Law-Offices-Of-Cleveland-And-Metz-MAP-1-960x720.jpg 960w, https:\/\/www.clevelandmetzlaw.com\/wp-content\/uploads\/2019\/02\/Jurupa-Valley-To-Law-Offices-Of-Cleveland-And-Metz-MAP-1-285x214.jpg 285w\" sizes=\"auto, (max-width: 1280px) 100vw, 1280px\" \/><\/a><\/p>","protected":false},"excerpt":{"rendered":"<p>Jurupa Valley Abogados de Lesiones de Trabajo Abogados de Compensaci\u00f3n de Trabajadores - Bufete de Abogados de Compensaci\u00f3n de Trabajadores Si usted ha sufrido una lesi\u00f3n relacionada con el trabajo, llame a Charles Cleveland y John Metz Llamada Correo electr\u00f3nico Texto Mapa Una lesi\u00f3n de trabajo puede ser un evento que cambia la vida y que necesita un abogado de compensaci\u00f3n de trabajo con experiencia de su lado. P\u00f3ngase en contacto con Jurupa Valley Compensaci\u00f3n a los Trabajadores Abogados ...<\/p>","protected":false},"author":2,"featured_media":0,"parent":0,"menu_order":0,"comment_status":"closed","ping_status":"closed","template":"","meta":{"footnotes":""},"class_list":["post-1146","page","type-page","status-publish","hentry"],"yoast_head":"<!-- This site is optimized with the Yoast SEO plugin v27.6 - https:\/\/yoast.com\/product\/yoast-seo-wordpress\/ -->\n<title>Jurupa Valley Work Injury Lawyers<\/title>\n<meta name=\"description\" content=\"Jurupa Valley Work Injury Lawyers, A Jurupa Valley workers compensation attorney from Cleveland &amp; Metz has experience in accidents and workers comp injury law!\" \/>\n<meta name=\"robots\" content=\"index, follow, max-snippet:-1, max-image-preview:large, max-video-preview:-1\" \/>\n<link rel=\"canonical\" href=\"https:\/\/www.clevelandmetzlaw.com\/es\/valle-de-jurupa\/\" \/>\n<meta property=\"og:locale\" content=\"es_MX\" \/>\n<meta property=\"og:type\" content=\"article\" \/>\n<meta property=\"og:title\" content=\"Jurupa Valley Work Injury Lawyers\" \/>\n<meta property=\"og:description\" content=\"Jurupa Valley Work Injury Lawyers, A Jurupa Valley workers compensation attorney from Cleveland &amp; Metz has experience in accidents and workers comp injury law!\" \/>\n<meta property=\"og:url\" content=\"https:\/\/www.clevelandmetzlaw.com\/es\/valle-de-jurupa\/\" \/>\n<meta property=\"og:site_name\" content=\"Cleveland Metz Law\" \/>\n<meta property=\"article:modified_time\" content=\"2022-04-09T15:03:54+00:00\" \/>\n<meta property=\"og:image\" content=\"https:\/\/www.clevelandmetzlaw.com\/wp-content\/uploads\/2021\/03\/heder-phone-1-1.png\" \/>\n<meta name=\"twitter:card\" content=\"summary_large_image\" \/>\n<meta name=\"twitter:label1\" content=\"Tiempo de lectura\" \/>\n\t<meta name=\"twitter:data1\" content=\"3 minutos\" \/>\n<script type=\"application\/ld+json\" class=\"yoast-schema-graph\">{\"@context\":\"https:\\\/\\\/schema.org\",\"@graph\":[{\"@type\":\"WebPage\",\"@id\":\"https:\\\/\\\/www.clevelandmetzlaw.com\\\/jurupa-valley\\\/\",\"url\":\"https:\\\/\\\/www.clevelandmetzlaw.com\\\/jurupa-valley\\\/\",\"name\":\"Jurupa Valley Work Injury Lawyers\",\"isPartOf\":{\"@id\":\"https:\\\/\\\/www.clevelandmetzlaw.com\\\/#website\"},\"primaryImageOfPage\":{\"@id\":\"https:\\\/\\\/www.clevelandmetzlaw.com\\\/jurupa-valley\\\/#primaryimage\"},\"image\":{\"@id\":\"https:\\\/\\\/www.clevelandmetzlaw.com\\\/jurupa-valley\\\/#primaryimage\"},\"thumbnailUrl\":\"https:\\\/\\\/www.clevelandmetzlaw.com\\\/wp-content\\\/uploads\\\/2021\\\/03\\\/heder-phone-1-1.png\",\"datePublished\":\"2014-09-05T00:40:18+00:00\",\"dateModified\":\"2022-04-09T15:03:54+00:00\",\"description\":\"Jurupa Valley Work Injury Lawyers, A Jurupa Valley workers compensation attorney from Cleveland & Metz has experience in accidents and workers comp injury law!\",\"breadcrumb\":{\"@id\":\"https:\\\/\\\/www.clevelandmetzlaw.com\\\/jurupa-valley\\\/#breadcrumb\"},\"inLanguage\":\"es\",\"potentialAction\":[{\"@type\":\"ReadAction\",\"target\":[\"https:\\\/\\\/www.clevelandmetzlaw.com\\\/jurupa-valley\\\/\"]}]},{\"@type\":\"ImageObject\",\"inLanguage\":\"es\",\"@id\":\"https:\\\/\\\/www.clevelandmetzlaw.com\\\/jurupa-valley\\\/#primaryimage\",\"url\":\"https:\\\/\\\/www.clevelandmetzlaw.com\\\/wp-content\\\/uploads\\\/2021\\\/03\\\/heder-phone-1-1.png\",\"contentUrl\":\"https:\\\/\\\/www.clevelandmetzlaw.com\\\/wp-content\\\/uploads\\\/2021\\\/03\\\/heder-phone-1-1.png\"},{\"@type\":\"BreadcrumbList\",\"@id\":\"https:\\\/\\\/www.clevelandmetzlaw.com\\\/jurupa-valley\\\/#breadcrumb\",\"itemListElement\":[{\"@type\":\"ListItem\",\"position\":1,\"name\":\"Home\",\"item\":\"https:\\\/\\\/www.clevelandmetzlaw.com\\\/\"},{\"@type\":\"ListItem\",\"position\":2,\"name\":\"Jurupa Valley Work Injury Lawyers\"}]},{\"@type\":\"WebSite\",\"@id\":\"https:\\\/\\\/www.clevelandmetzlaw.com\\\/#website\",\"url\":\"https:\\\/\\\/www.clevelandmetzlaw.com\\\/\",\"name\":\"Cleveland Metz Law\",\"description\":\"California Work Injury &amp; Workers Compensation Attorney\",\"potentialAction\":[{\"@type\":\"SearchAction\",\"target\":{\"@type\":\"EntryPoint\",\"urlTemplate\":\"https:\\\/\\\/www.clevelandmetzlaw.com\\\/?s={search_term_string}\"},\"query-input\":{\"@type\":\"PropertyValueSpecification\",\"valueRequired\":true,\"valueName\":\"search_term_string\"}}],\"inLanguage\":\"es\"}]}<\/script>\n<!-- \/ Yoast SEO plugin. -->","yoast_head_json":{"title":"Abogados de lesiones laborales en Jurupa Valley","description":"\u00a1Jurupa Valley Abogados de Lesiones de Trabajo, Un abogado de compensaci\u00f3n de trabajadores Jurupa Valley de Cleveland y Metz tiene experiencia en accidentes y la ley de lesiones de compensaci\u00f3n de trabajadores!","robots":{"index":"index","follow":"follow","max-snippet":"max-snippet:-1","max-image-preview":"max-image-preview:large","max-video-preview":"max-video-preview:-1"},"canonical":"https:\/\/www.clevelandmetzlaw.com\/es\/valle-de-jurupa\/","og_locale":"es_MX","og_type":"article","og_title":"Jurupa Valley Work Injury Lawyers","og_description":"Jurupa Valley Work Injury Lawyers, A Jurupa Valley workers compensation attorney from Cleveland & Metz has experience in accidents and workers comp injury law!","og_url":"https:\/\/www.clevelandmetzlaw.com\/es\/valle-de-jurupa\/","og_site_name":"Cleveland Metz Law","article_modified_time":"2022-04-09T15:03:54+00:00","og_image":[{"url":"https:\/\/www.clevelandmetzlaw.com\/wp-content\/uploads\/2021\/03\/heder-phone-1-1.png","type":"","width":"","height":""}],"twitter_card":"summary_large_image","twitter_misc":{"Tiempo de lectura":"3 minutos"},"schema":{"@context":"https:\/\/schema.org","@graph":[{"@type":"WebPage","@id":"https:\/\/www.clevelandmetzlaw.com\/jurupa-valley\/","url":"https:\/\/www.clevelandmetzlaw.com\/jurupa-valley\/","name":"Abogados de lesiones laborales en Jurupa Valley","isPartOf":{"@id":"https:\/\/www.clevelandmetzlaw.com\/#website"},"primaryImageOfPage":{"@id":"https:\/\/www.clevelandmetzlaw.com\/jurupa-valley\/#primaryimage"},"image":{"@id":"https:\/\/www.clevelandmetzlaw.com\/jurupa-valley\/#primaryimage"},"thumbnailUrl":"https:\/\/www.clevelandmetzlaw.com\/wp-content\/uploads\/2021\/03\/heder-phone-1-1.png","datePublished":"2014-09-05T00:40:18+00:00","dateModified":"2022-04-09T15:03:54+00:00","description":"\u00a1Jurupa Valley Abogados de Lesiones de Trabajo, Un abogado de compensaci\u00f3n de trabajadores Jurupa Valley de Cleveland y Metz tiene experiencia en accidentes y la ley de lesiones de compensaci\u00f3n de trabajadores!","breadcrumb":{"@id":"https:\/\/www.clevelandmetzlaw.com\/jurupa-valley\/#breadcrumb"},"inLanguage":"es","potentialAction":[{"@type":"ReadAction","target":["https:\/\/www.clevelandmetzlaw.com\/jurupa-valley\/"]}]},{"@type":"ImageObject","inLanguage":"es","@id":"https:\/\/www.clevelandmetzlaw.com\/jurupa-valley\/#primaryimage","url":"https:\/\/www.clevelandmetzlaw.com\/wp-content\/uploads\/2021\/03\/heder-phone-1-1.png","contentUrl":"https:\/\/www.clevelandmetzlaw.com\/wp-content\/uploads\/2021\/03\/heder-phone-1-1.png"},{"@type":"BreadcrumbList","@id":"https:\/\/www.clevelandmetzlaw.com\/jurupa-valley\/#breadcrumb","itemListElement":[{"@type":"ListItem","position":1,"name":"Home","item":"https:\/\/www.clevelandmetzlaw.com\/"},{"@type":"ListItem","position":2,"name":"Jurupa Valley Work Injury Lawyers"}]},{"@type":"WebSite","@id":"https:\/\/www.clevelandmetzlaw.com\/#website","url":"https:\/\/www.clevelandmetzlaw.com\/","name":"Cleveland Metz Law","description":"California Lesiones de Trabajo y Compensaci\u00f3n de Trabajadores Abogado","potentialAction":[{"@type":"SearchAction","target":{"@type":"EntryPoint","urlTemplate":"https:\/\/www.clevelandmetzlaw.com\/?s={search_term_string}"},"query-input":{"@type":"PropertyValueSpecification","valueRequired":true,"valueName":"search_term_string"}}],"inLanguage":"es"}]}},"_links":{"self":[{"href":"https:\/\/www.clevelandmetzlaw.com\/es\/wp-json\/wp\/v2\/pages\/1146","targetHints":{"allow":["GET"]}}],"collection":[{"href":"https:\/\/www.clevelandmetzlaw.com\/es\/wp-json\/wp\/v2\/pages"}],"about":[{"href":"https:\/\/www.clevelandmetzlaw.com\/es\/wp-json\/wp\/v2\/types\/page"}],"author":[{"embeddable":true,"href":"https:\/\/www.clevelandmetzlaw.com\/es\/wp-json\/wp\/v2\/users\/2"}],"replies":[{"embeddable":true,"href":"https:\/\/www.clevelandmetzlaw.com\/es\/wp-json\/wp\/v2\/comments?post=1146"}],"version-history":[{"count":0,"href":"https:\/\/www.clevelandmetzlaw.com\/es\/wp-json\/wp\/v2\/pages\/1146\/revisions"}],"wp:attachment":[{"href":"https:\/\/www.clevelandmetzlaw.com\/es\/wp-json\/wp\/v2\/media?parent=1146"}],"curies":[{"name":"wp","href":"https:\/\/api.w.org\/{rel}","templated":true}]}}