{"id":1136,"date":"2014-09-04T17:19:34","date_gmt":"2014-09-05T00:19:34","guid":{"rendered":"http:\/\/www.clevelandmetzlaw.com\/?page_id=1136"},"modified":"2021-03-03T09:42:51","modified_gmt":"2021-03-03T17:42:51","slug":"bloomington","status":"publish","type":"page","link":"https:\/\/www.clevelandmetzlaw.com\/es\/bloomington\/","title":{"rendered":"Abogado de lesiones laborales Bloomington"},"content":{"rendered":"<h1 style=\"text-align: left;\">\u00a0Abogados de lesiones laborales que prestan servicios en la ciudad de Bloomington<\/h1>\n<h3>\u00a0<a href=\"tel:1-909-980-9703\"><img loading=\"lazy\" decoding=\"async\" class=\"alignnone wp-image-6223 size-full\" src=\"https:\/\/www.clevelandmetzlaw.com\/wp-content\/uploads\/2021\/03\/heder-phone-1-1.png\" alt=\"\" width=\"29\" height=\"29\" srcset=\"https:\/\/www.clevelandmetzlaw.com\/wp-content\/uploads\/2021\/03\/heder-phone-1-1.png 29w, https:\/\/www.clevelandmetzlaw.com\/wp-content\/uploads\/2021\/03\/heder-phone-1-1-12x12.png 12w\" sizes=\"auto, (max-width: 29px) 100vw, 29px\" \/> <\/a><a href=\"tel: 1-909-980-9703\">Llamada<\/a>\u00a0 \u00a0<a href=\"mailto:cc@clevelandmetzlaw.com\"><img loading=\"lazy\" decoding=\"async\" class=\"alignnone wp-image-6221\" src=\"https:\/\/www.clevelandmetzlaw.com\/wp-content\/uploads\/2021\/03\/email-icon-150x150-1.jpg\" alt=\"\" width=\"29\" height=\"29\" srcset=\"https:\/\/www.clevelandmetzlaw.com\/wp-content\/uploads\/2021\/03\/email-icon-150x150-1.jpg 150w, https:\/\/www.clevelandmetzlaw.com\/wp-content\/uploads\/2021\/03\/email-icon-150x150-1-12x12.jpg 12w\" sizes=\"auto, (max-width: 29px) 100vw, 29px\" \/><\/a> <a href=\"mailto:cc@clevelandmetzlaw.com\"><strong>Correo electr\u00f3nico<\/strong><\/a><strong>\u00a0\u00a0<\/strong><strong> <a href=\"sms:1-909-303-6374\"><img loading=\"lazy\" decoding=\"async\" class=\"alignnone wp-image-6222\" src=\"https:\/\/www.clevelandmetzlaw.com\/wp-content\/uploads\/2021\/03\/Cleveland-Metz-Text-150x150-1.png\" alt=\"\" width=\"29\" height=\"29\" srcset=\"https:\/\/www.clevelandmetzlaw.com\/wp-content\/uploads\/2021\/03\/Cleveland-Metz-Text-150x150-1.png 150w, https:\/\/www.clevelandmetzlaw.com\/wp-content\/uploads\/2021\/03\/Cleveland-Metz-Text-150x150-1-12x12.png 12w\" sizes=\"auto, (max-width: 29px) 100vw, 29px\" \/><\/a>\u00a0<\/strong><a href=\"sms:1-909-303-6374\">Texto<\/a>\u00a0 <a href=\"https:\/\/www.clevelandmetzlaw.com\/es\/encuentranos\/\"><img loading=\"lazy\" decoding=\"async\" class=\"alignnone wp-image-6224\" src=\"https:\/\/www.clevelandmetzlaw.com\/wp-content\/uploads\/2021\/03\/map-icon-ClevelandMetz-150x150-1.png\" alt=\"\" width=\"29\" height=\"29\" srcset=\"https:\/\/www.clevelandmetzlaw.com\/wp-content\/uploads\/2021\/03\/map-icon-ClevelandMetz-150x150-1.png 150w, https:\/\/www.clevelandmetzlaw.com\/wp-content\/uploads\/2021\/03\/map-icon-ClevelandMetz-150x150-1-12x12.png 12w\" sizes=\"auto, (max-width: 29px) 100vw, 29px\" \/><\/a> <a href=\"https:\/\/www.clevelandmetzlaw.com\/es\/encuentranos\/\">Mapa<\/a><\/h3>\n<h2 style=\"text-align: left;\">\u00bfLesionado en el trabajo? Llame a los abogados Charles Cleveland y John Metz<\/h2>\n<h3 style=\"text-align: left;\">Una lesi\u00f3n laboral puede ser un evento que le cambie la vida y necesita un abogado con experiencia en compensaci\u00f3n laboral de su lado.<\/h3>\n<p><img loading=\"lazy\" decoding=\"async\" class=\"alignleft wp-image-975 size-medium\" src=\"https:\/\/www.clevelandmetzlaw.com\/wp-content\/uploads\/2014\/07\/cml-square-icon-300x300.jpg\" alt=\"Logotipo del bufete de abogados Cleveland &amp; Metz\" width=\"300\" height=\"300\" \/><\/p>\n<p><span style=\"color: #0000ff;\"><a style=\"color: #0000ff;\" title=\"\u00bfQu\u00e9 es Work Comp?\" href=\"https:\/\/www.clevelandmetzlaw.com\/es\/compensacion-de-trabajadores\/\">Compensaci\u00f3n de trabajadores<\/a><\/span> Los abogados Charles Cleveland y John Metz se dedican exclusivamente a la pr\u00e1ctica de Compensaci\u00f3n Laboral que representan a los trabajadores lesionados de Bloomington durante las \u00faltimas dos d\u00e9cadas. Nuestra oficina est\u00e1 convenientemente ubicada a 16 millas de Bloomington en el West End del condado de San Bernardino. Cleveland &amp; Metz tiene m\u00e1s de 45 a\u00f1os de experiencia combinada ayudando a los trabajadores lesionados de Bloomington con sus casos de compensaci\u00f3n laboral. Ya sea que su lesi\u00f3n sea el resultado de un incidente espec\u00edfico, o una lesi\u00f3n repetitiva que ocurri\u00f3 con el tiempo o incluso si su caso es denegado, los abogados del <span style=\"color: #0000ff;\"><a style=\"color: #0000ff;\" title=\"\u00a1Conoce a nuestros abogados!\" href=\"https:\/\/www.clevelandmetzlaw.com\/es\/acerca-de-nuestra-empresa\/\">Oficinas Legales de Cleveland y Metz <\/a><\/span>puedo ayudarte. Todas las consultas son gratuitas.<\/p>\n<p><strong>Elegir sabiamente.<\/strong>Las comunidades del condado de San Bernardino est\u00e1n saturadas de anuncios de abogados de fuera de la ciudad que prometen luchar por usted. Antes de hacer clic en un sitio web brillante o llamar a un n\u00famero 800 llamativo en un autob\u00fas, busque un abogado local que presente su caso localmente. Elegir al abogado adecuado es importante, si elige un abogado que vive fuera de la ciudad, es probable que el dinero de su ca se presente muy lejos de su hogar y probablemente nunca se reunir\u00e1 ni hablar\u00e1 con ese abogado.<\/p>\n<p>Cleveland &amp; Metz, somos los abogados que pueden ayudarlo con su caso. Tambi\u00e9n podemos informarle si no necesita un abogado y podemos brindarle asesoramiento gratuito sobre qu\u00e9 hacer a continuaci\u00f3n.<\/p>\n<p>Ya sea que haya sufrido un accidente laboral de rutina o haya sufrido una lesi\u00f3n grave o repetitiva que cambie su vida y su carrera, <strong>Abogados de lesiones laborales Charles Cleveland y John Metz<\/strong> he estado aqu\u00ed con usted en el mismo lugar durante los \u00faltimos 22 a\u00f1os. Llamenos al <strong><span style=\"color: #0000ff;\">(909) 9809703<\/span><\/strong> en cualquier momento, una persona en vivo responder\u00e1. Puede contactarnos directamente por correo electr\u00f3nico por <span style=\"font-size: 14pt;\"><a href=\"\/es\/cc@ClevelandMetzLaw.com\/\">haciendo click aqui<\/a><\/span>.<\/p>\n<p><em><strong>\u00a1Deje que los abogados de accidentes y compensaci\u00f3n de trabajadores de Cleveland &amp; Metz lo gu\u00eden a trav\u00e9s del sistema de compensaci\u00f3n de trabajadores!<\/strong><\/em><\/p>\n<p><a href=\"https:\/\/goo.gl\/maps\/TJWBBBqZHt12\" target=\"_blank\" rel=\"noopener noreferrer\"><img loading=\"lazy\" decoding=\"async\" class=\"aligncenter wp-image-2816 size-full\" src=\"https:\/\/www.clevelandmetzlaw.com\/wp-content\/uploads\/2019\/02\/Bloomington-To-Law-Offices-Of-Cleveland-And-Metz-MAP.jpg\" alt=\"\" width=\"1280\" height=\"960\" srcset=\"https:\/\/www.clevelandmetzlaw.com\/wp-content\/uploads\/2019\/02\/Bloomington-To-Law-Offices-Of-Cleveland-And-Metz-MAP.jpg 1280w, https:\/\/www.clevelandmetzlaw.com\/wp-content\/uploads\/2019\/02\/Bloomington-To-Law-Offices-Of-Cleveland-And-Metz-MAP-540x405.jpg 540w, https:\/\/www.clevelandmetzlaw.com\/wp-content\/uploads\/2019\/02\/Bloomington-To-Law-Offices-Of-Cleveland-And-Metz-MAP-768x576.jpg 768w, https:\/\/www.clevelandmetzlaw.com\/wp-content\/uploads\/2019\/02\/Bloomington-To-Law-Offices-Of-Cleveland-And-Metz-MAP-960x720.jpg 960w, https:\/\/www.clevelandmetzlaw.com\/wp-content\/uploads\/2019\/02\/Bloomington-To-Law-Offices-Of-Cleveland-And-Metz-MAP-285x214.jpg 285w\" sizes=\"auto, (max-width: 1280px) 100vw, 1280px\" \/><\/a><\/p>","protected":false},"excerpt":{"rendered":"<p>\u00a0Abogados de lesiones de trabajo al servicio de la ciudad de Bloomington Llamar Email Texto Mapa \u00bfLesionado en el trabajo? Llame a los abogados Charles Cleveland y John Metz Una lesi\u00f3n de trabajo puede ser un evento que cambia la vida y que necesita un abogado con experiencia en compensaci\u00f3n de trabajo de su lado. Compensaci\u00f3n a los Trabajadores Abogados Charles Cleveland y John Metz se dedican exclusivamente a...<\/p>","protected":false},"author":2,"featured_media":0,"parent":0,"menu_order":0,"comment_status":"closed","ping_status":"closed","template":"","meta":{"footnotes":""},"class_list":["post-1136","page","type-page","status-publish","hentry"],"yoast_head":"<!-- This site is optimized with the Yoast SEO plugin v27.6 - https:\/\/yoast.com\/product\/yoast-seo-wordpress\/ -->\n<title>Work Injury Attorney near Bloomington California<\/title>\n<meta name=\"description\" content=\"Bloomington Work Injury Lawyer, Cleveland &amp; Metz-local lawyers for Bloomington injured workers for 22 years. Certified Specialist in Worker&#039;s Compensation law.\" \/>\n<meta name=\"robots\" content=\"index, follow, max-snippet:-1, max-image-preview:large, max-video-preview:-1\" \/>\n<link rel=\"canonical\" href=\"https:\/\/www.clevelandmetzlaw.com\/es\/bloomington\/\" \/>\n<meta property=\"og:locale\" content=\"es_MX\" \/>\n<meta property=\"og:type\" content=\"article\" \/>\n<meta property=\"og:title\" content=\"Work Injury Attorney near Bloomington California\" \/>\n<meta property=\"og:description\" content=\"Bloomington Work Injury Lawyer, Cleveland &amp; Metz-local lawyers for Bloomington injured workers for 22 years. Certified Specialist in Worker&#039;s Compensation law.\" \/>\n<meta property=\"og:url\" content=\"https:\/\/www.clevelandmetzlaw.com\/es\/bloomington\/\" \/>\n<meta property=\"og:site_name\" content=\"Cleveland Metz Law\" \/>\n<meta property=\"article:modified_time\" content=\"2021-03-03T17:42:51+00:00\" \/>\n<meta property=\"og:image\" content=\"https:\/\/www.clevelandmetzlaw.com\/wp-content\/uploads\/2021\/03\/heder-phone-1-1.png\" \/>\n<meta name=\"twitter:card\" content=\"summary_large_image\" \/>\n<meta name=\"twitter:label1\" content=\"Tiempo de lectura\" \/>\n\t<meta name=\"twitter:data1\" content=\"2 minutos\" \/>\n<script type=\"application\/ld+json\" class=\"yoast-schema-graph\">{\"@context\":\"https:\\\/\\\/schema.org\",\"@graph\":[{\"@type\":\"WebPage\",\"@id\":\"https:\\\/\\\/www.clevelandmetzlaw.com\\\/bloomington\\\/\",\"url\":\"https:\\\/\\\/www.clevelandmetzlaw.com\\\/bloomington\\\/\",\"name\":\"Work Injury Attorney near Bloomington California\",\"isPartOf\":{\"@id\":\"https:\\\/\\\/www.clevelandmetzlaw.com\\\/#website\"},\"primaryImageOfPage\":{\"@id\":\"https:\\\/\\\/www.clevelandmetzlaw.com\\\/bloomington\\\/#primaryimage\"},\"image\":{\"@id\":\"https:\\\/\\\/www.clevelandmetzlaw.com\\\/bloomington\\\/#primaryimage\"},\"thumbnailUrl\":\"https:\\\/\\\/www.clevelandmetzlaw.com\\\/wp-content\\\/uploads\\\/2021\\\/03\\\/heder-phone-1-1.png\",\"datePublished\":\"2014-09-05T00:19:34+00:00\",\"dateModified\":\"2021-03-03T17:42:51+00:00\",\"description\":\"Bloomington Work Injury Lawyer, Cleveland & Metz-local lawyers for Bloomington injured workers for 22 years. Certified Specialist in Worker's Compensation law.\",\"breadcrumb\":{\"@id\":\"https:\\\/\\\/www.clevelandmetzlaw.com\\\/bloomington\\\/#breadcrumb\"},\"inLanguage\":\"es\",\"potentialAction\":[{\"@type\":\"ReadAction\",\"target\":[\"https:\\\/\\\/www.clevelandmetzlaw.com\\\/bloomington\\\/\"]}]},{\"@type\":\"ImageObject\",\"inLanguage\":\"es\",\"@id\":\"https:\\\/\\\/www.clevelandmetzlaw.com\\\/bloomington\\\/#primaryimage\",\"url\":\"https:\\\/\\\/www.clevelandmetzlaw.com\\\/wp-content\\\/uploads\\\/2021\\\/03\\\/heder-phone-1-1.png\",\"contentUrl\":\"https:\\\/\\\/www.clevelandmetzlaw.com\\\/wp-content\\\/uploads\\\/2021\\\/03\\\/heder-phone-1-1.png\"},{\"@type\":\"BreadcrumbList\",\"@id\":\"https:\\\/\\\/www.clevelandmetzlaw.com\\\/bloomington\\\/#breadcrumb\",\"itemListElement\":[{\"@type\":\"ListItem\",\"position\":1,\"name\":\"Home\",\"item\":\"https:\\\/\\\/www.clevelandmetzlaw.com\\\/\"},{\"@type\":\"ListItem\",\"position\":2,\"name\":\"Work Injury Lawyer Bloomington\"}]},{\"@type\":\"WebSite\",\"@id\":\"https:\\\/\\\/www.clevelandmetzlaw.com\\\/#website\",\"url\":\"https:\\\/\\\/www.clevelandmetzlaw.com\\\/\",\"name\":\"Cleveland Metz Law\",\"description\":\"California Work Injury &amp; Workers Compensation Attorney\",\"potentialAction\":[{\"@type\":\"SearchAction\",\"target\":{\"@type\":\"EntryPoint\",\"urlTemplate\":\"https:\\\/\\\/www.clevelandmetzlaw.com\\\/?s={search_term_string}\"},\"query-input\":{\"@type\":\"PropertyValueSpecification\",\"valueRequired\":true,\"valueName\":\"search_term_string\"}}],\"inLanguage\":\"es\"}]}<\/script>\n<!-- \/ Yoast SEO plugin. -->","yoast_head_json":{"title":"Abogado de lesiones de trabajo cerca de Bloomington California","description":"Bloomington Abogado de Lesiones de Trabajo, Cleveland y Metz-abogados locales para los trabajadores lesionados Bloomington durante 22 a\u00f1os. Especialista certificado en la ley de Compensaci\u00f3n Laboral.","robots":{"index":"index","follow":"follow","max-snippet":"max-snippet:-1","max-image-preview":"max-image-preview:large","max-video-preview":"max-video-preview:-1"},"canonical":"https:\/\/www.clevelandmetzlaw.com\/es\/bloomington\/","og_locale":"es_MX","og_type":"article","og_title":"Work Injury Attorney near Bloomington California","og_description":"Bloomington Work Injury Lawyer, Cleveland & Metz-local lawyers for Bloomington injured workers for 22 years. Certified Specialist in Worker's Compensation law.","og_url":"https:\/\/www.clevelandmetzlaw.com\/es\/bloomington\/","og_site_name":"Cleveland Metz Law","article_modified_time":"2021-03-03T17:42:51+00:00","og_image":[{"url":"https:\/\/www.clevelandmetzlaw.com\/wp-content\/uploads\/2021\/03\/heder-phone-1-1.png","type":"","width":"","height":""}],"twitter_card":"summary_large_image","twitter_misc":{"Tiempo de lectura":"2 minutos"},"schema":{"@context":"https:\/\/schema.org","@graph":[{"@type":"WebPage","@id":"https:\/\/www.clevelandmetzlaw.com\/bloomington\/","url":"https:\/\/www.clevelandmetzlaw.com\/bloomington\/","name":"Abogado de lesiones de trabajo cerca de Bloomington California","isPartOf":{"@id":"https:\/\/www.clevelandmetzlaw.com\/#website"},"primaryImageOfPage":{"@id":"https:\/\/www.clevelandmetzlaw.com\/bloomington\/#primaryimage"},"image":{"@id":"https:\/\/www.clevelandmetzlaw.com\/bloomington\/#primaryimage"},"thumbnailUrl":"https:\/\/www.clevelandmetzlaw.com\/wp-content\/uploads\/2021\/03\/heder-phone-1-1.png","datePublished":"2014-09-05T00:19:34+00:00","dateModified":"2021-03-03T17:42:51+00:00","description":"Bloomington Abogado de Lesiones de Trabajo, Cleveland y Metz-abogados locales para los trabajadores lesionados Bloomington durante 22 a\u00f1os. Especialista certificado en la ley de Compensaci\u00f3n Laboral.","breadcrumb":{"@id":"https:\/\/www.clevelandmetzlaw.com\/bloomington\/#breadcrumb"},"inLanguage":"es","potentialAction":[{"@type":"ReadAction","target":["https:\/\/www.clevelandmetzlaw.com\/bloomington\/"]}]},{"@type":"ImageObject","inLanguage":"es","@id":"https:\/\/www.clevelandmetzlaw.com\/bloomington\/#primaryimage","url":"https:\/\/www.clevelandmetzlaw.com\/wp-content\/uploads\/2021\/03\/heder-phone-1-1.png","contentUrl":"https:\/\/www.clevelandmetzlaw.com\/wp-content\/uploads\/2021\/03\/heder-phone-1-1.png"},{"@type":"BreadcrumbList","@id":"https:\/\/www.clevelandmetzlaw.com\/bloomington\/#breadcrumb","itemListElement":[{"@type":"ListItem","position":1,"name":"Home","item":"https:\/\/www.clevelandmetzlaw.com\/"},{"@type":"ListItem","position":2,"name":"Work Injury Lawyer Bloomington"}]},{"@type":"WebSite","@id":"https:\/\/www.clevelandmetzlaw.com\/#website","url":"https:\/\/www.clevelandmetzlaw.com\/","name":"Cleveland Metz Law","description":"California Lesiones de Trabajo y Compensaci\u00f3n de Trabajadores Abogado","potentialAction":[{"@type":"SearchAction","target":{"@type":"EntryPoint","urlTemplate":"https:\/\/www.clevelandmetzlaw.com\/?s={search_term_string}"},"query-input":{"@type":"PropertyValueSpecification","valueRequired":true,"valueName":"search_term_string"}}],"inLanguage":"es"}]}},"_links":{"self":[{"href":"https:\/\/www.clevelandmetzlaw.com\/es\/wp-json\/wp\/v2\/pages\/1136","targetHints":{"allow":["GET"]}}],"collection":[{"href":"https:\/\/www.clevelandmetzlaw.com\/es\/wp-json\/wp\/v2\/pages"}],"about":[{"href":"https:\/\/www.clevelandmetzlaw.com\/es\/wp-json\/wp\/v2\/types\/page"}],"author":[{"embeddable":true,"href":"https:\/\/www.clevelandmetzlaw.com\/es\/wp-json\/wp\/v2\/users\/2"}],"replies":[{"embeddable":true,"href":"https:\/\/www.clevelandmetzlaw.com\/es\/wp-json\/wp\/v2\/comments?post=1136"}],"version-history":[{"count":0,"href":"https:\/\/www.clevelandmetzlaw.com\/es\/wp-json\/wp\/v2\/pages\/1136\/revisions"}],"wp:attachment":[{"href":"https:\/\/www.clevelandmetzlaw.com\/es\/wp-json\/wp\/v2\/media?parent=1136"}],"curies":[{"name":"wp","href":"https:\/\/api.w.org\/{rel}","templated":true}]}}