{"id":1068,"date":"2014-08-06T10:31:03","date_gmt":"2014-08-06T17:31:03","guid":{"rendered":"http:\/\/www.clevelandmetzlaw.com\/?page_id=1068"},"modified":"2026-04-10T15:10:29","modified_gmt":"2026-04-10T22:10:29","slug":"por-que-contratar-a-un-abogado-de-compensacion-para-trabajadores","status":"publish","type":"page","link":"https:\/\/www.clevelandmetzlaw.com\/es\/why-hire-workers-comp-attorney\/","title":{"rendered":"\u00bfNecesitas un abogado de compensaci\u00f3n para trabajadores en California?"},"content":{"rendered":"<h1>\u00bfNecesitas un abogado de compensaci\u00f3n para trabajadores en California?<\/h1>\n<h3>\u00a0<a href=\"tel:1-909-980-9703\"><img loading=\"lazy\" decoding=\"async\" class=\"alignnone wp-image-6223 size-full\" src=\"https:\/\/www.clevelandmetzlaw.com\/wp-content\/uploads\/2021\/03\/heder-phone-1-1.png\" alt=\"\" width=\"29\" height=\"29\" srcset=\"https:\/\/www.clevelandmetzlaw.com\/wp-content\/uploads\/2021\/03\/heder-phone-1-1.png 29w, https:\/\/www.clevelandmetzlaw.com\/wp-content\/uploads\/2021\/03\/heder-phone-1-1-12x12.png 12w\" sizes=\"auto, (max-width: 29px) 100vw, 29px\" \/> <\/a><a href=\"tel: 1-909-980-9703\">Llamada<\/a>\u00a0 \u00a0<a href=\"mailto:cc@clevelandmetzlaw.com\"><img loading=\"lazy\" decoding=\"async\" class=\"alignnone wp-image-6221\" src=\"https:\/\/www.clevelandmetzlaw.com\/wp-content\/uploads\/2021\/03\/email-icon-150x150-1.jpg\" alt=\"\" width=\"29\" height=\"29\" srcset=\"https:\/\/www.clevelandmetzlaw.com\/wp-content\/uploads\/2021\/03\/email-icon-150x150-1.jpg 150w, https:\/\/www.clevelandmetzlaw.com\/wp-content\/uploads\/2021\/03\/email-icon-150x150-1-12x12.jpg 12w\" sizes=\"auto, (max-width: 29px) 100vw, 29px\" \/><\/a> <a href=\"mailto:cc@clevelandmetzlaw.com\"><strong>Correo electr\u00f3nico<\/strong><\/a><strong>\u00a0\u00a0<\/strong><strong> <a href=\"sms:1-909-303-6374\"><img loading=\"lazy\" decoding=\"async\" class=\"alignnone wp-image-6222\" src=\"https:\/\/www.clevelandmetzlaw.com\/wp-content\/uploads\/2021\/03\/Cleveland-Metz-Text-150x150-1.png\" alt=\"\" width=\"29\" height=\"29\" srcset=\"https:\/\/www.clevelandmetzlaw.com\/wp-content\/uploads\/2021\/03\/Cleveland-Metz-Text-150x150-1.png 150w, https:\/\/www.clevelandmetzlaw.com\/wp-content\/uploads\/2021\/03\/Cleveland-Metz-Text-150x150-1-12x12.png 12w\" sizes=\"auto, (max-width: 29px) 100vw, 29px\" \/><\/a>\u00a0<\/strong><a href=\"sms:1-909-303-6374\">Texto<\/a>\u00a0 <a href=\"https:\/\/www.clevelandmetzlaw.com\/es\/encuentranos\/\"><img loading=\"lazy\" decoding=\"async\" class=\"alignnone wp-image-6224\" src=\"https:\/\/www.clevelandmetzlaw.com\/wp-content\/uploads\/2021\/03\/map-icon-ClevelandMetz-150x150-1.png\" alt=\"\" width=\"29\" height=\"29\" srcset=\"https:\/\/www.clevelandmetzlaw.com\/wp-content\/uploads\/2021\/03\/map-icon-ClevelandMetz-150x150-1.png 150w, https:\/\/www.clevelandmetzlaw.com\/wp-content\/uploads\/2021\/03\/map-icon-ClevelandMetz-150x150-1-12x12.png 12w\" sizes=\"auto, (max-width: 29px) 100vw, 29px\" \/><\/a> <a href=\"https:\/\/www.clevelandmetzlaw.com\/es\/encuentranos\/\">Mapa<\/a><\/h3>\n<h2 data-section-id=\"evipqn\" data-start=\"1251\" data-end=\"1326\">Por qu\u00e9 los trabajadores lesionados eligen trabajar con un abogado de compensaci\u00f3n para trabajadores<\/h2>\n<p data-start=\"1328\" data-end=\"1382\">Mucha gente se hace la misma pregunta despu\u00e9s de una lesi\u00f3n laboral:<\/p>\n<p data-start=\"1384\" data-end=\"1410\">\u00bfRealmente necesito un abogado?<\/p>\n<p data-start=\"1412\" data-end=\"1549\">La respuesta depende de lo que est\u00e9 sucediendo en tu caso, pero es importante entender c\u00f3mo funciona realmente el sistema de compensaci\u00f3n para trabajadores. Despu\u00e9s de una lesi\u00f3n laboral, muchas personas intentan manejar la reclamaci\u00f3n por su cuenta al principio. Eso es comprensible. Pero muchas no se dan cuenta de lo complicado que puede volverse el sistema de compensaci\u00f3n para trabajadores una vez que surgen problemas m\u00e9dicos, demoras o disputas.<\/p>\n<hr data-start=\"1551\" data-end=\"1554\" \/>\n<h2 data-section-id=\"vve9i5\" data-start=\"1556\" data-end=\"1609\">La compa\u00f1\u00eda de seguros tiene experiencia de su lado<\/h2>\n<p data-start=\"1611\" data-end=\"1698\">Cuando presentas un reclamo de compensaci\u00f3n para trabajadores, no est\u00e1s lidiando con un sistema neutral.<\/p>\n<p data-start=\"1700\" data-end=\"1726\">La compa\u00f1\u00eda de seguros tiene:<\/p>\n<ul data-start=\"1728\" data-end=\"1858\">\n<li data-section-id=\"b3l71v\" data-start=\"1728\" data-end=\"1766\">Ajustadores capacitados para gestionar reclamaciones<\/li>\n<li data-section-id=\"1jwgr83\" data-start=\"1767\" data-end=\"1806\">M\u00e9dicos que eval\u00faan tu condici\u00f3n<\/li>\n<li data-section-id=\"zmu8c4\" data-start=\"1807\" data-end=\"1858\">Abogados defensores que representan sus intereses<\/li>\n<\/ul>\n<p data-start=\"1860\" data-end=\"1924\">Su trabajo es controlar los costos y limitar lo que se paga en una reclamaci\u00f3n.<\/p>\n<p data-start=\"1926\" data-end=\"2013\">Eso no significa que tu afirmaci\u00f3n sea inv\u00e1lida, pero s\u00ed significa que no est\u00e1s en igualdad de condiciones.<\/p>\n<h2 data-section-id=\"1p5qqmx\" data-start=\"2020\" data-end=\"2082\">El tratamiento y diagn\u00f3stico m\u00e9dico pueden afectar todo su caso<\/h2>\n<p data-start=\"2084\" data-end=\"2177\">Una de las partes m\u00e1s importantes de cualquier reclamo de compensaci\u00f3n para trabajadores es la evaluaci\u00f3n m\u00e9dica.<\/p>\n<p data-start=\"2179\" data-end=\"2283\">Si un doctor determina que tu condici\u00f3n no est\u00e1 relacionada con el trabajo, o minimiza tu lesi\u00f3n, esto puede afectar:<\/p>\n<ul data-start=\"2285\" data-end=\"2375\">\n<li data-section-id=\"1u88cja\" data-start=\"2285\" data-end=\"2311\">Tu tratamiento m\u00e9dico<\/li>\n<li data-section-id=\"6wj8ep\" data-start=\"2312\" data-end=\"2338\">Tu estado de discapacidad<\/li>\n<li data-section-id=\"86zs27\" data-start=\"2339\" data-end=\"2375\">Tu habilidad para recibir beneficios<\/li>\n<\/ul>\n<p data-start=\"2377\" data-end=\"2471\">Esto es especialmente importante en <a href=\"https:\/\/www.clevelandmetzlaw.com\/es\/indemnizacion-por-traumatismo-acumulativo-california\/\"><strong data-start=\"2409\" data-end=\"2436\">casos de trauma acumulativo<\/strong><\/a>, donde las lesiones se desarrollan con el tiempo y no siempre se reconocen de inmediato.<\/p>\n<h2 data-section-id=\"1dqn90q\" data-start=\"2531\" data-end=\"2581\">Los problemas de tiempo y de informes pueden crear dificultades<\/h2>\n<p data-start=\"2583\" data-end=\"2673\">Muchos trabajadores retrasan reportar su lesi\u00f3n porque temen perder su empleo.<\/p>\n<p data-start=\"2675\" data-end=\"2786\">En algunas situaciones, esperar demasiado para reportar una lesi\u00f3n \u2014especialmente antes de una<a href=\"https:\/\/www.clevelandmetzlaw.com\/es\/compensacion-de-trabajadores\/indemnizacion-laboral-tras-la-rescision-del-contrato-en-california\/\"> despido o cese<\/a>\u2014puede hacer que un reclamo sea m\u00e1s dif\u00edcil y que cree desaf\u00edos legales adicionales.\u00a0\u00a0<\/p>\n<hr data-start=\"2891\" data-end=\"2894\" \/>\n<h2 data-section-id=\"1spvwun\" data-start=\"2896\" data-end=\"2945\">Manejar el proceso solo puede ser abrumador<\/h2>\n<p data-start=\"2947\" data-end=\"2984\">Las reclamaciones de compensaci\u00f3n para trabajadores involucran:<\/p>\n<ul data-start=\"2986\" data-end=\"3084\">\n<li data-section-id=\"7doyn2\" data-start=\"2986\" data-end=\"3005\">Informes m\u00e9dicos<\/li>\n<li data-section-id=\"xs05e9\" data-start=\"3006\" data-end=\"3019\">Fechas l\u00edmite<\/li>\n<li data-section-id=\"ydvbx2\" data-start=\"3020\" data-end=\"3041\">Formularios y presentaciones<\/li>\n<li data-section-id=\"q6kmvl\" data-start=\"3042\" data-end=\"3084\">Comunicaci\u00f3n con las compa\u00f1\u00edas de seguros<\/li>\n<\/ul>\n<p data-start=\"3086\" data-end=\"3175\">Para alguien que ya lidia con una lesi\u00f3n, este proceso puede volverse abrumador r\u00e1pidamente.<\/p>\n<hr data-start=\"3177\" data-end=\"3180\" \/>\n<h2 data-section-id=\"14k3zka\" data-start=\"3182\" data-end=\"3223\">Un abogado te ayuda a navegar el sistema<\/h2>\n<p data-start=\"3225\" data-end=\"3275\">Un abogado con experiencia en compensaci\u00f3n laboral puede:<\/p>\n<ul data-start=\"3277\" data-end=\"3443\">\n<li data-section-id=\"bdspz0\" data-start=\"3277\" data-end=\"3312\">Ayudarte a entender tus derechos<\/li>\n<li data-section-id=\"13mtoaa\" data-start=\"3313\" data-end=\"3361\">Aseg\u00farate de que tu lesi\u00f3n est\u00e9 debidamente documentada<\/li>\n<li data-section-id=\"13d1k9v\" data-start=\"3362\" data-end=\"3404\">Comunicarse con la compa\u00f1\u00eda de seguros<\/li>\n<li data-section-id=\"iakk9c\" data-start=\"3405\" data-end=\"3443\">Gu\u00eda tu caso a trav\u00e9s del sistema<\/li>\n<\/ul>\n<p data-start=\"3445\" data-end=\"3571\">La mayor\u00eda de los abogados de compensaci\u00f3n para trabajadores trabajan bajo un acuerdo de honorarios contingentes, lo que significa que los honorarios suelen estar ligados al resultado de su caso.<\/p>\n<hr data-start=\"3573\" data-end=\"3576\" \/>\n<h2 data-section-id=\"1ykvo1q\" data-start=\"3578\" data-end=\"3605\">La Experiencia Local Importa<\/h2>\n<p data-start=\"3607\" data-end=\"3704\">Si su caso llega a una audiencia, ser\u00e1 tramitado a trav\u00e9s de la Junta de Apelaciones de Compensaci\u00f3n para Trabajadores.<\/p>\n<p data-start=\"3706\" data-end=\"3808\">Un abogado familiarizado con el sistema y los jueces locales puede ayudar a navegar ese proceso de manera m\u00e1s efectiva.<\/p>\n<hr data-start=\"3810\" data-end=\"3813\" \/>\n<h2 data-section-id=\"15phslj\" data-start=\"3815\" data-end=\"3863\">Cu\u00e1ndo tiene sentido hablar con un abogado<\/h2>\n<p data-start=\"3865\" data-end=\"3904\">Es posible que desees hablar con un abogado si:<\/p>\n<ul data-start=\"3906\" data-end=\"4118\">\n<li data-section-id=\"9jdcq6\" data-start=\"3906\" data-end=\"3930\">Tu reclamo es denegado<\/li>\n<li data-section-id=\"1ysym62\" data-start=\"3931\" data-end=\"3963\">Tu lesi\u00f3n no mejora<\/li>\n<li data-section-id=\"1n8kg3y\" data-start=\"3964\" data-end=\"4008\">Te est\u00e1n enviando de vuelta al trabajo demasiado pronto<\/li>\n<li data-section-id=\"1u13vb4\" data-start=\"4009\" data-end=\"4067\">Est\u00e1s lidiando con una lesi\u00f3n repetitiva o acumulativa<\/li>\n<li data-section-id=\"10qhgmm\" data-start=\"4068\" data-end=\"4118\">Le preocupan los despidos o los cambios de empleo<\/li>\n<\/ul>\n<hr data-start=\"4120\" data-end=\"4123\" \/>\n<h2 data-section-id=\"114wazr\" data-start=\"4125\" data-end=\"4142\">Reflexiones finales<\/h2>\n<p data-start=\"3299\" data-end=\"3428\">Cada caso de compensaci\u00f3n para trabajadores es diferente. Algunos asuntos son sencillos, mientras que otros se complican con el tiempo.<\/p>\n<p data-start=\"3435\" data-end=\"3568\">Si no est\u00e1 seguro de su situaci\u00f3n, hablar con un abogado temprano puede ayudarle a comprender sus opciones antes de que surjan problemas.<\/p>\n<p data-start=\"4264\" data-end=\"4397\">Si no est\u00e1 seguro de su situaci\u00f3n, hablar con un abogado desde el principio puede ayudarle a comprender sus opciones antes de que se desarrollen los problemas. Algunos clientes acuden a nosotros despu\u00e9s de haber iniciado su caso con un bufete grande y sienten que no obtuvieron respuestas claras sobre su reclamaci\u00f3n.<\/p>\n<p data-start=\"4399\" data-end=\"4424\">\ud83d\udc49 <a href=\"https:\/\/www.clevelandmetzlaw.com\/es\/contacto\/\">Cont\u00e1ctanos aqu\u00ed<\/a><\/p>\n<h2 data-section-id=\"1qfsr8c\" data-start=\"538\" data-end=\"592\">Trabajar con un abogado local puede marcar la diferencia<\/h2>\n<p data-start=\"1562\" data-end=\"1784\">Muchos trabajadores lesionados contratan inicialmente firmas que no est\u00e1n establecidas en su \u00e1rea. En algunos casos, luego encuentran dificultades para hablar directamente con el abogado que maneja su caso u obtener informaci\u00f3n clara a medida que el caso avanza.<\/p>\n<p data-start=\"1791\" data-end=\"1987\">Los casos de compensaci\u00f3n laboral pueden llevar tiempo y la comunicaci\u00f3n es importante. Trabajar con un abogado local puede facilitar que te mantengas informado y comprendas lo que sucede en cada etapa de tu caso.<\/p>\n<p data-start=\"972\" data-end=\"1024\">Trabajar con un abogado local puede facilitar:<\/p>\n<ul data-start=\"1026\" data-end=\"1198\">\n<li data-section-id=\"zylur9\" data-start=\"1026\" data-end=\"1066\">Comun\u00edcate directamente sobre tu caso<\/li>\n<li data-section-id=\"1sgeadq\" data-start=\"1067\" data-end=\"1100\">Recibe actualizaciones cuando surjan problemas<\/li>\n<li data-section-id=\"1uh9tts\" data-start=\"1101\" data-end=\"1145\">Entender c\u00f3mo avanza tu reclamo<\/li>\n<li data-section-id=\"1iy6rz1\" data-start=\"1146\" data-end=\"1198\">Trabaja con alguien que conozca el sistema local<\/li>\n<\/ul>\n<p data-start=\"1200\" data-end=\"1346\">Algunos clientes acuden a nosotros despu\u00e9s de haber iniciado su caso en otro lugar y buscan una comunicaci\u00f3n m\u00e1s clara sobre su situaci\u00f3n. Cada firma opera de manera diferente, pero la accesibilidad y la comunicaci\u00f3n suelen ser factores importantes para los trabajadores lesionados al elegir representaci\u00f3n.<\/p>\n<h3>Charles Cleveland es un especialista certificado en la ley de compensaci\u00f3n para trabajadores de la Junta de Especializaci\u00f3n Legal del Colegio de Abogados del Estado de California.<\/h3>","protected":false},"excerpt":{"rendered":"<p>Do You Need a Workers\u2019 Comp Lawyer in California? \u00a0 Call\u00a0 \u00a0 Email\u00a0\u00a0 \u00a0Text\u00a0 Map Why Injured Workers Choose to Work With a Workers\u2019 Compensation Attorney Many people ask the same question after a work injury: Do I really need a lawyer? The answer depends on what\u2019s happening in your case\u2014but it\u2019s important to understand&hellip;<\/p>","protected":false},"author":2,"featured_media":0,"parent":0,"menu_order":0,"comment_status":"closed","ping_status":"closed","template":"","meta":{"footnotes":""},"class_list":["post-1068","page","type-page","status-publish","hentry"],"yoast_head":"<!-- This site is optimized with the Yoast SEO plugin v27.3 - https:\/\/yoast.com\/product\/yoast-seo-wordpress\/ -->\n<title>Benefits of hiring a local workers comp attorneyDo You Need a Workers\u2019 Comp Lawyer in California?<\/title>\n<meta name=\"description\" content=\"The benefits of hiring a local work injury lawyer. Tips for picking the right work injury lawyer, make sure the lawyer is properly identified, do your research!Do you need a workers\u2019 compensation lawyer? Learn how insurance companies handle claims, why timing matters, and when legal help may be important.\" \/>\n<meta name=\"robots\" content=\"index, follow, max-snippet:-1, max-image-preview:large, max-video-preview:-1\" \/>\n<link rel=\"canonical\" href=\"https:\/\/www.clevelandmetzlaw.com\/es\/por-que-contratar-a-un-abogado-de-compensacion-para-trabajadores\/\" \/>\n<meta property=\"og:locale\" content=\"es_MX\" \/>\n<meta property=\"og:type\" content=\"article\" \/>\n<meta property=\"og:title\" content=\"Benefits of hiring a local workers comp attorneyDo You Need a Workers\u2019 Comp Lawyer in California?\" \/>\n<meta property=\"og:description\" content=\"The benefits of hiring a local work injury lawyer. Tips for picking the right work injury lawyer, make sure the lawyer is properly identified, do your research!Do you need a workers\u2019 compensation lawyer? Learn how insurance companies handle claims, why timing matters, and when legal help may be important.\" \/>\n<meta property=\"og:url\" content=\"https:\/\/www.clevelandmetzlaw.com\/es\/por-que-contratar-a-un-abogado-de-compensacion-para-trabajadores\/\" \/>\n<meta property=\"og:site_name\" content=\"Cleveland Metz Law\" \/>\n<meta property=\"article:modified_time\" content=\"2026-04-10T22:10:29+00:00\" \/>\n<meta property=\"og:image\" content=\"https:\/\/www.clevelandmetzlaw.com\/wp-content\/uploads\/2021\/03\/heder-phone-1-1.png\" \/>\n\t<meta property=\"og:image:width\" content=\"29\" \/>\n\t<meta property=\"og:image:height\" content=\"29\" \/>\n\t<meta property=\"og:image:type\" content=\"image\/png\" \/>\n<meta name=\"twitter:card\" content=\"summary_large_image\" \/>\n<meta name=\"twitter:label1\" content=\"Tiempo de lectura\" \/>\n\t<meta name=\"twitter:data1\" content=\"5 minutos\" \/>\n<script type=\"application\/ld+json\" class=\"yoast-schema-graph\">{\"@context\":\"https:\\\/\\\/schema.org\",\"@graph\":[{\"@type\":\"WebPage\",\"@id\":\"https:\\\/\\\/www.clevelandmetzlaw.com\\\/why-hire-workers-comp-attorney\\\/\",\"url\":\"https:\\\/\\\/www.clevelandmetzlaw.com\\\/why-hire-workers-comp-attorney\\\/\",\"name\":\"Benefits of hiring a local workers comp attorneyDo You Need a Workers\u2019 Comp Lawyer in California?\",\"isPartOf\":{\"@id\":\"https:\\\/\\\/www.clevelandmetzlaw.com\\\/#website\"},\"primaryImageOfPage\":{\"@id\":\"https:\\\/\\\/www.clevelandmetzlaw.com\\\/why-hire-workers-comp-attorney\\\/#primaryimage\"},\"image\":{\"@id\":\"https:\\\/\\\/www.clevelandmetzlaw.com\\\/why-hire-workers-comp-attorney\\\/#primaryimage\"},\"thumbnailUrl\":\"https:\\\/\\\/www.clevelandmetzlaw.com\\\/wp-content\\\/uploads\\\/2021\\\/03\\\/heder-phone-1-1.png\",\"datePublished\":\"2014-08-06T17:31:03+00:00\",\"dateModified\":\"2026-04-10T22:10:29+00:00\",\"description\":\"The benefits of hiring a local work injury lawyer. Tips for picking the right work injury lawyer, make sure the lawyer is properly identified, do your research!Do you need a workers\u2019 compensation lawyer? Learn how insurance companies handle claims, why timing matters, and when legal help may be important.\",\"breadcrumb\":{\"@id\":\"https:\\\/\\\/www.clevelandmetzlaw.com\\\/why-hire-workers-comp-attorney\\\/#breadcrumb\"},\"inLanguage\":\"es\",\"potentialAction\":[{\"@type\":\"ReadAction\",\"target\":[\"https:\\\/\\\/www.clevelandmetzlaw.com\\\/why-hire-workers-comp-attorney\\\/\"]}]},{\"@type\":\"ImageObject\",\"inLanguage\":\"es\",\"@id\":\"https:\\\/\\\/www.clevelandmetzlaw.com\\\/why-hire-workers-comp-attorney\\\/#primaryimage\",\"url\":\"https:\\\/\\\/www.clevelandmetzlaw.com\\\/wp-content\\\/uploads\\\/2021\\\/03\\\/heder-phone-1-1.png\",\"contentUrl\":\"https:\\\/\\\/www.clevelandmetzlaw.com\\\/wp-content\\\/uploads\\\/2021\\\/03\\\/heder-phone-1-1.png\"},{\"@type\":\"BreadcrumbList\",\"@id\":\"https:\\\/\\\/www.clevelandmetzlaw.com\\\/why-hire-workers-comp-attorney\\\/#breadcrumb\",\"itemListElement\":[{\"@type\":\"ListItem\",\"position\":1,\"name\":\"Home\",\"item\":\"https:\\\/\\\/www.clevelandmetzlaw.com\\\/\"},{\"@type\":\"ListItem\",\"position\":2,\"name\":\"Do You Need a Workers\u2019 Comp Lawyer in California?\"}]},{\"@type\":\"WebSite\",\"@id\":\"https:\\\/\\\/www.clevelandmetzlaw.com\\\/#website\",\"url\":\"https:\\\/\\\/www.clevelandmetzlaw.com\\\/\",\"name\":\"Cleveland Metz Law\",\"description\":\"California Work Injury &amp; Workers Compensation Attorney\",\"potentialAction\":[{\"@type\":\"SearchAction\",\"target\":{\"@type\":\"EntryPoint\",\"urlTemplate\":\"https:\\\/\\\/www.clevelandmetzlaw.com\\\/?s={search_term_string}\"},\"query-input\":{\"@type\":\"PropertyValueSpecification\",\"valueRequired\":true,\"valueName\":\"search_term_string\"}}],\"inLanguage\":\"es\"}]}<\/script>\n<!-- \/ Yoast SEO plugin. -->","yoast_head_json":{"title":"Beneficios de contratar un abogado local de compensaci\u00f3n para trabajadores\n\u00bfNecesitas un abogado de compensaci\u00f3n para trabajadores en California?","description":"Los beneficios de contratar a un abogado local de lesiones laborales. Consejos para elegir al abogado de lesiones laborales adecuado, aseg\u00farate de que el abogado est\u00e9 debidamente identificado, \u00a1investiga! \u00bfNecesitas un abogado de compensaci\u00f3n para trabajadores? Descubre c\u00f3mo las compa\u00f1\u00edas de seguros manejan las reclamaciones, por qu\u00e9 el tiempo es importante y cu\u00e1ndo la ayuda legal puede ser importante.","robots":{"index":"index","follow":"follow","max-snippet":"max-snippet:-1","max-image-preview":"max-image-preview:large","max-video-preview":"max-video-preview:-1"},"canonical":"https:\/\/www.clevelandmetzlaw.com\/es\/por-que-contratar-a-un-abogado-de-compensacion-para-trabajadores\/","og_locale":"es_MX","og_type":"article","og_title":"Benefits of hiring a local workers comp attorneyDo You Need a Workers\u2019 Comp Lawyer in California?","og_description":"The benefits of hiring a local work injury lawyer. Tips for picking the right work injury lawyer, make sure the lawyer is properly identified, do your research!Do you need a workers\u2019 compensation lawyer? Learn how insurance companies handle claims, why timing matters, and when legal help may be important.","og_url":"https:\/\/www.clevelandmetzlaw.com\/es\/por-que-contratar-a-un-abogado-de-compensacion-para-trabajadores\/","og_site_name":"Cleveland Metz Law","article_modified_time":"2026-04-10T22:10:29+00:00","og_image":[{"width":29,"height":29,"url":"https:\/\/www.clevelandmetzlaw.com\/wp-content\/uploads\/2021\/03\/heder-phone-1-1.png","type":"image\/png"}],"twitter_card":"summary_large_image","twitter_misc":{"Tiempo de lectura":"5 minutos"},"schema":{"@context":"https:\/\/schema.org","@graph":[{"@type":"WebPage","@id":"https:\/\/www.clevelandmetzlaw.com\/why-hire-workers-comp-attorney\/","url":"https:\/\/www.clevelandmetzlaw.com\/why-hire-workers-comp-attorney\/","name":"Beneficios de contratar un abogado local de compensaci\u00f3n para trabajadores\n\u00bfNecesitas un abogado de compensaci\u00f3n para trabajadores en California?","isPartOf":{"@id":"https:\/\/www.clevelandmetzlaw.com\/#website"},"primaryImageOfPage":{"@id":"https:\/\/www.clevelandmetzlaw.com\/why-hire-workers-comp-attorney\/#primaryimage"},"image":{"@id":"https:\/\/www.clevelandmetzlaw.com\/why-hire-workers-comp-attorney\/#primaryimage"},"thumbnailUrl":"https:\/\/www.clevelandmetzlaw.com\/wp-content\/uploads\/2021\/03\/heder-phone-1-1.png","datePublished":"2014-08-06T17:31:03+00:00","dateModified":"2026-04-10T22:10:29+00:00","description":"Los beneficios de contratar a un abogado local de lesiones laborales. Consejos para elegir al abogado de lesiones laborales adecuado, aseg\u00farate de que el abogado est\u00e9 debidamente identificado, \u00a1investiga! \u00bfNecesitas un abogado de compensaci\u00f3n para trabajadores? Descubre c\u00f3mo las compa\u00f1\u00edas de seguros manejan las reclamaciones, por qu\u00e9 el tiempo es importante y cu\u00e1ndo la ayuda legal puede ser importante.","breadcrumb":{"@id":"https:\/\/www.clevelandmetzlaw.com\/why-hire-workers-comp-attorney\/#breadcrumb"},"inLanguage":"es","potentialAction":[{"@type":"ReadAction","target":["https:\/\/www.clevelandmetzlaw.com\/why-hire-workers-comp-attorney\/"]}]},{"@type":"ImageObject","inLanguage":"es","@id":"https:\/\/www.clevelandmetzlaw.com\/why-hire-workers-comp-attorney\/#primaryimage","url":"https:\/\/www.clevelandmetzlaw.com\/wp-content\/uploads\/2021\/03\/heder-phone-1-1.png","contentUrl":"https:\/\/www.clevelandmetzlaw.com\/wp-content\/uploads\/2021\/03\/heder-phone-1-1.png"},{"@type":"BreadcrumbList","@id":"https:\/\/www.clevelandmetzlaw.com\/why-hire-workers-comp-attorney\/#breadcrumb","itemListElement":[{"@type":"ListItem","position":1,"name":"Home","item":"https:\/\/www.clevelandmetzlaw.com\/"},{"@type":"ListItem","position":2,"name":"Do You Need a Workers\u2019 Comp Lawyer in California?"}]},{"@type":"WebSite","@id":"https:\/\/www.clevelandmetzlaw.com\/#website","url":"https:\/\/www.clevelandmetzlaw.com\/","name":"Cleveland Metz Law","description":"California Lesiones de Trabajo y Compensaci\u00f3n de Trabajadores Abogado","potentialAction":[{"@type":"SearchAction","target":{"@type":"EntryPoint","urlTemplate":"https:\/\/www.clevelandmetzlaw.com\/?s={search_term_string}"},"query-input":{"@type":"PropertyValueSpecification","valueRequired":true,"valueName":"search_term_string"}}],"inLanguage":"es"}]}},"_links":{"self":[{"href":"https:\/\/www.clevelandmetzlaw.com\/es\/wp-json\/wp\/v2\/pages\/1068","targetHints":{"allow":["GET"]}}],"collection":[{"href":"https:\/\/www.clevelandmetzlaw.com\/es\/wp-json\/wp\/v2\/pages"}],"about":[{"href":"https:\/\/www.clevelandmetzlaw.com\/es\/wp-json\/wp\/v2\/types\/page"}],"author":[{"embeddable":true,"href":"https:\/\/www.clevelandmetzlaw.com\/es\/wp-json\/wp\/v2\/users\/2"}],"replies":[{"embeddable":true,"href":"https:\/\/www.clevelandmetzlaw.com\/es\/wp-json\/wp\/v2\/comments?post=1068"}],"version-history":[{"count":5,"href":"https:\/\/www.clevelandmetzlaw.com\/es\/wp-json\/wp\/v2\/pages\/1068\/revisions"}],"predecessor-version":[{"id":15150,"href":"https:\/\/www.clevelandmetzlaw.com\/es\/wp-json\/wp\/v2\/pages\/1068\/revisions\/15150"}],"wp:attachment":[{"href":"https:\/\/www.clevelandmetzlaw.com\/es\/wp-json\/wp\/v2\/media?parent=1068"}],"curies":[{"name":"wp","href":"https:\/\/api.w.org\/{rel}","templated":true}]}}