{"id":1023,"date":"2014-08-01T16:55:54","date_gmt":"2014-08-01T23:55:54","guid":{"rendered":"http:\/\/www.clevelandmetzlaw.com\/?page_id=1023"},"modified":"2022-12-28T11:45:11","modified_gmt":"2022-12-28T19:45:11","slug":"tipos-de-acuerdos-casos-de-indemnizacion-de-los-trabajadores","status":"publish","type":"page","link":"https:\/\/www.clevelandmetzlaw.com\/es\/types-settlements-workers-compensation-cases\/","title":{"rendered":"Tipos de acuerdos en casos de indemnizaci\u00f3n laboral"},"content":{"rendered":"<h1>Tipos de acuerdos en compensaci\u00f3n laboral<\/h1>\n<h3>\u00a0<a href=\"tel:1-909-980-9703\"><img loading=\"lazy\" decoding=\"async\" class=\"alignnone wp-image-6223 size-full\" src=\"https:\/\/www.clevelandmetzlaw.com\/wp-content\/uploads\/2021\/03\/heder-phone-1-1.png\" alt=\"\" width=\"29\" height=\"29\" srcset=\"https:\/\/www.clevelandmetzlaw.com\/wp-content\/uploads\/2021\/03\/heder-phone-1-1.png 29w, https:\/\/www.clevelandmetzlaw.com\/wp-content\/uploads\/2021\/03\/heder-phone-1-1-12x12.png 12w\" sizes=\"auto, (max-width: 29px) 100vw, 29px\" \/> <\/a><a href=\"tel: 1-909-980-9703\">Llamada<\/a>\u00a0 \u00a0<a href=\"mailto:cc@clevelandmetzlaw.com\"><img loading=\"lazy\" decoding=\"async\" class=\"alignnone wp-image-6221\" src=\"https:\/\/www.clevelandmetzlaw.com\/wp-content\/uploads\/2021\/03\/email-icon-150x150-1.jpg\" alt=\"\" width=\"29\" height=\"29\" srcset=\"https:\/\/www.clevelandmetzlaw.com\/wp-content\/uploads\/2021\/03\/email-icon-150x150-1.jpg 150w, https:\/\/www.clevelandmetzlaw.com\/wp-content\/uploads\/2021\/03\/email-icon-150x150-1-12x12.jpg 12w\" sizes=\"auto, (max-width: 29px) 100vw, 29px\" \/><\/a> <a href=\"mailto:cc@clevelandmetzlaw.com\"><strong>Correo electr\u00f3nico<\/strong><\/a><strong>\u00a0\u00a0<\/strong><strong> <a href=\"sms:1-909-303-6374\"><img loading=\"lazy\" decoding=\"async\" class=\"alignnone wp-image-6222\" src=\"https:\/\/www.clevelandmetzlaw.com\/wp-content\/uploads\/2021\/03\/Cleveland-Metz-Text-150x150-1.png\" alt=\"\" width=\"29\" height=\"29\" srcset=\"https:\/\/www.clevelandmetzlaw.com\/wp-content\/uploads\/2021\/03\/Cleveland-Metz-Text-150x150-1.png 150w, https:\/\/www.clevelandmetzlaw.com\/wp-content\/uploads\/2021\/03\/Cleveland-Metz-Text-150x150-1-12x12.png 12w\" sizes=\"auto, (max-width: 29px) 100vw, 29px\" \/><\/a>\u00a0<\/strong><a href=\"sms:1-909-303-6374\">Texto<\/a>\u00a0 <a href=\"https:\/\/www.clevelandmetzlaw.com\/es\/encuentranos\/\"><img loading=\"lazy\" decoding=\"async\" class=\"alignnone wp-image-6224\" src=\"https:\/\/www.clevelandmetzlaw.com\/wp-content\/uploads\/2021\/03\/map-icon-ClevelandMetz-150x150-1.png\" alt=\"\" width=\"29\" height=\"29\" srcset=\"https:\/\/www.clevelandmetzlaw.com\/wp-content\/uploads\/2021\/03\/map-icon-ClevelandMetz-150x150-1.png 150w, https:\/\/www.clevelandmetzlaw.com\/wp-content\/uploads\/2021\/03\/map-icon-ClevelandMetz-150x150-1-12x12.png 12w\" sizes=\"auto, (max-width: 29px) 100vw, 29px\" \/><\/a> <a href=\"https:\/\/www.clevelandmetzlaw.com\/es\/encuentranos\/\">Mapa<\/a><\/h3>\n<p><a href=\"https:\/\/www.clevelandmetzlaw.com\/wp-content\/uploads\/2022\/12\/25-years-Charles-Cleveland-lawyer.jpg\"><img loading=\"lazy\" decoding=\"async\" class=\"alignright size-medium wp-image-14888\" src=\"https:\/\/www.clevelandmetzlaw.com\/wp-content\/uploads\/2022\/12\/25-years-Charles-Cleveland-lawyer-267x405.jpg\" alt=\"\" width=\"267\" height=\"405\" srcset=\"https:\/\/www.clevelandmetzlaw.com\/wp-content\/uploads\/2022\/12\/25-years-Charles-Cleveland-lawyer-267x405.jpg 267w, https:\/\/www.clevelandmetzlaw.com\/wp-content\/uploads\/2022\/12\/25-years-Charles-Cleveland-lawyer-8x12.jpg 8w, https:\/\/www.clevelandmetzlaw.com\/wp-content\/uploads\/2022\/12\/25-years-Charles-Cleveland-lawyer.jpg 398w\" sizes=\"auto, (max-width: 267px) 100vw, 267px\" \/><\/a> Esta es informaci\u00f3n general para brindar una comprensi\u00f3n b\u00e1sica sobre los acuerdos de compensaci\u00f3n laboral y no debe interpretarse como asesoramiento legal. Los casos de compensaci\u00f3n para trabajadores son \u00fanicos en el sentido de que solo un juez de compensaci\u00f3n para trabajadores en un lugar de la Junta de Apelaciones de Compensaci\u00f3n para Trabajadores solo puede finalizarlos. Los abogados de lesiones laborales son los \u00fanicos abogados regulados en el estado de California y la \u00fanica tarifa que puede recibir un abogado de compensaci\u00f3n laboral es con la aprobaci\u00f3n de un juez de compensaci\u00f3n laboral en la Junta de Apelaciones de Compensaci\u00f3n Laboral. Recuerde que un abogado de compensaci\u00f3n para trabajadores no puede pedirle un pago por adelantado a un trabajador lesionado sin la aprobaci\u00f3n de un juez de compensaci\u00f3n para trabajadores.<\/p>\n<p>Hay tres tipos b\u00e1sicos de acuerdos o resultados para los casos de compensaci\u00f3n laboral. El primer tipo de acuerdo por una lesi\u00f3n laboral se llama Estipulaci\u00f3n con Solicitud de Adjudicaci\u00f3n. Este tipo de acuerdo de compensaci\u00f3n para trabajadores implica un porcentaje de discapacidad por lesi\u00f3n laboral que se paga con el tiempo de acuerdo con las leyes de compensaci\u00f3n para trabajadores establecidas por la legislatura de California. Debido a que las leyes de compensaci\u00f3n laboral cambian radicalmente con cada reforma, las reglas son diferentes seg\u00fan la fecha de la lesi\u00f3n. Los pagos variar\u00e1n seg\u00fan sus ingresos y si puede regresar al trabajo o no despu\u00e9s de terminar su tratamiento por la lesi\u00f3n de compensaci\u00f3n laboral. La cantidad de beneficios que reciba tambi\u00e9n depender\u00e1 en gran medida de la fecha de su lesi\u00f3n. Adem\u00e1s de los pagos por su porcentaje de discapacidad laboral, recibe beneficios de compensaci\u00f3n para trabajadores de por vida por su lesi\u00f3n laboral en forma de atenci\u00f3n m\u00e9dica futura. Con este tipo de acuerdo de compensaci\u00f3n laboral, usted tiene derecho a reabrir su caso de lesiones laborales para obtener beneficios adicionales de compensaci\u00f3n laboral durante cinco a\u00f1os a partir de la fecha de su lesi\u00f3n laboral. Despu\u00e9s de que hayan pasado esos cinco a\u00f1os, el porcentaje de discapacidad por lesi\u00f3n laboral ser\u00e1 definitivo, pero la atenci\u00f3n m\u00e9dica de compensaci\u00f3n para trabajadores de por vida para su caso de compensaci\u00f3n para trabajadores permanecer\u00e1 abierta.<\/p>\n<p>El segundo tipo de acuerdo de compensaci\u00f3n de trabajadores se llama Compromiso y Liberaci\u00f3n. Este tipo de acuerdo de compensaci\u00f3n laboral implica un pago de suma global libre de impuestos para resolver todos los problemas de compensaci\u00f3n laboral en su caso de lesiones laborales. Generalmente, los problemas involucrados en su caso de compensaci\u00f3n para trabajadores ser\u00e1n la discapacidad temporal, alg\u00fan porcentaje de la discapacidad permanente por lesi\u00f3n laboral, posiblemente beneficios o sanciones no pagados retroactivos y atenci\u00f3n m\u00e9dica futura por lesiones laborales. En un pago \u00fanico, se resuelven todos estos problemas de compensaci\u00f3n para trabajadores. Una vez que un juez de compensaci\u00f3n de trabajadores en una junta de apelaciones de compensaci\u00f3n de trabajadores aprueba un compromiso y liberaci\u00f3n, este es un acuerdo final de todos los problemas, excepto en algunas circunstancias excepcionales.<\/p>\n<p>El tercer tipo de cierre para los casos de indemnizaci\u00f3n laboral es el juicio. El resultado de un juicio de compensaci\u00f3n laboral es generalmente id\u00e9ntico a una Estipulaci\u00f3n con una Solicitud de Adjudicaci\u00f3n discutida anteriormente en este art\u00edculo. La diferencia es que el juez de compensaci\u00f3n de trabajadores escuchar\u00e1 y revisar\u00e1 su evidencia y testimonio y luego emitir\u00e1 una decisi\u00f3n llamada Hallazgos y adjudicaciones. Si tiene \u00e9xito en el juicio, el juez otorgar\u00e1 un porcentaje de discapacidad permanente, atenci\u00f3n m\u00e9dica futura y posiblemente otros beneficios o sanciones. Si se le adeudan beneficios de compensaci\u00f3n para trabajadores no pagados o si su caso de lesiones laborales es denegado, un juez de compensaci\u00f3n para trabajadores determinar\u00e1 qu\u00e9 sucede con estos problemas cuando emitan un fallo y adjudicaci\u00f3n. Los Hallazgos y laudo es la decisi\u00f3n del juicio del juez de compensaci\u00f3n de trabajadores y, en ciertas circunstancias, se puede apelar dentro de ciertos l\u00edmites de tiempo presentando una petici\u00f3n de reconsideraci\u00f3n.<\/p>\n<p>El camino hacia los tres acuerdos de compensaci\u00f3n para trabajadores es accidentado, puede hacer que el camino sea mucho m\u00e1s suave contratando a un abogado local y experimentado en compensaci\u00f3n para trabajadores. Llamar a un abogado local con experiencia en las Oficinas Legales de Cleveland &amp; Metz puede ayudarlo a superar este proceso. Ll\u00e1menos para una consulta gratuita; nuestra oficina atiende las \u00e1reas del este del condado de Los \u00c1ngeles, el condado de San Bernardino y el condado de Riverside. Si vive fuera de estas \u00e1reas, podemos ayudarlo a encontrar un abogado local con experiencia en compensaci\u00f3n de trabajadores o puede encontrar uno en <a title=\"Asociaci\u00f3n de Abogados de Solicitantes de California\" href=\"\/\/www.caaa.org\" target=\"_blank\" rel=\"noopener noreferrer\">CAAA.org<\/a><\/p>\n<h3>Charles Cleveland es un especialista certificado en la ley de compensaci\u00f3n para trabajadores de la Junta de Especializaci\u00f3n Legal del Colegio de Abogados del Estado de California. <strong><a href=\"tel:1-951-275-9262\">951-275-9262<\/a><\/strong><\/h3>","protected":false},"excerpt":{"rendered":"<p>Tipos de Acuerdos en Compensaci\u00f3n al Trabajador Llame Email Texto Mapa Esta es informaci\u00f3n general para dar una comprensi\u00f3n b\u00e1sica con respecto a los acuerdos de Compensaci\u00f3n al Trabajador y no debe interpretarse como asesoramiento jur\u00eddico. Los casos de compensaci\u00f3n de trabajadores son \u00fanicos en que s\u00f3lo un juez de compensaci\u00f3n de trabajadores en una sede de la Junta de Apelaciones de Compensaci\u00f3n de Trabajadores s\u00f3lo puede finalizar...<\/p>","protected":false},"author":2,"featured_media":0,"parent":0,"menu_order":0,"comment_status":"closed","ping_status":"closed","template":"","meta":{"footnotes":""},"class_list":["post-1023","page","type-page","status-publish","hentry"],"yoast_head":"<!-- This site is optimized with the Yoast SEO plugin v27.5 - https:\/\/yoast.com\/product\/yoast-seo-wordpress\/ -->\n<title>Settlements of Workers Compensation Cases<\/title>\n<meta name=\"description\" content=\"Settlements of Workers Compensation Cases, There are three basic types of settlements for workers compensation and work injury cases\" \/>\n<meta name=\"robots\" content=\"index, follow, max-snippet:-1, max-image-preview:large, max-video-preview:-1\" \/>\n<link rel=\"canonical\" href=\"https:\/\/www.clevelandmetzlaw.com\/es\/tipos-de-acuerdos-casos-de-indemnizacion-de-los-trabajadores\/\" \/>\n<meta property=\"og:locale\" content=\"es_MX\" \/>\n<meta property=\"og:type\" content=\"article\" \/>\n<meta property=\"og:title\" content=\"Settlements of Workers Compensation Cases\" \/>\n<meta property=\"og:description\" content=\"Settlements of Workers Compensation Cases, There are three basic types of settlements for workers compensation and work injury cases\" \/>\n<meta property=\"og:url\" content=\"https:\/\/www.clevelandmetzlaw.com\/es\/tipos-de-acuerdos-casos-de-indemnizacion-de-los-trabajadores\/\" \/>\n<meta property=\"og:site_name\" content=\"Cleveland Metz Law\" \/>\n<meta property=\"article:modified_time\" content=\"2022-12-28T19:45:11+00:00\" \/>\n<meta property=\"og:image\" content=\"https:\/\/www.clevelandmetzlaw.com\/wp-content\/uploads\/2021\/03\/heder-phone-1-1.png\" \/>\n<meta name=\"twitter:card\" content=\"summary_large_image\" \/>\n<meta name=\"twitter:label1\" content=\"Tiempo de lectura\" \/>\n\t<meta name=\"twitter:data1\" content=\"5 minutos\" \/>\n<script type=\"application\/ld+json\" class=\"yoast-schema-graph\">{\"@context\":\"https:\\\/\\\/schema.org\",\"@graph\":[{\"@type\":\"WebPage\",\"@id\":\"https:\\\/\\\/www.clevelandmetzlaw.com\\\/types-settlements-workers-compensation-cases\\\/\",\"url\":\"https:\\\/\\\/www.clevelandmetzlaw.com\\\/types-settlements-workers-compensation-cases\\\/\",\"name\":\"Settlements of Workers Compensation Cases\",\"isPartOf\":{\"@id\":\"https:\\\/\\\/www.clevelandmetzlaw.com\\\/#website\"},\"primaryImageOfPage\":{\"@id\":\"https:\\\/\\\/www.clevelandmetzlaw.com\\\/types-settlements-workers-compensation-cases\\\/#primaryimage\"},\"image\":{\"@id\":\"https:\\\/\\\/www.clevelandmetzlaw.com\\\/types-settlements-workers-compensation-cases\\\/#primaryimage\"},\"thumbnailUrl\":\"https:\\\/\\\/www.clevelandmetzlaw.com\\\/wp-content\\\/uploads\\\/2021\\\/03\\\/heder-phone-1-1.png\",\"datePublished\":\"2014-08-01T23:55:54+00:00\",\"dateModified\":\"2022-12-28T19:45:11+00:00\",\"description\":\"Settlements of Workers Compensation Cases, There are three basic types of settlements for workers compensation and work injury cases\",\"breadcrumb\":{\"@id\":\"https:\\\/\\\/www.clevelandmetzlaw.com\\\/types-settlements-workers-compensation-cases\\\/#breadcrumb\"},\"inLanguage\":\"es\",\"potentialAction\":[{\"@type\":\"ReadAction\",\"target\":[\"https:\\\/\\\/www.clevelandmetzlaw.com\\\/types-settlements-workers-compensation-cases\\\/\"]}]},{\"@type\":\"ImageObject\",\"inLanguage\":\"es\",\"@id\":\"https:\\\/\\\/www.clevelandmetzlaw.com\\\/types-settlements-workers-compensation-cases\\\/#primaryimage\",\"url\":\"https:\\\/\\\/www.clevelandmetzlaw.com\\\/wp-content\\\/uploads\\\/2021\\\/03\\\/heder-phone-1-1.png\",\"contentUrl\":\"https:\\\/\\\/www.clevelandmetzlaw.com\\\/wp-content\\\/uploads\\\/2021\\\/03\\\/heder-phone-1-1.png\"},{\"@type\":\"BreadcrumbList\",\"@id\":\"https:\\\/\\\/www.clevelandmetzlaw.com\\\/types-settlements-workers-compensation-cases\\\/#breadcrumb\",\"itemListElement\":[{\"@type\":\"ListItem\",\"position\":1,\"name\":\"Home\",\"item\":\"https:\\\/\\\/www.clevelandmetzlaw.com\\\/\"},{\"@type\":\"ListItem\",\"position\":2,\"name\":\"Types of Settlements in Workers Compensation Cases\"}]},{\"@type\":\"WebSite\",\"@id\":\"https:\\\/\\\/www.clevelandmetzlaw.com\\\/#website\",\"url\":\"https:\\\/\\\/www.clevelandmetzlaw.com\\\/\",\"name\":\"Cleveland Metz Law\",\"description\":\"California Work Injury &amp; Workers Compensation Attorney\",\"potentialAction\":[{\"@type\":\"SearchAction\",\"target\":{\"@type\":\"EntryPoint\",\"urlTemplate\":\"https:\\\/\\\/www.clevelandmetzlaw.com\\\/?s={search_term_string}\"},\"query-input\":{\"@type\":\"PropertyValueSpecification\",\"valueRequired\":true,\"valueName\":\"search_term_string\"}}],\"inLanguage\":\"es\"}]}<\/script>\n<!-- \/ Yoast SEO plugin. -->","yoast_head_json":{"title":"Resoluci\u00f3n de casos de indemnizaci\u00f3n por accidente laboral","description":"Hay tres tipos b\u00e1sicos de acuerdos en los casos de indemnizaci\u00f3n y accidentes laborales","robots":{"index":"index","follow":"follow","max-snippet":"max-snippet:-1","max-image-preview":"max-image-preview:large","max-video-preview":"max-video-preview:-1"},"canonical":"https:\/\/www.clevelandmetzlaw.com\/es\/tipos-de-acuerdos-casos-de-indemnizacion-de-los-trabajadores\/","og_locale":"es_MX","og_type":"article","og_title":"Settlements of Workers Compensation Cases","og_description":"Settlements of Workers Compensation Cases, There are three basic types of settlements for workers compensation and work injury cases","og_url":"https:\/\/www.clevelandmetzlaw.com\/es\/tipos-de-acuerdos-casos-de-indemnizacion-de-los-trabajadores\/","og_site_name":"Cleveland Metz Law","article_modified_time":"2022-12-28T19:45:11+00:00","og_image":[{"url":"https:\/\/www.clevelandmetzlaw.com\/wp-content\/uploads\/2021\/03\/heder-phone-1-1.png","type":"","width":"","height":""}],"twitter_card":"summary_large_image","twitter_misc":{"Tiempo de lectura":"5 minutos"},"schema":{"@context":"https:\/\/schema.org","@graph":[{"@type":"WebPage","@id":"https:\/\/www.clevelandmetzlaw.com\/types-settlements-workers-compensation-cases\/","url":"https:\/\/www.clevelandmetzlaw.com\/types-settlements-workers-compensation-cases\/","name":"Resoluci\u00f3n de casos de indemnizaci\u00f3n por accidente laboral","isPartOf":{"@id":"https:\/\/www.clevelandmetzlaw.com\/#website"},"primaryImageOfPage":{"@id":"https:\/\/www.clevelandmetzlaw.com\/types-settlements-workers-compensation-cases\/#primaryimage"},"image":{"@id":"https:\/\/www.clevelandmetzlaw.com\/types-settlements-workers-compensation-cases\/#primaryimage"},"thumbnailUrl":"https:\/\/www.clevelandmetzlaw.com\/wp-content\/uploads\/2021\/03\/heder-phone-1-1.png","datePublished":"2014-08-01T23:55:54+00:00","dateModified":"2022-12-28T19:45:11+00:00","description":"Hay tres tipos b\u00e1sicos de acuerdos en los casos de indemnizaci\u00f3n y accidentes laborales","breadcrumb":{"@id":"https:\/\/www.clevelandmetzlaw.com\/types-settlements-workers-compensation-cases\/#breadcrumb"},"inLanguage":"es","potentialAction":[{"@type":"ReadAction","target":["https:\/\/www.clevelandmetzlaw.com\/types-settlements-workers-compensation-cases\/"]}]},{"@type":"ImageObject","inLanguage":"es","@id":"https:\/\/www.clevelandmetzlaw.com\/types-settlements-workers-compensation-cases\/#primaryimage","url":"https:\/\/www.clevelandmetzlaw.com\/wp-content\/uploads\/2021\/03\/heder-phone-1-1.png","contentUrl":"https:\/\/www.clevelandmetzlaw.com\/wp-content\/uploads\/2021\/03\/heder-phone-1-1.png"},{"@type":"BreadcrumbList","@id":"https:\/\/www.clevelandmetzlaw.com\/types-settlements-workers-compensation-cases\/#breadcrumb","itemListElement":[{"@type":"ListItem","position":1,"name":"Home","item":"https:\/\/www.clevelandmetzlaw.com\/"},{"@type":"ListItem","position":2,"name":"Types of Settlements in Workers Compensation Cases"}]},{"@type":"WebSite","@id":"https:\/\/www.clevelandmetzlaw.com\/#website","url":"https:\/\/www.clevelandmetzlaw.com\/","name":"Cleveland Metz Law","description":"California Lesiones de Trabajo y Compensaci\u00f3n de Trabajadores Abogado","potentialAction":[{"@type":"SearchAction","target":{"@type":"EntryPoint","urlTemplate":"https:\/\/www.clevelandmetzlaw.com\/?s={search_term_string}"},"query-input":{"@type":"PropertyValueSpecification","valueRequired":true,"valueName":"search_term_string"}}],"inLanguage":"es"}]}},"_links":{"self":[{"href":"https:\/\/www.clevelandmetzlaw.com\/es\/wp-json\/wp\/v2\/pages\/1023","targetHints":{"allow":["GET"]}}],"collection":[{"href":"https:\/\/www.clevelandmetzlaw.com\/es\/wp-json\/wp\/v2\/pages"}],"about":[{"href":"https:\/\/www.clevelandmetzlaw.com\/es\/wp-json\/wp\/v2\/types\/page"}],"author":[{"embeddable":true,"href":"https:\/\/www.clevelandmetzlaw.com\/es\/wp-json\/wp\/v2\/users\/2"}],"replies":[{"embeddable":true,"href":"https:\/\/www.clevelandmetzlaw.com\/es\/wp-json\/wp\/v2\/comments?post=1023"}],"version-history":[{"count":0,"href":"https:\/\/www.clevelandmetzlaw.com\/es\/wp-json\/wp\/v2\/pages\/1023\/revisions"}],"wp:attachment":[{"href":"https:\/\/www.clevelandmetzlaw.com\/es\/wp-json\/wp\/v2\/media?parent=1023"}],"curies":[{"name":"wp","href":"https:\/\/api.w.org\/{rel}","templated":true}]}}